{"id":262287,"date":"2022-03-10T12:01:34","date_gmt":"2022-03-10T11:01:34","guid":{"rendered":"https:\/\/positiveprints.com\/product\/carte-home-is-where-my-dad-is\/"},"modified":"2026-04-28T14:41:39","modified_gmt":"2026-04-28T13:41:39","slug":"mon-foyer-est-la-ou-est-mon-papa","status":"publish","type":"product","link":"https:\/\/positiveprints.com\/fr\/produit\/mon-foyer-est-la-ou-est-mon-papa\/","title":{"rendered":"Mon Foyer est l\u00e0 o\u00f9 est Mon Papa"},"content":{"rendered":"<h2 class=\"grenB f24 cblue\">Le Foyer est l\u2019Endroit o\u00f9 se Trouve mon P\u00e8re<\/h2>\r\n<p style=\"margin-top: 1rem\">Chaque p\u00e8re sait que ses enfants quitteront un jour le nid, mais la maison sera toujours un endroit sp\u00e9cial. Peu importe o\u00f9 vous vivez dans le monde, il y a toujours un endroit o\u00f9 vous pouvez retourner. Cet endroit sp\u00e9cial est celui qui m\u00e9rite d\u2019\u00eatre c\u00e9l\u00e9br\u00e9. C&#8217;est pourquoi nous avons lanc\u00e9 notre carte personnalis\u00e9e \u00ab Home is Where My Dad Is \u00bb. <\/p>\r\n<p style=\"margin-top: 1rem\">Cette magnifique illustration de carte affiche un lieu de votre choix avec tous les d\u00e9tails que vous trouverez sur une carte. Posez une \u00e9pingle \u00e0 l\u2019endroit o\u00f9 vous vous sentez chez vous pour montrer \u00e0 votre papa que vous \u00eates toujours pr\u00e8s de son c\u0153ur. Nos cartes constituent le cadeau id\u00e9al pour la f\u00eate des p\u00e8res et peuvent \u00eatre enti\u00e8rement personnalis\u00e9es pour qu\u2019il se sente sp\u00e9cial. <\/p>\r\n<h2 class=\"grenB f24 cblue\" style=\"margin-top: 3rem\">Cr\u00e9ez votre carte cadeau pour papa en 3 \u00e9tapes des plus simples<\/h2>\r\n<p style=\"margin-top: 1rem\">Positive Prints a fait le plus gros du travail pour vous avec notre carte \u00ab Home is Where My Dad Is \u00bb. Notre \u00e9diteur interactif vous guide pas \u00e0 pas pour cr\u00e9er une \u0153uvre d\u2019art digne d\u2019un mur que votre p\u00e8re ch\u00e9rira chaque fois qu\u2019il la verra.<\/p>\r\n<p style=\"margin-top: 1rem\">Choisissez parmi l\u2019un de nos designs professionnels et l\u2019une de nos combinaisons de couleurs pour correspondre au style de votre papa. Ajoutez ensuite vos d\u00e9tails uniques, y compris son emplacement et plusieurs lignes de texte. Incluez une citation, des paroles de chanson, ou tout ce qui rendra votre carte sp\u00e9ciale. Choisissez ensuite parmi une gamme de formats d\u2019impression ou notre option de t\u00e9l\u00e9chargement num\u00e9rique instantan\u00e9. Consid\u00e9rez que votre cadeau pour papa est fait !<\/p>\r\n<p style=\"margin-top: 1rem\">Commencez \u00e0 cr\u00e9er votre carte d\u00e8s aujourd&#8217;hui.<\/p>","protected":false},"excerpt":{"rendered":"<ul class=\"check-list\">\n<li>Cr\u00e9ez une carte de l&#8217;endroit o\u00f9 vous serez toujours chez vous<\/li>\n<li>Marquer un endroit sp\u00e9cial avec un symbole choisi<\/li>\n<li>Personnalisez en 3 \u00e9tapes simples<\/li>\n<li>Incluez un texte personnalis\u00e9 significatif<\/li>\n<li>Vois le r\u00e9sultat imm\u00e9diatement \u2013 l\u2019aper\u00e7u interactif te permet de peaufiner chaque d\u00e9tail<\/li>\n<\/ul>\n","protected":false},"featured_media":466182,"template":"","meta":[],"product_brand":[],"product_cat":[7337,7187,5264,8006,11391,7973],"product_tag":[11760,11107],"class_list":{"0":"post-262287","1":"product","2":"type-product","3":"status-publish","4":"has-post-thumbnail","6":"product_cat-cadeaux-de-fete-des-peres","7":"product_cat-map-fr","8":"product_cat-cadeaux-de-noel","9":"product_cat-cadeaux-pour-hommes","10":"product_cat-cadeaux-de-noel-pour-papa","11":"product_cat-cadeaux-pour-papa","12":"product_tag-cadeaux-de-noel-pour-papa","13":"product_tag-father-it-fr","15":"first","16":"instock","17":"sale","18":"taxable","19":"shipping-taxable","20":"purchasable","21":"product-type-variable"},"yoast_head":"<!-- This site is optimized with the Yoast SEO Premium plugin v27.2 (Yoast SEO v27.2) - https:\/\/yoast.com\/product\/yoast-seo-premium-wordpress\/ -->\n<title>Mon Foyer est l\u00e0 o\u00f9 est Mon Papa - Cadeau de f\u00eate des p\u00e8res - Positive Prints<\/title>\n<meta name=\"description\" content=\"Nos cartes constituent le cadeau id\u00e9al pour la f\u00eate des p\u00e8res et peuvent \u00eatre enti\u00e8rement personnalis\u00e9es pour qu\u2019il se sente sp\u00e9cial.\" \/>\n<meta name=\"robots\" content=\"index, follow, max-snippet:-1, max-image-preview:large, max-video-preview:-1\" \/>\n<link rel=\"canonical\" href=\"https:\/\/positiveprints.com\/fr\/produit\/mon-foyer-est-la-ou-est-mon-papa\/\" \/>\n<meta property=\"og:locale\" content=\"fr_FR\" \/>\n<meta property=\"og:type\" content=\"article\" \/>\n<meta property=\"og:title\" content=\"Mon Foyer est l\u00e0 o\u00f9 est Mon Papa\" \/>\n<meta property=\"og:description\" content=\"Cr\u00e9ez une carte de l&#039;endroit o\u00f9 vous serez toujours chez vous Marquer un endroit sp\u00e9cial avec un symbole choisi Personnalisez en 3 \u00e9tapes simples Incluez un texte personnalis\u00e9 significatif Vois le r\u00e9sultat imm\u00e9diatement \u2013 l\u2019aper\u00e7u interactif te permet de peaufiner chaque d\u00e9tail\" \/>\n<meta property=\"og:url\" content=\"https:\/\/positiveprints.com\/fr\/produit\/mon-foyer-est-la-ou-est-mon-papa\/\" \/>\n<meta property=\"og:site_name\" content=\"Positive Prints\" \/>\n<meta property=\"article:publisher\" content=\"https:\/\/www.facebook.com\/positiveprintscom\" \/>\n<meta property=\"article:modified_time\" content=\"2026-04-28T13:41:39+00:00\" \/>\n<meta property=\"og:image\" content=\"https:\/\/positiveprints.com\/wp-content\/uploads\/2023\/04\/Le-Foyer-est-lEndroit-ou-se-Trouve-mon-Pere.jpg\" \/>\n\t<meta property=\"og:image:width\" content=\"1080\" \/>\n\t<meta property=\"og:image:height\" content=\"1080\" \/>\n\t<meta property=\"og:image:type\" content=\"image\/jpeg\" \/>\n<meta name=\"twitter:card\" content=\"summary_large_image\" \/>\n<!-- \/ Yoast SEO Premium plugin. -->","yoast_head_json":{"title":"Mon Foyer est l\u00e0 o\u00f9 est Mon Papa - Cadeau de f\u00eate des p\u00e8res - Positive Prints","description":"Nos cartes constituent le cadeau id\u00e9al pour la f\u00eate des p\u00e8res et peuvent \u00eatre enti\u00e8rement personnalis\u00e9es pour qu\u2019il se sente sp\u00e9cial.","robots":{"index":"index","follow":"follow","max-snippet":"max-snippet:-1","max-image-preview":"max-image-preview:large","max-video-preview":"max-video-preview:-1"},"canonical":"https:\/\/positiveprints.com\/fr\/produit\/mon-foyer-est-la-ou-est-mon-papa\/","og_locale":"fr_FR","og_type":"article","og_title":"Mon Foyer est l\u00e0 o\u00f9 est Mon Papa","og_description":"Cr\u00e9ez une carte de l'endroit o\u00f9 vous serez toujours chez vous Marquer un endroit sp\u00e9cial avec un symbole choisi Personnalisez en 3 \u00e9tapes simples Incluez un texte personnalis\u00e9 significatif Vois le r\u00e9sultat imm\u00e9diatement \u2013 l\u2019aper\u00e7u interactif te permet de peaufiner chaque d\u00e9tail","og_url":"https:\/\/positiveprints.com\/fr\/produit\/mon-foyer-est-la-ou-est-mon-papa\/","og_site_name":"Positive Prints","article_publisher":"https:\/\/www.facebook.com\/positiveprintscom","article_modified_time":"2026-04-28T13:41:39+00:00","og_image":[{"width":1080,"height":1080,"url":"https:\/\/positiveprints.com\/wp-content\/uploads\/2023\/04\/Le-Foyer-est-lEndroit-ou-se-Trouve-mon-Pere.jpg","type":"image\/jpeg"}],"twitter_card":"summary_large_image","schema":{"@context":"https:\/\/schema.org","@graph":[{"@type":["WebPage","ItemPage"],"@id":"https:\/\/positiveprints.com\/fr\/produit\/mon-foyer-est-la-ou-est-mon-papa\/","url":"https:\/\/positiveprints.com\/fr\/produit\/mon-foyer-est-la-ou-est-mon-papa\/","name":"Mon Foyer est l\u00e0 o\u00f9 est Mon Papa - Cadeau de f\u00eate des p\u00e8res - Positive Prints","isPartOf":{"@id":"https:\/\/positiveprints.com\/fr\/#website"},"primaryImageOfPage":{"@id":"https:\/\/positiveprints.com\/fr\/produit\/mon-foyer-est-la-ou-est-mon-papa\/#primaryimage"},"image":{"@id":"https:\/\/positiveprints.com\/fr\/produit\/mon-foyer-est-la-ou-est-mon-papa\/#primaryimage"},"thumbnailUrl":"https:\/\/positiveprints.com\/wp-content\/uploads\/2023\/04\/Le-Foyer-est-lEndroit-ou-se-Trouve-mon-Pere.jpg","datePublished":"2022-03-10T11:01:34+00:00","dateModified":"2026-04-28T13:41:39+00:00","description":"Nos cartes constituent le cadeau id\u00e9al pour la f\u00eate des p\u00e8res et peuvent \u00eatre enti\u00e8rement personnalis\u00e9es pour qu\u2019il se sente sp\u00e9cial.","breadcrumb":{"@id":"https:\/\/positiveprints.com\/fr\/produit\/mon-foyer-est-la-ou-est-mon-papa\/#breadcrumb"},"inLanguage":"fr-FR","potentialAction":[{"@type":"ReadAction","target":["https:\/\/positiveprints.com\/fr\/produit\/mon-foyer-est-la-ou-est-mon-papa\/"]}]},{"@type":"ImageObject","inLanguage":"fr-FR","@id":"https:\/\/positiveprints.com\/fr\/produit\/mon-foyer-est-la-ou-est-mon-papa\/#primaryimage","url":"https:\/\/positiveprints.com\/wp-content\/uploads\/2023\/04\/Le-Foyer-est-lEndroit-ou-se-Trouve-mon-Pere.jpg","contentUrl":"https:\/\/positiveprints.com\/wp-content\/uploads\/2023\/04\/Le-Foyer-est-lEndroit-ou-se-Trouve-mon-Pere.jpg","width":1080,"height":1080,"caption":"Le Foyer est l\u2019Endroit o\u00f9 se Trouve mon P\u00e8re"},{"@type":"BreadcrumbList","@id":"https:\/\/positiveprints.com\/fr\/produit\/mon-foyer-est-la-ou-est-mon-papa\/#breadcrumb","itemListElement":[{"@type":"ListItem","position":1,"name":"Home","item":"https:\/\/positiveprints.com\/fr\/"},{"@type":"ListItem","position":2,"name":"Produits","item":"https:\/\/positiveprints.com\/fr\/shop\/"},{"@type":"ListItem","position":3,"name":"Mon Foyer est l\u00e0 o\u00f9 est Mon Papa"}]},{"@type":"WebSite","@id":"https:\/\/positiveprints.com\/fr\/#website","url":"https:\/\/positiveprints.com\/fr\/","name":"Positive Prints","description":"Amazing Custom Personalized Gifts","publisher":{"@id":"https:\/\/positiveprints.com\/fr\/#organization"},"potentialAction":[{"@type":"SearchAction","target":{"@type":"EntryPoint","urlTemplate":"https:\/\/positiveprints.com\/fr\/?s={search_term_string}"},"query-input":{"@type":"PropertyValueSpecification","valueRequired":true,"valueName":"search_term_string"}}],"inLanguage":"fr-FR"},{"@type":"Organization","@id":"https:\/\/positiveprints.com\/fr\/#organization","name":"Positive Prints","alternateName":"Positive Prints","url":"https:\/\/positiveprints.com\/fr\/","logo":{"@type":"ImageObject","inLanguage":"fr-FR","@id":"https:\/\/positiveprints.com\/fr\/#\/schema\/logo\/image\/","url":"https:\/\/positiveprints.com\/wp-content\/uploads\/2026\/03\/245815646_1337939713319158_5671353136411139666_n.png","contentUrl":"https:\/\/positiveprints.com\/wp-content\/uploads\/2026\/03\/245815646_1337939713319158_5671353136411139666_n.png","width":800,"height":800,"caption":"Positive Prints"},"image":{"@id":"https:\/\/positiveprints.com\/fr\/#\/schema\/logo\/image\/"},"sameAs":["https:\/\/www.facebook.com\/positiveprintscom","https:\/\/www.instagram.com\/positiveprintscom\/","https:\/\/www.tiktok.com\/@positiveprintscom","https:\/\/www.pinterest.com\/positiveprintscom\/"]}]}},"jetpack_sharing_enabled":true,"_links":{"self":[{"href":"https:\/\/positiveprints.com\/fr\/wp-json\/wp\/v2\/product\/262287","targetHints":{"allow":["GET"]}}],"collection":[{"href":"https:\/\/positiveprints.com\/fr\/wp-json\/wp\/v2\/product"}],"about":[{"href":"https:\/\/positiveprints.com\/fr\/wp-json\/wp\/v2\/types\/product"}],"wp:featuredmedia":[{"embeddable":true,"href":"https:\/\/positiveprints.com\/fr\/wp-json\/wp\/v2\/media\/466182"}],"wp:attachment":[{"href":"https:\/\/positiveprints.com\/fr\/wp-json\/wp\/v2\/media?parent=262287"}],"wp:term":[{"taxonomy":"product_brand","embeddable":true,"href":"https:\/\/positiveprints.com\/fr\/wp-json\/wp\/v2\/product_brand?post=262287"},{"taxonomy":"product_cat","embeddable":true,"href":"https:\/\/positiveprints.com\/fr\/wp-json\/wp\/v2\/product_cat?post=262287"},{"taxonomy":"product_tag","embeddable":true,"href":"https:\/\/positiveprints.com\/fr\/wp-json\/wp\/v2\/product_tag?post=262287"}],"curies":[{"name":"wp","href":"https:\/\/api.w.org\/{rel}","templated":true}]}}