{"id":250100,"date":"2021-07-31T20:02:05","date_gmt":"2021-07-31T19:02:05","guid":{"rendered":"https:\/\/positiveprints.com\/product\/la-ou-tout-a-commence\/"},"modified":"2026-04-13T00:42:18","modified_gmt":"2026-04-12T23:42:18","slug":"la-ou-tout-a-commence","status":"publish","type":"product","link":"https:\/\/positiveprints.com\/fr\/produit\/la-ou-tout-a-commence\/","title":{"rendered":"L\u00e0 o\u00f9 tout a commenc\u00e9"},"content":{"rendered":"<p><span style=\"font-weight: 400;\">Pensez \u00e0 l\u2019endroit o\u00f9 vous avez rencontr\u00e9 cette personne sp\u00e9ciale, au moment pr\u00e9cis o\u00f9 l\u2019une des plus belles aventures de votre vie a d\u00e9but\u00e9, souvent sans que vous le r\u00e9alisiez. Transformez maintenant ce souvenir en un objet pr\u00e9cieux gr\u00e2ce \u00e0 un cadeau unique : une affiche l\u00e0 o\u00f9 tout a commenc\u00e9.<\/span><\/p>\n<h2><span style=\"font-weight: 400;\">Qu&#8217;est-ce qu&#8217;une affiche L\u00e0 o\u00f9 tout a commenc\u00e9?<\/span><\/h2>\n<p><span style=\"font-weight: 400;\">Une <\/span><a href=\"https:\/\/positiveprints.com\/fr\/produit\/la-ou-tout-a-commence\/\"><span style=\"font-weight: 400;\">affiche L\u00e0 o\u00f9 tout a commenc\u00e9<\/span><\/a><span style=\"font-weight: 400;\"> indique avec pr\u00e9cision l\u2019endroit exact o\u00f9 vous et votre amour vous \u00eates connus pour la premi\u00e8re fois. Nos cartes utilisent des donn\u00e9es GPS pour recr\u00e9er une vue a\u00e9rienne de l\u2019emplacement de votre choix, qu\u2019il s\u2019agisse des rues anim\u00e9es de Paris ou de votre petite ville natale en G\u00e9orgie.<\/span><\/p>\n<p><span style=\"font-weight: 400;\">Chaque histoire a un commencement. Cela peut \u00eatre un \u00e9v\u00e9nement inattendu, comme une rencontre fortuite lors d\u2019un concert ou d\u2019un \u00e9v\u00e9nement, ou un moment planifi\u00e9, tel qu\u2019un <\/span><a href=\"https:\/\/positiveprints.com\/fr\/produit\/carte-de-notre-premier-rendez-vous\/\"><span style=\"font-weight: 400;\">premier rendez-vous<\/span><\/a><span style=\"font-weight: 400;\"> ou une pr\u00e9sentation par un ami. L\u2019endroit o\u00f9 tout a commenc\u00e9 gardera toujours une signification particuli\u00e8re, et une carte vous permettra de vous rem\u00e9morer ce moment magique pour la vie.<\/span><\/p>\n<h2><span style=\"font-weight: 400;\">Id\u00e9es cadeaux pour se rappeler o\u00f9 tout a commenc\u00e9<\/span><\/h2>\n<p><span style=\"font-weight: 400;\">Nos magnifiques affiches de cet endroit particulier, l\u00e0 o\u00f9 tout a commenc\u00e9, sont le cadeau id\u00e9al pour chaque couple ou pour votre moiti\u00e9. C&#8217;est un t\u00e9moignage \u00e9pur\u00e9 mais puissant de l&#8217;histoire que vous \u00e9crivez ensemble, et cela vous donne un moyen de partager cette histoire avec les autres. Chaque carte est une v\u00e9ritable \u0153uvre d&#8217;art et est faite sur mesure pour chaque client.<\/span><span style=\"font-weight: 400;\"><br \/><\/span><span style=\"font-weight: 400;\"><br \/><\/span><span style=\"font-weight: 400;\">En effet, vous pouvez offrir un cadeau rem\u00e9morant l\u00e0 o\u00f9 tout a commenc\u00e9 pour de nombreuses occasions :<\/span><\/p>\n<ul>\n<li style=\"font-weight: 400;\" aria-level=\"1\"><span style=\"font-weight: 400;\">La Saint-Valentin<\/span><\/li>\n<li style=\"font-weight: 400;\" aria-level=\"1\"><span style=\"font-weight: 400;\">No\u00ebl<\/span><\/li>\n<li style=\"font-weight: 400;\" aria-level=\"1\"><span style=\"font-weight: 400;\">Un anniversaire de mariage<\/span><\/li>\n<li style=\"font-weight: 400;\" aria-level=\"1\"><span style=\"font-weight: 400;\">Un mariage<\/span><\/li>\n<li style=\"font-weight: 400;\" aria-level=\"1\"><span style=\"font-weight: 400;\">Une baby shower<\/span><\/li>\n<li style=\"font-weight: 400;\" aria-level=\"1\"><span style=\"font-weight: 400;\">Une nouvelle maison<\/span><\/li>\n<li style=\"font-weight: 400;\" aria-level=\"1\"><span style=\"font-weight: 400;\">Et plus encore !<\/span><\/li>\n<\/ul>\n<p><span style=\"font-weight: 400;\">Personnalisez votre carte avec votre citation pr\u00e9f\u00e9r\u00e9e, des paroles de chansons ou d&#8217;autres lignes de texte, qui permettront \u00e0 votre \u0153uvre d&#8217;art de se d\u00e9marquer et d&#8217;\u00eatre unique !<\/span><\/p>\n<h2><span style=\"font-weight: 400;\">Personnalisation de votre carte L\u00e0 o\u00f9 tout a commenc\u00e9<\/span><\/h2>\n<p><span style=\"font-weight: 400;\">Chez <\/span><a href=\"https:\/\/positiveprints.com\/fr\/?attachment_id=617724\"><span style=\"font-weight: 400;\">Positive Prints<\/span><\/a><span style=\"font-weight: 400;\">, nous vous pla\u00e7ons dans le r\u00f4le de cr\u00e9ateur afin que vous puissiez concevoir une affiche L\u00e0 o\u00f9 tout a commenc\u00e9 unique, que vous serez fier d\u2019offrir ou d\u2019exposer chez vous. Notre cr\u00e9ateur en trois \u00e9tapes rend la personnalisation simple et rapide.<\/span><\/p>\n<p><span style=\"font-weight: 400;\">D\u2019abord, commencez par choisir un mod\u00e8le de carte de base et s\u00e9lectionnez une combinaison de couleurs. Plusieurs palettes pr\u00e9d\u00e9finies mettent en valeur les rues et d\u00e9tails de votre emplacement tout en assurant un contraste optimal pour une image claire et \u00e9l\u00e9gante.<\/span><\/p>\n<p><span style=\"font-weight: 400;\">Ensuite, ajoutez les informations propres \u00e0 votre carte L\u00e0 o\u00f9 tout a commenc\u00e9 pour la rendre v\u00e9ritablement unique. Indiquez l\u2019emplacement exact, puis ajustez et zoomez la carte selon le niveau de d\u00e9tail souhait\u00e9. Vous pouvez aussi inclure un message sentimental, une citation, une chanson ou m\u00eame la date de votre rencontre.<\/span><\/p>\n<p><span style=\"font-weight: 400;\">Enfin, choisissez la mani\u00e8re dont vous souhaitez recevoir votre carte. Optez pour une impression professionnelle, soigneusement emball\u00e9e et exp\u00e9di\u00e9e \u00e0 domicile. Pour un cadeau rapide, s\u00e9lectionnez un t\u00e9l\u00e9chargement num\u00e9rique \u00e0 imprimer localement. Nous proposons \u00e9galement des <\/span><a href=\"https:\/\/corner-of-art.com\/pages\/quest-ce-limpression-sur-toile-canva?srsltid=AfmBOorV3LF6VjAp4aovnZMsQdjXMoHdRQGwea0Q2fwIz_1U4vwWw-cZ\"><span style=\"font-weight: 400;\">impressions sur toile<\/span><\/a><span style=\"font-weight: 400;\"> pour un rendu \u00e9l\u00e9gant et durable.<\/span><\/p>\n<h2><span style=\"font-weight: 400;\">Cr\u00e9ez votre carte de l\u00e0 o\u00f9 tout a commenc\u00e9 aujourd&#8217;hui!<\/span><\/h2>\n<p><span style=\"font-weight: 400;\">L\u2019endroit l\u00e0 o\u00f9 tout a commenc\u00e9 restera toujours dans votre c\u0153ur. Faites plaisir \u00e0 votre moiti\u00e9 en immortalisant l\u2019un de vos moments pr\u00e9f\u00e9r\u00e9s ensemble, pour en garder le souvenir \u00e0 jamais.<\/span><\/p>\n<p><span style=\"font-weight: 400;\">Alors conservez vos souvenirs les plus pr\u00e9cieux en offrant une carte de l\u00e0 o\u00f9 tout a commenc\u00e9. Passez votre commande d\u00e8s maintenant !<\/span><\/p><h2 class=\"wp-block-heading\" id=\"h-questions-frequemment-posees\"><strong>Questions Fr\u00e9quemment Pos\u00e9es<\/strong><\/h2><details class=\"wp-block-details is-layout-flow wp-block-details-is-layout-flow\"><summary><strong>Qu&#8217;est-ce qu&#8217;une carte L\u00e0 o\u00f9 tout a commenc\u00e9 ?<\/strong><\/summary><p>Une carte &#8220;L\u00e0 o\u00f9 tout a commenc\u00e9&#8221; est une affiche personnalis\u00e9e de l&#8217;endroit exact o\u00f9 votre histoire a d\u00e9but\u00e9. Plus pr\u00e9cis\u00e9ment, elle utilise des donn\u00e9es GPS pour recr\u00e9er une vue a\u00e9rienne de votre lieu choisi. Par cons\u00e9quent, elle marque l&#8217;endroit o\u00f9 l&#8217;aventure de votre vie a commenc\u00e9.\u200b<\/p><\/details><details class=\"wp-block-details is-layout-flow wp-block-details-is-layout-flow\"><summary><strong>Est-ce une carte personnalis\u00e9e ?<\/strong><\/summary><p>Oui, chaque carte est enti\u00e8rement personnalis\u00e9e. En effet, elle est cr\u00e9\u00e9e pour votre lieu sp\u00e9cifique avec un symbole choisi. De plus, vous pouvez ajouter un texte personnalis\u00e9 significatif. En outre, l&#8217;aper\u00e7u interactif vous permet de peaufiner chaque d\u00e9tail.\u200b<\/p><\/details><details class=\"wp-block-details is-layout-flow wp-block-details-is-layout-flow\"><summary><strong>Pourquoi est-ce le cadeau id\u00e9al pour les couples ?<\/strong><\/summary><p>C&#8217;est le cadeau id\u00e9al car il immortalise un moment magique de votre histoire. Plus pr\u00e9cis\u00e9ment, c&#8217;est un t\u00e9moignage puissant de l&#8217;histoire que vous \u00e9crivez ensemble. C\u2019est donc un cadeau sentimental \u00e0 ch\u00e9rir pour toujours.\u200b<\/p><\/details><details class=\"wp-block-details is-layout-flow wp-block-details-is-layout-flow\"><summary><strong>Comment cr\u00e9er ma carte L\u00e0 o\u00f9 tout a commenc\u00e9 ?<\/strong><\/summary><p>Cr\u00e9er votre carte se fait en trois \u00e9tapes simples. Premi\u00e8rement, choisissez votre conception de base et combinaison de couleurs. Ensuite, s\u00e9lectionnez votre emplacement et ajoutez un message sentimental. Enfin, choisissez votre format d&#8217;impression pr\u00e9f\u00e9r\u00e9.\u200b<\/p><\/details><details class=\"wp-block-details is-layout-flow wp-block-details-is-layout-flow\"><summary><strong>Pour quelles occasions cette carte est-elle parfaite ?<\/strong><\/summary><p>Cette carte est parfaite pour la Saint-Valentin, No\u00ebl, les anniversaires de mariage et les mariages. De plus, elle convient pour les douches nuptiales et nouvelles maisons. En outre, c&#8217;est id\u00e9al pour c\u00e9l\u00e9brer votre histoire unique.\u200b<\/p><\/details><details class=\"wp-block-details is-layout-flow wp-block-details-is-layout-flow\"><summary><strong>Dans quels d\u00e9lais puis-je recevoir ma carte ?<\/strong><\/summary><p>Pour un cadeau imm\u00e9diat, choisissez notre t\u00e9l\u00e9chargement num\u00e9rique instantan\u00e9, un fichier JPEG haute r\u00e9solution de 300 dpi que vous pouvez imprimer localement. Pour les produits physiques, nous imprimons et exp\u00e9dions localement depuis nos installations en Australie, au Canada, aux \u00c9tats-Unis, au Royaume-Uni et en Europe. Cela garantit une livraison rapide et fiable, souvent en quelques jours seulement.<\/p><\/details>","protected":false},"excerpt":{"rendered":"<ul class=\"check-list\">\n<li>Marquez un endroit sp\u00e9cial avec un symbole choisi<\/li>\n<li>Personnalisez votre design en 3 \u00e9tapes simples<\/li>\n<li>Incluez un texte personnalis\u00e9 significatif<\/li>\n<li>Visualisez le r\u00e9sultat imm\u00e9diatement \u2013 l\u2019aper\u00e7u interactif vous permet de peaufiner chaque d\u00e9tail<\/li>\n<\/ul>\n","protected":false},"featured_media":1214174,"template":"","meta":[],"product_brand":[],"product_cat":[15844,9274,8194,8217,104,7187,5328,11532,11607,11533,11529,11534,11530,11531,11177,11175,11176,3127,11535,11536,11537,11538,11624,11625,11626,11627,11211,11212,3122,7925,5264,11395,11396,11392,11388,11402,11397,8006,7670,7638,7685,7781,7749,7797,3118,11245,11246],"product_tag":[14854,14866,14853,14681,11793,11795,14857,14859,14848,14852,14856,17443,17442,17441,17440,14868,14864,14869,14851,14865,14867,14870,14863,14850],"class_list":{"0":"post-250100","1":"product","2":"type-product","3":"status-publish","4":"has-post-thumbnail","6":"product_cat-shop-bestsellers-fr","7":"product_cat-bestsellers-label-fr","8":"product_cat-pour-elle","9":"product_cat-pour-lui","10":"product_cat-tous-les-produits","11":"product_cat-map-fr","12":"product_cat-cadeaux-de-commemorations","13":"product_cat-10-ans-de-mariage","14":"product_cat-50-ans-de-mariage","15":"product_cat-15-ans-de-mariage","16":"product_cat-1-an-de-mariage","17":"product_cat-20-ans-de-mariage","18":"product_cat-2-ans-de-mariage","19":"product_cat-5-ans-de-mariage","20":"product_cat-cadeaux-danniversaire-pour-couples","21":"product_cat-cadeaux-danniversaire-pour-femme","22":"product_cat-cadeaux-danniversaire-pour-homme","23":"product_cat-cadeaux-danniversaire","24":"product_cat-anniversaire-de-18-ans","25":"product_cat-anniversaire-de-21-ans","26":"product_cat-anniversaire-de-30-ans","27":"product_cat-anniversaire-de-40-ans","28":"product_cat-anniversaire-de-50-ans","29":"product_cat-anniversaire-de-60-ans","30":"product_cat-anniversaire-de-70-ans","31":"product_cat-anniversaire-de-80-ans","32":"product_cat-cadeau-anniversaire-femme","33":"product_cat-cadeau-anniversaire-homme","34":"product_cat-cadeaux-de-mariage","35":"product_cat-cadeaux-denterrement-de-vie-de-jeune-fille","36":"product_cat-cadeaux-de-noel","37":"product_cat-cadeaux-de-noel-pour-femme","38":"product_cat-cadeaux-de-noel-pour-homme","39":"product_cat-cadeaux-de-noel-pour-sa-copine","40":"product_cat-cadeaux-de-noel-pour-son-petit-copain","41":"product_cat-cadeaux-de-noel-pour-sa-femme","42":"product_cat-cadeaux-de-noel-pour-le-mari","43":"product_cat-cadeaux-pour-hommes","44":"product_cat-cadeaux-pour-petit-ami","45":"product_cat-cadeaux-pour-mari","46":"product_cat-cadeaux-pour-femmes","47":"product_cat-cadeaux-pour-petite-amie","48":"product_cat-cadeaux-pour-epouse","49":"product_cat-cadeaux-pour-couple","50":"product_cat-cadeaux-saint-valentin","51":"product_cat-cadeaux-de-saint-valentin-pour-elle","52":"product_cat-cadeaux-de-saint-valentin-pour-lui","53":"product_tag-anniversary-gift-fr","54":"product_tag-anniversary-gifts-fr","55":"product_tag-anniversary-present-fr","56":"product_tag-cadeau-romantique","57":"product_tag-cadeaux-de-noel-pour-le-mari","58":"product_tag-cadeaux-de-noel-pour-sa-femme","59":"product_tag-couple-gift-fr","60":"product_tag-gift-for-couple-fr","61":"product_tag-love-fr","62":"product_tag-love-gift-fr","63":"product_tag-personalized-gift-fr","64":"product_tag-prezenty-pod-choinke-dla-chlopaka-fr","65":"product_tag-prezenty-pod-choinke-dla-dziewczyny-fr","66":"product_tag-prezenty-pod-choinke-dla-niego-fr","67":"product_tag-prezenty-pod-choinke-dla-niej-fr","68":"product_tag-romantic-gifts-fr","69":"product_tag-sentimental-gift-fr","70":"product_tag-special-occasion-fr","71":"product_tag-thoughtful-gift-fr","72":"product_tag-unique-gift-fr","73":"product_tag-valentines-day-gifts-fr","74":"product_tag-valentines-day-fr","75":"product_tag-valentines-day-gift-fr","76":"product_tag-wedding-anniversary-fr","78":"first","79":"instock","80":"sale","81":"taxable","82":"shipping-taxable","83":"purchasable","84":"product-type-variable"},"yoast_head":"<!-- This site is optimized with the Yoast SEO Premium plugin v27.2 (Yoast SEO v27.2) - https:\/\/yoast.com\/product\/yoast-seo-premium-wordpress\/ -->\n<title>L\u00e0 o\u00f9 tout a commenc\u00e9, Cadeau pour Couple - Positive Prints<\/title>\n<meta name=\"description\" content=\"C\u00e9l\u00e9brez votre histoire d&#039;amour avec une affiche personnalis\u00e9e du lieu o\u00f9 tout a commenc\u00e9, id\u00e9ale pour un anniversaire de mariage ou la Saint-Valentin.\" \/>\n<meta name=\"robots\" content=\"index, follow, max-snippet:-1, max-image-preview:large, max-video-preview:-1\" \/>\n<link rel=\"canonical\" href=\"https:\/\/positiveprints.com\/fr\/produit\/la-ou-tout-a-commence\/\" \/>\n<meta property=\"og:locale\" content=\"fr_FR\" \/>\n<meta property=\"og:type\" content=\"article\" \/>\n<meta property=\"og:title\" content=\"L\u00e0 o\u00f9 tout a commenc\u00e9\" \/>\n<meta property=\"og:description\" content=\"Marquez un endroit sp\u00e9cial avec un symbole choisi  Personnalisez votre design en 3 \u00e9tapes simples  Incluez un texte personnalis\u00e9 significatif  Visualisez le r\u00e9sultat imm\u00e9diatement \u2013 l\u2019aper\u00e7u interactif vous permet de peaufiner chaque d\u00e9tail\" \/>\n<meta property=\"og:url\" content=\"https:\/\/positiveprints.com\/fr\/produit\/la-ou-tout-a-commence\/\" \/>\n<meta property=\"og:site_name\" content=\"Positive Prints\" \/>\n<meta property=\"article:publisher\" content=\"https:\/\/www.facebook.com\/positiveprintscom\" \/>\n<meta property=\"article:modified_time\" content=\"2026-04-12T23:42:18+00:00\" \/>\n<meta property=\"og:image\" content=\"https:\/\/positiveprints.com\/wp-content\/uploads\/2021\/07\/La\u0300-ou\u0300-tout-a-commence\u0301.webp\" \/>\n\t<meta property=\"og:image:width\" content=\"1450\" \/>\n\t<meta property=\"og:image:height\" content=\"1450\" \/>\n\t<meta property=\"og:image:type\" content=\"image\/webp\" \/>\n<meta name=\"twitter:card\" content=\"summary_large_image\" \/>\n<meta name=\"twitter:label1\" content=\"Dur\u00e9e de lecture estim\u00e9e\" \/>\n\t<meta name=\"twitter:data1\" content=\"4 minutes\" \/>\n<!-- \/ Yoast SEO Premium plugin. -->","yoast_head_json":{"title":"L\u00e0 o\u00f9 tout a commenc\u00e9, Cadeau pour Couple - Positive Prints","description":"C\u00e9l\u00e9brez votre histoire d'amour avec une affiche personnalis\u00e9e du lieu o\u00f9 tout a commenc\u00e9, id\u00e9ale pour un anniversaire de mariage ou la Saint-Valentin.","robots":{"index":"index","follow":"follow","max-snippet":"max-snippet:-1","max-image-preview":"max-image-preview:large","max-video-preview":"max-video-preview:-1"},"canonical":"https:\/\/positiveprints.com\/fr\/produit\/la-ou-tout-a-commence\/","og_locale":"fr_FR","og_type":"article","og_title":"L\u00e0 o\u00f9 tout a commenc\u00e9","og_description":"Marquez un endroit sp\u00e9cial avec un symbole choisi  Personnalisez votre design en 3 \u00e9tapes simples  Incluez un texte personnalis\u00e9 significatif  Visualisez le r\u00e9sultat imm\u00e9diatement \u2013 l\u2019aper\u00e7u interactif vous permet de peaufiner chaque d\u00e9tail","og_url":"https:\/\/positiveprints.com\/fr\/produit\/la-ou-tout-a-commence\/","og_site_name":"Positive Prints","article_publisher":"https:\/\/www.facebook.com\/positiveprintscom","article_modified_time":"2026-04-12T23:42:18+00:00","og_image":[{"width":1450,"height":1450,"url":"https:\/\/positiveprints.com\/wp-content\/uploads\/2021\/07\/La\u0300-ou\u0300-tout-a-commence\u0301.webp","type":"image\/webp"}],"twitter_card":"summary_large_image","twitter_misc":{"Dur\u00e9e de lecture estim\u00e9e":"4 minutes"},"schema":{"@context":"https:\/\/schema.org","@graph":[{"@type":["WebPage","ItemPage"],"@id":"https:\/\/positiveprints.com\/fr\/produit\/la-ou-tout-a-commence\/","url":"https:\/\/positiveprints.com\/fr\/produit\/la-ou-tout-a-commence\/","name":"L\u00e0 o\u00f9 tout a commenc\u00e9, Cadeau pour Couple - Positive Prints","isPartOf":{"@id":"https:\/\/positiveprints.com\/fr\/#website"},"primaryImageOfPage":{"@id":"https:\/\/positiveprints.com\/fr\/produit\/la-ou-tout-a-commence\/#primaryimage"},"image":{"@id":"https:\/\/positiveprints.com\/fr\/produit\/la-ou-tout-a-commence\/#primaryimage"},"thumbnailUrl":"https:\/\/positiveprints.com\/wp-content\/uploads\/2024\/10\/Packshot_FR_where-it-all-began-map-product-image.webp","datePublished":"2021-07-31T19:02:05+00:00","dateModified":"2026-04-12T23:42:18+00:00","description":"C\u00e9l\u00e9brez votre histoire d'amour avec une affiche personnalis\u00e9e du lieu o\u00f9 tout a commenc\u00e9, id\u00e9ale pour un anniversaire de mariage ou la Saint-Valentin.","breadcrumb":{"@id":"https:\/\/positiveprints.com\/fr\/produit\/la-ou-tout-a-commence\/#breadcrumb"},"inLanguage":"fr-FR","potentialAction":[{"@type":"ReadAction","target":["https:\/\/positiveprints.com\/fr\/produit\/la-ou-tout-a-commence\/"]}]},{"@type":"ImageObject","inLanguage":"fr-FR","@id":"https:\/\/positiveprints.com\/fr\/produit\/la-ou-tout-a-commence\/#primaryimage","url":"https:\/\/positiveprints.com\/wp-content\/uploads\/2024\/10\/Packshot_FR_where-it-all-began-map-product-image.webp","contentUrl":"https:\/\/positiveprints.com\/wp-content\/uploads\/2024\/10\/Packshot_FR_where-it-all-began-map-product-image.webp","width":1450,"height":1450},{"@type":"BreadcrumbList","@id":"https:\/\/positiveprints.com\/fr\/produit\/la-ou-tout-a-commence\/#breadcrumb","itemListElement":[{"@type":"ListItem","position":1,"name":"Home","item":"https:\/\/positiveprints.com\/fr\/"},{"@type":"ListItem","position":2,"name":"Produits","item":"https:\/\/positiveprints.com\/fr\/shop\/"},{"@type":"ListItem","position":3,"name":"L\u00e0 o\u00f9 tout a commenc\u00e9"}]},{"@type":"WebSite","@id":"https:\/\/positiveprints.com\/fr\/#website","url":"https:\/\/positiveprints.com\/fr\/","name":"Positive Prints","description":"Amazing Custom Personalized Gifts","publisher":{"@id":"https:\/\/positiveprints.com\/fr\/#organization"},"potentialAction":[{"@type":"SearchAction","target":{"@type":"EntryPoint","urlTemplate":"https:\/\/positiveprints.com\/fr\/?s={search_term_string}"},"query-input":{"@type":"PropertyValueSpecification","valueRequired":true,"valueName":"search_term_string"}}],"inLanguage":"fr-FR"},{"@type":"Organization","@id":"https:\/\/positiveprints.com\/fr\/#organization","name":"Positive Prints","alternateName":"Positive Prints","url":"https:\/\/positiveprints.com\/fr\/","logo":{"@type":"ImageObject","inLanguage":"fr-FR","@id":"https:\/\/positiveprints.com\/fr\/#\/schema\/logo\/image\/","url":"https:\/\/positiveprints.com\/wp-content\/uploads\/2026\/03\/245815646_1337939713319158_5671353136411139666_n.png","contentUrl":"https:\/\/positiveprints.com\/wp-content\/uploads\/2026\/03\/245815646_1337939713319158_5671353136411139666_n.png","width":800,"height":800,"caption":"Positive Prints"},"image":{"@id":"https:\/\/positiveprints.com\/fr\/#\/schema\/logo\/image\/"},"sameAs":["https:\/\/www.facebook.com\/positiveprintscom","https:\/\/www.instagram.com\/positiveprintscom\/","https:\/\/www.tiktok.com\/@positiveprintscom","https:\/\/www.pinterest.com\/positiveprintscom\/"]}]}},"jetpack_sharing_enabled":true,"_links":{"self":[{"href":"https:\/\/positiveprints.com\/fr\/wp-json\/wp\/v2\/product\/250100","targetHints":{"allow":["GET"]}}],"collection":[{"href":"https:\/\/positiveprints.com\/fr\/wp-json\/wp\/v2\/product"}],"about":[{"href":"https:\/\/positiveprints.com\/fr\/wp-json\/wp\/v2\/types\/product"}],"wp:featuredmedia":[{"embeddable":true,"href":"https:\/\/positiveprints.com\/fr\/wp-json\/wp\/v2\/media\/1214174"}],"wp:attachment":[{"href":"https:\/\/positiveprints.com\/fr\/wp-json\/wp\/v2\/media?parent=250100"}],"wp:term":[{"taxonomy":"product_brand","embeddable":true,"href":"https:\/\/positiveprints.com\/fr\/wp-json\/wp\/v2\/product_brand?post=250100"},{"taxonomy":"product_cat","embeddable":true,"href":"https:\/\/positiveprints.com\/fr\/wp-json\/wp\/v2\/product_cat?post=250100"},{"taxonomy":"product_tag","embeddable":true,"href":"https:\/\/positiveprints.com\/fr\/wp-json\/wp\/v2\/product_tag?post=250100"}],"curies":[{"name":"wp","href":"https:\/\/api.w.org\/{rel}","templated":true}]}}