{"id":249539,"date":"2021-08-13T10:12:42","date_gmt":"2021-08-13T09:12:42","guid":{"rendered":"https:\/\/positiveprints.com\/product\/carte-de-notre-premier-rendez-vous\/"},"modified":"2026-04-13T00:36:46","modified_gmt":"2026-04-12T23:36:46","slug":"carte-de-notre-premier-rendez-vous","status":"publish","type":"product","link":"https:\/\/positiveprints.com\/fr\/produit\/carte-de-notre-premier-rendez-vous\/","title":{"rendered":"Notre Premier Rendez-Vous"},"content":{"rendered":"Chaque histoire d&#8217;amour commence par un premier rendez-vous. Il peut s&#8217;agir d&#8217;un \u00e9v\u00e9nement planifi\u00e9, ou d&#8217;une sortie informelle. Peu importe comment cela s&#8217;est pass\u00e9, la carte de Notre premier Rendez-Vous vous permet de vous rem\u00e9morer l&#8217;endroit o\u00f9 tout a commenc\u00e9.\r\n<h2 class=\"grenB f24 cblue\" style=\"margin-top: 3rem\">Qu&#8217;est-ce qu&#8217;une carte Notre premier Rendez-Vous?<\/h2>\r\n<p style=\"margin-top: 1rem\"> Chaque pas que vous et votre partenaire avez fait dans la vie vous a finalement conduit \u00e0 vous retrouver. Une carte de Notre Premier Rendez-Vous capture un instant de votre voyage et le moment o\u00f9 vous avez commenc\u00e9 ce voyage ensemble.<\/p>\r\n<p style=\"margin-top: 1rem\"> Peut-\u00eatre qu&#8217;un ami vous a pr\u00e9sent\u00e9 et vous avez pr\u00e9vu de vous retrouver pour un caf\u00e9, un d\u00eener ou une promenade dans le parc. Ou peut-\u00eatre que le destin a pris les choses en main et vous a mis au bon endroit au bon moment comme par hasard. Quelque soit le souvenir que vous avez de votre premier rendez-vous ensemble, vous pouvez immortaliser ce moment dans vos souvenirs avec une belle \u0153uvre d&#8217;art.<\/p>\r\n\r\n<h2 class=\"grenB f24 cblue\" style=\"margin-top: 3rem\">Id\u00e9es cadeaux pour les Fian\u00e7ailles &#038; Mariages<\/h2>\r\n<p style=\"margin-top: 1rem\">Une carte de Notre Premier Rendez-Vous est l&#8217;un de nos cadeaux les plus populaires. Il affiche une carte de l&#8217;emplacement de votre choix avec un simple c\u0153ur sur l&#8217;endroit exact o\u00f9 vous avez v\u00e9cu votre premier rendez-vous. Beaucoup de nos clients chez Positive Prints choisissent de faire don d&#8217;une carte de Notre Premier Rendez-Vous \u00e0 leur conjoint ou futur conjoint le jour de leur mariage, anniversaire ou f\u00eate de fian\u00e7ailles. C&#8217;est une fa\u00e7on si douce de revenir sur l&#8217;un des premiers souvenirs que vous avez partag\u00e9s ensemble.<\/p>\r\n<p style=\"margin-top: 1rem\">Et bien que le cadeau puisse \u00eatre pour un \u00eatre qui vous est cher, c&#8217;est un cadeau dont vous pouvez profiter, aussi! Accrochez votre ch\u00e8re carte dans votre maison afin que vous puissiez toujours regarder en arri\u00e8re \u00e0 l&#8217;\u00e9poque o\u00f9 votre amour commen\u00e7ait \u00e0 peine \u00e0 fleurir.<\/p>\r\n<p style=\"margin-top: 1rem\">Pour terminer la conception de votre carte, ajoutez un message personnalis\u00e9 qui donne vie \u00e0 ce moment. Il peut s&#8217;agir de la date et de l&#8217;heure de votre premi\u00e8re date, de d\u00e9tails sur votre emplacement, du film ou du concert que vous avez vu ensemble, ou m\u00eame d&#8217;une citation ou des paroles d&#8217;une chanson de l&#8217;\u00e9v\u00e9nement. Les possibilit\u00e9s sont sans limites !<\/p>\r\n\r\n<h2 class=\"grenB f24 cblue\" style=\"margin-top: 3rem\">Comment personnaliser une Carte de Notre Premier Rendez-Vous<\/h2>\r\n<p style=\"margin-top: 1rem\">Lorsque vous voudrez donner \u00e0 votre bien-aim\u00e9 une \u0153uvre d&#8217;art qu&#8217;il gardera pr\u00e8s de son c\u0153ur pour toujours, Positive Prints est l\u00e0 pour vous aider. Notre cr\u00e9ateur de cartes utilise la technologie GPS de pointe pour cr\u00e9er une carte tr\u00e8s d\u00e9taill\u00e9e et pr\u00e9cise sur votre histoire.<\/p>\r\n<p style=\"margin-top: 1rem\"> Commencez par choisir votre mod\u00e8le. Nos <a href=\"https:\/\/positiveprints.com\/fr\/produit\/affiche-carte-de-ville-personnalisee\/\">cartes personnalis\u00e9es<\/a> peuvent prendre des formes rondes, carr\u00e9es ou en forme de c\u0153ur pour cr\u00e9er le look et le style que vous voulez. Choisissez l&#8217;un de nos jeux de couleurs pr\u00e9d\u00e9finis ou cr\u00e9ez le v\u00f4tre pour vous rapprocher de votre style personnel.<\/p>\r\n<p style=\"margin-top: 1rem\">Personnalisez encore plus votre carte en choisissant l&#8217;emplacement de votre premier rendez-vous et en laissant tomber une \u00e9pingle en forme de c\u0153ur. Ajoutez un message pour rehausser la signification de votre carte.<\/p>\r\n<p style=\"margin-top: 1rem\">Enfin, vous pouvez choisir parmi de nombreuses de mani\u00e8res de recevoir votre premier cadeau sous forme de carte de premier rendez-vous: papier, t\u00e9l\u00e9chargement num\u00e9rique, impression sur toile ou affiche encadr\u00e9e!<\/p>\r\n\r\n<h2 class=\"grenB f24 cblue\" style=\"margin-top: 3rem\">N&#8217;oubliez jamais le l&#8217;endroit de Votre Premier Rendez-Vous<\/h2>\r\n<p style=\"margin-top: 1rem\">Repensez \u00e0 votre premier rendez-vous avec tendresse. Commencez \u00e0 cr\u00e9er votre cadeau personnalis\u00e9 de la carte Notre Premier Rendez-vous d\u00e8s aujourd&#8217;hui!<\/p>","protected":false},"excerpt":{"rendered":"<ul class=\"check-list\">\n<li>Marquer un endroit sp\u00e9cial avec un symbole choisi<\/li>\n<li>Personnalisez en 3 \u00e9tapes simples<\/li>\n<li>Incluez un texte personnalis\u00e9 significatif<\/li>\n<li>Vois le r\u00e9sultat imm\u00e9diatement \u2013 l\u2019aper\u00e7u interactif te permet de peaufiner chaque d\u00e9tail<\/li>\n<\/ul>\n","protected":false},"featured_media":1213722,"template":"","meta":[],"product_brand":[],"product_cat":[7187],"product_tag":[14849],"class_list":{"0":"post-249539","1":"product","2":"type-product","3":"status-publish","4":"has-post-thumbnail","6":"product_cat-map-fr","7":"product_tag-anniversary-fr","9":"first","10":"instock","11":"sale","12":"taxable","13":"shipping-taxable","14":"purchasable","15":"product-type-variable"},"yoast_head":"<!-- This site is optimized with the Yoast SEO Premium plugin v27.2 (Yoast SEO v27.2) - https:\/\/yoast.com\/product\/yoast-seo-premium-wordpress\/ -->\n<title>Notre Premier Rendez-Vous - Cadeau Couple Personnalis\u00e9 - Positive Prints<\/title>\n<meta name=\"description\" content=\"Commencez \u00e0 cr\u00e9er votre cadeau personnalis\u00e9 de la carte Notre Premier Rendez-vous d\u00e8s aujourd&#039;hui!\" \/>\n<meta name=\"robots\" content=\"index, follow, max-snippet:-1, max-image-preview:large, max-video-preview:-1\" \/>\n<link rel=\"canonical\" href=\"https:\/\/positiveprints.com\/fr\/produit\/carte-de-notre-premier-rendez-vous\/\" \/>\n<meta property=\"og:locale\" content=\"fr_FR\" \/>\n<meta property=\"og:type\" content=\"article\" \/>\n<meta property=\"og:title\" content=\"Notre Premier Rendez-Vous\" \/>\n<meta property=\"og:description\" content=\"Marquer un endroit sp\u00e9cial avec un symbole choisi  Personnalisez en 3 \u00e9tapes simples  Incluez un texte personnalis\u00e9 significatif  Vois le r\u00e9sultat imm\u00e9diatement \u2013 l\u2019aper\u00e7u interactif te permet de peaufiner chaque d\u00e9tail\" \/>\n<meta property=\"og:url\" content=\"https:\/\/positiveprints.com\/fr\/produit\/carte-de-notre-premier-rendez-vous\/\" \/>\n<meta property=\"og:site_name\" content=\"Positive Prints\" \/>\n<meta property=\"article:publisher\" content=\"https:\/\/www.facebook.com\/positiveprintscom\" \/>\n<meta property=\"article:modified_time\" content=\"2026-04-12T23:36:46+00:00\" \/>\n<meta property=\"og:image\" content=\"https:\/\/positiveprints.com\/wp-content\/uploads\/2024\/10\/Packshot_FR_our-first-date-map-product-image.webp\" \/>\n\t<meta property=\"og:image:width\" content=\"1450\" \/>\n\t<meta property=\"og:image:height\" content=\"1450\" \/>\n\t<meta property=\"og:image:type\" content=\"image\/webp\" \/>\n<meta name=\"twitter:card\" content=\"summary_large_image\" \/>\n<meta name=\"twitter:label1\" content=\"Dur\u00e9e de lecture estim\u00e9e\" \/>\n\t<meta name=\"twitter:data1\" content=\"3 minutes\" \/>\n<!-- \/ Yoast SEO Premium plugin. -->","yoast_head_json":{"title":"Notre Premier Rendez-Vous - Cadeau Couple Personnalis\u00e9 - Positive Prints","description":"Commencez \u00e0 cr\u00e9er votre cadeau personnalis\u00e9 de la carte Notre Premier Rendez-vous d\u00e8s aujourd'hui!","robots":{"index":"index","follow":"follow","max-snippet":"max-snippet:-1","max-image-preview":"max-image-preview:large","max-video-preview":"max-video-preview:-1"},"canonical":"https:\/\/positiveprints.com\/fr\/produit\/carte-de-notre-premier-rendez-vous\/","og_locale":"fr_FR","og_type":"article","og_title":"Notre Premier Rendez-Vous","og_description":"Marquer un endroit sp\u00e9cial avec un symbole choisi  Personnalisez en 3 \u00e9tapes simples  Incluez un texte personnalis\u00e9 significatif  Vois le r\u00e9sultat imm\u00e9diatement \u2013 l\u2019aper\u00e7u interactif te permet de peaufiner chaque d\u00e9tail","og_url":"https:\/\/positiveprints.com\/fr\/produit\/carte-de-notre-premier-rendez-vous\/","og_site_name":"Positive Prints","article_publisher":"https:\/\/www.facebook.com\/positiveprintscom","article_modified_time":"2026-04-12T23:36:46+00:00","og_image":[{"width":1450,"height":1450,"url":"https:\/\/positiveprints.com\/wp-content\/uploads\/2024\/10\/Packshot_FR_our-first-date-map-product-image.webp","type":"image\/webp"}],"twitter_card":"summary_large_image","twitter_misc":{"Dur\u00e9e de lecture estim\u00e9e":"3 minutes"},"schema":{"@context":"https:\/\/schema.org","@graph":[{"@type":["WebPage","ItemPage"],"@id":"https:\/\/positiveprints.com\/fr\/produit\/carte-de-notre-premier-rendez-vous\/","url":"https:\/\/positiveprints.com\/fr\/produit\/carte-de-notre-premier-rendez-vous\/","name":"Notre Premier Rendez-Vous - Cadeau Couple Personnalis\u00e9 - Positive Prints","isPartOf":{"@id":"https:\/\/positiveprints.com\/fr\/#website"},"primaryImageOfPage":{"@id":"https:\/\/positiveprints.com\/fr\/produit\/carte-de-notre-premier-rendez-vous\/#primaryimage"},"image":{"@id":"https:\/\/positiveprints.com\/fr\/produit\/carte-de-notre-premier-rendez-vous\/#primaryimage"},"thumbnailUrl":"https:\/\/positiveprints.com\/wp-content\/uploads\/2024\/10\/Packshot_FR_our-first-date-map-product-image.webp","datePublished":"2021-08-13T09:12:42+00:00","dateModified":"2026-04-12T23:36:46+00:00","description":"Commencez \u00e0 cr\u00e9er votre cadeau personnalis\u00e9 de la carte Notre Premier Rendez-vous d\u00e8s aujourd'hui!","breadcrumb":{"@id":"https:\/\/positiveprints.com\/fr\/produit\/carte-de-notre-premier-rendez-vous\/#breadcrumb"},"inLanguage":"fr-FR","potentialAction":[{"@type":"ReadAction","target":["https:\/\/positiveprints.com\/fr\/produit\/carte-de-notre-premier-rendez-vous\/"]}]},{"@type":"ImageObject","inLanguage":"fr-FR","@id":"https:\/\/positiveprints.com\/fr\/produit\/carte-de-notre-premier-rendez-vous\/#primaryimage","url":"https:\/\/positiveprints.com\/wp-content\/uploads\/2024\/10\/Packshot_FR_our-first-date-map-product-image.webp","contentUrl":"https:\/\/positiveprints.com\/wp-content\/uploads\/2024\/10\/Packshot_FR_our-first-date-map-product-image.webp","width":1450,"height":1450},{"@type":"BreadcrumbList","@id":"https:\/\/positiveprints.com\/fr\/produit\/carte-de-notre-premier-rendez-vous\/#breadcrumb","itemListElement":[{"@type":"ListItem","position":1,"name":"Home","item":"https:\/\/positiveprints.com\/fr\/"},{"@type":"ListItem","position":2,"name":"Produits","item":"https:\/\/positiveprints.com\/fr\/shop\/"},{"@type":"ListItem","position":3,"name":"Notre Premier Rendez-Vous"}]},{"@type":"WebSite","@id":"https:\/\/positiveprints.com\/fr\/#website","url":"https:\/\/positiveprints.com\/fr\/","name":"Positive Prints","description":"Amazing Custom Personalized Gifts","publisher":{"@id":"https:\/\/positiveprints.com\/fr\/#organization"},"potentialAction":[{"@type":"SearchAction","target":{"@type":"EntryPoint","urlTemplate":"https:\/\/positiveprints.com\/fr\/?s={search_term_string}"},"query-input":{"@type":"PropertyValueSpecification","valueRequired":true,"valueName":"search_term_string"}}],"inLanguage":"fr-FR"},{"@type":"Organization","@id":"https:\/\/positiveprints.com\/fr\/#organization","name":"Positive Prints","alternateName":"Positive Prints","url":"https:\/\/positiveprints.com\/fr\/","logo":{"@type":"ImageObject","inLanguage":"fr-FR","@id":"https:\/\/positiveprints.com\/fr\/#\/schema\/logo\/image\/","url":"https:\/\/positiveprints.com\/wp-content\/uploads\/2026\/03\/245815646_1337939713319158_5671353136411139666_n.png","contentUrl":"https:\/\/positiveprints.com\/wp-content\/uploads\/2026\/03\/245815646_1337939713319158_5671353136411139666_n.png","width":800,"height":800,"caption":"Positive Prints"},"image":{"@id":"https:\/\/positiveprints.com\/fr\/#\/schema\/logo\/image\/"},"sameAs":["https:\/\/www.facebook.com\/positiveprintscom","https:\/\/www.instagram.com\/positiveprintscom\/","https:\/\/www.tiktok.com\/@positiveprintscom","https:\/\/www.pinterest.com\/positiveprintscom\/"]}]}},"jetpack_sharing_enabled":true,"_links":{"self":[{"href":"https:\/\/positiveprints.com\/fr\/wp-json\/wp\/v2\/product\/249539","targetHints":{"allow":["GET"]}}],"collection":[{"href":"https:\/\/positiveprints.com\/fr\/wp-json\/wp\/v2\/product"}],"about":[{"href":"https:\/\/positiveprints.com\/fr\/wp-json\/wp\/v2\/types\/product"}],"wp:featuredmedia":[{"embeddable":true,"href":"https:\/\/positiveprints.com\/fr\/wp-json\/wp\/v2\/media\/1213722"}],"wp:attachment":[{"href":"https:\/\/positiveprints.com\/fr\/wp-json\/wp\/v2\/media?parent=249539"}],"wp:term":[{"taxonomy":"product_brand","embeddable":true,"href":"https:\/\/positiveprints.com\/fr\/wp-json\/wp\/v2\/product_brand?post=249539"},{"taxonomy":"product_cat","embeddable":true,"href":"https:\/\/positiveprints.com\/fr\/wp-json\/wp\/v2\/product_cat?post=249539"},{"taxonomy":"product_tag","embeddable":true,"href":"https:\/\/positiveprints.com\/fr\/wp-json\/wp\/v2\/product_tag?post=249539"}],"curies":[{"name":"wp","href":"https:\/\/api.w.org\/{rel}","templated":true}]}}