{"id":24661,"date":"2020-01-15T18:00:50","date_gmt":"2020-01-15T17:00:50","guid":{"rendered":"https:\/\/positiveprints.com\/product\/carte-lieu-de-rencontre\/"},"modified":"2026-04-18T09:18:10","modified_gmt":"2026-04-18T08:18:10","slug":"carte-lieu-de-rencontre","status":"publish","type":"product","link":"https:\/\/positiveprints.com\/fr\/produit\/carte-lieu-de-rencontre\/","title":{"rendered":"Carte Lieu de Rencontre"},"content":{"rendered":"<p><span style=\"font-weight: 400;\">Cr\u00e9ez une superbe affiche lieu de rencontre, et commandez-la sous forme de poster imprim\u00e9, de t\u00e9l\u00e9chargement num\u00e9rique instantan\u00e9 ou de coussin moelleux.<\/span><\/p>\r\n<p><span style=\"font-weight: 400;\">En effet, rencontrer une personne qui compte vraiment est un moment \u00e0 part, presque suspendu dans le temps. L\u2019atmosph\u00e8re change, le monde s\u2019efface autour de vous et il ne reste plus que cette pr\u00e9sence qui devient soudain essentielle. Pour garder \u00e0 jamais le souvenir de ce jour, l\u2019affiche lieu de rencontre offre une fa\u00e7on \u00e9l\u00e9gante et symbolique de c\u00e9l\u00e9brer cet instant pr\u00e9cieux.<\/span><\/p>\r\n<h2><b>Qu&#8217;est-ce qu&#8217;une affiche lieu de rencontre ?<\/b><\/h2>\r\n<p><span style=\"font-weight: 400;\">Qu&#8217;il s&#8217;agisse d&#8217;un premier rendez-vous pr\u00e9vu ou d&#8217;une rencontre fortuite, l&#8217;endroit o\u00f9 vous avez rencontr\u00e9 la personne sp\u00e9ciale de votre vie aura \u00e9galement de la valeur. Une carte du lieu o\u00f9 vous vous \u00eates rencontr\u00e9s met en \u00e9vidence ce lieu d&#8217;une mani\u00e8re qui signifie quelque chose pour vous et votre couple.<\/span><\/p>\r\n<p><span style=\"font-weight: 400;\">En outre, des cartes personnalis\u00e9es peuvent \u00eatre r\u00e9alis\u00e9es pour n&#8217;importe quelle ville, \u00e9tat ou lieu dans le monde. Tout ce dont vous avez besoin est un lieu et notre cr\u00e9ateur de cartes g\u00e9ographiques personnalis\u00e9es se met au travail pour cr\u00e9er une carte \u00e0 l&#8217;\u00e9chelle parfaite de cette r\u00e9gion. Faites un zoom avant ou un zoom arri\u00e8re autant que vous le souhaitez pour obtenir la mise en page que vous pr\u00e9f\u00e9rez, puis marquez l&#8217;endroit exact o\u00f9 vous vous \u00eates rencontr\u00e9s pour mettre en \u00e9vidence le lieu o\u00f9 la magie a commenc\u00e9.<\/span><\/p>\r\n<p><span style=\"font-weight: 400;\">Enfin, les cartes de l\u2019endroit o\u00f9 vous vous \u00eates rencontr\u00e9s peuvent \u00e9galement \u00eatre personnalis\u00e9es avec des lignes de texte qui en soulignent la signification. Ajoutez un message d&#8217;amour ou indiquez le nom et la date de votre premi\u00e8re rencontre. Il n&#8217;y a pas de mauvaise fa\u00e7on de faire durer vos souvenirs !<\/span><\/p>\r\n<h2><b>Pourquoi cr\u00e9er une affiche lieu de rencontre ?<\/b><\/h2>\r\n<p><span style=\"font-weight: 400;\">Une affiche lieu de rencontre est un souvenir vraiment unique. Ce n\u2019est pas un objet que l\u2019on ach\u00e8te au hasard dans un magasin, ni quelque chose que l\u2019on improvise. Elle n\u00e9cessite une intention particuli\u00e8re et une vraie r\u00e9flexion pour c\u00e9l\u00e9brer l\u2019endroit pr\u00e9cis o\u00f9 vous avez rencontr\u00e9 cette personne si importante.<\/span><\/p>\r\n<p><span style=\"font-weight: 400;\">De plus, c\u2019est aussi ce qui en fait un cadeau exceptionnel. M\u00eame si nous prenons en charge toute la conception, l\u2019attention que vous portez \u00e0 offrir une cr\u00e9ation personnalis\u00e9e donne l\u2019impression d\u2019un cadeau pr\u00e9par\u00e9 avec un soin tout particulier. Et puisqu\u2019aucune affiche du lieu o\u00f9 vous vous \u00eates rencontr\u00e9s ne ressemble \u00e0 une autre, vous \u00eates certain d\u2019offrir une pi\u00e8ce v\u00e9ritablement unique au monde.<\/span><\/p>\r\n<h2><b>Comment r\u00e9aliser une affiche du lieu de votre premi\u00e8re rencontre<\/b><\/h2>\r\n<p><span style=\"font-weight: 400;\">Avec Positive Prints, tout est pens\u00e9 pour que la cr\u00e9ation de votre affiche se fasse sans stress. Commencez par choisir la forme de votre carte (cercle, c\u0153ur ou carr\u00e9), puis s\u00e9lectionnez l\u2019un de nos harmonieux styles de couleurs, que vous pouvez pr\u00e9visualiser instantan\u00e9ment afin d\u2019obtenir un rendu qui vous correspond.<\/span><\/p>\r\n<p><span style=\"font-weight: 400;\">Ensuite, indiquez l\u2019adresse du lieu o\u00f9 vous vous \u00eates rencontr\u00e9s. Libre \u00e0 vous d\u2019ajuster la carte pour qu\u2019elle s\u2019int\u00e8gre parfaitement dans le cadre. C\u2019est \u00e9galement ici que vous pourrez ajouter jusqu\u2019\u00e0 deux lignes de texte personnalis\u00e9. Si vous souhaitez faire appara\u00eetre un marqueur, il vous suffit d\u2019en choisir la forme, et il se placera automatiquement \u00e0 l\u2019endroit indiqu\u00e9.<\/span><\/p>\r\n<p><span style=\"font-weight: 400;\">Lors de la derni\u00e8re \u00e9tape, choisissez l\u2019orientation, la taille de votre affiche et le type d\u2019impression. Vous pouvez opter pour une affiche imprim\u00e9e sur un papier haut de gamme, con\u00e7ue pour durer toute une vie, ou pour un fichier num\u00e9rique instantan\u00e9 si vous avez besoin d\u2019un cadeau rapidement. Enfin, votre affiche lieu de rencontre peut aussi \u00eatre d\u00e9clin\u00e9e en coussin d\u00e9coratif pour apporter une touche chaleureuse et symbolique \u00e0 votre int\u00e9rieur.<\/span><\/p>\r\n<p><span style=\"font-weight: 400;\">Chez Positive Prints, nous avons con\u00e7u un processus simple, accessible \u00e0 tous, pour permettre \u00e0 chacun de cr\u00e9er facilement une carte de l\u2019endroit o\u00f9 vous vous \u00eates rencontr\u00e9s. Une fois les trois \u00e9tapes termin\u00e9es, il ne vous reste plus qu\u2019\u00e0 passer commande. Nous nous chargeons du reste.<\/span><\/p>\r\n<h2><b>Les cartes du lieu de rencontre sont des cadeaux parfaits<\/b><\/h2>\r\n<p><span style=\"font-weight: 400;\">Une affiche repr\u00e9sentant une <\/span><a href=\"https:\/\/positiveprints.com\/fr\/produit\/affiche-carte-de-ville-personnalisee\/\"><span style=\"font-weight: 400;\">carte de ville personnalis\u00e9e<\/span><\/a><span style=\"font-weight: 400;\"> est un cadeau romantique in\u00e9dit, que votre proche ch\u00e9rira \u00e0 jamais. L\u2019art personnalis\u00e9 r\u00e9v\u00e8le toujours une attention particuli\u00e8re dans le choix d\u2019un cadeau. Une fois encadr\u00e9 et expos\u00e9 chez vous, il devient un rappel constant du moment o\u00f9 votre histoire a commenc\u00e9.<\/span><span style=\"font-weight: 400;\"><br \/><\/span><span style=\"font-weight: 400;\"><br \/><\/span><span style=\"font-weight: 400;\">Une affiche du lieu de rencontre est le cadeau id\u00e9al pour de nombreuses occasions :<\/span><\/p>\r\n<ul>\r\n<li style=\"font-weight: 400;\" aria-level=\"1\"><span style=\"font-weight: 400;\">Anniversaires<\/span><\/li>\r\n<li style=\"font-weight: 400;\" aria-level=\"1\"><span style=\"font-weight: 400;\">No\u00ebl<\/span><\/li>\r\n<li style=\"font-weight: 400;\" aria-level=\"1\"><span style=\"font-weight: 400;\">F\u00eate des m\u00e8res<\/span><\/li>\r\n<li style=\"font-weight: 400;\" aria-level=\"1\"><span style=\"font-weight: 400;\">F\u00eate des p\u00e8res<\/span><\/li>\r\n<li style=\"font-weight: 400;\" aria-level=\"1\"><span style=\"font-weight: 400;\">Saint-Valentin<\/span><\/li>\r\n<li style=\"font-weight: 400;\" aria-level=\"1\"><span style=\"font-weight: 400;\">Fian\u00e7ailles<\/span><\/li>\r\n<li style=\"font-weight: 400;\" aria-level=\"1\"><span style=\"font-weight: 400;\">Mariages<\/span><\/li>\r\n<\/ul>\r\n<p><span style=\"font-weight: 400;\">\u00c9galement, une carte du lieu de votre premi\u00e8re rencontre est une belle occasion de se retrouver pour c\u00e9l\u00e9brer ce souvenir avec la personne que vous aimez. Elle permet de garder vivant ce moment qui a marqu\u00e9 votre histoire et transform\u00e9 votre vie. Et lorsque votre proche d\u00e9couvre ce cadeau charg\u00e9 d\u2019attention et d\u2019affection, vous partagez \u00e0 nouveau l\u2019\u00e9motion de cet instant unique.<\/span><\/p>\r\n<p><span style=\"font-weight: 400;\">Alors commencez \u00e0 cr\u00e9er votre affiche lieu de rencontre d\u00e8s maintenant, et offrez un pr\u00e9sent profond\u00e9ment sentimental, qui touchera \u00e0 coup s\u00fbr !<\/span><\/p><h2 class=\"wp-block-heading\" id=\"h-questions-frequemment-posees\"><strong>Questions Fr\u00e9quemment Pos\u00e9es<\/strong><\/h2><details class=\"wp-block-details is-layout-flow wp-block-details-is-layout-flow\"><summary><strong>Qu&#8217;est-ce qu&#8217;une affiche lieu de rencontre ?<\/strong><\/summary><p>Une affiche lieu de rencontre est une carte personnalis\u00e9e de l&#8217;endroit exact o\u00f9 vous vous \u00eates rencontr\u00e9s. Plus pr\u00e9cis\u00e9ment, elle capture le moment magique de votre premi\u00e8re rencontre avec des donn\u00e9es GPS pr\u00e9cises. Elle met donc en \u00e9vidence le lieu o\u00f9 la magie a commenc\u00e9.\u200b<\/p><\/details><details class=\"wp-block-details is-layout-flow wp-block-details-is-layout-flow\"><summary><strong>Est-ce une carte personnalis\u00e9e ?<\/strong><\/summary><p>Oui, chaque affiche est enti\u00e8rement personnalis\u00e9e. En effet, elle est cr\u00e9\u00e9e pour votre lieu choisi avec un rep\u00e8re en forme de c\u0153ur. De plus, vous pouvez ajouter un texte personnalis\u00e9 significatif. Enfin, l&#8217;aper\u00e7u interactif vous permet de peaufiner chaque d\u00e9tail.\u200b<\/p><\/details><details class=\"wp-block-details is-layout-flow wp-block-details-is-layout-flow\"><summary><strong>Comment cr\u00e9er ma Carte Lieu de Rencontre ?<\/strong><\/summary><p>Cr\u00e9er votre carte se fait en trois \u00e9tapes simples. Premi\u00e8rement, choisissez la forme et l&#8217;agencement de couleurs. Ensuite, entrez le lieu exact et ajoutez votre texte personnalis\u00e9. Enfin, s\u00e9lectionnez votre format et taille pr\u00e9f\u00e9r\u00e9s.\u200b<\/p><\/details><details class=\"wp-block-details is-layout-flow wp-block-details-is-layout-flow\"><summary><strong>Pour quelles occasions cette carte est-elle parfaite ?<\/strong><\/summary><p>Cette affiche est parfaite pour les anniversaires, la Saint-Valentin, les fian\u00e7ailles et les mariages. De plus, elle convient pour No\u00ebl, la f\u00eate des m\u00e8res et la f\u00eate des p\u00e8res. En effet, c&#8217;est le cadeau id\u00e9al pour c\u00e9l\u00e9brer votre histoire ensemble.\u200b<\/p><\/details><details class=\"wp-block-details is-layout-flow wp-block-details-is-layout-flow\"><summary><strong>Dans quels d\u00e9lais puis-je recevoir mon affiche du lieu de rencontre ?<\/strong><\/summary><p>Pour un cadeau \u00e0 obtenir sans attendre, vous pouvez opter pour notre t\u00e9l\u00e9chargement num\u00e9rique instantan\u00e9, un fichier JPEG en haute r\u00e9solution 300 dpi pr\u00eat \u00e0 \u00eatre imprim\u00e9 pr\u00e8s de chez vous. Pour les versions physiques, l\u2019impression et l\u2019exp\u00e9dition sont r\u00e9alis\u00e9es depuis nos centres en Australie, au Canada, aux \u00c9tats-Unis, au Royaume-Uni et en Europe, assurant une livraison rapide et fiable, g\u00e9n\u00e9ralement en quelques jours.<\/p><\/details><p><\/p>","protected":false},"excerpt":{"rendered":"<ul class=\"check-list\">\n<li>Posez un rep\u00e8re sur le lieu exact avec un symbole choisi<\/li>\n<li>Personnalisez votre design en 3 \u00e9tapes simples<\/li>\n<li>Incluez un texte personnalis\u00e9 significatif<\/li>\n<li>Visualisez le r\u00e9sultat imm\u00e9diatement \u2013 l\u2019aper\u00e7u interactif vous permet de peaufiner chaque d\u00e9tail<\/li>\n<\/ul>\n","protected":false},"featured_media":1216233,"template":"","meta":[],"product_brand":[],"product_cat":[3127,1815,11211,11212,11175,11176,11177,11245,11246,5328,7925,5276,7187,7797,8194,7749,7685,8006,8217,7638,7670,7781,15844,9760],"product_tag":[14849,11789,11791,11793,11795,15722,17443,17442,17441,17440],"class_list":{"0":"post-24661","1":"product","2":"type-product","3":"status-publish","4":"has-post-thumbnail","6":"product_cat-cadeaux-danniversaire","7":"product_cat-bestsellers-fr","8":"product_cat-cadeau-anniversaire-femme","9":"product_cat-cadeau-anniversaire-homme","10":"product_cat-cadeaux-danniversaire-pour-femme","11":"product_cat-cadeaux-danniversaire-pour-homme","12":"product_cat-cadeaux-danniversaire-pour-couples","13":"product_cat-cadeaux-de-saint-valentin-pour-elle","14":"product_cat-cadeaux-de-saint-valentin-pour-lui","15":"product_cat-cadeaux-de-commemorations","16":"product_cat-cadeaux-denterrement-de-vie-de-jeune-fille","17":"product_cat-cadeaux-de-fiancailles-idees-cadeaux","18":"product_cat-map-fr","19":"product_cat-cadeaux-pour-couple","20":"product_cat-pour-elle","21":"product_cat-cadeaux-pour-epouse","22":"product_cat-cadeaux-pour-femmes","23":"product_cat-cadeaux-pour-hommes","24":"product_cat-pour-lui","25":"product_cat-cadeaux-pour-mari","26":"product_cat-cadeaux-pour-petit-ami","27":"product_cat-cadeaux-pour-petite-amie","28":"product_cat-shop-bestsellers-fr","29":"product_cat-trending-label-fr","30":"product_tag-anniversary-fr","31":"product_tag-cadeaux-de-noel-pour-femme","32":"product_tag-cadeaux-de-noel-pour-homme","33":"product_tag-cadeaux-de-noel-pour-le-mari","34":"product_tag-cadeaux-de-noel-pour-sa-femme","35":"product_tag-christmas-present-fr","36":"product_tag-prezenty-pod-choinke-dla-chlopaka-fr","37":"product_tag-prezenty-pod-choinke-dla-dziewczyny-fr","38":"product_tag-prezenty-pod-choinke-dla-niego-fr","39":"product_tag-prezenty-pod-choinke-dla-niej-fr","41":"first","42":"instock","43":"sale","44":"taxable","45":"shipping-taxable","46":"purchasable","47":"product-type-variable"},"yoast_head":"<!-- This site is optimized with the Yoast SEO Premium plugin v27.2 (Yoast SEO v27.2) - https:\/\/yoast.com\/product\/yoast-seo-premium-wordpress\/ -->\n<title>Carte Lieu de Rencontre Personnalis\u00e9e - Positive Prints<\/title>\n<meta name=\"description\" content=\"Cr\u00e9ez une affiche personnalis\u00e9e du lieu de votre rencontre, parfaite pour un cadeau unique \u00e0 offrir pour un anniversaire ou la Saint-Valentin.\" \/>\n<meta name=\"robots\" content=\"index, follow, max-snippet:-1, max-image-preview:large, max-video-preview:-1\" \/>\n<link rel=\"canonical\" href=\"https:\/\/positiveprints.com\/fr\/produit\/carte-lieu-de-rencontre\/\" \/>\n<meta property=\"og:locale\" content=\"fr_FR\" \/>\n<meta property=\"og:type\" content=\"article\" \/>\n<meta property=\"og:title\" content=\"Carte Lieu de Rencontre\" \/>\n<meta property=\"og:description\" content=\"Posez un rep\u00e8re sur le lieu exact avec un symbole choisi  Personnalisez votre design en 3 \u00e9tapes simples  Incluez un texte personnalis\u00e9 significatif  Visualisez le r\u00e9sultat imm\u00e9diatement \u2013 l\u2019aper\u00e7u interactif vous permet de peaufiner chaque d\u00e9tail\" \/>\n<meta property=\"og:url\" content=\"https:\/\/positiveprints.com\/fr\/produit\/carte-lieu-de-rencontre\/\" \/>\n<meta property=\"og:site_name\" content=\"Positive Prints\" \/>\n<meta property=\"article:publisher\" content=\"https:\/\/www.facebook.com\/positiveprintscom\" \/>\n<meta property=\"article:modified_time\" content=\"2026-04-18T08:18:10+00:00\" \/>\n<meta property=\"og:image\" content=\"https:\/\/positiveprints.com\/wp-content\/uploads\/2024\/10\/Packshot_FR_where-we-met-product-image.webp\" \/>\n\t<meta property=\"og:image:width\" content=\"1450\" \/>\n\t<meta property=\"og:image:height\" content=\"1450\" \/>\n\t<meta property=\"og:image:type\" content=\"image\/webp\" \/>\n<meta name=\"twitter:card\" content=\"summary_large_image\" \/>\n<meta name=\"twitter:label1\" content=\"Dur\u00e9e de lecture estim\u00e9e\" \/>\n\t<meta name=\"twitter:data1\" content=\"5 minutes\" \/>\n<!-- \/ Yoast SEO Premium plugin. -->","yoast_head_json":{"title":"Carte Lieu de Rencontre Personnalis\u00e9e - Positive Prints","description":"Cr\u00e9ez une affiche personnalis\u00e9e du lieu de votre rencontre, parfaite pour un cadeau unique \u00e0 offrir pour un anniversaire ou la Saint-Valentin.","robots":{"index":"index","follow":"follow","max-snippet":"max-snippet:-1","max-image-preview":"max-image-preview:large","max-video-preview":"max-video-preview:-1"},"canonical":"https:\/\/positiveprints.com\/fr\/produit\/carte-lieu-de-rencontre\/","og_locale":"fr_FR","og_type":"article","og_title":"Carte Lieu de Rencontre","og_description":"Posez un rep\u00e8re sur le lieu exact avec un symbole choisi  Personnalisez votre design en 3 \u00e9tapes simples  Incluez un texte personnalis\u00e9 significatif  Visualisez le r\u00e9sultat imm\u00e9diatement \u2013 l\u2019aper\u00e7u interactif vous permet de peaufiner chaque d\u00e9tail","og_url":"https:\/\/positiveprints.com\/fr\/produit\/carte-lieu-de-rencontre\/","og_site_name":"Positive Prints","article_publisher":"https:\/\/www.facebook.com\/positiveprintscom","article_modified_time":"2026-04-18T08:18:10+00:00","og_image":[{"width":1450,"height":1450,"url":"https:\/\/positiveprints.com\/wp-content\/uploads\/2024\/10\/Packshot_FR_where-we-met-product-image.webp","type":"image\/webp"}],"twitter_card":"summary_large_image","twitter_misc":{"Dur\u00e9e de lecture estim\u00e9e":"5 minutes"},"schema":{"@context":"https:\/\/schema.org","@graph":[{"@type":["WebPage","ItemPage"],"@id":"https:\/\/positiveprints.com\/fr\/produit\/carte-lieu-de-rencontre\/","url":"https:\/\/positiveprints.com\/fr\/produit\/carte-lieu-de-rencontre\/","name":"Carte Lieu de Rencontre Personnalis\u00e9e - Positive Prints","isPartOf":{"@id":"https:\/\/positiveprints.com\/fr\/#website"},"primaryImageOfPage":{"@id":"https:\/\/positiveprints.com\/fr\/produit\/carte-lieu-de-rencontre\/#primaryimage"},"image":{"@id":"https:\/\/positiveprints.com\/fr\/produit\/carte-lieu-de-rencontre\/#primaryimage"},"thumbnailUrl":"https:\/\/positiveprints.com\/wp-content\/uploads\/2024\/10\/Packshot_FR_where-we-met-product-image.webp","datePublished":"2020-01-15T17:00:50+00:00","dateModified":"2026-04-18T08:18:10+00:00","description":"Cr\u00e9ez une affiche personnalis\u00e9e du lieu de votre rencontre, parfaite pour un cadeau unique \u00e0 offrir pour un anniversaire ou la Saint-Valentin.","breadcrumb":{"@id":"https:\/\/positiveprints.com\/fr\/produit\/carte-lieu-de-rencontre\/#breadcrumb"},"inLanguage":"fr-FR","potentialAction":[{"@type":"ReadAction","target":["https:\/\/positiveprints.com\/fr\/produit\/carte-lieu-de-rencontre\/"]}]},{"@type":"ImageObject","inLanguage":"fr-FR","@id":"https:\/\/positiveprints.com\/fr\/produit\/carte-lieu-de-rencontre\/#primaryimage","url":"https:\/\/positiveprints.com\/wp-content\/uploads\/2024\/10\/Packshot_FR_where-we-met-product-image.webp","contentUrl":"https:\/\/positiveprints.com\/wp-content\/uploads\/2024\/10\/Packshot_FR_where-we-met-product-image.webp","width":1450,"height":1450},{"@type":"BreadcrumbList","@id":"https:\/\/positiveprints.com\/fr\/produit\/carte-lieu-de-rencontre\/#breadcrumb","itemListElement":[{"@type":"ListItem","position":1,"name":"Home","item":"https:\/\/positiveprints.com\/fr\/"},{"@type":"ListItem","position":2,"name":"Produits","item":"https:\/\/positiveprints.com\/fr\/shop\/"},{"@type":"ListItem","position":3,"name":"Carte Lieu de Rencontre"}]},{"@type":"WebSite","@id":"https:\/\/positiveprints.com\/fr\/#website","url":"https:\/\/positiveprints.com\/fr\/","name":"Positive Prints","description":"Amazing Custom Personalized Gifts","publisher":{"@id":"https:\/\/positiveprints.com\/fr\/#organization"},"potentialAction":[{"@type":"SearchAction","target":{"@type":"EntryPoint","urlTemplate":"https:\/\/positiveprints.com\/fr\/?s={search_term_string}"},"query-input":{"@type":"PropertyValueSpecification","valueRequired":true,"valueName":"search_term_string"}}],"inLanguage":"fr-FR"},{"@type":"Organization","@id":"https:\/\/positiveprints.com\/fr\/#organization","name":"Positive Prints","alternateName":"Positive Prints","url":"https:\/\/positiveprints.com\/fr\/","logo":{"@type":"ImageObject","inLanguage":"fr-FR","@id":"https:\/\/positiveprints.com\/fr\/#\/schema\/logo\/image\/","url":"https:\/\/positiveprints.com\/wp-content\/uploads\/2026\/03\/245815646_1337939713319158_5671353136411139666_n.png","contentUrl":"https:\/\/positiveprints.com\/wp-content\/uploads\/2026\/03\/245815646_1337939713319158_5671353136411139666_n.png","width":800,"height":800,"caption":"Positive Prints"},"image":{"@id":"https:\/\/positiveprints.com\/fr\/#\/schema\/logo\/image\/"},"sameAs":["https:\/\/www.facebook.com\/positiveprintscom","https:\/\/www.instagram.com\/positiveprintscom\/","https:\/\/www.tiktok.com\/@positiveprintscom","https:\/\/www.pinterest.com\/positiveprintscom\/"]}]}},"jetpack_sharing_enabled":true,"_links":{"self":[{"href":"https:\/\/positiveprints.com\/fr\/wp-json\/wp\/v2\/product\/24661","targetHints":{"allow":["GET"]}}],"collection":[{"href":"https:\/\/positiveprints.com\/fr\/wp-json\/wp\/v2\/product"}],"about":[{"href":"https:\/\/positiveprints.com\/fr\/wp-json\/wp\/v2\/types\/product"}],"wp:featuredmedia":[{"embeddable":true,"href":"https:\/\/positiveprints.com\/fr\/wp-json\/wp\/v2\/media\/1216233"}],"wp:attachment":[{"href":"https:\/\/positiveprints.com\/fr\/wp-json\/wp\/v2\/media?parent=24661"}],"wp:term":[{"taxonomy":"product_brand","embeddable":true,"href":"https:\/\/positiveprints.com\/fr\/wp-json\/wp\/v2\/product_brand?post=24661"},{"taxonomy":"product_cat","embeddable":true,"href":"https:\/\/positiveprints.com\/fr\/wp-json\/wp\/v2\/product_cat?post=24661"},{"taxonomy":"product_tag","embeddable":true,"href":"https:\/\/positiveprints.com\/fr\/wp-json\/wp\/v2\/product_tag?post=24661"}],"curies":[{"name":"wp","href":"https:\/\/api.w.org\/{rel}","templated":true}]}}