{"id":244868,"date":"2022-02-09T12:29:15","date_gmt":"2022-02-09T11:29:15","guid":{"rendered":"https:\/\/positiveprints.com\/product\/cadeau-longue-distance-pour-papa\/"},"modified":"2026-04-18T07:03:43","modified_gmt":"2026-04-18T06:03:43","slug":"cadeau-longue-distance-pour-papa","status":"publish","type":"product","link":"https:\/\/positiveprints.com\/fr\/produit\/cadeau-longue-distance-pour-papa\/","title":{"rendered":"Cadeau longue distance pour papa"},"content":{"rendered":"<h2 class=\"grenB f24 cblue\">Qu&#8217;est-ce qu&#8217;une carte de papa longue distance ?<\/h2>\r\n<p style=\"margin-top: 1rem\">Il n&#8217;y a pas de plus grand sentiment que d&#8217;\u00eatre proche de ceux qu&#8217;on aime. Pour l&#8217;homme qui est \u00e0 vos c\u00f4t\u00e9s depuis le jour de votre naissance, une carte de papa \u00e0 distance aide \u00e0 combler les kilom\u00e8tres qui vous s\u00e9parent.<\/p>\r\n<p style=\"margin-top: 1rem\">Cette carte en trois parties affiche une petite tranche du monde que vous partagez. Rep\u00e9rez les maisons actuelles de vous et de vos fr\u00e8res et s\u0153urs, les endroits o\u00f9 vous avez voyag\u00e9 ensemble, ou m\u00eame toutes les maisons de votre enfance. C&#8217;est votre carte, \u00e0 votre fa\u00e7on. <\/p>\r\n<h2 class=\"grenB f24 cblue\" style=\"margin-top: 3rem\">Les cartes longue distance font d&#8217;excellents cadeaux pour la f\u00eate des p\u00e8res !<\/h2>\r\n<p style=\"margin-top: 1rem\">Bien que la distance physique puisse vous s\u00e9parer, un cadeau longue distance pour papa peut vous aider \u00e0 vous sentir plus proches que jamais. Votre p\u00e8re pensera \u00e0 vous chaque fois qu&#8217;il verra la carte sur son mur, et il aura toujours une merveilleuse histoire \u00e0 raconter \u00e0 ses invit\u00e9s lors de leur visite.<\/p>\r\n<p style=\"margin-top: 1rem\">La cr\u00e9ation de votre carte personnalis\u00e9e est aussi simple que 1, 2, 3 ! Notre \u00e9diteur interactif effectue le plus gros du travail pour vous. S\u00e9lectionnez votre sch\u00e9ma de couleurs, la forme de la carte et d&#8217;autres d\u00e9tails pr\u00e9d\u00e9finis, puis ajoutez toutes les touches sp\u00e9ciales qui donneront du sens \u00e0 votre cadeau. Choisissez trois lieux \u00e0 afficher sur votre impression, ainsi qu&#8217;une citation pr\u00e9f\u00e9r\u00e9e, des paroles de chanson, une \u00e9criture sainte, des dates ou tout autre texte. R\u00e9glez ensuite la logistique et nous nous chargeons du reste ! <\/p>\r\n<p style=\"margin-top: 1rem\">Les cartes longue distance sont une excellente id\u00e9e de cadeau pour la f\u00eate des p\u00e8res que papa ch\u00e9rira \u00e0 jamais. Offrez le cadeau \u00e9ternel &#8211; commencez ici.<\/p>","protected":false},"excerpt":{"rendered":"<ul class=\"check-list\">\n<li>Concevez une carte montrant les endroits o\u00f9 vivent votre p\u00e8re et vos fr\u00e8res et s\u0153urs &#8211; peu importe le nombre de kilom\u00e8tres qui vous s\u00e9pare<\/li>\n<li>Marquer les adresses exactes avec un symbole choisi<\/li>\n<li>Personnalisez en 3 \u00e9tapes simples<\/li>\n<li>Incluez un texte personnalis\u00e9 significatif<\/li>\n<li>Vois le r\u00e9sultat imm\u00e9diatement \u2013 l\u2019aper\u00e7u interactif te permet de peaufiner chaque d\u00e9tail<\/li>\n<\/ul>\n","protected":false},"featured_media":1468086,"template":"","meta":[],"product_brand":[],"product_cat":[7973,7228],"product_tag":[11107],"class_list":{"0":"post-244868","1":"product","2":"type-product","3":"status-publish","4":"has-post-thumbnail","6":"product_cat-cadeaux-pour-papa","7":"product_cat-triple-maps-fr","8":"product_tag-father-it-fr","10":"first","11":"instock","12":"sale","13":"taxable","14":"shipping-taxable","15":"purchasable","16":"product-type-variable"},"yoast_head":"<!-- This site is optimized with the Yoast SEO Premium plugin v27.2 (Yoast SEO v27.2) - https:\/\/yoast.com\/product\/yoast-seo-premium-wordpress\/ -->\n<title>Cadeau longue distance pour papa - Positive Prints<\/title>\n<meta name=\"description\" content=\"Bien que la distance physique puisse vous s\u00e9parer, un cadeau longue distance pour papa peut vous aider \u00e0 vous sentir plus proches que jamais.\" \/>\n<meta name=\"robots\" content=\"index, follow, max-snippet:-1, max-image-preview:large, max-video-preview:-1\" \/>\n<link rel=\"canonical\" href=\"https:\/\/positiveprints.com\/fr\/produit\/cadeau-longue-distance-pour-papa\/\" \/>\n<meta property=\"og:locale\" content=\"fr_FR\" \/>\n<meta property=\"og:type\" content=\"article\" \/>\n<meta property=\"og:title\" content=\"Cadeau longue distance pour papa\" \/>\n<meta property=\"og:description\" content=\"Concevez une carte montrant les endroits o\u00f9 vivent votre p\u00e8re et vos fr\u00e8res et s\u0153urs - peu importe le nombre de kilom\u00e8tres qui vous s\u00e9pare Marquer les adresses exactes avec un symbole choisi Personnalisez en 3 \u00e9tapes simples Incluez un texte personnalis\u00e9 significatif Vois le r\u00e9sultat imm\u00e9diatement \u2013 l\u2019aper\u00e7u interactif te permet de peaufiner chaque d\u00e9tail\" \/>\n<meta property=\"og:url\" content=\"https:\/\/positiveprints.com\/fr\/produit\/cadeau-longue-distance-pour-papa\/\" \/>\n<meta property=\"og:site_name\" content=\"Positive Prints\" \/>\n<meta property=\"article:publisher\" content=\"https:\/\/www.facebook.com\/positiveprintscom\" \/>\n<meta property=\"article:modified_time\" content=\"2026-04-18T06:03:43+00:00\" \/>\n<meta property=\"og:image\" content=\"https:\/\/positiveprints.com\/wp-content\/uploads\/2023\/04\/Cadeau-longue-distance-pour-papa.jpg\" \/>\n\t<meta property=\"og:image:width\" content=\"1080\" \/>\n\t<meta property=\"og:image:height\" content=\"1080\" \/>\n\t<meta property=\"og:image:type\" content=\"image\/jpeg\" \/>\n<meta name=\"twitter:card\" content=\"summary_large_image\" \/>\n<meta name=\"twitter:label1\" content=\"Dur\u00e9e de lecture estim\u00e9e\" \/>\n\t<meta name=\"twitter:data1\" content=\"2 minutes\" \/>\n<!-- \/ Yoast SEO Premium plugin. -->","yoast_head_json":{"title":"Cadeau longue distance pour papa - Positive Prints","description":"Bien que la distance physique puisse vous s\u00e9parer, un cadeau longue distance pour papa peut vous aider \u00e0 vous sentir plus proches que jamais.","robots":{"index":"index","follow":"follow","max-snippet":"max-snippet:-1","max-image-preview":"max-image-preview:large","max-video-preview":"max-video-preview:-1"},"canonical":"https:\/\/positiveprints.com\/fr\/produit\/cadeau-longue-distance-pour-papa\/","og_locale":"fr_FR","og_type":"article","og_title":"Cadeau longue distance pour papa","og_description":"Concevez une carte montrant les endroits o\u00f9 vivent votre p\u00e8re et vos fr\u00e8res et s\u0153urs - peu importe le nombre de kilom\u00e8tres qui vous s\u00e9pare Marquer les adresses exactes avec un symbole choisi Personnalisez en 3 \u00e9tapes simples Incluez un texte personnalis\u00e9 significatif Vois le r\u00e9sultat imm\u00e9diatement \u2013 l\u2019aper\u00e7u interactif te permet de peaufiner chaque d\u00e9tail","og_url":"https:\/\/positiveprints.com\/fr\/produit\/cadeau-longue-distance-pour-papa\/","og_site_name":"Positive Prints","article_publisher":"https:\/\/www.facebook.com\/positiveprintscom","article_modified_time":"2026-04-18T06:03:43+00:00","og_image":[{"width":1080,"height":1080,"url":"https:\/\/positiveprints.com\/wp-content\/uploads\/2023\/04\/Cadeau-longue-distance-pour-papa.jpg","type":"image\/jpeg"}],"twitter_card":"summary_large_image","twitter_misc":{"Dur\u00e9e de lecture estim\u00e9e":"2 minutes"},"schema":{"@context":"https:\/\/schema.org","@graph":[{"@type":["WebPage","ItemPage"],"@id":"https:\/\/positiveprints.com\/fr\/produit\/cadeau-longue-distance-pour-papa\/","url":"https:\/\/positiveprints.com\/fr\/produit\/cadeau-longue-distance-pour-papa\/","name":"Cadeau longue distance pour papa - Positive Prints","isPartOf":{"@id":"https:\/\/positiveprints.com\/fr\/#website"},"primaryImageOfPage":{"@id":"https:\/\/positiveprints.com\/fr\/produit\/cadeau-longue-distance-pour-papa\/#primaryimage"},"image":{"@id":"https:\/\/positiveprints.com\/fr\/produit\/cadeau-longue-distance-pour-papa\/#primaryimage"},"thumbnailUrl":"https:\/\/positiveprints.com\/wp-content\/uploads\/2025\/07\/Packshot_FR_Cadeau-longue-distance-pour-papa.webp","datePublished":"2022-02-09T11:29:15+00:00","dateModified":"2026-04-18T06:03:43+00:00","description":"Bien que la distance physique puisse vous s\u00e9parer, un cadeau longue distance pour papa peut vous aider \u00e0 vous sentir plus proches que jamais.","breadcrumb":{"@id":"https:\/\/positiveprints.com\/fr\/produit\/cadeau-longue-distance-pour-papa\/#breadcrumb"},"inLanguage":"fr-FR","potentialAction":[{"@type":"ReadAction","target":["https:\/\/positiveprints.com\/fr\/produit\/cadeau-longue-distance-pour-papa\/"]}]},{"@type":"ImageObject","inLanguage":"fr-FR","@id":"https:\/\/positiveprints.com\/fr\/produit\/cadeau-longue-distance-pour-papa\/#primaryimage","url":"https:\/\/positiveprints.com\/wp-content\/uploads\/2025\/07\/Packshot_FR_Cadeau-longue-distance-pour-papa.webp","contentUrl":"https:\/\/positiveprints.com\/wp-content\/uploads\/2025\/07\/Packshot_FR_Cadeau-longue-distance-pour-papa.webp","width":1450,"height":1450},{"@type":"BreadcrumbList","@id":"https:\/\/positiveprints.com\/fr\/produit\/cadeau-longue-distance-pour-papa\/#breadcrumb","itemListElement":[{"@type":"ListItem","position":1,"name":"Home","item":"https:\/\/positiveprints.com\/fr\/"},{"@type":"ListItem","position":2,"name":"Produits","item":"https:\/\/positiveprints.com\/fr\/shop\/"},{"@type":"ListItem","position":3,"name":"Cadeau longue distance pour papa"}]},{"@type":"WebSite","@id":"https:\/\/positiveprints.com\/fr\/#website","url":"https:\/\/positiveprints.com\/fr\/","name":"Positive Prints","description":"Amazing Custom Personalized Gifts","publisher":{"@id":"https:\/\/positiveprints.com\/fr\/#organization"},"potentialAction":[{"@type":"SearchAction","target":{"@type":"EntryPoint","urlTemplate":"https:\/\/positiveprints.com\/fr\/?s={search_term_string}"},"query-input":{"@type":"PropertyValueSpecification","valueRequired":true,"valueName":"search_term_string"}}],"inLanguage":"fr-FR"},{"@type":"Organization","@id":"https:\/\/positiveprints.com\/fr\/#organization","name":"Positive Prints","alternateName":"Positive Prints","url":"https:\/\/positiveprints.com\/fr\/","logo":{"@type":"ImageObject","inLanguage":"fr-FR","@id":"https:\/\/positiveprints.com\/fr\/#\/schema\/logo\/image\/","url":"https:\/\/positiveprints.com\/wp-content\/uploads\/2026\/03\/245815646_1337939713319158_5671353136411139666_n.png","contentUrl":"https:\/\/positiveprints.com\/wp-content\/uploads\/2026\/03\/245815646_1337939713319158_5671353136411139666_n.png","width":800,"height":800,"caption":"Positive Prints"},"image":{"@id":"https:\/\/positiveprints.com\/fr\/#\/schema\/logo\/image\/"},"sameAs":["https:\/\/www.facebook.com\/positiveprintscom","https:\/\/www.instagram.com\/positiveprintscom\/","https:\/\/www.tiktok.com\/@positiveprintscom","https:\/\/www.pinterest.com\/positiveprintscom\/"]}]}},"jetpack_sharing_enabled":true,"_links":{"self":[{"href":"https:\/\/positiveprints.com\/fr\/wp-json\/wp\/v2\/product\/244868","targetHints":{"allow":["GET"]}}],"collection":[{"href":"https:\/\/positiveprints.com\/fr\/wp-json\/wp\/v2\/product"}],"about":[{"href":"https:\/\/positiveprints.com\/fr\/wp-json\/wp\/v2\/types\/product"}],"wp:featuredmedia":[{"embeddable":true,"href":"https:\/\/positiveprints.com\/fr\/wp-json\/wp\/v2\/media\/1468086"}],"wp:attachment":[{"href":"https:\/\/positiveprints.com\/fr\/wp-json\/wp\/v2\/media?parent=244868"}],"wp:term":[{"taxonomy":"product_brand","embeddable":true,"href":"https:\/\/positiveprints.com\/fr\/wp-json\/wp\/v2\/product_brand?post=244868"},{"taxonomy":"product_cat","embeddable":true,"href":"https:\/\/positiveprints.com\/fr\/wp-json\/wp\/v2\/product_cat?post=244868"},{"taxonomy":"product_tag","embeddable":true,"href":"https:\/\/positiveprints.com\/fr\/wp-json\/wp\/v2\/product_tag?post=244868"}],"curies":[{"name":"wp","href":"https:\/\/api.w.org\/{rel}","templated":true}]}}