{"id":244848,"date":"2022-02-21T12:26:30","date_gmt":"2022-02-21T11:26:30","guid":{"rendered":"https:\/\/positiveprints.com\/product\/notre-lune\/"},"modified":"2026-04-18T07:02:09","modified_gmt":"2026-04-18T06:02:09","slug":"notre-lune","status":"publish","type":"product","link":"https:\/\/positiveprints.com\/fr\/produit\/notre-lune\/","title":{"rendered":"Notre lune"},"content":{"rendered":"<h2 class=\"grenB f24 cblue\">Le cadeau d&#8217;anniversaire parfait pour les couples !<\/h2>\r\n<p style=\"margin-top: 1rem\">La nuit o\u00f9 vous avez rencontr\u00e9 votre v\u00e9ritable amour, vous n&#8217;\u00e9tiez pas les seuls t\u00e9moins de l&#8217;amour qui allait na\u00eetre. La lune dans le ciel nocturne l&#8217;a vu aussi, et pour de nombreux couples, cette nuit a \u00e9t\u00e9 l&#8217;une des meilleures nuits de votre vie. Immortalisez ce moment \u00e0 jamais avec un cadeau de couple de lune de Positive Prints.<\/p>\r\n<p style=\"margin-top: 1rem\">Nos tirages de lune personnalis\u00e9s recr\u00e9ent la lune dans sa phase exacte \u00e0 une date sp\u00e9ciale de votre choix, qu&#8217;il s&#8217;agisse de la nuit de votre rencontre, de la nuit o\u00f9 vous avez commenc\u00e9 votre relation, ou m\u00eame de la nuit o\u00f9 vous avez dit &#8220;je le veux&#8221;. Nous vous permettons de figer facilement ce moment dans le temps et de l&#8217;exposer chez vous pour que vous puissiez vous rem\u00e9morer cette nuit avec tendresse.<\/p>\r\n<h2 class=\"grenB f24 cblue\" style=\"margin-top: 3rem\">Comment cr\u00e9er votre cadeau lunaire pour votre couple<\/h2>\r\n<p style=\"margin-top: 1rem\">Positive Prints met la conception artistique professionnelle \u00e0 votre port\u00e9e gr\u00e2ce \u00e0 notre \u00e9diteur interactif. Choisissez parmi une vari\u00e9t\u00e9 de couleurs pour r\u00e9pondre \u00e0 vos pr\u00e9f\u00e9rences personnelles, puis ajoutez un texte personnalis\u00e9 \u00e0 votre impression, comme une citation, des paroles de chanson, un po\u00e8me, ou m\u00eame la date o\u00f9 vos vies ont chang\u00e9 \u00e0 jamais. C&#8217;est votre poster de lune, \u00e0 votre fa\u00e7on &#8211; et c&#8217;est le meilleur cadeau d&#8217;anniversaire ou juste parce que !<\/p>\r\n<p style=\"margin-top: 1rem\">Chaque fois que vous regardez votre affiche de lune, laissez cette image vous faire remonter le temps jusqu&#8217;\u00e0 une nuit que vous pourrez tous deux ch\u00e9rir \u00e0 jamais. Commencez \u00e0 cr\u00e9er votre impression d\u00e8s aujourd&#8217;hui et surprenez l&#8217;\u00eatre aim\u00e9 avec un cadeau r\u00e9alis\u00e9 juste pour lui.<\/p>","protected":false},"excerpt":{"rendered":"<ul class=\"check-list\">\n<li>Ajoutez l&#8217;ombre unique de la lune<\/li>\n<li>Personnalisez en 3 \u00e9tapes simples<\/li>\n<li>Choisis parmi une vari\u00e9t\u00e9 de designs \u00e9poustouflants<\/li>\n<li>Vois le r\u00e9sultat imm\u00e9diatement \u2013 l\u2019aper\u00e7u interactif te permet de peaufiner chaque d\u00e9tail<\/li>\n<\/ul>\n","protected":false},"featured_media":1689106,"template":"","meta":[],"product_brand":[],"product_cat":[5276,7210,7685,8006],"product_tag":[14849,13759,13749],"class_list":{"0":"post-244848","1":"product","2":"type-product","3":"status-publish","4":"has-post-thumbnail","6":"product_cat-cadeaux-de-fiancailles-idees-cadeaux","7":"product_cat-moon-fr","8":"product_cat-cadeaux-pour-femmes","9":"product_cat-cadeaux-pour-hommes","10":"product_tag-anniversary-fr","11":"product_tag-phase-de-lune-le-jour-du-mariage","12":"product_tag-phase-de-lune-pour-votre-anniversaire-de-mariage","14":"first","15":"instock","16":"sale","17":"taxable","18":"shipping-taxable","19":"purchasable","20":"product-type-variable"},"yoast_head":"<!-- This site is optimized with the Yoast SEO Premium plugin v27.2 (Yoast SEO v27.2) - https:\/\/yoast.com\/product\/yoast-seo-premium-wordpress\/ -->\n<title>Notre lune - Cadeau d&#039;anniversaire personnalis\u00e9 - Positive Prints<\/title>\n<meta name=\"robots\" content=\"index, follow, max-snippet:-1, max-image-preview:large, max-video-preview:-1\" \/>\n<link rel=\"canonical\" href=\"https:\/\/positiveprints.com\/fr\/produit\/notre-lune\/\" \/>\n<meta property=\"og:locale\" content=\"fr_FR\" \/>\n<meta property=\"og:type\" content=\"article\" \/>\n<meta property=\"og:title\" content=\"Notre lune\" \/>\n<meta property=\"og:description\" content=\"Ajoutez l&#039;ombre unique de la lune Personnalisez en 3 \u00e9tapes simples Choisis parmi une vari\u00e9t\u00e9 de designs \u00e9poustouflants Vois le r\u00e9sultat imm\u00e9diatement \u2013 l\u2019aper\u00e7u interactif te permet de peaufiner chaque d\u00e9tail\" \/>\n<meta property=\"og:url\" content=\"https:\/\/positiveprints.com\/fr\/produit\/notre-lune\/\" \/>\n<meta property=\"og:site_name\" content=\"Positive Prints\" \/>\n<meta property=\"article:publisher\" content=\"https:\/\/www.facebook.com\/positiveprintscom\" \/>\n<meta property=\"article:modified_time\" content=\"2026-04-18T06:02:09+00:00\" \/>\n<meta property=\"og:image\" content=\"https:\/\/positiveprints.com\/wp-content\/uploads\/2024\/10\/Packshot_FR_our-moon-product-image.webp\" \/>\n\t<meta property=\"og:image:width\" content=\"1450\" \/>\n\t<meta property=\"og:image:height\" content=\"1450\" \/>\n\t<meta property=\"og:image:type\" content=\"image\/webp\" \/>\n<meta name=\"twitter:card\" content=\"summary_large_image\" \/>\n<meta name=\"twitter:label1\" content=\"Dur\u00e9e de lecture estim\u00e9e\" \/>\n\t<meta name=\"twitter:data1\" content=\"2 minutes\" \/>\n<!-- \/ Yoast SEO Premium plugin. -->","yoast_head_json":{"title":"Notre lune - Cadeau d'anniversaire personnalis\u00e9 - Positive Prints","robots":{"index":"index","follow":"follow","max-snippet":"max-snippet:-1","max-image-preview":"max-image-preview:large","max-video-preview":"max-video-preview:-1"},"canonical":"https:\/\/positiveprints.com\/fr\/produit\/notre-lune\/","og_locale":"fr_FR","og_type":"article","og_title":"Notre lune","og_description":"Ajoutez l'ombre unique de la lune Personnalisez en 3 \u00e9tapes simples Choisis parmi une vari\u00e9t\u00e9 de designs \u00e9poustouflants Vois le r\u00e9sultat imm\u00e9diatement \u2013 l\u2019aper\u00e7u interactif te permet de peaufiner chaque d\u00e9tail","og_url":"https:\/\/positiveprints.com\/fr\/produit\/notre-lune\/","og_site_name":"Positive Prints","article_publisher":"https:\/\/www.facebook.com\/positiveprintscom","article_modified_time":"2026-04-18T06:02:09+00:00","og_image":[{"width":1450,"height":1450,"url":"https:\/\/positiveprints.com\/wp-content\/uploads\/2024\/10\/Packshot_FR_our-moon-product-image.webp","type":"image\/webp"}],"twitter_card":"summary_large_image","twitter_misc":{"Dur\u00e9e de lecture estim\u00e9e":"2 minutes"},"schema":{"@context":"https:\/\/schema.org","@graph":[{"@type":["WebPage","ItemPage"],"@id":"https:\/\/positiveprints.com\/fr\/produit\/notre-lune\/","url":"https:\/\/positiveprints.com\/fr\/produit\/notre-lune\/","name":"Notre lune - Cadeau d'anniversaire personnalis\u00e9 - Positive Prints","isPartOf":{"@id":"https:\/\/positiveprints.com\/fr\/#website"},"primaryImageOfPage":{"@id":"https:\/\/positiveprints.com\/fr\/produit\/notre-lune\/#primaryimage"},"image":{"@id":"https:\/\/positiveprints.com\/fr\/produit\/notre-lune\/#primaryimage"},"thumbnailUrl":"https:\/\/positiveprints.com\/wp-content\/uploads\/2026\/03\/Packshot_FR_Notre-lune.webp","datePublished":"2022-02-21T11:26:30+00:00","dateModified":"2026-04-18T06:02:09+00:00","breadcrumb":{"@id":"https:\/\/positiveprints.com\/fr\/produit\/notre-lune\/#breadcrumb"},"inLanguage":"fr-FR","potentialAction":[{"@type":"ReadAction","target":["https:\/\/positiveprints.com\/fr\/produit\/notre-lune\/"]}]},{"@type":"ImageObject","inLanguage":"fr-FR","@id":"https:\/\/positiveprints.com\/fr\/produit\/notre-lune\/#primaryimage","url":"https:\/\/positiveprints.com\/wp-content\/uploads\/2026\/03\/Packshot_FR_Notre-lune.webp","contentUrl":"https:\/\/positiveprints.com\/wp-content\/uploads\/2026\/03\/Packshot_FR_Notre-lune.webp","width":1450,"height":1450,"caption":"Packshot_FR_Notre lune"},{"@type":"BreadcrumbList","@id":"https:\/\/positiveprints.com\/fr\/produit\/notre-lune\/#breadcrumb","itemListElement":[{"@type":"ListItem","position":1,"name":"Home","item":"https:\/\/positiveprints.com\/fr\/"},{"@type":"ListItem","position":2,"name":"Produits","item":"https:\/\/positiveprints.com\/fr\/shop\/"},{"@type":"ListItem","position":3,"name":"Notre lune"}]},{"@type":"WebSite","@id":"https:\/\/positiveprints.com\/fr\/#website","url":"https:\/\/positiveprints.com\/fr\/","name":"Positive Prints","description":"Amazing Custom Personalized Gifts","publisher":{"@id":"https:\/\/positiveprints.com\/fr\/#organization"},"potentialAction":[{"@type":"SearchAction","target":{"@type":"EntryPoint","urlTemplate":"https:\/\/positiveprints.com\/fr\/?s={search_term_string}"},"query-input":{"@type":"PropertyValueSpecification","valueRequired":true,"valueName":"search_term_string"}}],"inLanguage":"fr-FR"},{"@type":"Organization","@id":"https:\/\/positiveprints.com\/fr\/#organization","name":"Positive Prints","alternateName":"Positive Prints","url":"https:\/\/positiveprints.com\/fr\/","logo":{"@type":"ImageObject","inLanguage":"fr-FR","@id":"https:\/\/positiveprints.com\/fr\/#\/schema\/logo\/image\/","url":"https:\/\/positiveprints.com\/wp-content\/uploads\/2026\/03\/245815646_1337939713319158_5671353136411139666_n.png","contentUrl":"https:\/\/positiveprints.com\/wp-content\/uploads\/2026\/03\/245815646_1337939713319158_5671353136411139666_n.png","width":800,"height":800,"caption":"Positive Prints"},"image":{"@id":"https:\/\/positiveprints.com\/fr\/#\/schema\/logo\/image\/"},"sameAs":["https:\/\/www.facebook.com\/positiveprintscom","https:\/\/www.instagram.com\/positiveprintscom\/","https:\/\/www.tiktok.com\/@positiveprintscom","https:\/\/www.pinterest.com\/positiveprintscom\/"]}]}},"jetpack_sharing_enabled":true,"_links":{"self":[{"href":"https:\/\/positiveprints.com\/fr\/wp-json\/wp\/v2\/product\/244848","targetHints":{"allow":["GET"]}}],"collection":[{"href":"https:\/\/positiveprints.com\/fr\/wp-json\/wp\/v2\/product"}],"about":[{"href":"https:\/\/positiveprints.com\/fr\/wp-json\/wp\/v2\/types\/product"}],"wp:featuredmedia":[{"embeddable":true,"href":"https:\/\/positiveprints.com\/fr\/wp-json\/wp\/v2\/media\/1689106"}],"wp:attachment":[{"href":"https:\/\/positiveprints.com\/fr\/wp-json\/wp\/v2\/media?parent=244848"}],"wp:term":[{"taxonomy":"product_brand","embeddable":true,"href":"https:\/\/positiveprints.com\/fr\/wp-json\/wp\/v2\/product_brand?post=244848"},{"taxonomy":"product_cat","embeddable":true,"href":"https:\/\/positiveprints.com\/fr\/wp-json\/wp\/v2\/product_cat?post=244848"},{"taxonomy":"product_tag","embeddable":true,"href":"https:\/\/positiveprints.com\/fr\/wp-json\/wp\/v2\/product_tag?post=244848"}],"curies":[{"name":"wp","href":"https:\/\/api.w.org\/{rel}","templated":true}]}}