{"id":244825,"date":"2022-02-09T21:43:30","date_gmt":"2022-02-09T20:43:30","guid":{"rendered":"https:\/\/positiveprints.com\/product\/carte-le-foyer-est-lendroit-ou-se-trouve-ma-mere\/"},"modified":"2026-04-12T23:22:54","modified_gmt":"2026-04-12T22:22:54","slug":"carte-le-foyer-est-lendroit-ou-se-trouve-ma-mere","status":"publish","type":"product","link":"https:\/\/positiveprints.com\/fr\/produit\/carte-le-foyer-est-lendroit-ou-se-trouve-ma-mere\/","title":{"rendered":"Mon Foyer est l\u00e0 o\u00f9 est Ma Maman"},"content":{"rendered":"<h2 class=\"grenB f24 cblue\">Le Foyer est l&#8217;Endroit o\u00f9 se Trouve ma M\u00e8re<\/h2>\r\n<p style=\"margin-top: 1rem\">Chaque m\u00e8re sait que ses enfants quitteront un jour le nid, mais la maison sera toujours un endroit sp\u00e9cial. Peu importe o\u00f9 vous vivez dans le monde, il y a toujours un endroit o\u00f9 vous pouvez retourner. Cet endroit sp\u00e9cial est celui qui m\u00e9rite d&#8217;\u00eatre c\u00e9l\u00e9br\u00e9. C&#8217;est pourquoi nous avons lanc\u00e9 notre carte personnalis\u00e9e &#8220;Le Foyer est l&#8217;Endroit o\u00f9 se Trouve ma M\u00e8re&#8221;.<\/p>\r\n<p style=\"margin-top: 1rem\">Cette magnifique illustration de carte affiche un lieu de votre choix avec tous les d\u00e9tails que vous trouverez sur une carte. Posez une \u00e9pingle \u00e0 l&#8217;endroit o\u00f9 vous vous sentez chez vous pour montrer \u00e0 votre maman que vous \u00eates toujours pr\u00e8s de son c\u0153ur. Nos cartes constituent le cadeau id\u00e9al pour la f\u00eate des m\u00e8res et peuvent \u00eatre enti\u00e8rement personnalis\u00e9es pour qu&#8217;elle se sente sp\u00e9ciale.<\/p>\r\n<h2 class=\"grenB f24 cblue\" style=\"margin-top: 3rem\">Cr\u00e9ez votre carte cadeau pour maman en 3 \u00e9tapes des plus simples<\/h2>\r\n<p style=\"margin-top: 1rem\">Positive Prints a fait le plus gros du travail pour vous avec notre carte &#8220;Le Foyer est l&#8217;Endroit o\u00f9 se Trouve ma M\u00e8re&#8221;. Notre \u00e9diteur interactif vous guide pas \u00e0 pas pour cr\u00e9er une \u0153uvre d&#8217;art digne d&#8217;un mur que votre m\u00e8re ch\u00e9rira chaque fois qu&#8217;elle la verra. <\/p>\r\n<p style=\"margin-top: 1rem\">Choisissez parmi l&#8217;un de nos designs professionnels et l&#8217;une de nos combinaisons de couleurs pour correspondre au style de votre maman. Ajoutez ensuite vos d\u00e9tails uniques, y compris son emplacement et plusieurs lignes de texte. Incluez une citation, des paroles de chanson, ou tout ce qui rendra votre carte sp\u00e9ciale. Choisissez ensuite parmi une gamme de formats d&#8217;impression ou notre option de t\u00e9l\u00e9chargement num\u00e9rique instantan\u00e9. Consid\u00e9rez que votre cadeau pour maman est fait !<\/p>\r\n<p style=\"margin-top: 1rem\">Commencez \u00e0 cr\u00e9er votre carte d\u00e8s aujourd&#8217;hui.<\/p>","protected":false},"excerpt":{"rendered":"<ul class=\"check-list\">\n<li>Cr\u00e9ez une carte de l&#8217;endroit o\u00f9 vous serez toujours chez vous<\/li>\n<li>Marquer un endroit sp\u00e9cial avec un symbole choisi<\/li>\n<li>Personnalisez en 3 \u00e9tapes simples<\/li>\n<li>Incluez un texte personnalis\u00e9 significatif<\/li>\n<li>Vois le r\u00e9sultat imm\u00e9diatement \u2013 l\u2019aper\u00e7u interactif te permet de peaufiner chaque d\u00e9tail<\/li>\n<\/ul>\n","protected":false},"featured_media":1697107,"template":"","meta":[],"product_brand":[],"product_cat":[7187,5264,11399],"product_tag":[15894],"class_list":{"0":"post-244825","1":"product","2":"type-product","3":"status-publish","4":"has-post-thumbnail","6":"product_cat-map-fr","7":"product_cat-cadeaux-de-noel","8":"product_cat-cadeaux-de-noel-pour-maman","9":"product_tag-regali-di-natale-per-mamma-fr","11":"first","12":"instock","13":"sale","14":"taxable","15":"shipping-taxable","16":"purchasable","17":"product-type-variable"},"yoast_head":"<!-- This site is optimized with the Yoast SEO Premium plugin v27.2 (Yoast SEO v27.2) - https:\/\/yoast.com\/product\/yoast-seo-premium-wordpress\/ -->\n<title>Le Foyer est l&#039;Endroit o\u00f9 se Trouve ma M\u00e8re - Cadeau pour maman - Positive Prints<\/title>\n<meta name=\"description\" content=\"Nos cartes constituent le cadeau id\u00e9al pour la f\u00eate des m\u00e8res et peuvent \u00eatre enti\u00e8rement personnalis\u00e9es pour qu&#039;elle se sente sp\u00e9ciale.\" \/>\n<meta name=\"robots\" content=\"index, follow, max-snippet:-1, max-image-preview:large, max-video-preview:-1\" \/>\n<link rel=\"canonical\" href=\"https:\/\/positiveprints.com\/fr\/produit\/carte-le-foyer-est-lendroit-ou-se-trouve-ma-mere\/\" \/>\n<meta property=\"og:locale\" content=\"fr_FR\" \/>\n<meta property=\"og:type\" content=\"article\" \/>\n<meta property=\"og:title\" content=\"Mon Foyer est l\u00e0 o\u00f9 est Ma Maman\" \/>\n<meta property=\"og:description\" content=\"Cr\u00e9ez une carte de l&#039;endroit o\u00f9 vous serez toujours chez vous Marquer un endroit sp\u00e9cial avec un symbole choisi Personnalisez en 3 \u00e9tapes simples Incluez un texte personnalis\u00e9 significatif Vois le r\u00e9sultat imm\u00e9diatement \u2013 l\u2019aper\u00e7u interactif te permet de peaufiner chaque d\u00e9tail\" \/>\n<meta property=\"og:url\" content=\"https:\/\/positiveprints.com\/fr\/produit\/carte-le-foyer-est-lendroit-ou-se-trouve-ma-mere\/\" \/>\n<meta property=\"og:site_name\" content=\"Positive Prints\" \/>\n<meta property=\"article:publisher\" content=\"https:\/\/www.facebook.com\/positiveprintscom\" \/>\n<meta property=\"article:modified_time\" content=\"2026-04-12T22:22:54+00:00\" \/>\n<meta property=\"og:image\" content=\"https:\/\/positiveprints.com\/wp-content\/uploads\/2023\/04\/Le-Foyer-est-lEndroit-ou-se-Trouve-ma-Mere.jpg\" \/>\n\t<meta property=\"og:image:width\" content=\"1080\" \/>\n\t<meta property=\"og:image:height\" content=\"1080\" \/>\n\t<meta property=\"og:image:type\" content=\"image\/jpeg\" \/>\n<meta name=\"twitter:card\" content=\"summary_large_image\" \/>\n<meta name=\"twitter:label1\" content=\"Dur\u00e9e de lecture estim\u00e9e\" \/>\n\t<meta name=\"twitter:data1\" content=\"2 minutes\" \/>\n<!-- \/ Yoast SEO Premium plugin. -->","yoast_head_json":{"title":"Le Foyer est l'Endroit o\u00f9 se Trouve ma M\u00e8re - Cadeau pour maman - Positive Prints","description":"Nos cartes constituent le cadeau id\u00e9al pour la f\u00eate des m\u00e8res et peuvent \u00eatre enti\u00e8rement personnalis\u00e9es pour qu'elle se sente sp\u00e9ciale.","robots":{"index":"index","follow":"follow","max-snippet":"max-snippet:-1","max-image-preview":"max-image-preview:large","max-video-preview":"max-video-preview:-1"},"canonical":"https:\/\/positiveprints.com\/fr\/produit\/carte-le-foyer-est-lendroit-ou-se-trouve-ma-mere\/","og_locale":"fr_FR","og_type":"article","og_title":"Mon Foyer est l\u00e0 o\u00f9 est Ma Maman","og_description":"Cr\u00e9ez une carte de l'endroit o\u00f9 vous serez toujours chez vous Marquer un endroit sp\u00e9cial avec un symbole choisi Personnalisez en 3 \u00e9tapes simples Incluez un texte personnalis\u00e9 significatif Vois le r\u00e9sultat imm\u00e9diatement \u2013 l\u2019aper\u00e7u interactif te permet de peaufiner chaque d\u00e9tail","og_url":"https:\/\/positiveprints.com\/fr\/produit\/carte-le-foyer-est-lendroit-ou-se-trouve-ma-mere\/","og_site_name":"Positive Prints","article_publisher":"https:\/\/www.facebook.com\/positiveprintscom","article_modified_time":"2026-04-12T22:22:54+00:00","og_image":[{"width":1080,"height":1080,"url":"https:\/\/positiveprints.com\/wp-content\/uploads\/2023\/04\/Le-Foyer-est-lEndroit-ou-se-Trouve-ma-Mere.jpg","type":"image\/jpeg"}],"twitter_card":"summary_large_image","twitter_misc":{"Dur\u00e9e de lecture estim\u00e9e":"2 minutes"},"schema":{"@context":"https:\/\/schema.org","@graph":[{"@type":["WebPage","ItemPage"],"@id":"https:\/\/positiveprints.com\/fr\/produit\/carte-le-foyer-est-lendroit-ou-se-trouve-ma-mere\/","url":"https:\/\/positiveprints.com\/fr\/produit\/carte-le-foyer-est-lendroit-ou-se-trouve-ma-mere\/","name":"Le Foyer est l'Endroit o\u00f9 se Trouve ma M\u00e8re - Cadeau pour maman - Positive Prints","isPartOf":{"@id":"https:\/\/positiveprints.com\/fr\/#website"},"primaryImageOfPage":{"@id":"https:\/\/positiveprints.com\/fr\/produit\/carte-le-foyer-est-lendroit-ou-se-trouve-ma-mere\/#primaryimage"},"image":{"@id":"https:\/\/positiveprints.com\/fr\/produit\/carte-le-foyer-est-lendroit-ou-se-trouve-ma-mere\/#primaryimage"},"thumbnailUrl":"https:\/\/positiveprints.com\/wp-content\/uploads\/2026\/04\/Packshot_FR_XX-Carte-La-maison-est-la-ou-est-ma-maman.webp","datePublished":"2022-02-09T20:43:30+00:00","dateModified":"2026-04-12T22:22:54+00:00","description":"Nos cartes constituent le cadeau id\u00e9al pour la f\u00eate des m\u00e8res et peuvent \u00eatre enti\u00e8rement personnalis\u00e9es pour qu'elle se sente sp\u00e9ciale.","breadcrumb":{"@id":"https:\/\/positiveprints.com\/fr\/produit\/carte-le-foyer-est-lendroit-ou-se-trouve-ma-mere\/#breadcrumb"},"inLanguage":"fr-FR","potentialAction":[{"@type":"ReadAction","target":["https:\/\/positiveprints.com\/fr\/produit\/carte-le-foyer-est-lendroit-ou-se-trouve-ma-mere\/"]}]},{"@type":"ImageObject","inLanguage":"fr-FR","@id":"https:\/\/positiveprints.com\/fr\/produit\/carte-le-foyer-est-lendroit-ou-se-trouve-ma-mere\/#primaryimage","url":"https:\/\/positiveprints.com\/wp-content\/uploads\/2026\/04\/Packshot_FR_XX-Carte-La-maison-est-la-ou-est-ma-maman.webp","contentUrl":"https:\/\/positiveprints.com\/wp-content\/uploads\/2026\/04\/Packshot_FR_XX-Carte-La-maison-est-la-ou-est-ma-maman.webp","width":1450,"height":1450},{"@type":"BreadcrumbList","@id":"https:\/\/positiveprints.com\/fr\/produit\/carte-le-foyer-est-lendroit-ou-se-trouve-ma-mere\/#breadcrumb","itemListElement":[{"@type":"ListItem","position":1,"name":"Home","item":"https:\/\/positiveprints.com\/fr\/"},{"@type":"ListItem","position":2,"name":"Produits","item":"https:\/\/positiveprints.com\/fr\/shop\/"},{"@type":"ListItem","position":3,"name":"Mon Foyer est l\u00e0 o\u00f9 est Ma Maman"}]},{"@type":"WebSite","@id":"https:\/\/positiveprints.com\/fr\/#website","url":"https:\/\/positiveprints.com\/fr\/","name":"Positive Prints","description":"Amazing Custom Personalized Gifts","publisher":{"@id":"https:\/\/positiveprints.com\/fr\/#organization"},"potentialAction":[{"@type":"SearchAction","target":{"@type":"EntryPoint","urlTemplate":"https:\/\/positiveprints.com\/fr\/?s={search_term_string}"},"query-input":{"@type":"PropertyValueSpecification","valueRequired":true,"valueName":"search_term_string"}}],"inLanguage":"fr-FR"},{"@type":"Organization","@id":"https:\/\/positiveprints.com\/fr\/#organization","name":"Positive Prints","alternateName":"Positive Prints","url":"https:\/\/positiveprints.com\/fr\/","logo":{"@type":"ImageObject","inLanguage":"fr-FR","@id":"https:\/\/positiveprints.com\/fr\/#\/schema\/logo\/image\/","url":"https:\/\/positiveprints.com\/wp-content\/uploads\/2026\/03\/245815646_1337939713319158_5671353136411139666_n.png","contentUrl":"https:\/\/positiveprints.com\/wp-content\/uploads\/2026\/03\/245815646_1337939713319158_5671353136411139666_n.png","width":800,"height":800,"caption":"Positive Prints"},"image":{"@id":"https:\/\/positiveprints.com\/fr\/#\/schema\/logo\/image\/"},"sameAs":["https:\/\/www.facebook.com\/positiveprintscom","https:\/\/www.instagram.com\/positiveprintscom\/","https:\/\/www.tiktok.com\/@positiveprintscom","https:\/\/www.pinterest.com\/positiveprintscom\/"]}]}},"jetpack_sharing_enabled":true,"_links":{"self":[{"href":"https:\/\/positiveprints.com\/fr\/wp-json\/wp\/v2\/product\/244825","targetHints":{"allow":["GET"]}}],"collection":[{"href":"https:\/\/positiveprints.com\/fr\/wp-json\/wp\/v2\/product"}],"about":[{"href":"https:\/\/positiveprints.com\/fr\/wp-json\/wp\/v2\/types\/product"}],"wp:featuredmedia":[{"embeddable":true,"href":"https:\/\/positiveprints.com\/fr\/wp-json\/wp\/v2\/media\/1697107"}],"wp:attachment":[{"href":"https:\/\/positiveprints.com\/fr\/wp-json\/wp\/v2\/media?parent=244825"}],"wp:term":[{"taxonomy":"product_brand","embeddable":true,"href":"https:\/\/positiveprints.com\/fr\/wp-json\/wp\/v2\/product_brand?post=244825"},{"taxonomy":"product_cat","embeddable":true,"href":"https:\/\/positiveprints.com\/fr\/wp-json\/wp\/v2\/product_cat?post=244825"},{"taxonomy":"product_tag","embeddable":true,"href":"https:\/\/positiveprints.com\/fr\/wp-json\/wp\/v2\/product_tag?post=244825"}],"curies":[{"name":"wp","href":"https:\/\/api.w.org\/{rel}","templated":true}]}}