{"id":244713,"date":"2022-01-25T21:10:25","date_gmt":"2022-01-25T20:10:25","guid":{"rendered":"https:\/\/positiveprints.com\/product\/carte-de-maman-longue-distance\/"},"modified":"2026-04-23T11:52:00","modified_gmt":"2026-04-23T10:52:00","slug":"carte-de-maman-longue-distance","status":"publish","type":"product","link":"https:\/\/positiveprints.com\/fr\/produit\/carte-de-maman-longue-distance\/","title":{"rendered":"Carte de maman longue distance"},"content":{"rendered":"<h2 class=\"grenB f24 cblue\">Cadeaux longue distance pour maman<\/h2>\r\n<p style=\"margin-top: 1rem\">La maison est l&#8217;endroit o\u00f9 se trouve votre maman, et cette magnifique carte personnalis\u00e9e de maman \u00e0 distance vous aide \u00e0 la garder pr\u00e8s de votre c\u0153ur. Ce format de carte triple vous permet de personnaliser trois petites cartes dans la m\u00eame impression &#8211; et les possibilit\u00e9s sont infinies !\r\n<\/p>\r\n<p style=\"margin-top: 1rem\">Cr\u00e9ez une carte affichant le domicile actuel de chaque enfant pour aider \u00e0 raccourcir la distance. Ou, si vous et votre famille avez d\u00e9m\u00e9nag\u00e9 au cours de votre enfance, chaque carte pourrait repr\u00e9senter l&#8217;une de vos nombreuses anciennes maisons. Vous pouvez aussi choisir des endroits sp\u00e9ciaux o\u00f9 vous avez partag\u00e9 les meilleurs souvenirs avec votre m\u00e8re, qu&#8217;il s&#8217;agisse d&#8217;un lieu de vacances pr\u00e9f\u00e9r\u00e9, d&#8217;une activit\u00e9 ou m\u00eame de votre maison d&#8217;enfance. <\/p>\r\n<p style=\"margin-top: 1rem\">C&#8217;est votre carte, votre chemin &#8211; et elle vous m\u00e8nera directement \u00e0 l&#8217;une des personnes les plus sp\u00e9ciales de votre vie.<\/p>\r\n<h2 class=\"grenB f24 cblue\" style=\"margin-top: 3rem\">Commandez votre carte pour un cadeau de f\u00eate des m\u00e8res !<\/h2>\r\n<p style=\"margin-top: 1rem\">Positive Prints vous \u00e9pargne la t\u00e2che de concevoir une carte personnalis\u00e9e. Gr\u00e2ce \u00e0 notre \u00e9diteur interactif, vous pouvez choisir la forme, le style, les couleurs et le texte de votre carte Maman longue distance. Regardez votre conception prendre vie alors que vous personnalisez votre impression pour raconter votre histoire.<\/p>\r\n<p style=\"margin-top: 1rem\">Nous imprimons toutes nos cartes personnalis\u00e9es sur du papier ou de la toile de qualit\u00e9 mus\u00e9e dans une gamme de tailles standard, ou vous pouvez demander un fichier num\u00e9rique que vous pouvez offrir instantan\u00e9ment. Nous exp\u00e9dions tous nos posters imprim\u00e9s et nos \u0153uvres d&#8217;art sur toile partout dans le monde. <\/p>\r\n<p style=\"margin-top: 1rem\">Offrez le cadeau d&#8217;une carte personnalis\u00e9e que maman pourra ch\u00e9rir toute sa vie ! Commencez d\u00e8s aujourd&#8217;hui.<\/p>","protected":false},"excerpt":{"rendered":"<ul class=\"check-list\">\n<li>Montrez \u00e0 votre maman \u00e0 quel point elle compte pour vous : mettez en \u00e9vidence les endroits sp\u00e9ciaux qui vous relient toutes les deux<\/li>\n<li>Marquer les adresses exactes avec un symbole choisi<\/li>\n<li>Personnalisez en 3 \u00e9tapes simples<\/li>\n<li>Incluez un texte personnalis\u00e9 significatif<\/li>\n<li>Vois le r\u00e9sultat imm\u00e9diatement \u2013 l\u2019aper\u00e7u interactif te permet de peaufiner chaque d\u00e9tail<\/li>\n<\/ul>\n","protected":false},"featured_media":1347444,"template":"","meta":[],"product_brand":[],"product_cat":[5264,11399,7228],"product_tag":[11794,15894],"class_list":{"0":"post-244713","1":"product","2":"type-product","3":"status-publish","4":"has-post-thumbnail","6":"product_cat-cadeaux-de-noel","7":"product_cat-cadeaux-de-noel-pour-maman","8":"product_cat-triple-maps-fr","9":"product_tag-cadeaux-de-noel-pour-maman","10":"product_tag-regali-di-natale-per-mamma-fr","12":"first","13":"instock","14":"sale","15":"taxable","16":"shipping-taxable","17":"purchasable","18":"product-type-variable"},"yoast_head":"<!-- This site is optimized with the Yoast SEO Premium plugin v27.2 (Yoast SEO v27.2) - https:\/\/yoast.com\/product\/yoast-seo-premium-wordpress\/ -->\n<title>Carte de maman longue distance - Cadeaux pour maman - Positive Prints<\/title>\n<meta name=\"description\" content=\"Cr\u00e9ez une carte affichant le domicile actuel de chaque enfant pour aider \u00e0 raccourcir la distance.\" \/>\n<meta name=\"robots\" content=\"index, follow, max-snippet:-1, max-image-preview:large, max-video-preview:-1\" \/>\n<link rel=\"canonical\" href=\"https:\/\/positiveprints.com\/fr\/produit\/carte-de-maman-longue-distance\/\" \/>\n<meta property=\"og:locale\" content=\"fr_FR\" \/>\n<meta property=\"og:type\" content=\"article\" \/>\n<meta property=\"og:title\" content=\"Carte de maman longue distance\" \/>\n<meta property=\"og:description\" content=\"Montrez \u00e0 votre maman \u00e0 quel point elle compte pour vous : mettez en \u00e9vidence les endroits sp\u00e9ciaux qui vous relient toutes les deux Marquer les adresses exactes avec un symbole choisi Personnalisez en 3 \u00e9tapes simples Incluez un texte personnalis\u00e9 significatif Vois le r\u00e9sultat imm\u00e9diatement \u2013 l\u2019aper\u00e7u interactif te permet de peaufiner chaque d\u00e9tail\" \/>\n<meta property=\"og:url\" content=\"https:\/\/positiveprints.com\/fr\/produit\/carte-de-maman-longue-distance\/\" \/>\n<meta property=\"og:site_name\" content=\"Positive Prints\" \/>\n<meta property=\"article:publisher\" content=\"https:\/\/www.facebook.com\/positiveprintscom\" \/>\n<meta property=\"article:modified_time\" content=\"2026-04-23T10:52:00+00:00\" \/>\n<meta property=\"og:image\" content=\"https:\/\/positiveprints.com\/wp-content\/uploads\/2023\/07\/cadeau-fete-des-meres-a-distance.jpg\" \/>\n\t<meta property=\"og:image:width\" content=\"1080\" \/>\n\t<meta property=\"og:image:height\" content=\"1080\" \/>\n\t<meta property=\"og:image:type\" content=\"image\/jpeg\" \/>\n<meta name=\"twitter:card\" content=\"summary_large_image\" \/>\n<meta name=\"twitter:label1\" content=\"Dur\u00e9e de lecture estim\u00e9e\" \/>\n\t<meta name=\"twitter:data1\" content=\"2 minutes\" \/>\n<!-- \/ Yoast SEO Premium plugin. -->","yoast_head_json":{"title":"Carte de maman longue distance - Cadeaux pour maman - Positive Prints","description":"Cr\u00e9ez une carte affichant le domicile actuel de chaque enfant pour aider \u00e0 raccourcir la distance.","robots":{"index":"index","follow":"follow","max-snippet":"max-snippet:-1","max-image-preview":"max-image-preview:large","max-video-preview":"max-video-preview:-1"},"canonical":"https:\/\/positiveprints.com\/fr\/produit\/carte-de-maman-longue-distance\/","og_locale":"fr_FR","og_type":"article","og_title":"Carte de maman longue distance","og_description":"Montrez \u00e0 votre maman \u00e0 quel point elle compte pour vous : mettez en \u00e9vidence les endroits sp\u00e9ciaux qui vous relient toutes les deux Marquer les adresses exactes avec un symbole choisi Personnalisez en 3 \u00e9tapes simples Incluez un texte personnalis\u00e9 significatif Vois le r\u00e9sultat imm\u00e9diatement \u2013 l\u2019aper\u00e7u interactif te permet de peaufiner chaque d\u00e9tail","og_url":"https:\/\/positiveprints.com\/fr\/produit\/carte-de-maman-longue-distance\/","og_site_name":"Positive Prints","article_publisher":"https:\/\/www.facebook.com\/positiveprintscom","article_modified_time":"2026-04-23T10:52:00+00:00","og_image":[{"width":1080,"height":1080,"url":"https:\/\/positiveprints.com\/wp-content\/uploads\/2023\/07\/cadeau-fete-des-meres-a-distance.jpg","type":"image\/jpeg"}],"twitter_card":"summary_large_image","twitter_misc":{"Dur\u00e9e de lecture estim\u00e9e":"2 minutes"},"schema":{"@context":"https:\/\/schema.org","@graph":[{"@type":["WebPage","ItemPage"],"@id":"https:\/\/positiveprints.com\/fr\/produit\/carte-de-maman-longue-distance\/","url":"https:\/\/positiveprints.com\/fr\/produit\/carte-de-maman-longue-distance\/","name":"Carte de maman longue distance - Cadeaux pour maman - Positive Prints","isPartOf":{"@id":"https:\/\/positiveprints.com\/fr\/#website"},"primaryImageOfPage":{"@id":"https:\/\/positiveprints.com\/fr\/produit\/carte-de-maman-longue-distance\/#primaryimage"},"image":{"@id":"https:\/\/positiveprints.com\/fr\/produit\/carte-de-maman-longue-distance\/#primaryimage"},"thumbnailUrl":"https:\/\/positiveprints.com\/wp-content\/uploads\/2025\/02\/Carte-de-maman-longue-distance-1.webp","datePublished":"2022-01-25T20:10:25+00:00","dateModified":"2026-04-23T10:52:00+00:00","description":"Cr\u00e9ez une carte affichant le domicile actuel de chaque enfant pour aider \u00e0 raccourcir la distance.","breadcrumb":{"@id":"https:\/\/positiveprints.com\/fr\/produit\/carte-de-maman-longue-distance\/#breadcrumb"},"inLanguage":"fr-FR","potentialAction":[{"@type":"ReadAction","target":["https:\/\/positiveprints.com\/fr\/produit\/carte-de-maman-longue-distance\/"]}]},{"@type":"ImageObject","inLanguage":"fr-FR","@id":"https:\/\/positiveprints.com\/fr\/produit\/carte-de-maman-longue-distance\/#primaryimage","url":"https:\/\/positiveprints.com\/wp-content\/uploads\/2025\/02\/Carte-de-maman-longue-distance-1.webp","contentUrl":"https:\/\/positiveprints.com\/wp-content\/uploads\/2025\/02\/Carte-de-maman-longue-distance-1.webp","width":1450,"height":1450,"caption":"Carte de maman longue distance 1"},{"@type":"BreadcrumbList","@id":"https:\/\/positiveprints.com\/fr\/produit\/carte-de-maman-longue-distance\/#breadcrumb","itemListElement":[{"@type":"ListItem","position":1,"name":"Home","item":"https:\/\/positiveprints.com\/fr\/"},{"@type":"ListItem","position":2,"name":"Produits","item":"https:\/\/positiveprints.com\/fr\/shop\/"},{"@type":"ListItem","position":3,"name":"Carte de maman longue distance"}]},{"@type":"WebSite","@id":"https:\/\/positiveprints.com\/fr\/#website","url":"https:\/\/positiveprints.com\/fr\/","name":"Positive Prints","description":"Amazing Custom Personalized Gifts","publisher":{"@id":"https:\/\/positiveprints.com\/fr\/#organization"},"potentialAction":[{"@type":"SearchAction","target":{"@type":"EntryPoint","urlTemplate":"https:\/\/positiveprints.com\/fr\/?s={search_term_string}"},"query-input":{"@type":"PropertyValueSpecification","valueRequired":true,"valueName":"search_term_string"}}],"inLanguage":"fr-FR"},{"@type":"Organization","@id":"https:\/\/positiveprints.com\/fr\/#organization","name":"Positive Prints","alternateName":"Positive Prints","url":"https:\/\/positiveprints.com\/fr\/","logo":{"@type":"ImageObject","inLanguage":"fr-FR","@id":"https:\/\/positiveprints.com\/fr\/#\/schema\/logo\/image\/","url":"https:\/\/positiveprints.com\/wp-content\/uploads\/2026\/03\/245815646_1337939713319158_5671353136411139666_n.png","contentUrl":"https:\/\/positiveprints.com\/wp-content\/uploads\/2026\/03\/245815646_1337939713319158_5671353136411139666_n.png","width":800,"height":800,"caption":"Positive Prints"},"image":{"@id":"https:\/\/positiveprints.com\/fr\/#\/schema\/logo\/image\/"},"sameAs":["https:\/\/www.facebook.com\/positiveprintscom","https:\/\/www.instagram.com\/positiveprintscom\/","https:\/\/www.tiktok.com\/@positiveprintscom","https:\/\/www.pinterest.com\/positiveprintscom\/"]}]}},"jetpack_sharing_enabled":true,"_links":{"self":[{"href":"https:\/\/positiveprints.com\/fr\/wp-json\/wp\/v2\/product\/244713","targetHints":{"allow":["GET"]}}],"collection":[{"href":"https:\/\/positiveprints.com\/fr\/wp-json\/wp\/v2\/product"}],"about":[{"href":"https:\/\/positiveprints.com\/fr\/wp-json\/wp\/v2\/types\/product"}],"wp:featuredmedia":[{"embeddable":true,"href":"https:\/\/positiveprints.com\/fr\/wp-json\/wp\/v2\/media\/1347444"}],"wp:attachment":[{"href":"https:\/\/positiveprints.com\/fr\/wp-json\/wp\/v2\/media?parent=244713"}],"wp:term":[{"taxonomy":"product_brand","embeddable":true,"href":"https:\/\/positiveprints.com\/fr\/wp-json\/wp\/v2\/product_brand?post=244713"},{"taxonomy":"product_cat","embeddable":true,"href":"https:\/\/positiveprints.com\/fr\/wp-json\/wp\/v2\/product_cat?post=244713"},{"taxonomy":"product_tag","embeddable":true,"href":"https:\/\/positiveprints.com\/fr\/wp-json\/wp\/v2\/product_tag?post=244713"}],"curies":[{"name":"wp","href":"https:\/\/api.w.org\/{rel}","templated":true}]}}