{"id":23027,"date":"2019-10-02T17:05:56","date_gmt":"2019-10-02T16:05:56","guid":{"rendered":"https:\/\/positiveprints.com\/product\/affiche-lune-personnalisee\/"},"modified":"2026-04-18T09:19:57","modified_gmt":"2026-04-18T08:19:57","slug":"affiche-lune","status":"publish","type":"product","link":"https:\/\/positiveprints.com\/fr\/produit\/affiche-lune\/","title":{"rendered":"Phase de La Lune Personnalis\u00e9e"},"content":{"rendered":"<p>Cette affiche lune personnalis\u00e9e vous permettra d&#8217;immortaliser le visage lunaire de vos soir\u00e9es pr\u00e9f\u00e9r\u00e9es. Gardez-en m\u00e9moire vos plus beaux souvenirs et les moments de votre vie les plus m\u00e9morables sous un ciel identique!\u00a0<\/p>\r\n\r\n<h2 class=\"grenB f24 cblue\" style=\"margin-top: 3rem\">Affiche personnalis\u00e9e des phases de la lune<\/h2>\r\n\r\n<p style=\"margin-top: 1rem\">Rendez hommage au point le plus lumineux du ciel nocturne avec une affiche personnalis\u00e9e des phases de la lune ! <a href=\"https:\/\/fr.wikipedia.org\/wiki\/Galil%C3%A9e_(savant)\">Galil\u00e9e<\/a> affirmait en regardant dans son t\u00e9lescope : &#8220;C&#8217;est un spectacle magnifique et d\u00e9licieux de contempler le corps de la lune.&#8221; Vous pouvez maintenant partager la beaut\u00e9 du paysage lunaire avec une affiche personnalis\u00e9e des phases de la lune. <\/p>\r\n\r\n<p style=\"margin-top: 1rem\">La lune joue un r\u00f4le important dans notre vie, qu&#8217;il s&#8217;agisse de contr\u00f4ler le flux des mar\u00e9es, ou de faire jaillir de la lumi\u00e8re dans l&#8217;obscurit\u00e9. Gr\u00e2ce \u00e0 l\u2019utilisation de donn\u00e9es astronomiques, vous pouvez cr\u00e9er une affiche des phases lunaires \u00e0 partir de n&#8217;importe quelle date et de n&#8217;importe quel lieu. Vous voulez obtenir un souvenir de la lune de votre nuit de noces ? Ou bien du ciel lorsque votre enfant est n\u00e9 ? Une affiche personnalis\u00e9e des phases de la lune constitue un cadeau unique dot\u00e9 d\u2019une touche personnelle. Et pourquoi ne pas l\u2019associer \u00e0 une carte des \u00e9toiles personnalis\u00e9e ?<\/p>\r\n\r\n<h2 class=\"grenB f24 cblue\" style=\"margin-top: 3rem\">Affiche des phases de la lune \u2013 Le cadeau de derni\u00e8re minute id\u00e9al<\/h2>\r\n\r\n<p style=\"margin-top: 1rem\">Vous vous rendez \u00e0 la maternit\u00e9 pour accueillir un nouveau membre de votre famille ? N\u2019oubliez jamais la nuit de sa naissance avec un poster des phases de la lune. En quelques clics, vos affiches personnalis\u00e9es seront pr\u00eates \u00e0 \u00eatre exp\u00e9di\u00e9es partout dans le monde en quelques jours. Vous en avez besoin tout de suite ? Choisissez un t\u00e9l\u00e9chargement instantan\u00e9 pour que votre imprimerie locale puisse apposer votre cr\u00e9ation sur du verre, du bois ou m\u00eame un t-shirt !<\/p>\r\n\r\n<h2 class=\"grenB f24 cblue\" style=\"margin-top: 3rem\">Poster de la lune enti\u00e8rement personnalisable<\/h2>\r\n\r\n<p style=\"margin-top: 1rem\">Mer de la S\u00e9r\u00e9nit\u00e9, l&#8217;Homme dans la lune\u2026 notre plus proche voisin c\u00e9leste raconte une histoire diff\u00e9rente \u00e0 tous ceux qui prennent le temps de lever les yeux. Notre application de cr\u00e9ation d&#8217;affiches se sert de donn\u00e9es astronomiques extr\u00eamement pr\u00e9cises. Vous pouvez y s\u00e9lectionner votre date et votre lieu, l&#8217;un des cinq sch\u00e9mas de couleur de fond (ciel nocturne, noir, blanc, marine ou beige), et m\u00eame ajouter un message personnalis\u00e9 \u00e0 votre affiche des phases de la lune. Vous n&#8217;oublierez jamais \u00e0 quel point la lune \u00e9tait belle et expressive cette nuit-l\u00e0 !<\/p>\r\n\r\n\r\n<h2 class=\"grenB f24 cblue\" style=\"margin-top: 3rem\">Installez-vous confortablement avec votre coussin des phases de la lune !<\/h2>\r\n\r\n<p style=\"margin-top: 1rem\">Lorsque la lune se l\u00e8ve, il est temps de se coucher. Quelle que soit l&#8217;heure de votre coucher, vous pouvez garder en m\u00e9moire n&#8217;importe quelle nuit de l&#8217;histoire en cr\u00e9ant un coussin personnalis\u00e9 phase de la lune. Notre coussin de 45 x 45 cm est l&#8217;accessoire id\u00e9al pour rehausser la d\u00e9coration d\u2019une chambre \u00e0 coucher, ou votre canap\u00e9.<\/p>\r\n\r\n<h2 class=\"grenB f24 cblue\" style=\"margin-top: 3rem\">Obtenez une affiche de lune imprim\u00e9e, encadr\u00e9e ou num\u00e9rique<\/h2>\r\n\r\n<ul style=\"margin-top: 1rem\">\r\n \t<li>Les affiches imprim\u00e9es sont disponibles en format paysage et portrait. Nous proposons la plupart des formats d&#8217;affiches classiques, notamment 16X12, 36X24 et 24X18 pouces ou 100X70, 70X50 et 40X30 cm. Les affiches personnalis\u00e9es sont imprim\u00e9es sur du papier de haute qualit\u00e9 pour que un encadrement facilit\u00e9.\r\n<\/li>\r\n \t<li>Les coussins sont de 45,72 x 45,72 cm (18X18 pouces). Les housses de coussin sont lavables en machine et fabriqu\u00e9es en polyester de haute qualit\u00e9 avec un toucher lin agr\u00e9able. Les garnitures de coussin sont lavables \u00e0 la main et 100% polyester.<\/li>\r\n \t<li>Les t\u00e9l\u00e9chargements instantan\u00e9s sont livr\u00e9s sous forme de fichiers .png. La plupart des imprimeurs professionnels pourront travailler avec les formats fournis pour adapter votre affiche des phases de la lune personnalis\u00e9 afin qu\u2019elle corresponde \u00e0 vos besoins. Nous recommandons d&#8217;imprimer sur du papier mat de 180 g\/m\u00b2 pour obtenir les meilleurs r\u00e9sultats.\r\n<\/li>\r\n<\/ul>\r\n\r\n<p style=\"margin-top: 1rem\">Vous cherchez un cadeau pour les parents d&#8217;un nouveau-n\u00e9? D\u00e9couvrez notre incroyable <a href=\"https:\/\/positiveprints.com\/fr\/produit\/affiche-de-naissance\/\">affiche de naissance<\/a>.<\/p>","protected":false},"excerpt":{"rendered":"<ul class=\"check-list\">\n<li>Ajoutez la phase exacte de la lune<\/li>\n<li>Personnalisez votre design en 3 \u00e9tapes simples<\/li>\n<li>Faites votre choix parmi une vari\u00e9t\u00e9 de designs \u00e9poustouflants<\/li>\n<li>Visualisez le r\u00e9sultat imm\u00e9diatement \u2013 l\u2019aper\u00e7u interactif vous permet de peaufiner chaque d\u00e9tail<\/li>\n<\/ul>\n","protected":false},"featured_media":1688071,"template":"","meta":[],"product_brand":[],"product_cat":[15844,9274,15109,8243,264,7210,7925],"product_tag":[15722,14858,11108,13727,13627],"class_list":{"0":"post-23027","1":"product","2":"type-product","3":"status-publish","4":"has-post-thumbnail","6":"product_cat-shop-bestsellers-fr","7":"product_cat-bestsellers-label-fr","8":"product_cat-bestsellers-menu-fr","9":"product_cat-digital-products-fr","10":"product_cat-creators-fr-2","11":"product_cat-moon-fr","12":"product_cat-cadeaux-denterrement-de-vie-de-jeune-fille","13":"product_tag-christmas-present-fr","14":"product_tag-creators-fr-2","15":"product_tag-luna-fr","16":"product_tag-luna-fr-2","17":"product_tag-moon-phase-fr","19":"first","20":"instock","21":"sale","22":"taxable","23":"shipping-taxable","24":"purchasable","25":"product-type-variable"},"yoast_head":"<!-- This site is optimized with the Yoast SEO Premium plugin v27.2 (Yoast SEO v27.2) - https:\/\/yoast.com\/product\/yoast-seo-premium-wordpress\/ -->\n<title>Phase de La Lune Personnalis\u00e9e - Positive Prints<\/title>\n<meta name=\"description\" content=\"Cr\u00e9ez un poster personnalis\u00e9 avec la phase de la lune de votre choix, imprimable ou t\u00e9l\u00e9chargeable en format num\u00e9rique.\" \/>\n<meta name=\"robots\" content=\"index, follow, max-snippet:-1, max-image-preview:large, max-video-preview:-1\" \/>\n<link rel=\"canonical\" href=\"https:\/\/positiveprints.com\/fr\/produit\/affiche-lune\/\" \/>\n<meta property=\"og:locale\" content=\"fr_FR\" \/>\n<meta property=\"og:type\" content=\"article\" \/>\n<meta property=\"og:title\" content=\"Phase de La Lune Personnalis\u00e9e\" \/>\n<meta property=\"og:description\" content=\"Ajoutez la phase exacte de la lune  Personnalisez votre design en 3 \u00e9tapes simples  Faites votre choix parmi une vari\u00e9t\u00e9 de designs \u00e9poustouflants  Visualisez le r\u00e9sultat imm\u00e9diatement \u2013 l\u2019aper\u00e7u interactif vous permet de peaufiner chaque d\u00e9tail\" \/>\n<meta property=\"og:url\" content=\"https:\/\/positiveprints.com\/fr\/produit\/affiche-lune\/\" \/>\n<meta property=\"og:site_name\" content=\"Positive Prints\" \/>\n<meta property=\"article:publisher\" content=\"https:\/\/www.facebook.com\/positiveprintscom\" \/>\n<meta property=\"article:modified_time\" content=\"2026-04-18T08:19:57+00:00\" \/>\n<meta property=\"og:image\" content=\"https:\/\/positiveprints.com\/wp-content\/uploads\/2024\/10\/Packshot_FR_Personalized-Moon-Phase-product-image.webp\" \/>\n\t<meta property=\"og:image:width\" content=\"1450\" \/>\n\t<meta property=\"og:image:height\" content=\"1450\" \/>\n\t<meta property=\"og:image:type\" content=\"image\/webp\" \/>\n<meta name=\"twitter:card\" content=\"summary_large_image\" \/>\n<meta name=\"twitter:label1\" content=\"Dur\u00e9e de lecture estim\u00e9e\" \/>\n\t<meta name=\"twitter:data1\" content=\"3 minutes\" \/>\n<!-- \/ Yoast SEO Premium plugin. -->","yoast_head_json":{"title":"Phase de La Lune Personnalis\u00e9e - Positive Prints","description":"Cr\u00e9ez un poster personnalis\u00e9 avec la phase de la lune de votre choix, imprimable ou t\u00e9l\u00e9chargeable en format num\u00e9rique.","robots":{"index":"index","follow":"follow","max-snippet":"max-snippet:-1","max-image-preview":"max-image-preview:large","max-video-preview":"max-video-preview:-1"},"canonical":"https:\/\/positiveprints.com\/fr\/produit\/affiche-lune\/","og_locale":"fr_FR","og_type":"article","og_title":"Phase de La Lune Personnalis\u00e9e","og_description":"Ajoutez la phase exacte de la lune  Personnalisez votre design en 3 \u00e9tapes simples  Faites votre choix parmi une vari\u00e9t\u00e9 de designs \u00e9poustouflants  Visualisez le r\u00e9sultat imm\u00e9diatement \u2013 l\u2019aper\u00e7u interactif vous permet de peaufiner chaque d\u00e9tail","og_url":"https:\/\/positiveprints.com\/fr\/produit\/affiche-lune\/","og_site_name":"Positive Prints","article_publisher":"https:\/\/www.facebook.com\/positiveprintscom","article_modified_time":"2026-04-18T08:19:57+00:00","og_image":[{"width":1450,"height":1450,"url":"https:\/\/positiveprints.com\/wp-content\/uploads\/2024\/10\/Packshot_FR_Personalized-Moon-Phase-product-image.webp","type":"image\/webp"}],"twitter_card":"summary_large_image","twitter_misc":{"Dur\u00e9e de lecture estim\u00e9e":"3 minutes"},"schema":{"@context":"https:\/\/schema.org","@graph":[{"@type":["WebPage","ItemPage"],"@id":"https:\/\/positiveprints.com\/fr\/produit\/affiche-lune\/","url":"https:\/\/positiveprints.com\/fr\/produit\/affiche-lune\/","name":"Phase de La Lune Personnalis\u00e9e - Positive Prints","isPartOf":{"@id":"https:\/\/positiveprints.com\/fr\/#website"},"primaryImageOfPage":{"@id":"https:\/\/positiveprints.com\/fr\/produit\/affiche-lune\/#primaryimage"},"image":{"@id":"https:\/\/positiveprints.com\/fr\/produit\/affiche-lune\/#primaryimage"},"thumbnailUrl":"https:\/\/positiveprints.com\/wp-content\/uploads\/2026\/03\/Packshot_FR_XX-Phase-de-La-Lune-Personnalisee.webp","datePublished":"2019-10-02T16:05:56+00:00","dateModified":"2026-04-18T08:19:57+00:00","description":"Cr\u00e9ez un poster personnalis\u00e9 avec la phase de la lune de votre choix, imprimable ou t\u00e9l\u00e9chargeable en format num\u00e9rique.","breadcrumb":{"@id":"https:\/\/positiveprints.com\/fr\/produit\/affiche-lune\/#breadcrumb"},"inLanguage":"fr-FR","potentialAction":[{"@type":"ReadAction","target":["https:\/\/positiveprints.com\/fr\/produit\/affiche-lune\/"]}]},{"@type":"ImageObject","inLanguage":"fr-FR","@id":"https:\/\/positiveprints.com\/fr\/produit\/affiche-lune\/#primaryimage","url":"https:\/\/positiveprints.com\/wp-content\/uploads\/2026\/03\/Packshot_FR_XX-Phase-de-La-Lune-Personnalisee.webp","contentUrl":"https:\/\/positiveprints.com\/wp-content\/uploads\/2026\/03\/Packshot_FR_XX-Phase-de-La-Lune-Personnalisee.webp","width":1450,"height":1450},{"@type":"BreadcrumbList","@id":"https:\/\/positiveprints.com\/fr\/produit\/affiche-lune\/#breadcrumb","itemListElement":[{"@type":"ListItem","position":1,"name":"Home","item":"https:\/\/positiveprints.com\/fr\/"},{"@type":"ListItem","position":2,"name":"Produits","item":"https:\/\/positiveprints.com\/fr\/shop\/"},{"@type":"ListItem","position":3,"name":"Phase de La Lune Personnalis\u00e9e"}]},{"@type":"WebSite","@id":"https:\/\/positiveprints.com\/fr\/#website","url":"https:\/\/positiveprints.com\/fr\/","name":"Positive Prints","description":"Amazing Custom Personalized Gifts","publisher":{"@id":"https:\/\/positiveprints.com\/fr\/#organization"},"potentialAction":[{"@type":"SearchAction","target":{"@type":"EntryPoint","urlTemplate":"https:\/\/positiveprints.com\/fr\/?s={search_term_string}"},"query-input":{"@type":"PropertyValueSpecification","valueRequired":true,"valueName":"search_term_string"}}],"inLanguage":"fr-FR"},{"@type":"Organization","@id":"https:\/\/positiveprints.com\/fr\/#organization","name":"Positive Prints","alternateName":"Positive Prints","url":"https:\/\/positiveprints.com\/fr\/","logo":{"@type":"ImageObject","inLanguage":"fr-FR","@id":"https:\/\/positiveprints.com\/fr\/#\/schema\/logo\/image\/","url":"https:\/\/positiveprints.com\/wp-content\/uploads\/2026\/03\/245815646_1337939713319158_5671353136411139666_n.png","contentUrl":"https:\/\/positiveprints.com\/wp-content\/uploads\/2026\/03\/245815646_1337939713319158_5671353136411139666_n.png","width":800,"height":800,"caption":"Positive Prints"},"image":{"@id":"https:\/\/positiveprints.com\/fr\/#\/schema\/logo\/image\/"},"sameAs":["https:\/\/www.facebook.com\/positiveprintscom","https:\/\/www.instagram.com\/positiveprintscom\/","https:\/\/www.tiktok.com\/@positiveprintscom","https:\/\/www.pinterest.com\/positiveprintscom\/"]}]}},"jetpack_sharing_enabled":true,"_links":{"self":[{"href":"https:\/\/positiveprints.com\/fr\/wp-json\/wp\/v2\/product\/23027","targetHints":{"allow":["GET"]}}],"collection":[{"href":"https:\/\/positiveprints.com\/fr\/wp-json\/wp\/v2\/product"}],"about":[{"href":"https:\/\/positiveprints.com\/fr\/wp-json\/wp\/v2\/types\/product"}],"wp:featuredmedia":[{"embeddable":true,"href":"https:\/\/positiveprints.com\/fr\/wp-json\/wp\/v2\/media\/1688071"}],"wp:attachment":[{"href":"https:\/\/positiveprints.com\/fr\/wp-json\/wp\/v2\/media?parent=23027"}],"wp:term":[{"taxonomy":"product_brand","embeddable":true,"href":"https:\/\/positiveprints.com\/fr\/wp-json\/wp\/v2\/product_brand?post=23027"},{"taxonomy":"product_cat","embeddable":true,"href":"https:\/\/positiveprints.com\/fr\/wp-json\/wp\/v2\/product_cat?post=23027"},{"taxonomy":"product_tag","embeddable":true,"href":"https:\/\/positiveprints.com\/fr\/wp-json\/wp\/v2\/product_tag?post=23027"}],"curies":[{"name":"wp","href":"https:\/\/api.w.org\/{rel}","templated":true}]}}