{"id":22983,"date":"2019-11-26T23:42:16","date_gmt":"2019-11-26T22:42:16","guid":{"rendered":"https:\/\/positiveprints.com\/product\/affiche-carte-personnalisee\/"},"modified":"2026-04-18T09:19:48","modified_gmt":"2026-04-18T08:19:48","slug":"affiche-carte-de-ville-personnalisee","status":"publish","type":"product","link":"https:\/\/positiveprints.com\/fr\/produit\/affiche-carte-de-ville-personnalisee\/","title":{"rendered":"Carte de Ville Personnalis\u00e9e"},"content":{"rendered":"<p>Avec notre simulateur de affiche carte de ville personnalis\u00e9e, vous pouvez cr\u00e9er un fichier num\u00e9rique personnalis\u00e9, une housse de coussin luxueuse, ou une affiche de haute qualit\u00e9. Quel est votre endroit pr\u00e9f\u00e9r\u00e9 au monde?<\/p>\r\n\r\n\r\n<h2 class=\"grenB f24 cblue\" style=\"margin-top: 3rem\">Affiche carte de ville personnalis\u00e9e et de r\u00e9gion<\/h2>\r\n\r\n<p style=\"margin-top: 1rem\">Rien n&#8217;attire autant l&#8217;attention qu&#8217;une carte imprim\u00e9e au format poster, accroch\u00e9e au mur. Vous pouvez d\u00e9sormais cr\u00e9er une affiche carte de ville personnalis\u00e9e de votre lieu pr\u00e9f\u00e9r\u00e9, o\u00f9 que vous soyez dans le monde. Notre cr\u00e9ateur de carte de ville personnalis\u00e9e vous donne tous les outils pour personnaliser votre carte en choisissant sa forme (vous pouvez m\u00eame opter pour une carte en forme de coeur), son design, son emplacement et ses rep\u00e8res. Faites-vous livrer votre carte personnalis\u00e9e sous forme d&#8217;affiche, de coussin ou de t\u00e9l\u00e9chargement num\u00e9rique instantan\u00e9.<\/p>\r\n\r\n<h2 class=\"grenB f24 cblue\" style=\"margin-top: 3rem\">Carte de ville personnalis\u00e9e &#8211; Un cadeau id\u00e9al pour les grands voyageurs<\/h2>\r\n\r\n<p style=\"margin-top: 1rem\">Peu de choses d\u00e9finissent quelqu&#8217;un comme sa ville natale, ou les endroits qu&#8217;il a visit\u00e9s. Toujours \u00e0 la recherche d&#8217;un cadeau unique et personnalis\u00e9 ? Une affiche carte de ville personnalis\u00e9e est id\u00e9ale pour d\u00e9corer un mur, c&#8217;est donc un cadeau qui sera appr\u00e9ci\u00e9 pendant des ann\u00e9es. Cr\u00e9ez une carte de leur ville natale, mettez en valeur leur lieu de naissance ou offrez leur un souvenir de leur destination de vacances pr\u00e9f\u00e9r\u00e9e si ce sont de grands voyageurs !<\/p>\r\n\r\n<h2 class=\"grenB f24 cblue\" style=\"margin-top: 3rem\">Cr\u00e9ateur de plan ville personnalis\u00e9e facile \u00e0 utiliser<\/h2>\r\n\r\n<p style=\"margin-top: 1rem\">Choisissez n&#8217;importe quel endroit dans le monde avec votre cr\u00e9ateur de cartes enti\u00e8rement personnalisable, aliment\u00e9 par les donn\u00e9es d&#8217;<a href=\"https:\/\/www.openstreetmap.fr\/\">OpenStreetMap<\/a>. Choisissez une ville, un \u00c9tat ou un pays au sein de l&#8217;atlas num\u00e9rique et le cartographe se mettra au travail pour faire appara\u00eetre les cours d&#8217;eau, les rues, les points de rep\u00e8re et les voies navigables propres \u00e0 votre emplacement. Cr\u00e9ez un carr\u00e9, un cercle ou une carte en forme de c\u0153ur, \u00e0 personnaliser avec un nombre illimit\u00e9 de coloris, comme le noir pour un fort contraste, ou des teintes pastel vintage.<\/p>\r\n\r\n<h2 class=\"grenB f24 cblue\" style=\"margin-top: 3rem\">Une excellente id\u00e9e de d\u00e9co<\/h2>\r\n\r\n<p style=\"margin-top: 1rem\">Rien de tel qu&#8217;une affiche carte de ville stylis\u00e9e pour booster votre d\u00e9coration int\u00e9rieure ! Ces affiches de ville personnalis\u00e9e sont id\u00e9ales pour les chambres d&#8217;h\u00f4tes ou pour d\u00e9corer votre Airbnb. Les visiteurs adoreront leur c\u00f4t\u00e9 &#8220;couleur locale&#8221;. Vous souhaitez ajouter une touche cosy et chaleureuse \u00e0 votre int\u00e9rieur ? Faites imprimer n&#8217;importe quelle carte sur un coussin pour d\u00e9corer chambres d&#8217;h\u00f4tes ou salons.<\/p>\r\n\r\n<ul>\r\n \t<li>Les affiches imprim\u00e9es sont disponibles en orientation paysage et portrait. Nous proposons la plupart des tailles d&#8217;affiches standard, notamment 16X12, 36X24 et 24X18 pouces ou 100X70, 70X50 et 40X30 cm. Les affiches sont imprim\u00e9es sur du papier de haute qualit\u00e9 pour que leur encadrement soit un jeu d&#8217;enfant.<\/li>\r\n \t<li>La taille des housses de coussins est de 45,72 x 45,72 cm (18X18 pouces). Elles sont lavables en machine et fabriqu\u00e9es en polyester de haute qualit\u00e9, avec un toucher lin confortable. La garniture des coussins est lavable \u00e0 la main et 100% polyester.<\/li>\r\n \t<li>Les t\u00e9l\u00e9chargements instantan\u00e9s sont livr\u00e9s sous forme de fichiers .png. La plupart des imprimeurs professionnels seront en mesure de travaillet avec le fichier fournir pour adapter votre impression personnalis\u00e9e au format que vous d\u00e9sirez. Nous recommandons d&#8217;imprimer sur du papier mat 180 wt. pour obtenir les meilleurs r\u00e9sultats.<\/li>\r\n<\/ul>\r\n\r\n<p style=\"margin-top: 1rem\">Vous cherchez un cadeau d&#8217;anniversaire personnalis\u00e9? D\u00e9couvrez nos <a href=\"https:\/\/positiveprints.com\/fr\/cadeaux-danniversaire-de-mariage-personnalises\/\">cadeaux d\u2019anniversaire de mariage personnalis\u00e9s<\/a>.<\/p>","protected":false},"excerpt":{"rendered":"<ul class=\"check-list\">\n<li> Posez un rep\u00e8re sur le lieu exact avec un symbole choisi<\/li>\n<li>Personnalisez votre design en 3 \u00e9tapes simples<\/li>\n<li>Incluez un texte personnalis\u00e9 significatif<\/li>\n<li>Visualisez le r\u00e9sultat imm\u00e9diatement \u2013 l\u2019aper\u00e7u interactif vous permet de peaufiner chaque d\u00e9tail<\/li>\n<\/ul>\n","protected":false},"featured_media":1604398,"template":"","meta":[],"product_brand":[],"product_cat":[15109,8243,264,7187,11535,11536,11537,11538,11624,11625,11626,11627],"product_tag":[13647,14858],"class_list":{"0":"post-22983","1":"product","2":"type-product","3":"status-publish","4":"has-post-thumbnail","6":"product_cat-bestsellers-menu-fr","7":"product_cat-digital-products-fr","8":"product_cat-creators-fr-2","9":"product_cat-map-fr","10":"product_cat-anniversaire-de-18-ans","11":"product_cat-anniversaire-de-21-ans","12":"product_cat-anniversaire-de-30-ans","13":"product_cat-anniversaire-de-40-ans","14":"product_cat-anniversaire-de-50-ans","15":"product_cat-anniversaire-de-60-ans","16":"product_cat-anniversaire-de-70-ans","17":"product_cat-anniversaire-de-80-ans","18":"product_tag-carte-de-coordonnees","19":"product_tag-creators-fr-2","21":"first","22":"instock","23":"sale","24":"taxable","25":"shipping-taxable","26":"purchasable","27":"product-type-variable"},"yoast_head":"<!-- This site is optimized with the Yoast SEO Premium plugin v27.2 (Yoast SEO v27.2) - https:\/\/yoast.com\/product\/yoast-seo-premium-wordpress\/ -->\n<title>Carte de Ville Personnalis\u00e9e - Affiche Carte Ville - Positive Prints<\/title>\n<meta name=\"description\" content=\"Cr\u00e9ez une affiche avec une carte de ville personnalis\u00e9e, t\u00e9l\u00e9chargez-la ou imprimez-la sur une affiche ou une housse de coussin pour un cadeau unique.\" \/>\n<meta name=\"robots\" content=\"index, follow, max-snippet:-1, max-image-preview:large, max-video-preview:-1\" \/>\n<link rel=\"canonical\" href=\"https:\/\/positiveprints.com\/fr\/produit\/affiche-carte-de-ville-personnalisee\/\" \/>\n<meta property=\"og:locale\" content=\"fr_FR\" \/>\n<meta property=\"og:type\" content=\"article\" \/>\n<meta property=\"og:title\" content=\"Carte de Ville Personnalis\u00e9e\" \/>\n<meta property=\"og:description\" content=\"Posez un rep\u00e8re sur le lieu exact avec un symbole choisi Personnalisez votre design en 3 \u00e9tapes simples Incluez un texte personnalis\u00e9 significatif Visualisez le r\u00e9sultat imm\u00e9diatement \u2013 l\u2019aper\u00e7u interactif vous permet de peaufiner chaque d\u00e9tail\" \/>\n<meta property=\"og:url\" content=\"https:\/\/positiveprints.com\/fr\/produit\/affiche-carte-de-ville-personnalisee\/\" \/>\n<meta property=\"og:site_name\" content=\"Positive Prints\" \/>\n<meta property=\"article:publisher\" content=\"https:\/\/www.facebook.com\/positiveprintscom\" \/>\n<meta property=\"article:modified_time\" content=\"2026-04-18T08:19:48+00:00\" \/>\n<meta property=\"og:image\" content=\"https:\/\/positiveprints.com\/wp-content\/uploads\/2024\/10\/Packshot_FR_our-first-date-product-image.webp\" \/>\n\t<meta property=\"og:image:width\" content=\"1450\" \/>\n\t<meta property=\"og:image:height\" content=\"1450\" \/>\n\t<meta property=\"og:image:type\" content=\"image\/webp\" \/>\n<meta name=\"twitter:card\" content=\"summary_large_image\" \/>\n<meta name=\"twitter:label1\" content=\"Dur\u00e9e de lecture estim\u00e9e\" \/>\n\t<meta name=\"twitter:data1\" content=\"3 minutes\" \/>\n<!-- \/ Yoast SEO Premium plugin. -->","yoast_head_json":{"title":"Carte de Ville Personnalis\u00e9e - Affiche Carte Ville - Positive Prints","description":"Cr\u00e9ez une affiche avec une carte de ville personnalis\u00e9e, t\u00e9l\u00e9chargez-la ou imprimez-la sur une affiche ou une housse de coussin pour un cadeau unique.","robots":{"index":"index","follow":"follow","max-snippet":"max-snippet:-1","max-image-preview":"max-image-preview:large","max-video-preview":"max-video-preview:-1"},"canonical":"https:\/\/positiveprints.com\/fr\/produit\/affiche-carte-de-ville-personnalisee\/","og_locale":"fr_FR","og_type":"article","og_title":"Carte de Ville Personnalis\u00e9e","og_description":"Posez un rep\u00e8re sur le lieu exact avec un symbole choisi Personnalisez votre design en 3 \u00e9tapes simples Incluez un texte personnalis\u00e9 significatif Visualisez le r\u00e9sultat imm\u00e9diatement \u2013 l\u2019aper\u00e7u interactif vous permet de peaufiner chaque d\u00e9tail","og_url":"https:\/\/positiveprints.com\/fr\/produit\/affiche-carte-de-ville-personnalisee\/","og_site_name":"Positive Prints","article_publisher":"https:\/\/www.facebook.com\/positiveprintscom","article_modified_time":"2026-04-18T08:19:48+00:00","og_image":[{"width":1450,"height":1450,"url":"https:\/\/positiveprints.com\/wp-content\/uploads\/2024\/10\/Packshot_FR_our-first-date-product-image.webp","type":"image\/webp"}],"twitter_card":"summary_large_image","twitter_misc":{"Dur\u00e9e de lecture estim\u00e9e":"3 minutes"},"schema":{"@context":"https:\/\/schema.org","@graph":[{"@type":["WebPage","ItemPage"],"@id":"https:\/\/positiveprints.com\/fr\/produit\/affiche-carte-de-ville-personnalisee\/","url":"https:\/\/positiveprints.com\/fr\/produit\/affiche-carte-de-ville-personnalisee\/","name":"Carte de Ville Personnalis\u00e9e - Affiche Carte Ville - Positive Prints","isPartOf":{"@id":"https:\/\/positiveprints.com\/fr\/#website"},"primaryImageOfPage":{"@id":"https:\/\/positiveprints.com\/fr\/produit\/affiche-carte-de-ville-personnalisee\/#primaryimage"},"image":{"@id":"https:\/\/positiveprints.com\/fr\/produit\/affiche-carte-de-ville-personnalisee\/#primaryimage"},"thumbnailUrl":"https:\/\/positiveprints.com\/wp-content\/uploads\/2026\/01\/Packshot_FR_Carte-de-Ville-Personnalisee.webp","datePublished":"2019-11-26T22:42:16+00:00","dateModified":"2026-04-18T08:19:48+00:00","description":"Cr\u00e9ez une affiche avec une carte de ville personnalis\u00e9e, t\u00e9l\u00e9chargez-la ou imprimez-la sur une affiche ou une housse de coussin pour un cadeau unique.","breadcrumb":{"@id":"https:\/\/positiveprints.com\/fr\/produit\/affiche-carte-de-ville-personnalisee\/#breadcrumb"},"inLanguage":"fr-FR","potentialAction":[{"@type":"ReadAction","target":["https:\/\/positiveprints.com\/fr\/produit\/affiche-carte-de-ville-personnalisee\/"]}]},{"@type":"ImageObject","inLanguage":"fr-FR","@id":"https:\/\/positiveprints.com\/fr\/produit\/affiche-carte-de-ville-personnalisee\/#primaryimage","url":"https:\/\/positiveprints.com\/wp-content\/uploads\/2026\/01\/Packshot_FR_Carte-de-Ville-Personnalisee.webp","contentUrl":"https:\/\/positiveprints.com\/wp-content\/uploads\/2026\/01\/Packshot_FR_Carte-de-Ville-Personnalisee.webp","width":1450,"height":1450},{"@type":"BreadcrumbList","@id":"https:\/\/positiveprints.com\/fr\/produit\/affiche-carte-de-ville-personnalisee\/#breadcrumb","itemListElement":[{"@type":"ListItem","position":1,"name":"Home","item":"https:\/\/positiveprints.com\/fr\/"},{"@type":"ListItem","position":2,"name":"Produits","item":"https:\/\/positiveprints.com\/fr\/shop\/"},{"@type":"ListItem","position":3,"name":"Carte de Ville Personnalis\u00e9e"}]},{"@type":"WebSite","@id":"https:\/\/positiveprints.com\/fr\/#website","url":"https:\/\/positiveprints.com\/fr\/","name":"Positive Prints","description":"Amazing Custom Personalized Gifts","publisher":{"@id":"https:\/\/positiveprints.com\/fr\/#organization"},"potentialAction":[{"@type":"SearchAction","target":{"@type":"EntryPoint","urlTemplate":"https:\/\/positiveprints.com\/fr\/?s={search_term_string}"},"query-input":{"@type":"PropertyValueSpecification","valueRequired":true,"valueName":"search_term_string"}}],"inLanguage":"fr-FR"},{"@type":"Organization","@id":"https:\/\/positiveprints.com\/fr\/#organization","name":"Positive Prints","alternateName":"Positive Prints","url":"https:\/\/positiveprints.com\/fr\/","logo":{"@type":"ImageObject","inLanguage":"fr-FR","@id":"https:\/\/positiveprints.com\/fr\/#\/schema\/logo\/image\/","url":"https:\/\/positiveprints.com\/wp-content\/uploads\/2026\/03\/245815646_1337939713319158_5671353136411139666_n.png","contentUrl":"https:\/\/positiveprints.com\/wp-content\/uploads\/2026\/03\/245815646_1337939713319158_5671353136411139666_n.png","width":800,"height":800,"caption":"Positive Prints"},"image":{"@id":"https:\/\/positiveprints.com\/fr\/#\/schema\/logo\/image\/"},"sameAs":["https:\/\/www.facebook.com\/positiveprintscom","https:\/\/www.instagram.com\/positiveprintscom\/","https:\/\/www.tiktok.com\/@positiveprintscom","https:\/\/www.pinterest.com\/positiveprintscom\/"]}]}},"jetpack_sharing_enabled":true,"_links":{"self":[{"href":"https:\/\/positiveprints.com\/fr\/wp-json\/wp\/v2\/product\/22983","targetHints":{"allow":["GET"]}}],"collection":[{"href":"https:\/\/positiveprints.com\/fr\/wp-json\/wp\/v2\/product"}],"about":[{"href":"https:\/\/positiveprints.com\/fr\/wp-json\/wp\/v2\/types\/product"}],"wp:featuredmedia":[{"embeddable":true,"href":"https:\/\/positiveprints.com\/fr\/wp-json\/wp\/v2\/media\/1604398"}],"wp:attachment":[{"href":"https:\/\/positiveprints.com\/fr\/wp-json\/wp\/v2\/media?parent=22983"}],"wp:term":[{"taxonomy":"product_brand","embeddable":true,"href":"https:\/\/positiveprints.com\/fr\/wp-json\/wp\/v2\/product_brand?post=22983"},{"taxonomy":"product_cat","embeddable":true,"href":"https:\/\/positiveprints.com\/fr\/wp-json\/wp\/v2\/product_cat?post=22983"},{"taxonomy":"product_tag","embeddable":true,"href":"https:\/\/positiveprints.com\/fr\/wp-json\/wp\/v2\/product_tag?post=22983"}],"curies":[{"name":"wp","href":"https:\/\/api.w.org\/{rel}","templated":true}]}}