{"id":22945,"date":"2020-05-30T13:17:25","date_gmt":"2020-05-30T14:17:25","guid":{"rendered":"https:\/\/positiveprints.com\/product\/croquis-bebe-trio\/"},"modified":"2026-04-18T09:16:26","modified_gmt":"2026-04-18T08:16:26","slug":"affiche-de-naissance-triples","status":"publish","type":"product","link":"https:\/\/positiveprints.com\/fr\/produit\/affiche-de-naissance-triples\/","title":{"rendered":"Affiche de Naissance Tripl\u00e9s"},"content":{"rendered":"<p>Il n&#8217;y a rien de plus miraculeux et de plus beau\u00a0 que la naissance d&#8217;un enfant, d&#8217;autant plus lorsqu&#8217;il s&#8217;agit de votre enfant. Nous voulons vous aider \u00e0 comm\u00e9morer l&#8217;\u00e9v\u00e9nement avec une affiche de naissance \u00e0 l&#8217;\u00e9chelle r\u00e9elle de votre nouveau-n\u00e9 tel qu&#8217;il \u00e9tait au moment o\u00f9 il est venu au monde.<\/p>\r\n\r\n\r\n\r\n<p style=\"margin-top: 1rem\">Vous serez \u00e9tonn\u00e9 de la rapidit\u00e9 avec laquelle votre b\u00e9b\u00e9 grandit ! En moins de temps qu&#8217;il n&#8217;en faut pour le dire, il sera pr\u00eat \u00e0 courir partout et \u00e0 explorer le monde qui l&#8217;entoure. Avec une affiche de naissance, vous aurez un souvenir visuel de la petite taille de votre b\u00e9b\u00e9 \u00e0 sa naissance. Chaque affiche est cr\u00e9\u00e9e \u00e0 l&#8217;\u00e9chelle et constitue le souvenir id\u00e9al du jour o\u00f9 leur voyage a commenc\u00e9.<\/p>\r\n\r\n\r\n\r\n<h2 class=\"grenB f24 cblue\" style=\"margin-top: 3rem\">Affiche de naissance personnalis\u00e9e pour fr\u00e8res et s\u0153urs ou tripl\u00e9s<\/span><\/h2>\r\n\r\n\r\n\r\n<p style=\"margin-top: 1rem\">Chaque affiche est dot\u00e9e d&#8217;un design \u00e9pur\u00e9 et minimaliste qui s&#8217;harmonise parfaitement avec la d\u00e9coration de n&#8217;importe quelle pi\u00e8ce. Le nom de l&#8217;enfant, sa date de naissance, sa taille et son poids \u00e0 la naissance sont imprim\u00e9s dans une \u00e9l\u00e9gante police en bas de chaque affiche. Une affiche de naissance est un cadeau id\u00e9al pour tout nouveau parent. Vous pouvez vous en offrir une pour c\u00e9l\u00e9brer le moment o\u00f9 votre enfant est arriv\u00e9, ou bien l&#8217;utiliser comme cadeau de naissance unique pour accueillir un nouveau venu dans votre famille.<\/p>\r\n\r\n\r\n\r\n<p style=\"margin-top: 1rem\">Chaque affiche de b\u00e9b\u00e9 est r\u00e9alis\u00e9e sur commande et personnalis\u00e9e avec les noms des b\u00e9b\u00e9s et les informations relatives \u00e0 leur naissance, notamment :\u00a0<\/p>\r\n\r\n\r\n\r\n<ul>\r\n\r\n         <li style=\"font-weight: 400;\"><span style=\"font-weight: 400;\">Date \/ heure de la naissance<\/span><\/li>\r\n\r\n         <li style=\"font-weight: 400;\"><span style=\"font-weight: 400;\">Poids \u00e0 la naissance en kilos<\/span><\/li>\r\n\r\n         <li style=\"font-weight: 400;\">Taille \u00e0 la naissance centim\u00e8tres<\/li>\r\n\r\n<\/ul>\r\n\r\n\r\n\r\n<p style=\"margin-top: 1rem\">L&#8217;image est imprim\u00e9e sur l&#8217;affiche \u00e0 l&#8217;\u00e9chelle 1:1, ce qui permet de repr\u00e9senter la taille r\u00e9elle de votre b\u00e9b\u00e9 \u00e0 la naissance.\u00a0<\/p>\r\n\r\n\r\n\r\n<h2 class=\"grenB f24 cblue\" style=\"margin-top: 3rem\">Pour les affiches imprim\u00e9es<\/h2>\r\n\r\n\r\n\r\n<p style=\"margin-top: 1rem\">Nous imprimons nos affiches de naissance sur du papier mat de haute qualit\u00e9 (190g), afin qu&#8217;elles restent en parfait \u00e9tat pendant des ann\u00e9es, quel que soit l&#8217;endroit ou la mani\u00e8re dont elles sont accroch\u00e9s. Lorsque vous cr\u00e9ez votre poster en ligne, un aper\u00e7u imm\u00e9diat du r\u00e9sultat final est disponible afin que vous puissiez vous assurer que toutes les informations et la taille sont correctes avant l&#8217;impression. Une fois votre commande pass\u00e9e en ligne, votre poster de naissance sera imprim\u00e9 et exp\u00e9di\u00e9 dans les deux jours.<\/p>\r\n\r\n\r\n\r\n<h2 class=\"grenB f24 cblue\" style=\"margin-top: 3rem\">Pour les fichiers num\u00e9riques<\/h2> \r\n\r\n\r\n\r\n<p style=\"margin-top: 1rem\">Les d\u00e9lais de livraison vous inqui\u00e8tent ? Vous avez besoin d&#8217;un cadeau de derni\u00e8re minute ? Vos fichiers num\u00e9riques sont imm\u00e9diatement disponibles par t\u00e9l\u00e9chargement, d\u00e8s l&#8217;achat. Les fichiers num\u00e9riques sont con\u00e7us pour \u00eatre imprim\u00e9s en 70x100cm afin de refl\u00e9ter la taille r\u00e9elle des b\u00e9b\u00e9s.<\/p>","protected":false},"excerpt":{"rendered":"<ul class=\"check-list\">\n<li>Pr\u00e9servez les souvenirs pr\u00e9cieux des premiers moments des b\u00e9b\u00e9s &#8211; cr\u00e9ez un cadeau unique que chaque parent ch\u00e9rira pour toujours<\/li>\n<li>Comm\u00e9morer les d\u00e9tails de naissance tels que les noms, les dates de naissance, les tailles et les poids <\/li>\n<li>Choisissez parmi 4 illustrations et adaptez-les \u00e0 l&#8217;\u00e9chelle 1:1 de la taille des b\u00e9b\u00e9s \u00e0 la naissance<\/li>\n<li>Vois le r\u00e9sultat imm\u00e9diatement \u2013 l\u2019aper\u00e7u interactif te permet de peaufiner chaque d\u00e9tail<\/li>\n<\/ul>\n","protected":false},"featured_media":270262,"template":"","meta":[],"product_brand":[],"product_cat":[104,1813],"product_tag":[9470,8447,9494],"class_list":{"0":"post-22945","1":"product","2":"type-product","3":"status-publish","4":"has-post-thumbnail","6":"product_cat-tous-les-produits","7":"product_cat-infant-fr-2","8":"product_tag-affiche-bebe","9":"product_tag-new-parents-fr","10":"product_tag-nouveau-ne","12":"first","13":"instock","14":"sale","15":"taxable","16":"shipping-taxable","17":"purchasable","18":"product-type-variable"},"yoast_head":"<!-- This site is optimized with the Yoast SEO Premium plugin v27.2 (Yoast SEO v27.2) - https:\/\/yoast.com\/product\/yoast-seo-premium-wordpress\/ -->\n<title>Affiche de Naissance Tripl\u00e9s ou Trio de B\u00e9b\u00e9s - Positive Prints<\/title>\n<meta name=\"description\" content=\"Affiche de naissance personnalis\u00e9e pour tripl\u00e9s ou fr\u00e8res &amp; s\u0153urs. Chaque poster porte le nom des b\u00e9b\u00e9s, leur date de naissance, leur taille et leur poids.\" \/>\n<meta name=\"robots\" content=\"index, follow, max-snippet:-1, max-image-preview:large, max-video-preview:-1\" \/>\n<link rel=\"canonical\" href=\"https:\/\/positiveprints.com\/fr\/produit\/affiche-de-naissance-triples\/\" \/>\n<meta property=\"og:locale\" content=\"fr_FR\" \/>\n<meta property=\"og:type\" content=\"article\" \/>\n<meta property=\"og:title\" content=\"Affiche de Naissance Tripl\u00e9s\" \/>\n<meta property=\"og:description\" content=\"Pr\u00e9servez les souvenirs pr\u00e9cieux des premiers moments des b\u00e9b\u00e9s - cr\u00e9ez un cadeau unique que chaque parent ch\u00e9rira pour toujours  Comm\u00e9morer les d\u00e9tails de naissance tels que les noms, les dates de naissance, les tailles et les poids   Choisissez parmi 4 illustrations et adaptez-les \u00e0 l&#039;\u00e9chelle 1:1 de la taille des b\u00e9b\u00e9s \u00e0 la naissance  Vois le r\u00e9sultat imm\u00e9diatement \u2013 l\u2019aper\u00e7u interactif te permet de peaufiner chaque d\u00e9tail\" \/>\n<meta property=\"og:url\" content=\"https:\/\/positiveprints.com\/fr\/produit\/affiche-de-naissance-triples\/\" \/>\n<meta property=\"og:site_name\" content=\"Positive Prints\" \/>\n<meta property=\"article:publisher\" content=\"https:\/\/www.facebook.com\/positiveprintscom\" \/>\n<meta property=\"article:modified_time\" content=\"2026-04-18T08:16:26+00:00\" \/>\n<meta property=\"og:image\" content=\"https:\/\/positiveprints.com\/wp-content\/uploads\/2022\/05\/tableau-naissance-triples.jpg\" \/>\n\t<meta property=\"og:image:width\" content=\"1080\" \/>\n\t<meta property=\"og:image:height\" content=\"1080\" \/>\n\t<meta property=\"og:image:type\" content=\"image\/jpeg\" \/>\n<meta name=\"twitter:card\" content=\"summary_large_image\" \/>\n<meta name=\"twitter:label1\" content=\"Dur\u00e9e de lecture estim\u00e9e\" \/>\n\t<meta name=\"twitter:data1\" content=\"3 minutes\" \/>\n<!-- \/ Yoast SEO Premium plugin. -->","yoast_head_json":{"title":"Affiche de Naissance Tripl\u00e9s ou Trio de B\u00e9b\u00e9s - Positive Prints","description":"Affiche de naissance personnalis\u00e9e pour tripl\u00e9s ou fr\u00e8res & s\u0153urs. Chaque poster porte le nom des b\u00e9b\u00e9s, leur date de naissance, leur taille et leur poids.","robots":{"index":"index","follow":"follow","max-snippet":"max-snippet:-1","max-image-preview":"max-image-preview:large","max-video-preview":"max-video-preview:-1"},"canonical":"https:\/\/positiveprints.com\/fr\/produit\/affiche-de-naissance-triples\/","og_locale":"fr_FR","og_type":"article","og_title":"Affiche de Naissance Tripl\u00e9s","og_description":"Pr\u00e9servez les souvenirs pr\u00e9cieux des premiers moments des b\u00e9b\u00e9s - cr\u00e9ez un cadeau unique que chaque parent ch\u00e9rira pour toujours  Comm\u00e9morer les d\u00e9tails de naissance tels que les noms, les dates de naissance, les tailles et les poids   Choisissez parmi 4 illustrations et adaptez-les \u00e0 l'\u00e9chelle 1:1 de la taille des b\u00e9b\u00e9s \u00e0 la naissance  Vois le r\u00e9sultat imm\u00e9diatement \u2013 l\u2019aper\u00e7u interactif te permet de peaufiner chaque d\u00e9tail","og_url":"https:\/\/positiveprints.com\/fr\/produit\/affiche-de-naissance-triples\/","og_site_name":"Positive Prints","article_publisher":"https:\/\/www.facebook.com\/positiveprintscom","article_modified_time":"2026-04-18T08:16:26+00:00","og_image":[{"width":1080,"height":1080,"url":"https:\/\/positiveprints.com\/wp-content\/uploads\/2022\/05\/tableau-naissance-triples.jpg","type":"image\/jpeg"}],"twitter_card":"summary_large_image","twitter_misc":{"Dur\u00e9e de lecture estim\u00e9e":"3 minutes"},"schema":{"@context":"https:\/\/schema.org","@graph":[{"@type":["WebPage","ItemPage"],"@id":"https:\/\/positiveprints.com\/fr\/produit\/affiche-de-naissance-triples\/","url":"https:\/\/positiveprints.com\/fr\/produit\/affiche-de-naissance-triples\/","name":"Affiche de Naissance Tripl\u00e9s ou Trio de B\u00e9b\u00e9s - Positive Prints","isPartOf":{"@id":"https:\/\/positiveprints.com\/fr\/#website"},"primaryImageOfPage":{"@id":"https:\/\/positiveprints.com\/fr\/produit\/affiche-de-naissance-triples\/#primaryimage"},"image":{"@id":"https:\/\/positiveprints.com\/fr\/produit\/affiche-de-naissance-triples\/#primaryimage"},"thumbnailUrl":"https:\/\/positiveprints.com\/wp-content\/uploads\/2022\/05\/tableau-naissance-triples.jpg","datePublished":"2020-05-30T14:17:25+00:00","dateModified":"2026-04-18T08:16:26+00:00","description":"Affiche de naissance personnalis\u00e9e pour tripl\u00e9s ou fr\u00e8res & s\u0153urs. Chaque poster porte le nom des b\u00e9b\u00e9s, leur date de naissance, leur taille et leur poids.","breadcrumb":{"@id":"https:\/\/positiveprints.com\/fr\/produit\/affiche-de-naissance-triples\/#breadcrumb"},"inLanguage":"fr-FR","potentialAction":[{"@type":"ReadAction","target":["https:\/\/positiveprints.com\/fr\/produit\/affiche-de-naissance-triples\/"]}]},{"@type":"ImageObject","inLanguage":"fr-FR","@id":"https:\/\/positiveprints.com\/fr\/produit\/affiche-de-naissance-triples\/#primaryimage","url":"https:\/\/positiveprints.com\/wp-content\/uploads\/2022\/05\/tableau-naissance-triples.jpg","contentUrl":"https:\/\/positiveprints.com\/wp-content\/uploads\/2022\/05\/tableau-naissance-triples.jpg","width":1080,"height":1080},{"@type":"BreadcrumbList","@id":"https:\/\/positiveprints.com\/fr\/produit\/affiche-de-naissance-triples\/#breadcrumb","itemListElement":[{"@type":"ListItem","position":1,"name":"Home","item":"https:\/\/positiveprints.com\/fr\/"},{"@type":"ListItem","position":2,"name":"Produits","item":"https:\/\/positiveprints.com\/fr\/shop\/"},{"@type":"ListItem","position":3,"name":"Affiche de Naissance Tripl\u00e9s"}]},{"@type":"WebSite","@id":"https:\/\/positiveprints.com\/fr\/#website","url":"https:\/\/positiveprints.com\/fr\/","name":"Positive Prints","description":"Amazing Custom Personalized Gifts","publisher":{"@id":"https:\/\/positiveprints.com\/fr\/#organization"},"potentialAction":[{"@type":"SearchAction","target":{"@type":"EntryPoint","urlTemplate":"https:\/\/positiveprints.com\/fr\/?s={search_term_string}"},"query-input":{"@type":"PropertyValueSpecification","valueRequired":true,"valueName":"search_term_string"}}],"inLanguage":"fr-FR"},{"@type":"Organization","@id":"https:\/\/positiveprints.com\/fr\/#organization","name":"Positive Prints","alternateName":"Positive Prints","url":"https:\/\/positiveprints.com\/fr\/","logo":{"@type":"ImageObject","inLanguage":"fr-FR","@id":"https:\/\/positiveprints.com\/fr\/#\/schema\/logo\/image\/","url":"https:\/\/positiveprints.com\/wp-content\/uploads\/2026\/03\/245815646_1337939713319158_5671353136411139666_n.png","contentUrl":"https:\/\/positiveprints.com\/wp-content\/uploads\/2026\/03\/245815646_1337939713319158_5671353136411139666_n.png","width":800,"height":800,"caption":"Positive Prints"},"image":{"@id":"https:\/\/positiveprints.com\/fr\/#\/schema\/logo\/image\/"},"sameAs":["https:\/\/www.facebook.com\/positiveprintscom","https:\/\/www.instagram.com\/positiveprintscom\/","https:\/\/www.tiktok.com\/@positiveprintscom","https:\/\/www.pinterest.com\/positiveprintscom\/"]}]}},"jetpack_sharing_enabled":true,"_links":{"self":[{"href":"https:\/\/positiveprints.com\/fr\/wp-json\/wp\/v2\/product\/22945","targetHints":{"allow":["GET"]}}],"collection":[{"href":"https:\/\/positiveprints.com\/fr\/wp-json\/wp\/v2\/product"}],"about":[{"href":"https:\/\/positiveprints.com\/fr\/wp-json\/wp\/v2\/types\/product"}],"wp:featuredmedia":[{"embeddable":true,"href":"https:\/\/positiveprints.com\/fr\/wp-json\/wp\/v2\/media\/270262"}],"wp:attachment":[{"href":"https:\/\/positiveprints.com\/fr\/wp-json\/wp\/v2\/media?parent=22945"}],"wp:term":[{"taxonomy":"product_brand","embeddable":true,"href":"https:\/\/positiveprints.com\/fr\/wp-json\/wp\/v2\/product_brand?post=22945"},{"taxonomy":"product_cat","embeddable":true,"href":"https:\/\/positiveprints.com\/fr\/wp-json\/wp\/v2\/product_cat?post=22945"},{"taxonomy":"product_tag","embeddable":true,"href":"https:\/\/positiveprints.com\/fr\/wp-json\/wp\/v2\/product_tag?post=22945"}],"curies":[{"name":"wp","href":"https:\/\/api.w.org\/{rel}","templated":true}]}}