{"id":22923,"date":"2020-06-18T21:24:37","date_gmt":"2020-06-18T20:24:37","guid":{"rendered":"https:\/\/positiveprints.com\/product\/affiche-naissance-croquis-bebe\/"},"modified":"2026-04-23T12:29:34","modified_gmt":"2026-04-23T11:29:34","slug":"affiche-de-naissance","status":"publish","type":"product","link":"https:\/\/positiveprints.com\/fr\/produit\/affiche-de-naissance\/","title":{"rendered":"Affiche De Naissance"},"content":{"rendered":"<p>L&#8217;affiche de naissance de b\u00e9b\u00e9 gardera les souvenirs du premier jour de vie de votre b\u00e9b\u00e9. Croiriez-vous que votre b\u00e9b\u00e9 \u00e9tait si petit? Commandez une affiche de votre b\u00e9b\u00e9 \u00e0 l&#8217;\u00e9chelle 1:1, indiquant sa taille \u00e0 la naissance.<\/p>\r\n\r\n<h2 class=\"grenB f24 cblue\" style=\"margin-top: 3rem\">Affiche personnalis\u00e9e de la naissance d&#8217;un enfant<\/h2>\r\n\r\n<p style=\"margin-top: 1rem\">Le jour de la naissance de votre b\u00e9b\u00e9 restera toujours dans les m\u00e9moires. La naissance d&#8217;une affiche de b\u00e9b\u00e9 est un excellent ajout pour vous aider \u00e0 c\u00e9l\u00e9brer ce moment. Vous pouvez le personnaliser \u00e0 votre guise. Choisissez un fond qui correspondra au d\u00e9cor de la chambre des enfants. Choisissez l&#8217;\u0153uvre de l&#8217;enfant que vous pr\u00e9f\u00e9rez. Compl\u00e9tez le nom et les d\u00e9tails de la naissance du b\u00e9b\u00e9. Toutes ces informations seront plac\u00e9es sur l&#8217;affiche, gr\u00e2ce \u00e0 laquelle elle acquerra un caract\u00e8re individuel.<\/p>\r\n\r\n<p style=\"margin-top: 1rem\">Cherchez-vous une affiche de plus d&#8217;enfants? Un certificat de naissance pour les jumeaux ou fr\u00e8res et s\u0153urs et un certificat de naissance pour les tripl\u00e9s ou les fr\u00e8res et s\u0153urs r\u00e9pondront s\u00fbrement \u00e0 vos attentes!<\/p>\r\n\r\n<h2 class=\"grenB f24 cblue\" style=\"margin-top: 3rem\">Affiche b\u00e9b\u00e9 \u00e0 l&#8217;\u00e9chelle 1: 1<\/h2>\r\n\r\n<p style=\"margin-top: 1rem\">L&#8217;illustration de b\u00e9b\u00e9 montr\u00e9e sur l&#8217;affiche de naissance est exactement la m\u00eame taille que votre prog\u00e9niture \u00e0 la naissance. Les enfants grandissent \u00e0 un rythme incroyable. Avec le temps, vous manquerez probablement de voir cette petite cr\u00e9ature. Une affiche de b\u00e9b\u00e9 \u00e0 l&#8217;\u00e9chelle 1: 1 ram\u00e8nera ces souvenirs incroyables. Qui sait, elle pourrait \u00eatre remplac\u00e9e par une autre affiche dans la chambre des enfants au fil du temps. Et puis rien ne l&#8217;emp\u00eache de s&#8217;accrocher dans votre chambre.<\/p>\r\n\r\n<h2 class=\"grenB f24 cblue\" style=\"margin-top: 3rem\">Une affiche personnalis\u00e9e est un beau cadeau \u00e0 l&#8217;occasion de la naissance<\/h2>\r\n\r\n<p style=\"margin-top: 1rem\">Un nouveau membre de votre famille vient de na\u00eetre? Vos amis ont-ils eu une prog\u00e9niture? L&#8217;acte de naissance d&#8217;un enfant est une id\u00e9e cadeau originale pour les parents. Vous pouvez ajouter votre propre d\u00e9vouement et offrir un cadeau qui suscitera s\u00fbrement beaucoup d&#8217;\u00e9motions positives.<\/p>\r\n\r\n<h2 class=\"grenB f24 cblue\" style=\"margin-top: 3rem\">Affiche enfant 1: 1 en version num\u00e9rique ou imprim\u00e9e<\/h2>\r\n\r\n<p style=\"margin-top: 1rem\">Une affiche pour la naissance d&#8217;un enfant sera un bel ajout \u00e0 tout int\u00e9rieur. Vous pouvez le commander en version imprim\u00e9e ou num\u00e9rique. Vous recherchez un cadeau de derni\u00e8re minute? Vous appr\u00e9cierez certainement la possibilit\u00e9 de commander une affiche sous forme de fichier num\u00e9rique pour votre propre impression.<\/p>\r\n\r\n<ul>\r\n<li>Affiche imprim\u00e9e: Une affiche de b\u00e9b\u00e9 personnalis\u00e9e \u00e0 l&#8217;\u00e9chelle 1: 1 est imprim\u00e9e sur du papier mat de haute qualit\u00e9, 190 g d&#8217;\u00e9paisseur. Cela lui permet de conserver sa grande qualit\u00e9 pendant des ann\u00e9es. Lors de la conception d&#8217;une affiche, vous avez acc\u00e8s \u00e0 un aper\u00e7u, gr\u00e2ce auquel vous pouvez v\u00e9rifier en permanence l&#8217;exactitude des donn\u00e9es saisies et l&#8217;apparence de l&#8217;affiche. Apr\u00e8s confirmation de la commande, l&#8217;affiche sera imprim\u00e9e, soigneusement emball\u00e9e et exp\u00e9di\u00e9e \u00e0 l&#8217;adresse indiqu\u00e9e.<\/li>\r\n<li>Dossier pour auto-impression: La naissance d&#8217;un poster enfant est \u00e9galement une parfaite id\u00e9e cadeau de derni\u00e8re minute. Apr\u00e8s avoir pay\u00e9 la commande, vous recevrez dans votre e-mail des mod\u00e8les d&#8217;affiches de plusieurs tailles \u00e0 imprimer automatiquement.<\/li><\/ul>","protected":false},"excerpt":{"rendered":"<ul class=\"check-list\">\n<li>Pr\u00e9servez de pr\u00e9cieux souvenirs avec l&#8217;Affiche de Naissance &#8211; un cadeau unique que les nouveaux parents ch\u00e9riront pour toujours<\/li>\n<li>Comm\u00e9morer les d\u00e9tails de la naissance tels que le nom, la date de naissance, la taille et le poids <\/li>\n<li>Choisissez parmi 7 illustrations et adaptez-les \u00e0 l&#8217;\u00e9chelle 1:1 de la taille du b\u00e9b\u00e9 \u00e0 la naissance<\/li>\n<li>Vois le r\u00e9sultat imm\u00e9diatement \u2013 l\u2019aper\u00e7u interactif te permet de peaufiner chaque d\u00e9tail<\/li>\n<\/ul>\n","protected":false},"featured_media":1528036,"template":"","meta":[],"product_brand":[],"product_cat":[3127,7589,11211,11212,264,8243,1813,5249,7813],"product_tag":[9470,8447,9494],"class_list":{"0":"post-22923","1":"product","2":"type-product","3":"status-publish","4":"has-post-thumbnail","6":"product_cat-cadeaux-danniversaire","7":"product_cat-cadeaux-de-bapteme","8":"product_cat-cadeau-anniversaire-femme","9":"product_cat-cadeau-anniversaire-homme","10":"product_cat-creators-fr-2","11":"product_cat-digital-products-fr","12":"product_cat-infant-fr-2","13":"product_cat-cadeaux-de-naissance-bebe","14":"product_cat-cadeaux-pour-nouveaux-parents","15":"product_tag-affiche-bebe","16":"product_tag-new-parents-fr","17":"product_tag-nouveau-ne","19":"first","20":"instock","21":"sale","22":"taxable","23":"shipping-taxable","24":"purchasable","25":"product-type-variable"},"yoast_head":"<!-- This site is optimized with the Yoast SEO Premium plugin v27.2 (Yoast SEO v27.2) - https:\/\/yoast.com\/product\/yoast-seo-premium-wordpress\/ -->\n<title>Affiche de Naissance | Dessin b\u00e9b\u00e9 naissance - Positive Prints<\/title>\n<meta name=\"description\" content=\"L&#039;affiche de naissance personnalis\u00e9e, \u00e0 l&#039;\u00e9chelle de votre b\u00e9b\u00e9, est un souvenir et une cadeau de naissance id\u00e9al pour comm\u00e9morer l&#039;arriv\u00e9e de votre enfant.\" \/>\n<meta name=\"robots\" content=\"index, follow, max-snippet:-1, max-image-preview:large, max-video-preview:-1\" \/>\n<link rel=\"canonical\" href=\"https:\/\/positiveprints.com\/fr\/produit\/affiche-de-naissance\/\" \/>\n<meta property=\"og:locale\" content=\"fr_FR\" \/>\n<meta property=\"og:type\" content=\"article\" \/>\n<meta property=\"og:title\" content=\"Affiche De Naissance\" \/>\n<meta property=\"og:description\" content=\"Pr\u00e9servez de pr\u00e9cieux souvenirs avec l&#039;Affiche de Naissance - un cadeau unique que les nouveaux parents ch\u00e9riront pour toujours  Comm\u00e9morer les d\u00e9tails de la naissance tels que le nom, la date de naissance, la taille et le poids   Choisissez parmi 7 illustrations et adaptez-les \u00e0 l&#039;\u00e9chelle 1:1 de la taille du b\u00e9b\u00e9 \u00e0 la naissance  Vois le r\u00e9sultat imm\u00e9diatement \u2013 l\u2019aper\u00e7u interactif te permet de peaufiner chaque d\u00e9tail\" \/>\n<meta property=\"og:url\" content=\"https:\/\/positiveprints.com\/fr\/produit\/affiche-de-naissance\/\" \/>\n<meta property=\"og:site_name\" content=\"Positive Prints\" \/>\n<meta property=\"article:publisher\" content=\"https:\/\/www.facebook.com\/positiveprintscom\" \/>\n<meta property=\"article:modified_time\" content=\"2026-04-23T11:29:34+00:00\" \/>\n<meta property=\"og:image\" content=\"https:\/\/positiveprints.com\/wp-content\/uploads\/2022\/05\/dessin-naissance.jpg\" \/>\n\t<meta property=\"og:image:width\" content=\"1080\" \/>\n\t<meta property=\"og:image:height\" content=\"1080\" \/>\n\t<meta property=\"og:image:type\" content=\"image\/jpeg\" \/>\n<meta name=\"twitter:card\" content=\"summary_large_image\" \/>\n<!-- \/ Yoast SEO Premium plugin. -->","yoast_head_json":{"title":"Affiche de Naissance | Dessin b\u00e9b\u00e9 naissance - Positive Prints","description":"L'affiche de naissance personnalis\u00e9e, \u00e0 l'\u00e9chelle de votre b\u00e9b\u00e9, est un souvenir et une cadeau de naissance id\u00e9al pour comm\u00e9morer l'arriv\u00e9e de votre enfant.","robots":{"index":"index","follow":"follow","max-snippet":"max-snippet:-1","max-image-preview":"max-image-preview:large","max-video-preview":"max-video-preview:-1"},"canonical":"https:\/\/positiveprints.com\/fr\/produit\/affiche-de-naissance\/","og_locale":"fr_FR","og_type":"article","og_title":"Affiche De Naissance","og_description":"Pr\u00e9servez de pr\u00e9cieux souvenirs avec l'Affiche de Naissance - un cadeau unique que les nouveaux parents ch\u00e9riront pour toujours  Comm\u00e9morer les d\u00e9tails de la naissance tels que le nom, la date de naissance, la taille et le poids   Choisissez parmi 7 illustrations et adaptez-les \u00e0 l'\u00e9chelle 1:1 de la taille du b\u00e9b\u00e9 \u00e0 la naissance  Vois le r\u00e9sultat imm\u00e9diatement \u2013 l\u2019aper\u00e7u interactif te permet de peaufiner chaque d\u00e9tail","og_url":"https:\/\/positiveprints.com\/fr\/produit\/affiche-de-naissance\/","og_site_name":"Positive Prints","article_publisher":"https:\/\/www.facebook.com\/positiveprintscom","article_modified_time":"2026-04-23T11:29:34+00:00","og_image":[{"width":1080,"height":1080,"url":"https:\/\/positiveprints.com\/wp-content\/uploads\/2022\/05\/dessin-naissance.jpg","type":"image\/jpeg"}],"twitter_card":"summary_large_image","schema":{"@context":"https:\/\/schema.org","@graph":[{"@type":["WebPage","ItemPage"],"@id":"https:\/\/positiveprints.com\/fr\/produit\/affiche-de-naissance\/","url":"https:\/\/positiveprints.com\/fr\/produit\/affiche-de-naissance\/","name":"Affiche de Naissance | Dessin b\u00e9b\u00e9 naissance - Positive Prints","isPartOf":{"@id":"https:\/\/positiveprints.com\/fr\/#website"},"primaryImageOfPage":{"@id":"https:\/\/positiveprints.com\/fr\/produit\/affiche-de-naissance\/#primaryimage"},"image":{"@id":"https:\/\/positiveprints.com\/fr\/produit\/affiche-de-naissance\/#primaryimage"},"thumbnailUrl":"https:\/\/positiveprints.com\/wp-content\/uploads\/2025\/09\/Packshot_FR_Affiche-De-Naissance.webp","datePublished":"2020-06-18T20:24:37+00:00","dateModified":"2026-04-23T11:29:34+00:00","description":"L'affiche de naissance personnalis\u00e9e, \u00e0 l'\u00e9chelle de votre b\u00e9b\u00e9, est un souvenir et une cadeau de naissance id\u00e9al pour comm\u00e9morer l'arriv\u00e9e de votre enfant.","breadcrumb":{"@id":"https:\/\/positiveprints.com\/fr\/produit\/affiche-de-naissance\/#breadcrumb"},"inLanguage":"fr-FR","potentialAction":[{"@type":"ReadAction","target":["https:\/\/positiveprints.com\/fr\/produit\/affiche-de-naissance\/"]}]},{"@type":"ImageObject","inLanguage":"fr-FR","@id":"https:\/\/positiveprints.com\/fr\/produit\/affiche-de-naissance\/#primaryimage","url":"https:\/\/positiveprints.com\/wp-content\/uploads\/2025\/09\/Packshot_FR_Affiche-De-Naissance.webp","contentUrl":"https:\/\/positiveprints.com\/wp-content\/uploads\/2025\/09\/Packshot_FR_Affiche-De-Naissance.webp","width":1450,"height":1450},{"@type":"BreadcrumbList","@id":"https:\/\/positiveprints.com\/fr\/produit\/affiche-de-naissance\/#breadcrumb","itemListElement":[{"@type":"ListItem","position":1,"name":"Home","item":"https:\/\/positiveprints.com\/fr\/"},{"@type":"ListItem","position":2,"name":"Produits","item":"https:\/\/positiveprints.com\/fr\/shop\/"},{"@type":"ListItem","position":3,"name":"Affiche De Naissance"}]},{"@type":"WebSite","@id":"https:\/\/positiveprints.com\/fr\/#website","url":"https:\/\/positiveprints.com\/fr\/","name":"Positive Prints","description":"Amazing Custom Personalized Gifts","publisher":{"@id":"https:\/\/positiveprints.com\/fr\/#organization"},"potentialAction":[{"@type":"SearchAction","target":{"@type":"EntryPoint","urlTemplate":"https:\/\/positiveprints.com\/fr\/?s={search_term_string}"},"query-input":{"@type":"PropertyValueSpecification","valueRequired":true,"valueName":"search_term_string"}}],"inLanguage":"fr-FR"},{"@type":"Organization","@id":"https:\/\/positiveprints.com\/fr\/#organization","name":"Positive Prints","alternateName":"Positive Prints","url":"https:\/\/positiveprints.com\/fr\/","logo":{"@type":"ImageObject","inLanguage":"fr-FR","@id":"https:\/\/positiveprints.com\/fr\/#\/schema\/logo\/image\/","url":"https:\/\/positiveprints.com\/wp-content\/uploads\/2026\/03\/245815646_1337939713319158_5671353136411139666_n.png","contentUrl":"https:\/\/positiveprints.com\/wp-content\/uploads\/2026\/03\/245815646_1337939713319158_5671353136411139666_n.png","width":800,"height":800,"caption":"Positive Prints"},"image":{"@id":"https:\/\/positiveprints.com\/fr\/#\/schema\/logo\/image\/"},"sameAs":["https:\/\/www.facebook.com\/positiveprintscom","https:\/\/www.instagram.com\/positiveprintscom\/","https:\/\/www.tiktok.com\/@positiveprintscom","https:\/\/www.pinterest.com\/positiveprintscom\/"]}]}},"jetpack_sharing_enabled":true,"_links":{"self":[{"href":"https:\/\/positiveprints.com\/fr\/wp-json\/wp\/v2\/product\/22923","targetHints":{"allow":["GET"]}}],"collection":[{"href":"https:\/\/positiveprints.com\/fr\/wp-json\/wp\/v2\/product"}],"about":[{"href":"https:\/\/positiveprints.com\/fr\/wp-json\/wp\/v2\/types\/product"}],"wp:featuredmedia":[{"embeddable":true,"href":"https:\/\/positiveprints.com\/fr\/wp-json\/wp\/v2\/media\/1528036"}],"wp:attachment":[{"href":"https:\/\/positiveprints.com\/fr\/wp-json\/wp\/v2\/media?parent=22923"}],"wp:term":[{"taxonomy":"product_brand","embeddable":true,"href":"https:\/\/positiveprints.com\/fr\/wp-json\/wp\/v2\/product_brand?post=22923"},{"taxonomy":"product_cat","embeddable":true,"href":"https:\/\/positiveprints.com\/fr\/wp-json\/wp\/v2\/product_cat?post=22923"},{"taxonomy":"product_tag","embeddable":true,"href":"https:\/\/positiveprints.com\/fr\/wp-json\/wp\/v2\/product_tag?post=22923"}],"curies":[{"name":"wp","href":"https:\/\/api.w.org\/{rel}","templated":true}]}}