{"id":188468,"date":"2021-03-23T08:58:13","date_gmt":"2021-03-23T07:58:13","guid":{"rendered":"https:\/\/positiveprints.com\/product\/carte-des-etoiles-jour-de-naissance\/"},"modified":"2026-04-18T09:13:01","modified_gmt":"2026-04-18T08:13:01","slug":"carte-des-etoiles-jour-de-naissance","status":"publish","type":"product","link":"https:\/\/positiveprints.com\/fr\/produit\/carte-des-etoiles-jour-de-naissance\/","title":{"rendered":"Carte des \u00c9toiles Jour de Naissance"},"content":{"rendered":"<p>\u00cates-vous \u00e0 la recherche du cadeau le plus original pour un nouveau-n\u00e9 ?  La &#8216;Carte des \u00c9toiles Jour de Naissance&#8217; est faite pour cette merveilleuse occasion ! Cette superbe repr\u00e9sentation de la voute c\u00e9leste est recr\u00e9\u00e9e pour correspondre \u00e0 ce moment sp\u00e9cial de votre vie.<\/p>\r\n<h2 class=\"grenB f24 cblue\" style=\"margin-top: 3rem\">Qu&#8217;est-ce qu&#8217;une &#8220;Carte des \u00c9toiles Jour de Naissance&#8221; ?<\/h2>\r\n<p style=\"margin-top: 1rem\">Une carte des \u00e9toiles est une repr\u00e9sentation tr\u00e8s d\u00e9taill\u00e9e de ce \u00e0 quoi ressemblait la vo\u00fbte c\u00e9leste \u00e0 une date sp\u00e9cifique de votre choix. Cela revient \u00e0 regarder le ciel \u00e9toil\u00e9 \u00e0 cette date particuli\u00e8re, \u00e0 observer le ciel tel qu&#8217;il \u00e9tait exactement et \u00e0 revivre ce moment dans le temps.<\/p>\r\n<p style=\"margin-top: 1rem\">Certains pensent que la position des \u00e9toiles et des autres corps c\u00e9lestes influence la vie sur Terre. Lors d&#8217;occasions importantes, et notamment la naissance d&#8217;un enfant, on pense que les \u00e9toiles, les plan\u00e8tes et les cieux sont en parfaite harmonie. Il s&#8217;agit d&#8217;un moment pr\u00e9cieux \u00e0 immortaliser, ces \u00e9v\u00e9nements sp\u00e9ciaux contribuant \u00e0 d\u00e9finir notre parcours de vie.<\/p>\r\n<p style=\"margin-top: 1rem\">Quelle que soit votre opinion sur l&#8217;impact du ciel sur la vie sur Terre, les <a href=\"https:\/\/positiveprints.com\/fr\/produit\/carte-du-ciel-personnalisee\/\">affiches personnalis\u00e9es de la carte des \u00e9toiles<\/a> sont destin\u00e9es \u00e0 marquer les moments les plus importants de votre vie. Elles sont \u00e9l\u00e9gantes et artistiques et sont faites pour \u00eatre expos\u00e9es dans votre foyer. Elles constituent \u00e9galement d&#8217;excellents cadeaux \u00e0 offrir aux membres de votre famille, \u00e0 votre conjoint, \u00e0 vos enfants ou \u00e0 d&#8217;autres \u00eatres qui vous sont chers et dont vous souhaitez c\u00e9l\u00e9brer la vie.<\/p>\r\n<h2 class=\"grenB f24 cblue\" style=\"margin-top: 3rem\">Notre &#8220;Carte des \u00c9toiles Jour de Naissance&#8221; est-elle exacte ?<\/h2>\r\n<p style=\"margin-top: 1rem\">Notre \u00e9diteur interactif de cartes des \u00e9toiles n&#8217;est pas un simple gadget. Celui-ci est pilot\u00e9 par une technologie sophistiqu\u00e9e exploitant les donn\u00e9es d&#8217;Hipparcos afin de recr\u00e9er le plus fid\u00e8lement possible le ciel nocturne. <a href=\"https:\/\/fr.wikipedia.org\/wiki\/Hipparcos\">Hipparcos<\/a> a \u00e9t\u00e9 le premier projet spatial par satellite ax\u00e9 sur l&#8217;astrom\u00e9trie, c&#8217;est-\u00e0-dire la mesure de la position des corps c\u00e9lestes dans le ciel. Il a recueilli des donn\u00e9es sur plus de 118 000 \u00e9toiles dans le ciel, ce qui nous permet de r\u00e9aliser des cartes des \u00e9toiles tr\u00e8s d\u00e9taill\u00e9es pour nos clients.<\/p>\r\n<p style=\"margin-top: 1rem\">Lorsque vous commandez une affiche de carte des \u00e9toiles chez Positive Prints, vous avez l&#8217;impression de remonter dans le temps pour contempler le ciel \u00e9toil\u00e9 la nuit de la naissance d&#8217;un enfant.<\/p>\r\n<h2 class=\"grenB f24 cblue\" style=\"margin-top: 3rem\">Comment puis-je personnaliser une &#8220;Carte des \u00c9toiles Jour de Naissance&#8221; ?<\/h2>\r\n<p style=\"margin-top: 1rem\">Il n&#8217;est pas n\u00e9cessaire de ma\u00eetriser l&#8217;astronomie ou l&#8217;astrologie pour cr\u00e9er une &#8220;Carte des \u00c9toiles Jour de Naissance&#8221;, ni de mener des recherches approfondies pour savoir \u00e0 quoi ressemblait le ciel nocturne le jour de la naissance de l&#8217;enfant. Chez Positive Prints, nous avons supprim\u00e9 toute approximation pour que la beaut\u00e9 artistique puisse s&#8217;\u00e9panouir.<\/p>\r\n<p style=\"margin-top: 1rem\">Notre \u00e9diteur d&#8217;\u00e9toiles, convivial et intuitif, vous guide \u00e0 travers trois \u00e9tapes des plus simples pour concevoir une carte des \u00e9toiles. Gr\u00e2ce \u00e0 notre outil de cr\u00e9ation, vous jouez le r\u00f4le du designer. S\u00e9lectionnez la forme de votre carte, la combinaison de couleurs, le niveau de d\u00e9tail et le texte personnalis\u00e9. \u00c0 chaque s\u00e9lection ou modification, vous pourrez observer votre carte prendre vie.<\/p>\r\n<p style=\"margin-top: 1rem\">Choisissez d&#8217;inclure des constellations, des noms de constellations, la Voie lact\u00e9e, des plan\u00e8tes et\/ou des noms de plan\u00e8tes si vous le souhaitez. Vous pouvez contr\u00f4ler le niveau de d\u00e9tail de la carte pour obtenir l&#8217;image exacte que vous attendez.<\/p>\r\n<p style=\"margin-top: 1rem\">S\u00e9lectionnez l&#8217;emplacement du moment que vous souhaitez capturer avec une carte du ciel, ainsi que la date et l&#8217;heure pour une repr\u00e9sentation la plus pr\u00e9cise possible. Ajoutez des lignes de texte pour offrir un <a href=\"https:\/\/positiveprints.com\/fr\/citations-sur-les-etoiles\/\">message sentimental \u00e0 un petit enfant<\/a> ou pour d\u00e9crire votre moment dans le temps.<\/p>\r\n<p style=\"margin-top: 1rem\">Une fois que vous avez fini de personnaliser la &#8220;Carte des \u00c9toiles Jour de Naissance&#8221;, vous pouvez d\u00e9cider de la m\u00e9thode de r\u00e9ception. Positive Prints offre actuellement la possibilit\u00e9 d&#8217;imprimer et de vous envoyer votre affiche par la poste, ou de choisir un fichier num\u00e9rique \u00e0 t\u00e9l\u00e9charger et de faire imprimer l&#8217;affiche dans le lieu de votre choix (id\u00e9al pour les cadeaux de derni\u00e8re minute). Nous proposons \u00e9galement des versions sur toile et encadr\u00e9es, toutes deux de grande qualit\u00e9 et adapt\u00e9es aux cadeaux.<\/p>\r\n<h2 class=\"grenB f24 cblue\" style=\"margin-top: 3rem\">Le jour de votre naissance &#8211; Le cadeau le plus significatif !<\/h2>\r\n\r\n<p style=\"margin-top: 1rem\">Nos clients adorent les cartes du ciel Positive Prints pour de nombreuses raisons, mais la demande la plus fr\u00e9quente concerne les cadeaux. Une carte du ciel personnalis\u00e9e est un cadeau original particuli\u00e8rement appr\u00e9ci\u00e9. Surtout pour la naissance d&#8217;un b\u00e9b\u00e9.<\/p>\r\n<p style=\"margin-top: 1rem\">Il s&#8217;agit d&#8217;un cadeau personnel gr\u00e2ce auquel vous pouvez montrer que vous avez pris la peine de cr\u00e9er quelque chose de beau pour les personnes les plus importantes de votre vie.<\/p>\r\n<p style=\"margin-top: 1rem\">Nous vous invitons \u00e0 commencer d\u00e8s aujourd&#8217;hui &#8211; essayez notre \u00c9diteur d&#8217;\u00c9toiles intuitif et cr\u00e9ez votre &#8220;Carte des \u00c9toiles Jour de Naissance&#8221; en quelques minutes !<\/p>","protected":false},"excerpt":{"rendered":"<ul class=\"check-list\">\n<li>Ajoutez des plan\u00e8tes, des constellations et la Voie Lact\u00e9e<\/li>\n<li>Personnalisez votre design en 3 \u00e9tapes simples<\/li>\n<li>Incluez un texte personnalis\u00e9 significatif<\/li>\n<li>Visualisez le r\u00e9sultat imm\u00e9diatement \u2013 l\u2019aper\u00e7u interactif vous permet de peaufiner chaque d\u00e9tail<\/li>\n<\/ul>\n","protected":false},"featured_media":1225853,"template":"","meta":[],"product_brand":[],"product_cat":[3127,9274,11211,11212,5249,5264,7685,7765,7653,8006,11398,8217,7813,15844,2878],"product_tag":[17450,17602,17593,17572,17556,17540,17525,17510,17495,17638,13327,17465,13435,13330,8447],"class_list":{"0":"post-188468","1":"product","2":"type-product","3":"status-publish","4":"has-post-thumbnail","6":"product_cat-cadeaux-danniversaire","7":"product_cat-bestsellers-label-fr","8":"product_cat-cadeau-anniversaire-femme","9":"product_cat-cadeau-anniversaire-homme","10":"product_cat-cadeaux-de-naissance-bebe","11":"product_cat-cadeaux-de-noel","12":"product_cat-cadeaux-pour-femmes","13":"product_cat-cadeaux-pour-fille","14":"product_cat-cadeaux-pour-fils","15":"product_cat-cadeaux-pour-hommes","16":"product_cat-cadeaux-de-noel-pour-les-enfants","17":"product_cat-pour-lui","18":"product_cat-cadeaux-pour-nouveaux-parents","19":"product_cat-shop-bestsellers-fr","20":"product_cat-star-fr-2","21":"product_tag-100-ans","22":"product_tag-16-ans","23":"product_tag-18-ans","24":"product_tag-20-ans","25":"product_tag-30-ans","26":"product_tag-40-ans","27":"product_tag-50-ans","28":"product_tag-60-ans","29":"product_tag-70-ans","30":"product_tag-80-ans","31":"product_tag-80e-anniversaire","32":"product_tag-90-ans","33":"product_tag-cadeau-de-noel-pour-fils","34":"product_tag-cadeau-de-noel-pour-une-fille","35":"product_tag-new-parents-fr","37":"first","38":"instock","39":"sale","40":"taxable","41":"shipping-taxable","42":"purchasable","43":"product-type-variable"},"yoast_head":"<!-- This site is optimized with the Yoast SEO Premium plugin v27.2 (Yoast SEO v27.2) - https:\/\/yoast.com\/product\/yoast-seo-premium-wordpress\/ -->\n<title>Carte des \u00c9toiles Jour de Naissance - Positive Prints<\/title>\n<meta name=\"description\" content=\"Cr\u00e9ez une affiche personnalis\u00e9e de la carte des \u00e9toiles du jour de naissance, un cadeau unique pour c\u00e9l\u00e9brer une naissance.\" \/>\n<meta name=\"robots\" content=\"index, follow, max-snippet:-1, max-image-preview:large, max-video-preview:-1\" \/>\n<link rel=\"canonical\" href=\"https:\/\/positiveprints.com\/fr\/produit\/carte-des-etoiles-jour-de-naissance\/\" \/>\n<meta property=\"og:locale\" content=\"fr_FR\" \/>\n<meta property=\"og:type\" content=\"article\" \/>\n<meta property=\"og:title\" content=\"Carte des \u00c9toiles Jour de Naissance\" \/>\n<meta property=\"og:description\" content=\"Ajoutez des plan\u00e8tes, des constellations et la Voie Lact\u00e9e Personnalisez votre design en 3 \u00e9tapes simples Incluez un texte personnalis\u00e9 significatif Visualisez le r\u00e9sultat imm\u00e9diatement \u2013 l\u2019aper\u00e7u interactif vous permet de peaufiner chaque d\u00e9tail\" \/>\n<meta property=\"og:url\" content=\"https:\/\/positiveprints.com\/fr\/produit\/carte-des-etoiles-jour-de-naissance\/\" \/>\n<meta property=\"og:site_name\" content=\"Positive Prints\" \/>\n<meta property=\"article:publisher\" content=\"https:\/\/www.facebook.com\/positiveprintscom\" \/>\n<meta property=\"article:modified_time\" content=\"2026-04-18T08:13:01+00:00\" \/>\n<meta property=\"og:image\" content=\"https:\/\/positiveprints.com\/wp-content\/uploads\/2024\/10\/Packshot_FR_The-Day-You-Were-Born-product-image.webp\" \/>\n\t<meta property=\"og:image:width\" content=\"1450\" \/>\n\t<meta property=\"og:image:height\" content=\"1450\" \/>\n\t<meta property=\"og:image:type\" content=\"image\/webp\" \/>\n<meta name=\"twitter:card\" content=\"summary_large_image\" \/>\n<meta name=\"twitter:label1\" content=\"Dur\u00e9e de lecture estim\u00e9e\" \/>\n\t<meta name=\"twitter:data1\" content=\"4 minutes\" \/>\n<!-- \/ Yoast SEO Premium plugin. -->","yoast_head_json":{"title":"Carte des \u00c9toiles Jour de Naissance - Positive Prints","description":"Cr\u00e9ez une affiche personnalis\u00e9e de la carte des \u00e9toiles du jour de naissance, un cadeau unique pour c\u00e9l\u00e9brer une naissance.","robots":{"index":"index","follow":"follow","max-snippet":"max-snippet:-1","max-image-preview":"max-image-preview:large","max-video-preview":"max-video-preview:-1"},"canonical":"https:\/\/positiveprints.com\/fr\/produit\/carte-des-etoiles-jour-de-naissance\/","og_locale":"fr_FR","og_type":"article","og_title":"Carte des \u00c9toiles Jour de Naissance","og_description":"Ajoutez des plan\u00e8tes, des constellations et la Voie Lact\u00e9e Personnalisez votre design en 3 \u00e9tapes simples Incluez un texte personnalis\u00e9 significatif Visualisez le r\u00e9sultat imm\u00e9diatement \u2013 l\u2019aper\u00e7u interactif vous permet de peaufiner chaque d\u00e9tail","og_url":"https:\/\/positiveprints.com\/fr\/produit\/carte-des-etoiles-jour-de-naissance\/","og_site_name":"Positive Prints","article_publisher":"https:\/\/www.facebook.com\/positiveprintscom","article_modified_time":"2026-04-18T08:13:01+00:00","og_image":[{"width":1450,"height":1450,"url":"https:\/\/positiveprints.com\/wp-content\/uploads\/2024\/10\/Packshot_FR_The-Day-You-Were-Born-product-image.webp","type":"image\/webp"}],"twitter_card":"summary_large_image","twitter_misc":{"Dur\u00e9e de lecture estim\u00e9e":"4 minutes"},"schema":{"@context":"https:\/\/schema.org","@graph":[{"@type":["WebPage","ItemPage"],"@id":"https:\/\/positiveprints.com\/fr\/produit\/carte-des-etoiles-jour-de-naissance\/","url":"https:\/\/positiveprints.com\/fr\/produit\/carte-des-etoiles-jour-de-naissance\/","name":"Carte des \u00c9toiles Jour de Naissance - Positive Prints","isPartOf":{"@id":"https:\/\/positiveprints.com\/fr\/#website"},"primaryImageOfPage":{"@id":"https:\/\/positiveprints.com\/fr\/produit\/carte-des-etoiles-jour-de-naissance\/#primaryimage"},"image":{"@id":"https:\/\/positiveprints.com\/fr\/produit\/carte-des-etoiles-jour-de-naissance\/#primaryimage"},"thumbnailUrl":"https:\/\/positiveprints.com\/wp-content\/uploads\/2024\/10\/Packshot_FR_The-Day-You-Were-Born-product-image.webp","datePublished":"2021-03-23T07:58:13+00:00","dateModified":"2026-04-18T08:13:01+00:00","description":"Cr\u00e9ez une affiche personnalis\u00e9e de la carte des \u00e9toiles du jour de naissance, un cadeau unique pour c\u00e9l\u00e9brer une naissance.","breadcrumb":{"@id":"https:\/\/positiveprints.com\/fr\/produit\/carte-des-etoiles-jour-de-naissance\/#breadcrumb"},"inLanguage":"fr-FR","potentialAction":[{"@type":"ReadAction","target":["https:\/\/positiveprints.com\/fr\/produit\/carte-des-etoiles-jour-de-naissance\/"]}]},{"@type":"ImageObject","inLanguage":"fr-FR","@id":"https:\/\/positiveprints.com\/fr\/produit\/carte-des-etoiles-jour-de-naissance\/#primaryimage","url":"https:\/\/positiveprints.com\/wp-content\/uploads\/2024\/10\/Packshot_FR_The-Day-You-Were-Born-product-image.webp","contentUrl":"https:\/\/positiveprints.com\/wp-content\/uploads\/2024\/10\/Packshot_FR_The-Day-You-Were-Born-product-image.webp","width":1450,"height":1450},{"@type":"BreadcrumbList","@id":"https:\/\/positiveprints.com\/fr\/produit\/carte-des-etoiles-jour-de-naissance\/#breadcrumb","itemListElement":[{"@type":"ListItem","position":1,"name":"Home","item":"https:\/\/positiveprints.com\/fr\/"},{"@type":"ListItem","position":2,"name":"Produits","item":"https:\/\/positiveprints.com\/fr\/shop\/"},{"@type":"ListItem","position":3,"name":"Carte des \u00c9toiles Jour de Naissance"}]},{"@type":"WebSite","@id":"https:\/\/positiveprints.com\/fr\/#website","url":"https:\/\/positiveprints.com\/fr\/","name":"Positive Prints","description":"Amazing Custom Personalized Gifts","publisher":{"@id":"https:\/\/positiveprints.com\/fr\/#organization"},"potentialAction":[{"@type":"SearchAction","target":{"@type":"EntryPoint","urlTemplate":"https:\/\/positiveprints.com\/fr\/?s={search_term_string}"},"query-input":{"@type":"PropertyValueSpecification","valueRequired":true,"valueName":"search_term_string"}}],"inLanguage":"fr-FR"},{"@type":"Organization","@id":"https:\/\/positiveprints.com\/fr\/#organization","name":"Positive Prints","alternateName":"Positive Prints","url":"https:\/\/positiveprints.com\/fr\/","logo":{"@type":"ImageObject","inLanguage":"fr-FR","@id":"https:\/\/positiveprints.com\/fr\/#\/schema\/logo\/image\/","url":"https:\/\/positiveprints.com\/wp-content\/uploads\/2026\/03\/245815646_1337939713319158_5671353136411139666_n.png","contentUrl":"https:\/\/positiveprints.com\/wp-content\/uploads\/2026\/03\/245815646_1337939713319158_5671353136411139666_n.png","width":800,"height":800,"caption":"Positive Prints"},"image":{"@id":"https:\/\/positiveprints.com\/fr\/#\/schema\/logo\/image\/"},"sameAs":["https:\/\/www.facebook.com\/positiveprintscom","https:\/\/www.instagram.com\/positiveprintscom\/","https:\/\/www.tiktok.com\/@positiveprintscom","https:\/\/www.pinterest.com\/positiveprintscom\/"]}]}},"jetpack_sharing_enabled":true,"_links":{"self":[{"href":"https:\/\/positiveprints.com\/fr\/wp-json\/wp\/v2\/product\/188468","targetHints":{"allow":["GET"]}}],"collection":[{"href":"https:\/\/positiveprints.com\/fr\/wp-json\/wp\/v2\/product"}],"about":[{"href":"https:\/\/positiveprints.com\/fr\/wp-json\/wp\/v2\/types\/product"}],"wp:featuredmedia":[{"embeddable":true,"href":"https:\/\/positiveprints.com\/fr\/wp-json\/wp\/v2\/media\/1225853"}],"wp:attachment":[{"href":"https:\/\/positiveprints.com\/fr\/wp-json\/wp\/v2\/media?parent=188468"}],"wp:term":[{"taxonomy":"product_brand","embeddable":true,"href":"https:\/\/positiveprints.com\/fr\/wp-json\/wp\/v2\/product_brand?post=188468"},{"taxonomy":"product_cat","embeddable":true,"href":"https:\/\/positiveprints.com\/fr\/wp-json\/wp\/v2\/product_cat?post=188468"},{"taxonomy":"product_tag","embeddable":true,"href":"https:\/\/positiveprints.com\/fr\/wp-json\/wp\/v2\/product_tag?post=188468"}],"curies":[{"name":"wp","href":"https:\/\/api.w.org\/{rel}","templated":true}]}}