{"id":1689014,"date":"2026-03-20T11:02:28","date_gmt":"2026-03-20T10:02:28","guid":{"rendered":"https:\/\/positiveprints.com\/?post_type=product&#038;p=1689014"},"modified":"2026-04-07T11:23:12","modified_gmt":"2026-04-07T10:23:12","slug":"affiche-personnalisee-de-la-lune-balsamique","status":"publish","type":"product","link":"https:\/\/positiveprints.com\/fr\/produit\/affiche-personnalisee-de-la-lune-balsamique\/","title":{"rendered":"Affiche personnalis\u00e9e de la lune balsamique"},"content":{"rendered":"","protected":false},"excerpt":{"rendered":"<ul class=\"check-list\">\n<li>Repr\u00e9sentez la phase de Lune d\u2019un moment marquant<\/li>\n<li>Personnalisez en seulement 3 \u00e9tapes<\/li>\n<li>Choisissez parmi une s\u00e9lection de superbes designs<\/li>\n<li>Ajoutez un texte personnalis\u00e9 porteur de sens<\/li>\n<li>Visualisez le rendu en temps r\u00e9el gr\u00e2ce \u00e0 l\u2019aper\u00e7u interactif<\/li>\n<\/ul>\n","protected":false},"featured_media":1690581,"template":"","meta":[],"product_brand":[],"product_cat":[7210,104],"product_tag":[13627,13840],"class_list":{"0":"post-1689014","1":"product","2":"type-product","3":"status-publish","4":"has-post-thumbnail","6":"product_cat-moon-fr","7":"product_cat-tous-les-produits","8":"product_tag-moon-phase-fr","9":"product_tag-waning-crescent-moon-fr","11":"first","12":"instock","13":"sale","14":"taxable","15":"shipping-taxable","16":"purchasable","17":"product-type-variable"},"yoast_head":"<!-- This site is optimized with the Yoast SEO Premium plugin v27.2 (Yoast SEO v27.2) - https:\/\/yoast.com\/product\/yoast-seo-premium-wordpress\/ -->\n<title>Affiche personnalis\u00e9e de la lune balsamique - Positive Prints<\/title>\n<meta name=\"description\" content=\"C\u00e9l\u00e9brez la beaut\u00e9 paisible de la lune balsamique avec notre affiche personnalis\u00e9e. Une \u0153uvre c\u00e9leste \u00e9l\u00e9gante pour sublimer votre int\u00e9rieur.\" \/>\n<meta name=\"robots\" content=\"index, follow, max-snippet:-1, max-image-preview:large, max-video-preview:-1\" \/>\n<link rel=\"canonical\" href=\"https:\/\/positiveprints.com\/fr\/produit\/affiche-personnalisee-de-la-lune-balsamique\/\" \/>\n<meta property=\"og:locale\" content=\"fr_FR\" \/>\n<meta property=\"og:type\" content=\"article\" \/>\n<meta property=\"og:title\" content=\"Affiche personnalis\u00e9e de la lune balsamique\" \/>\n<meta property=\"og:description\" content=\"Repr\u00e9sentez la phase de Lune d\u2019un moment marquant Personnalisez en seulement 3 \u00e9tapes Choisissez parmi une s\u00e9lection de superbes designs Ajoutez un texte personnalis\u00e9 porteur de sens Visualisez le rendu en temps r\u00e9el gr\u00e2ce \u00e0 l\u2019aper\u00e7u interactif\" \/>\n<meta property=\"og:url\" content=\"https:\/\/positiveprints.com\/fr\/produit\/affiche-personnalisee-de-la-lune-balsamique\/\" \/>\n<meta property=\"og:site_name\" content=\"Positive Prints\" \/>\n<meta property=\"article:publisher\" content=\"https:\/\/www.facebook.com\/positiveprintscom\" \/>\n<meta property=\"article:modified_time\" content=\"2026-04-07T10:23:12+00:00\" \/>\n<meta property=\"og:image\" content=\"https:\/\/positiveprints.com\/wp-content\/uploads\/2026\/03\/Packshot_FR_Affiche-personnalisee-de-la-lune-balsamique-1.webp\" \/>\n\t<meta property=\"og:image:width\" content=\"1450\" \/>\n\t<meta property=\"og:image:height\" content=\"1450\" \/>\n\t<meta property=\"og:image:type\" content=\"image\/webp\" \/>\n<meta name=\"twitter:card\" content=\"summary_large_image\" \/>\n<meta name=\"twitter:label1\" content=\"Dur\u00e9e de lecture estim\u00e9e\" \/>\n\t<meta name=\"twitter:data1\" content=\"1 minute\" \/>\n<!-- \/ Yoast SEO Premium plugin. -->","yoast_head_json":{"title":"Affiche personnalis\u00e9e de la lune balsamique - Positive Prints","description":"C\u00e9l\u00e9brez la beaut\u00e9 paisible de la lune balsamique avec notre affiche personnalis\u00e9e. Une \u0153uvre c\u00e9leste \u00e9l\u00e9gante pour sublimer votre int\u00e9rieur.","robots":{"index":"index","follow":"follow","max-snippet":"max-snippet:-1","max-image-preview":"max-image-preview:large","max-video-preview":"max-video-preview:-1"},"canonical":"https:\/\/positiveprints.com\/fr\/produit\/affiche-personnalisee-de-la-lune-balsamique\/","og_locale":"fr_FR","og_type":"article","og_title":"Affiche personnalis\u00e9e de la lune balsamique","og_description":"Repr\u00e9sentez la phase de Lune d\u2019un moment marquant Personnalisez en seulement 3 \u00e9tapes Choisissez parmi une s\u00e9lection de superbes designs Ajoutez un texte personnalis\u00e9 porteur de sens Visualisez le rendu en temps r\u00e9el gr\u00e2ce \u00e0 l\u2019aper\u00e7u interactif","og_url":"https:\/\/positiveprints.com\/fr\/produit\/affiche-personnalisee-de-la-lune-balsamique\/","og_site_name":"Positive Prints","article_publisher":"https:\/\/www.facebook.com\/positiveprintscom","article_modified_time":"2026-04-07T10:23:12+00:00","og_image":[{"width":1450,"height":1450,"url":"https:\/\/positiveprints.com\/wp-content\/uploads\/2026\/03\/Packshot_FR_Affiche-personnalisee-de-la-lune-balsamique-1.webp","type":"image\/webp"}],"twitter_card":"summary_large_image","twitter_misc":{"Dur\u00e9e de lecture estim\u00e9e":"1 minute"},"schema":{"@context":"https:\/\/schema.org","@graph":[{"@type":["WebPage","ItemPage"],"@id":"https:\/\/positiveprints.com\/fr\/produit\/affiche-personnalisee-de-la-lune-balsamique\/","url":"https:\/\/positiveprints.com\/fr\/produit\/affiche-personnalisee-de-la-lune-balsamique\/","name":"Affiche personnalis\u00e9e de la lune balsamique - Positive Prints","isPartOf":{"@id":"https:\/\/positiveprints.com\/fr\/#website"},"primaryImageOfPage":{"@id":"https:\/\/positiveprints.com\/fr\/produit\/affiche-personnalisee-de-la-lune-balsamique\/#primaryimage"},"image":{"@id":"https:\/\/positiveprints.com\/fr\/produit\/affiche-personnalisee-de-la-lune-balsamique\/#primaryimage"},"thumbnailUrl":"https:\/\/positiveprints.com\/wp-content\/uploads\/2026\/03\/Packshot_FR_Affiche-personnalisee-de-la-lune-balsamique-1.webp","datePublished":"2026-03-20T10:02:28+00:00","dateModified":"2026-04-07T10:23:12+00:00","description":"C\u00e9l\u00e9brez la beaut\u00e9 paisible de la lune balsamique avec notre affiche personnalis\u00e9e. Une \u0153uvre c\u00e9leste \u00e9l\u00e9gante pour sublimer votre int\u00e9rieur.","breadcrumb":{"@id":"https:\/\/positiveprints.com\/fr\/produit\/affiche-personnalisee-de-la-lune-balsamique\/#breadcrumb"},"inLanguage":"fr-FR","potentialAction":[{"@type":"ReadAction","target":["https:\/\/positiveprints.com\/fr\/produit\/affiche-personnalisee-de-la-lune-balsamique\/"]}]},{"@type":"ImageObject","inLanguage":"fr-FR","@id":"https:\/\/positiveprints.com\/fr\/produit\/affiche-personnalisee-de-la-lune-balsamique\/#primaryimage","url":"https:\/\/positiveprints.com\/wp-content\/uploads\/2026\/03\/Packshot_FR_Affiche-personnalisee-de-la-lune-balsamique-1.webp","contentUrl":"https:\/\/positiveprints.com\/wp-content\/uploads\/2026\/03\/Packshot_FR_Affiche-personnalisee-de-la-lune-balsamique-1.webp","width":1450,"height":1450,"caption":"Packshot_FR_Affiche personnalis\u00e9e de la lune balsamique"},{"@type":"BreadcrumbList","@id":"https:\/\/positiveprints.com\/fr\/produit\/affiche-personnalisee-de-la-lune-balsamique\/#breadcrumb","itemListElement":[{"@type":"ListItem","position":1,"name":"Home","item":"https:\/\/positiveprints.com\/fr\/"},{"@type":"ListItem","position":2,"name":"Produits","item":"https:\/\/positiveprints.com\/fr\/shop\/"},{"@type":"ListItem","position":3,"name":"Affiche personnalis\u00e9e de la lune balsamique"}]},{"@type":"WebSite","@id":"https:\/\/positiveprints.com\/fr\/#website","url":"https:\/\/positiveprints.com\/fr\/","name":"Positive Prints","description":"Amazing Custom Personalized Gifts","publisher":{"@id":"https:\/\/positiveprints.com\/fr\/#organization"},"potentialAction":[{"@type":"SearchAction","target":{"@type":"EntryPoint","urlTemplate":"https:\/\/positiveprints.com\/fr\/?s={search_term_string}"},"query-input":{"@type":"PropertyValueSpecification","valueRequired":true,"valueName":"search_term_string"}}],"inLanguage":"fr-FR"},{"@type":"Organization","@id":"https:\/\/positiveprints.com\/fr\/#organization","name":"Positive Prints","alternateName":"Positive Prints","url":"https:\/\/positiveprints.com\/fr\/","logo":{"@type":"ImageObject","inLanguage":"fr-FR","@id":"https:\/\/positiveprints.com\/fr\/#\/schema\/logo\/image\/","url":"https:\/\/positiveprints.com\/wp-content\/uploads\/2026\/03\/245815646_1337939713319158_5671353136411139666_n.png","contentUrl":"https:\/\/positiveprints.com\/wp-content\/uploads\/2026\/03\/245815646_1337939713319158_5671353136411139666_n.png","width":800,"height":800,"caption":"Positive Prints"},"image":{"@id":"https:\/\/positiveprints.com\/fr\/#\/schema\/logo\/image\/"},"sameAs":["https:\/\/www.facebook.com\/positiveprintscom","https:\/\/www.instagram.com\/positiveprintscom\/","https:\/\/www.tiktok.com\/@positiveprintscom","https:\/\/www.pinterest.com\/positiveprintscom\/"]}]}},"jetpack_sharing_enabled":true,"_links":{"self":[{"href":"https:\/\/positiveprints.com\/fr\/wp-json\/wp\/v2\/product\/1689014","targetHints":{"allow":["GET"]}}],"collection":[{"href":"https:\/\/positiveprints.com\/fr\/wp-json\/wp\/v2\/product"}],"about":[{"href":"https:\/\/positiveprints.com\/fr\/wp-json\/wp\/v2\/types\/product"}],"wp:featuredmedia":[{"embeddable":true,"href":"https:\/\/positiveprints.com\/fr\/wp-json\/wp\/v2\/media\/1690581"}],"wp:attachment":[{"href":"https:\/\/positiveprints.com\/fr\/wp-json\/wp\/v2\/media?parent=1689014"}],"wp:term":[{"taxonomy":"product_brand","embeddable":true,"href":"https:\/\/positiveprints.com\/fr\/wp-json\/wp\/v2\/product_brand?post=1689014"},{"taxonomy":"product_cat","embeddable":true,"href":"https:\/\/positiveprints.com\/fr\/wp-json\/wp\/v2\/product_cat?post=1689014"},{"taxonomy":"product_tag","embeddable":true,"href":"https:\/\/positiveprints.com\/fr\/wp-json\/wp\/v2\/product_tag?post=1689014"}],"curies":[{"name":"wp","href":"https:\/\/api.w.org\/{rel}","templated":true}]}}