{"id":1667006,"date":"2026-03-09T11:15:37","date_gmt":"2026-03-09T10:15:37","guid":{"rendered":"https:\/\/positiveprints.com\/?post_type=product&#038;p=1667006"},"modified":"2026-04-28T13:04:58","modified_gmt":"2026-04-28T12:04:58","slug":"collage-photo-artistique-meilleur-coach","status":"publish","type":"product","link":"https:\/\/positiveprints.com\/fr\/produit\/collage-photo-artistique-meilleur-coach\/","title":{"rendered":"Collage photo artistique<br>\u00ab Meilleur coach \u00bb"},"content":{"rendered":"","protected":false},"excerpt":{"rendered":"<ul class=\"check-list\">\n<li>T\u00e9l\u00e9versez vos photos pr\u00e9f\u00e9r\u00e9es pour personnaliser chaque lettre<\/li>\n<li>Ajoutez un texte personnalis\u00e9 porteur de sens<\/li>\n<li>Personnalisez votre design en 3 \u00e9tapes simples<\/li>\n<li>Visualisez instantan\u00e9ment votre cr\u00e9ation gr\u00e2ce \u00e0 l\u2019aper\u00e7u interactif<\/li>\n<\/ul>\n","protected":false},"featured_media":1684234,"template":"","meta":[],"product_brand":[],"product_cat":[9123,104,11492,7877,7861],"product_tag":[16320,16413,16949,16882,16412,17693,16414],"class_list":{"0":"post-1667006","1":"product","2":"type-product","3":"status-publish","4":"has-post-thumbnail","6":"product_cat-photo-letter-fr","7":"product_cat-tous-les-produits","8":"product_cat-cadeaux-de-profession","9":"product_cat-cadeaux-pour-fan-de-sport","10":"product_cat-cadeaux-pour-enseignant","11":"product_tag-cadeau-de-remerciement-pour-enseignant","12":"product_tag-cadeau-de-remerciement-pour-enseignant-fr","13":"product_tag-cadeau-pour-enseignant","14":"product_tag-cadeaux-pour-enseignant","15":"product_tag-enseignant","16":"product_tag-entraineur","17":"product_tag-idees-de-cadeaux-pour-enseignant","19":"first","20":"instock","21":"sale","22":"taxable","23":"shipping-taxable","24":"purchasable","25":"product-type-variable"},"yoast_head":"<!-- This site is optimized with the Yoast SEO Premium plugin v27.2 (Yoast SEO v27.2) - https:\/\/yoast.com\/product\/yoast-seo-premium-wordpress\/ -->\n<title>Collage photo artistique \u00ab Meilleur coach \u00bb - Positive Prints<\/title>\n<meta name=\"description\" content=\"Cr\u00e9ez un collage personnalis\u00e9 \u00e0 partir des photos de votre \u00e9quipe sportive et de ses moments forts pour c\u00e9l\u00e9brer votre coach. Un cadeau unique et plein de gratitude \u00e0 ch\u00e9rir chaque jour.\" \/>\n<meta name=\"robots\" content=\"index, follow, max-snippet:-1, max-image-preview:large, max-video-preview:-1\" \/>\n<link rel=\"canonical\" href=\"https:\/\/positiveprints.com\/fr\/produit\/collage-photo-artistique-meilleur-coach\/\" \/>\n<meta property=\"og:locale\" content=\"fr_FR\" \/>\n<meta property=\"og:type\" content=\"article\" \/>\n<meta property=\"og:title\" content=\"Collage photo artistique\u00ab Meilleur coach \u00bb\" \/>\n<meta property=\"og:description\" content=\"T\u00e9l\u00e9versez vos photos pr\u00e9f\u00e9r\u00e9es pour personnaliser chaque lettre Ajoutez un texte personnalis\u00e9 porteur de sens Personnalisez votre design en 3 \u00e9tapes simples Visualisez instantan\u00e9ment votre cr\u00e9ation gr\u00e2ce \u00e0 l\u2019aper\u00e7u interactif\" \/>\n<meta property=\"og:url\" content=\"https:\/\/positiveprints.com\/fr\/produit\/collage-photo-artistique-meilleur-coach\/\" \/>\n<meta property=\"og:site_name\" content=\"Positive Prints\" \/>\n<meta property=\"article:publisher\" content=\"https:\/\/www.facebook.com\/positiveprintscom\" \/>\n<meta property=\"article:modified_time\" content=\"2026-04-28T12:04:58+00:00\" \/>\n<meta property=\"og:image\" content=\"https:\/\/positiveprints.com\/wp-content\/uploads\/2026\/03\/Packshot_FR_Collage-photo-artistique-Meilleur-coach-.webp\" \/>\n\t<meta property=\"og:image:width\" content=\"1450\" \/>\n\t<meta property=\"og:image:height\" content=\"1450\" \/>\n\t<meta property=\"og:image:type\" content=\"image\/webp\" \/>\n<meta name=\"twitter:card\" content=\"summary_large_image\" \/>\n<!-- \/ Yoast SEO Premium plugin. -->","yoast_head_json":{"title":"Collage photo artistique \u00ab Meilleur coach \u00bb - Positive Prints","description":"Cr\u00e9ez un collage personnalis\u00e9 \u00e0 partir des photos de votre \u00e9quipe sportive et de ses moments forts pour c\u00e9l\u00e9brer votre coach. Un cadeau unique et plein de gratitude \u00e0 ch\u00e9rir chaque jour.","robots":{"index":"index","follow":"follow","max-snippet":"max-snippet:-1","max-image-preview":"max-image-preview:large","max-video-preview":"max-video-preview:-1"},"canonical":"https:\/\/positiveprints.com\/fr\/produit\/collage-photo-artistique-meilleur-coach\/","og_locale":"fr_FR","og_type":"article","og_title":"Collage photo artistique\u00ab Meilleur coach \u00bb","og_description":"T\u00e9l\u00e9versez vos photos pr\u00e9f\u00e9r\u00e9es pour personnaliser chaque lettre Ajoutez un texte personnalis\u00e9 porteur de sens Personnalisez votre design en 3 \u00e9tapes simples Visualisez instantan\u00e9ment votre cr\u00e9ation gr\u00e2ce \u00e0 l\u2019aper\u00e7u interactif","og_url":"https:\/\/positiveprints.com\/fr\/produit\/collage-photo-artistique-meilleur-coach\/","og_site_name":"Positive Prints","article_publisher":"https:\/\/www.facebook.com\/positiveprintscom","article_modified_time":"2026-04-28T12:04:58+00:00","og_image":[{"width":1450,"height":1450,"url":"https:\/\/positiveprints.com\/wp-content\/uploads\/2026\/03\/Packshot_FR_Collage-photo-artistique-Meilleur-coach-.webp","type":"image\/webp"}],"twitter_card":"summary_large_image","schema":{"@context":"https:\/\/schema.org","@graph":[{"@type":["WebPage","ItemPage"],"@id":"https:\/\/positiveprints.com\/fr\/produit\/collage-photo-artistique-meilleur-coach\/","url":"https:\/\/positiveprints.com\/fr\/produit\/collage-photo-artistique-meilleur-coach\/","name":"Collage photo artistique \u00ab Meilleur coach \u00bb - Positive Prints","isPartOf":{"@id":"https:\/\/positiveprints.com\/fr\/#website"},"primaryImageOfPage":{"@id":"https:\/\/positiveprints.com\/fr\/produit\/collage-photo-artistique-meilleur-coach\/#primaryimage"},"image":{"@id":"https:\/\/positiveprints.com\/fr\/produit\/collage-photo-artistique-meilleur-coach\/#primaryimage"},"thumbnailUrl":"https:\/\/positiveprints.com\/wp-content\/uploads\/2026\/03\/Packshot_FR_Collage-photo-artistique-Meilleur-coach-.webp","datePublished":"2026-03-09T10:15:37+00:00","dateModified":"2026-04-28T12:04:58+00:00","description":"Cr\u00e9ez un collage personnalis\u00e9 \u00e0 partir des photos de votre \u00e9quipe sportive et de ses moments forts pour c\u00e9l\u00e9brer votre coach. Un cadeau unique et plein de gratitude \u00e0 ch\u00e9rir chaque jour.","breadcrumb":{"@id":"https:\/\/positiveprints.com\/fr\/produit\/collage-photo-artistique-meilleur-coach\/#breadcrumb"},"inLanguage":"fr-FR","potentialAction":[{"@type":"ReadAction","target":["https:\/\/positiveprints.com\/fr\/produit\/collage-photo-artistique-meilleur-coach\/"]}]},{"@type":"ImageObject","inLanguage":"fr-FR","@id":"https:\/\/positiveprints.com\/fr\/produit\/collage-photo-artistique-meilleur-coach\/#primaryimage","url":"https:\/\/positiveprints.com\/wp-content\/uploads\/2026\/03\/Packshot_FR_Collage-photo-artistique-Meilleur-coach-.webp","contentUrl":"https:\/\/positiveprints.com\/wp-content\/uploads\/2026\/03\/Packshot_FR_Collage-photo-artistique-Meilleur-coach-.webp","width":1450,"height":1450,"caption":"Packshot_FR_Collage photo artistique \u00ab Meilleur coach \u00bb"},{"@type":"BreadcrumbList","@id":"https:\/\/positiveprints.com\/fr\/produit\/collage-photo-artistique-meilleur-coach\/#breadcrumb","itemListElement":[{"@type":"ListItem","position":1,"name":"Home","item":"https:\/\/positiveprints.com\/fr\/"},{"@type":"ListItem","position":2,"name":"Produits","item":"https:\/\/positiveprints.com\/fr\/shop\/"},{"@type":"ListItem","position":3,"name":"Collage photo artistique\u00ab Meilleur coach \u00bb"}]},{"@type":"WebSite","@id":"https:\/\/positiveprints.com\/fr\/#website","url":"https:\/\/positiveprints.com\/fr\/","name":"Positive Prints","description":"Amazing Custom Personalized Gifts","publisher":{"@id":"https:\/\/positiveprints.com\/fr\/#organization"},"potentialAction":[{"@type":"SearchAction","target":{"@type":"EntryPoint","urlTemplate":"https:\/\/positiveprints.com\/fr\/?s={search_term_string}"},"query-input":{"@type":"PropertyValueSpecification","valueRequired":true,"valueName":"search_term_string"}}],"inLanguage":"fr-FR"},{"@type":"Organization","@id":"https:\/\/positiveprints.com\/fr\/#organization","name":"Positive Prints","alternateName":"Positive Prints","url":"https:\/\/positiveprints.com\/fr\/","logo":{"@type":"ImageObject","inLanguage":"fr-FR","@id":"https:\/\/positiveprints.com\/fr\/#\/schema\/logo\/image\/","url":"https:\/\/positiveprints.com\/wp-content\/uploads\/2026\/03\/245815646_1337939713319158_5671353136411139666_n.png","contentUrl":"https:\/\/positiveprints.com\/wp-content\/uploads\/2026\/03\/245815646_1337939713319158_5671353136411139666_n.png","width":800,"height":800,"caption":"Positive Prints"},"image":{"@id":"https:\/\/positiveprints.com\/fr\/#\/schema\/logo\/image\/"},"sameAs":["https:\/\/www.facebook.com\/positiveprintscom","https:\/\/www.instagram.com\/positiveprintscom\/","https:\/\/www.tiktok.com\/@positiveprintscom","https:\/\/www.pinterest.com\/positiveprintscom\/"]}]}},"jetpack_sharing_enabled":true,"_links":{"self":[{"href":"https:\/\/positiveprints.com\/fr\/wp-json\/wp\/v2\/product\/1667006","targetHints":{"allow":["GET"]}}],"collection":[{"href":"https:\/\/positiveprints.com\/fr\/wp-json\/wp\/v2\/product"}],"about":[{"href":"https:\/\/positiveprints.com\/fr\/wp-json\/wp\/v2\/types\/product"}],"wp:featuredmedia":[{"embeddable":true,"href":"https:\/\/positiveprints.com\/fr\/wp-json\/wp\/v2\/media\/1684234"}],"wp:attachment":[{"href":"https:\/\/positiveprints.com\/fr\/wp-json\/wp\/v2\/media?parent=1667006"}],"wp:term":[{"taxonomy":"product_brand","embeddable":true,"href":"https:\/\/positiveprints.com\/fr\/wp-json\/wp\/v2\/product_brand?post=1667006"},{"taxonomy":"product_cat","embeddable":true,"href":"https:\/\/positiveprints.com\/fr\/wp-json\/wp\/v2\/product_cat?post=1667006"},{"taxonomy":"product_tag","embeddable":true,"href":"https:\/\/positiveprints.com\/fr\/wp-json\/wp\/v2\/product_tag?post=1667006"}],"curies":[{"name":"wp","href":"https:\/\/api.w.org\/{rel}","templated":true}]}}