{"id":1665965,"date":"2026-03-06T12:46:37","date_gmt":"2026-03-06T11:46:37","guid":{"rendered":"https:\/\/positiveprints.com\/?post_type=product&#038;p=1665965"},"modified":"2026-04-28T13:05:26","modified_gmt":"2026-04-28T12:05:26","slug":"collage-photo-artistique-game-over","status":"publish","type":"product","link":"https:\/\/positiveprints.com\/fr\/produit\/collage-photo-artistique-game-over\/","title":{"rendered":"Collage photo artistique \u00ab Game Over \u00bb"},"content":{"rendered":"","protected":false},"excerpt":{"rendered":"<ul class=\"check-list\">\n<li>T\u00e9l\u00e9versez vos photos pr\u00e9f\u00e9r\u00e9es pour personnaliser chaque lettre<\/li>\n<li>Ajoutez un texte personnalis\u00e9 porteur de sens<\/li>\n<li>Personnalisez votre design en 3 \u00e9tapes simples<\/li>\n<li>Visualisez instantan\u00e9ment votre cr\u00e9ation gr\u00e2ce \u00e0 l\u2019aper\u00e7u interactif<\/li>\n<\/ul>\n","protected":false},"featured_media":1680287,"template":"","meta":[],"product_brand":[],"product_cat":[9123,104,11389,11398,7621,7653],"product_tag":[12589,12590,12591,17391,16955,13435,16953,16948,17183,12578,16621,13455,16619,16891,16871,12577],"class_list":{"0":"post-1665965","1":"product","2":"type-product","3":"status-publish","4":"has-post-thumbnail","6":"product_cat-photo-letter-fr","7":"product_cat-tous-les-produits","8":"product_cat-cadeaux-de-noel-pour-le-frere","9":"product_cat-cadeaux-de-noel-pour-les-enfants","10":"product_cat-cadeaux-pour-frere","11":"product_cat-cadeaux-pour-fils","12":"product_tag-ado","13":"product_tag-ados","14":"product_tag-cadeau-ados","15":"product_tag-cadeau-danniversaire-pour-fils","16":"product_tag-cadeau-de-la-mere-au-fils","17":"product_tag-cadeau-de-noel-pour-fils","18":"product_tag-cadeau-du-pere-au-fils","19":"product_tag-cadeau-pour-fils","20":"product_tag-cadeau-pour-frere-fr","21":"product_tag-cadeau-pour-frere","22":"product_tag-cadeaux-de-la-mere-au-fils","23":"product_tag-cadeaux-de-noel-pour-frere","24":"product_tag-cadeaux-du-pere-au-fils","25":"product_tag-cadeaux-pour-adolescents-garcons","26":"product_tag-cadeaux-pour-fils","27":"product_tag-frere","29":"first","30":"instock","31":"sale","32":"taxable","33":"shipping-taxable","34":"purchasable","35":"product-type-variable"},"yoast_head":"<!-- This site is optimized with the Yoast SEO Premium plugin v27.2 (Yoast SEO v27.2) - https:\/\/yoast.com\/product\/yoast-seo-premium-wordpress\/ -->\n<title>Collage photo artistique \u00ab Game Over \u00bb - Positive Prints<\/title>\n<meta name=\"description\" content=\"Cr\u00e9ez un collage photo personnalis\u00e9 \u00e0 partir de souvenirs gaming. Un cadeau original pour c\u00e9l\u00e9brer les victoires et les moments fun d\u2019une personne amatrice de jeux vid\u00e9o.\" \/>\n<meta name=\"robots\" content=\"index, follow, max-snippet:-1, max-image-preview:large, max-video-preview:-1\" \/>\n<link rel=\"canonical\" href=\"https:\/\/positiveprints.com\/fr\/produit\/collage-photo-artistique-game-over\/\" \/>\n<meta property=\"og:locale\" content=\"fr_FR\" \/>\n<meta property=\"og:type\" content=\"article\" \/>\n<meta property=\"og:title\" content=\"Collage photo artistique \u00ab Game Over \u00bb\" \/>\n<meta property=\"og:description\" content=\"T\u00e9l\u00e9versez vos photos pr\u00e9f\u00e9r\u00e9es pour personnaliser chaque lettre Ajoutez un texte personnalis\u00e9 porteur de sens Personnalisez votre design en 3 \u00e9tapes simples Visualisez instantan\u00e9ment votre cr\u00e9ation gr\u00e2ce \u00e0 l\u2019aper\u00e7u interactif\" \/>\n<meta property=\"og:url\" content=\"https:\/\/positiveprints.com\/fr\/produit\/collage-photo-artistique-game-over\/\" \/>\n<meta property=\"og:site_name\" content=\"Positive Prints\" \/>\n<meta property=\"article:publisher\" content=\"https:\/\/www.facebook.com\/positiveprintscom\" \/>\n<meta property=\"article:modified_time\" content=\"2026-04-28T12:05:26+00:00\" \/>\n<meta property=\"og:image\" content=\"https:\/\/positiveprints.com\/wp-content\/uploads\/2026\/03\/Packshot_FR_Collage-photo-artistique-Game-Over-.webp\" \/>\n\t<meta property=\"og:image:width\" content=\"1450\" \/>\n\t<meta property=\"og:image:height\" content=\"1450\" \/>\n\t<meta property=\"og:image:type\" content=\"image\/webp\" \/>\n<meta name=\"twitter:card\" content=\"summary_large_image\" \/>\n<!-- \/ Yoast SEO Premium plugin. -->","yoast_head_json":{"title":"Collage photo artistique \u00ab Game Over \u00bb - Positive Prints","description":"Cr\u00e9ez un collage photo personnalis\u00e9 \u00e0 partir de souvenirs gaming. Un cadeau original pour c\u00e9l\u00e9brer les victoires et les moments fun d\u2019une personne amatrice de jeux vid\u00e9o.","robots":{"index":"index","follow":"follow","max-snippet":"max-snippet:-1","max-image-preview":"max-image-preview:large","max-video-preview":"max-video-preview:-1"},"canonical":"https:\/\/positiveprints.com\/fr\/produit\/collage-photo-artistique-game-over\/","og_locale":"fr_FR","og_type":"article","og_title":"Collage photo artistique \u00ab Game Over \u00bb","og_description":"T\u00e9l\u00e9versez vos photos pr\u00e9f\u00e9r\u00e9es pour personnaliser chaque lettre Ajoutez un texte personnalis\u00e9 porteur de sens Personnalisez votre design en 3 \u00e9tapes simples Visualisez instantan\u00e9ment votre cr\u00e9ation gr\u00e2ce \u00e0 l\u2019aper\u00e7u interactif","og_url":"https:\/\/positiveprints.com\/fr\/produit\/collage-photo-artistique-game-over\/","og_site_name":"Positive Prints","article_publisher":"https:\/\/www.facebook.com\/positiveprintscom","article_modified_time":"2026-04-28T12:05:26+00:00","og_image":[{"width":1450,"height":1450,"url":"https:\/\/positiveprints.com\/wp-content\/uploads\/2026\/03\/Packshot_FR_Collage-photo-artistique-Game-Over-.webp","type":"image\/webp"}],"twitter_card":"summary_large_image","schema":{"@context":"https:\/\/schema.org","@graph":[{"@type":["WebPage","ItemPage"],"@id":"https:\/\/positiveprints.com\/fr\/produit\/collage-photo-artistique-game-over\/","url":"https:\/\/positiveprints.com\/fr\/produit\/collage-photo-artistique-game-over\/","name":"Collage photo artistique \u00ab Game Over \u00bb - Positive Prints","isPartOf":{"@id":"https:\/\/positiveprints.com\/fr\/#website"},"primaryImageOfPage":{"@id":"https:\/\/positiveprints.com\/fr\/produit\/collage-photo-artistique-game-over\/#primaryimage"},"image":{"@id":"https:\/\/positiveprints.com\/fr\/produit\/collage-photo-artistique-game-over\/#primaryimage"},"thumbnailUrl":"https:\/\/positiveprints.com\/wp-content\/uploads\/2026\/03\/Packshot_FR_Collage-photo-artistique-Game-Over-.webp","datePublished":"2026-03-06T11:46:37+00:00","dateModified":"2026-04-28T12:05:26+00:00","description":"Cr\u00e9ez un collage photo personnalis\u00e9 \u00e0 partir de souvenirs gaming. Un cadeau original pour c\u00e9l\u00e9brer les victoires et les moments fun d\u2019une personne amatrice de jeux vid\u00e9o.","breadcrumb":{"@id":"https:\/\/positiveprints.com\/fr\/produit\/collage-photo-artistique-game-over\/#breadcrumb"},"inLanguage":"fr-FR","potentialAction":[{"@type":"ReadAction","target":["https:\/\/positiveprints.com\/fr\/produit\/collage-photo-artistique-game-over\/"]}]},{"@type":"ImageObject","inLanguage":"fr-FR","@id":"https:\/\/positiveprints.com\/fr\/produit\/collage-photo-artistique-game-over\/#primaryimage","url":"https:\/\/positiveprints.com\/wp-content\/uploads\/2026\/03\/Packshot_FR_Collage-photo-artistique-Game-Over-.webp","contentUrl":"https:\/\/positiveprints.com\/wp-content\/uploads\/2026\/03\/Packshot_FR_Collage-photo-artistique-Game-Over-.webp","width":1450,"height":1450},{"@type":"BreadcrumbList","@id":"https:\/\/positiveprints.com\/fr\/produit\/collage-photo-artistique-game-over\/#breadcrumb","itemListElement":[{"@type":"ListItem","position":1,"name":"Home","item":"https:\/\/positiveprints.com\/fr\/"},{"@type":"ListItem","position":2,"name":"Produits","item":"https:\/\/positiveprints.com\/fr\/shop\/"},{"@type":"ListItem","position":3,"name":"Collage photo artistique \u00ab Game Over \u00bb"}]},{"@type":"WebSite","@id":"https:\/\/positiveprints.com\/fr\/#website","url":"https:\/\/positiveprints.com\/fr\/","name":"Positive Prints","description":"Amazing Custom Personalized Gifts","publisher":{"@id":"https:\/\/positiveprints.com\/fr\/#organization"},"potentialAction":[{"@type":"SearchAction","target":{"@type":"EntryPoint","urlTemplate":"https:\/\/positiveprints.com\/fr\/?s={search_term_string}"},"query-input":{"@type":"PropertyValueSpecification","valueRequired":true,"valueName":"search_term_string"}}],"inLanguage":"fr-FR"},{"@type":"Organization","@id":"https:\/\/positiveprints.com\/fr\/#organization","name":"Positive Prints","alternateName":"Positive Prints","url":"https:\/\/positiveprints.com\/fr\/","logo":{"@type":"ImageObject","inLanguage":"fr-FR","@id":"https:\/\/positiveprints.com\/fr\/#\/schema\/logo\/image\/","url":"https:\/\/positiveprints.com\/wp-content\/uploads\/2026\/03\/245815646_1337939713319158_5671353136411139666_n.png","contentUrl":"https:\/\/positiveprints.com\/wp-content\/uploads\/2026\/03\/245815646_1337939713319158_5671353136411139666_n.png","width":800,"height":800,"caption":"Positive Prints"},"image":{"@id":"https:\/\/positiveprints.com\/fr\/#\/schema\/logo\/image\/"},"sameAs":["https:\/\/www.facebook.com\/positiveprintscom","https:\/\/www.instagram.com\/positiveprintscom\/","https:\/\/www.tiktok.com\/@positiveprintscom","https:\/\/www.pinterest.com\/positiveprintscom\/"]}]}},"jetpack_sharing_enabled":true,"_links":{"self":[{"href":"https:\/\/positiveprints.com\/fr\/wp-json\/wp\/v2\/product\/1665965","targetHints":{"allow":["GET"]}}],"collection":[{"href":"https:\/\/positiveprints.com\/fr\/wp-json\/wp\/v2\/product"}],"about":[{"href":"https:\/\/positiveprints.com\/fr\/wp-json\/wp\/v2\/types\/product"}],"wp:featuredmedia":[{"embeddable":true,"href":"https:\/\/positiveprints.com\/fr\/wp-json\/wp\/v2\/media\/1680287"}],"wp:attachment":[{"href":"https:\/\/positiveprints.com\/fr\/wp-json\/wp\/v2\/media?parent=1665965"}],"wp:term":[{"taxonomy":"product_brand","embeddable":true,"href":"https:\/\/positiveprints.com\/fr\/wp-json\/wp\/v2\/product_brand?post=1665965"},{"taxonomy":"product_cat","embeddable":true,"href":"https:\/\/positiveprints.com\/fr\/wp-json\/wp\/v2\/product_cat?post=1665965"},{"taxonomy":"product_tag","embeddable":true,"href":"https:\/\/positiveprints.com\/fr\/wp-json\/wp\/v2\/product_tag?post=1665965"}],"curies":[{"name":"wp","href":"https:\/\/api.w.org\/{rel}","templated":true}]}}