{"id":1660857,"date":"2026-03-03T11:27:10","date_gmt":"2026-03-03T10:27:10","guid":{"rendered":"https:\/\/positiveprints.com\/?post_type=product&#038;p=1660857"},"modified":"2026-04-12T18:48:24","modified_gmt":"2026-04-12T17:48:24","slug":"collage-photo-personnalise-en-lettres-chiffres","status":"publish","type":"product","link":"https:\/\/positiveprints.com\/fr\/produit\/collage-photo-personnalise-en-lettres-chiffres\/","title":{"rendered":"Collage photo personnalis\u00e9 en lettres &#038; chiffres"},"content":{"rendered":"","protected":false},"excerpt":{"rendered":"<ul class=\"check-list\">\n<li>T\u00e9l\u00e9chargez vos photos pr\u00e9f\u00e9r\u00e9es pour personnaliser chaque lettre<\/li>\n<li>Ajoutez un texte personnalis\u00e9 significatif<\/li>\n<li>Personnalisez votre design en 3 \u00e9tapes simples<\/li>\n<li>Visualisez instantan\u00e9ment votre cr\u00e9ation gr\u00e2ce \u00e0 un aper\u00e7u interactif<\/li>\n<\/ul>\n","protected":false},"featured_media":1669037,"template":"","meta":[],"product_brand":[],"product_cat":[9274,8982,9123,104,264,5264],"product_tag":[14858,14861,13810],"class_list":{"0":"post-1660857","1":"product","2":"type-product","3":"status-publish","4":"has-post-thumbnail","6":"product_cat-bestsellers-label-fr","7":"product_cat-nouveautes","8":"product_cat-photo-letter-fr","9":"product_cat-tous-les-produits","10":"product_cat-creators-fr-2","11":"product_cat-cadeaux-de-noel","12":"product_tag-creators-fr-2","13":"product_tag-custom-photo-fr","14":"product_tag-poster-photo-personnalise","16":"first","17":"instock","18":"sale","19":"taxable","20":"shipping-taxable","21":"purchasable","22":"product-type-variable"},"yoast_head":"<!-- This site is optimized with the Yoast SEO Premium plugin v27.2 (Yoast SEO v27.2) - https:\/\/yoast.com\/product\/yoast-seo-premium-wordpress\/ -->\n<title>Collage photo personnalis\u00e9 en lettres &amp; chiffres - Positive Prints<\/title>\n<meta name=\"description\" content=\"Cr\u00e9ez un cadeau plein de sens \u00e0 partir de vos photos pr\u00e9f\u00e9r\u00e9es avec un collage photo personnalis\u00e9 en forme de lettre ou de chiffre, imprim\u00e9 sur un poster ou une toile premium.\" \/>\n<meta name=\"robots\" content=\"index, follow, max-snippet:-1, max-image-preview:large, max-video-preview:-1\" \/>\n<link rel=\"canonical\" href=\"https:\/\/positiveprints.com\/fr\/produit\/collage-photo-personnalise-en-lettres-chiffres\/\" \/>\n<meta property=\"og:locale\" content=\"fr_FR\" \/>\n<meta property=\"og:type\" content=\"article\" \/>\n<meta property=\"og:title\" content=\"Collage photo personnalis\u00e9 en lettres &amp; chiffres\" \/>\n<meta property=\"og:description\" content=\"T\u00e9l\u00e9chargez vos photos pr\u00e9f\u00e9r\u00e9es pour personnaliser chaque lettre Ajoutez un texte personnalis\u00e9 significatif Personnalisez votre design en 3 \u00e9tapes simples Visualisez instantan\u00e9ment votre cr\u00e9ation gr\u00e2ce \u00e0 un aper\u00e7u interactif\" \/>\n<meta property=\"og:url\" content=\"https:\/\/positiveprints.com\/fr\/produit\/collage-photo-personnalise-en-lettres-chiffres\/\" \/>\n<meta property=\"og:site_name\" content=\"Positive Prints\" \/>\n<meta property=\"article:publisher\" content=\"https:\/\/www.facebook.com\/positiveprintscom\" \/>\n<meta property=\"article:modified_time\" content=\"2026-04-12T17:48:24+00:00\" \/>\n<meta property=\"og:image\" content=\"https:\/\/positiveprints.com\/wp-content\/uploads\/2026\/03\/Packshot_FR_Collage-photo-personnalise-en-lettres-chiffres.webp\" \/>\n\t<meta property=\"og:image:width\" content=\"1450\" \/>\n\t<meta property=\"og:image:height\" content=\"1450\" \/>\n\t<meta property=\"og:image:type\" content=\"image\/webp\" \/>\n<meta name=\"twitter:card\" content=\"summary_large_image\" \/>\n<meta name=\"twitter:label1\" content=\"Dur\u00e9e de lecture estim\u00e9e\" \/>\n\t<meta name=\"twitter:data1\" content=\"1 minute\" \/>\n<!-- \/ Yoast SEO Premium plugin. -->","yoast_head_json":{"title":"Collage photo personnalis\u00e9 en lettres & chiffres - Positive Prints","description":"Cr\u00e9ez un cadeau plein de sens \u00e0 partir de vos photos pr\u00e9f\u00e9r\u00e9es avec un collage photo personnalis\u00e9 en forme de lettre ou de chiffre, imprim\u00e9 sur un poster ou une toile premium.","robots":{"index":"index","follow":"follow","max-snippet":"max-snippet:-1","max-image-preview":"max-image-preview:large","max-video-preview":"max-video-preview:-1"},"canonical":"https:\/\/positiveprints.com\/fr\/produit\/collage-photo-personnalise-en-lettres-chiffres\/","og_locale":"fr_FR","og_type":"article","og_title":"Collage photo personnalis\u00e9 en lettres & chiffres","og_description":"T\u00e9l\u00e9chargez vos photos pr\u00e9f\u00e9r\u00e9es pour personnaliser chaque lettre Ajoutez un texte personnalis\u00e9 significatif Personnalisez votre design en 3 \u00e9tapes simples Visualisez instantan\u00e9ment votre cr\u00e9ation gr\u00e2ce \u00e0 un aper\u00e7u interactif","og_url":"https:\/\/positiveprints.com\/fr\/produit\/collage-photo-personnalise-en-lettres-chiffres\/","og_site_name":"Positive Prints","article_publisher":"https:\/\/www.facebook.com\/positiveprintscom","article_modified_time":"2026-04-12T17:48:24+00:00","og_image":[{"width":1450,"height":1450,"url":"https:\/\/positiveprints.com\/wp-content\/uploads\/2026\/03\/Packshot_FR_Collage-photo-personnalise-en-lettres-chiffres.webp","type":"image\/webp"}],"twitter_card":"summary_large_image","twitter_misc":{"Dur\u00e9e de lecture estim\u00e9e":"1 minute"},"schema":{"@context":"https:\/\/schema.org","@graph":[{"@type":["WebPage","ItemPage"],"@id":"https:\/\/positiveprints.com\/fr\/produit\/collage-photo-personnalise-en-lettres-chiffres\/","url":"https:\/\/positiveprints.com\/fr\/produit\/collage-photo-personnalise-en-lettres-chiffres\/","name":"Collage photo personnalis\u00e9 en lettres & chiffres - Positive Prints","isPartOf":{"@id":"https:\/\/positiveprints.com\/fr\/#website"},"primaryImageOfPage":{"@id":"https:\/\/positiveprints.com\/fr\/produit\/collage-photo-personnalise-en-lettres-chiffres\/#primaryimage"},"image":{"@id":"https:\/\/positiveprints.com\/fr\/produit\/collage-photo-personnalise-en-lettres-chiffres\/#primaryimage"},"thumbnailUrl":"https:\/\/positiveprints.com\/wp-content\/uploads\/2026\/03\/Packshot_FR_Collage-photo-personnalise-en-lettres-chiffres-1.webp","datePublished":"2026-03-03T10:27:10+00:00","dateModified":"2026-04-12T17:48:24+00:00","description":"Cr\u00e9ez un cadeau plein de sens \u00e0 partir de vos photos pr\u00e9f\u00e9r\u00e9es avec un collage photo personnalis\u00e9 en forme de lettre ou de chiffre, imprim\u00e9 sur un poster ou une toile premium.","breadcrumb":{"@id":"https:\/\/positiveprints.com\/fr\/produit\/collage-photo-personnalise-en-lettres-chiffres\/#breadcrumb"},"inLanguage":"fr-FR","potentialAction":[{"@type":"ReadAction","target":["https:\/\/positiveprints.com\/fr\/produit\/collage-photo-personnalise-en-lettres-chiffres\/"]}]},{"@type":"ImageObject","inLanguage":"fr-FR","@id":"https:\/\/positiveprints.com\/fr\/produit\/collage-photo-personnalise-en-lettres-chiffres\/#primaryimage","url":"https:\/\/positiveprints.com\/wp-content\/uploads\/2026\/03\/Packshot_FR_Collage-photo-personnalise-en-lettres-chiffres-1.webp","contentUrl":"https:\/\/positiveprints.com\/wp-content\/uploads\/2026\/03\/Packshot_FR_Collage-photo-personnalise-en-lettres-chiffres-1.webp","width":1450,"height":1450},{"@type":"BreadcrumbList","@id":"https:\/\/positiveprints.com\/fr\/produit\/collage-photo-personnalise-en-lettres-chiffres\/#breadcrumb","itemListElement":[{"@type":"ListItem","position":1,"name":"Home","item":"https:\/\/positiveprints.com\/fr\/"},{"@type":"ListItem","position":2,"name":"Produits","item":"https:\/\/positiveprints.com\/fr\/shop\/"},{"@type":"ListItem","position":3,"name":"Collage photo personnalis\u00e9 en lettres &#038; chiffres"}]},{"@type":"WebSite","@id":"https:\/\/positiveprints.com\/fr\/#website","url":"https:\/\/positiveprints.com\/fr\/","name":"Positive Prints","description":"Amazing Custom Personalized Gifts","publisher":{"@id":"https:\/\/positiveprints.com\/fr\/#organization"},"potentialAction":[{"@type":"SearchAction","target":{"@type":"EntryPoint","urlTemplate":"https:\/\/positiveprints.com\/fr\/?s={search_term_string}"},"query-input":{"@type":"PropertyValueSpecification","valueRequired":true,"valueName":"search_term_string"}}],"inLanguage":"fr-FR"},{"@type":"Organization","@id":"https:\/\/positiveprints.com\/fr\/#organization","name":"Positive Prints","alternateName":"Positive Prints","url":"https:\/\/positiveprints.com\/fr\/","logo":{"@type":"ImageObject","inLanguage":"fr-FR","@id":"https:\/\/positiveprints.com\/fr\/#\/schema\/logo\/image\/","url":"https:\/\/positiveprints.com\/wp-content\/uploads\/2026\/03\/245815646_1337939713319158_5671353136411139666_n.png","contentUrl":"https:\/\/positiveprints.com\/wp-content\/uploads\/2026\/03\/245815646_1337939713319158_5671353136411139666_n.png","width":800,"height":800,"caption":"Positive Prints"},"image":{"@id":"https:\/\/positiveprints.com\/fr\/#\/schema\/logo\/image\/"},"sameAs":["https:\/\/www.facebook.com\/positiveprintscom","https:\/\/www.instagram.com\/positiveprintscom\/","https:\/\/www.tiktok.com\/@positiveprintscom","https:\/\/www.pinterest.com\/positiveprintscom\/"]}]}},"jetpack_sharing_enabled":true,"_links":{"self":[{"href":"https:\/\/positiveprints.com\/fr\/wp-json\/wp\/v2\/product\/1660857","targetHints":{"allow":["GET"]}}],"collection":[{"href":"https:\/\/positiveprints.com\/fr\/wp-json\/wp\/v2\/product"}],"about":[{"href":"https:\/\/positiveprints.com\/fr\/wp-json\/wp\/v2\/types\/product"}],"wp:featuredmedia":[{"embeddable":true,"href":"https:\/\/positiveprints.com\/fr\/wp-json\/wp\/v2\/media\/1669037"}],"wp:attachment":[{"href":"https:\/\/positiveprints.com\/fr\/wp-json\/wp\/v2\/media?parent=1660857"}],"wp:term":[{"taxonomy":"product_brand","embeddable":true,"href":"https:\/\/positiveprints.com\/fr\/wp-json\/wp\/v2\/product_brand?post=1660857"},{"taxonomy":"product_cat","embeddable":true,"href":"https:\/\/positiveprints.com\/fr\/wp-json\/wp\/v2\/product_cat?post=1660857"},{"taxonomy":"product_tag","embeddable":true,"href":"https:\/\/positiveprints.com\/fr\/wp-json\/wp\/v2\/product_tag?post=1660857"}],"curies":[{"name":"wp","href":"https:\/\/api.w.org\/{rel}","templated":true}]}}