{"id":1654478,"date":"2026-02-06T15:11:41","date_gmt":"2026-02-06T14:11:41","guid":{"rendered":"https:\/\/positiveprints.com\/?post_type=product&#038;p=1654478"},"modified":"2026-04-28T13:11:29","modified_gmt":"2026-04-28T12:11:29","slug":"portrait-personnalise-depuis-une-photo","status":"publish","type":"product","link":"https:\/\/positiveprints.com\/fr\/produit\/portrait-personnalise-depuis-une-photo\/","title":{"rendered":"Portrait personnalis\u00e9 depuis une Photo"},"content":{"rendered":"","protected":false},"excerpt":{"rendered":"<ul class=\"check-list\">\n<li>T\u00e9l\u00e9chargez votre photo pr\u00e9f\u00e9r\u00e9e<\/li>\n<li>Jusqu\u2019\u00e0 2 retouches disponibles sur demande<\/li>\n<li>Nos artistes cr\u00e9ent votre \u0153uvre personnalis\u00e9e<\/li>\n<li>Recevez votre aper\u00e7u sous 2 \u00e0 3 jours ouvr\u00e9s<\/li>\n<li>Plusieurs formats d\u2019impression au choix<\/li>\n<\/ul>\n","protected":false},"featured_media":1702279,"template":"","meta":[],"product_brand":[],"product_cat":[8243,9177,9760,13592,104,264,3127,11211,11212,5264,11395,11396,11399,11391,11393,11394,15055,15042,11401,11389,11392,11388,11402,11397,11400,11398,7797,3118,11245,11246],"product_tag":[15627,14858,16105,14861,16104,16106,16108,16107],"class_list":{"0":"post-1654478","1":"product","2":"type-product","3":"status-publish","4":"has-post-thumbnail","6":"product_cat-digital-products-fr","7":"product_cat-line-art-fr","8":"product_cat-trending-label-fr","9":"product_cat-aquarelle","10":"product_cat-tous-les-produits","11":"product_cat-creators-fr-2","12":"product_cat-cadeaux-danniversaire","13":"product_cat-cadeau-anniversaire-femme","14":"product_cat-cadeau-anniversaire-homme","15":"product_cat-cadeaux-de-noel","16":"product_cat-cadeaux-de-noel-pour-femme","17":"product_cat-cadeaux-de-noel-pour-homme","18":"product_cat-cadeaux-de-noel-pour-maman","19":"product_cat-cadeaux-de-noel-pour-papa","20":"product_cat-cadeaux-de-noel-pour-mamie","21":"product_cat-cadeaux-de-noel-pour-papi","22":"product_cat-cadeaux-de-noel-pour-la-famille","23":"product_cat-cadeaux-de-noel-pour-les-amis","24":"product_cat-cadeaux-de-noel-pour-la-soeur","25":"product_cat-cadeaux-de-noel-pour-le-frere","26":"product_cat-cadeaux-de-noel-pour-sa-copine","27":"product_cat-cadeaux-de-noel-pour-son-petit-copain","28":"product_cat-cadeaux-de-noel-pour-sa-femme","29":"product_cat-cadeaux-de-noel-pour-le-mari","30":"product_cat-cadeaux-de-noel-pour-les-parents","31":"product_cat-cadeaux-de-noel-pour-les-enfants","32":"product_cat-cadeaux-pour-couple","33":"product_cat-cadeaux-saint-valentin","34":"product_cat-cadeaux-de-saint-valentin-pour-elle","35":"product_cat-cadeaux-de-saint-valentin-pour-lui","36":"product_tag-animals-fr","37":"product_tag-creators-fr-2","38":"product_tag-custom-dog-gifts-fr","39":"product_tag-custom-photo-fr","40":"product_tag-dog-lover-fr","41":"product_tag-dog-mom-gifts-fr","42":"product_tag-dog-owner-fr","43":"product_tag-gifts-for-dog-owners-fr","45":"first","46":"instock","47":"sale","48":"taxable","49":"shipping-taxable","50":"purchasable","51":"product-type-variable"},"yoast_head":"<!-- This site is optimized with the Yoast SEO Premium plugin v27.2 (Yoast SEO v27.2) - https:\/\/yoast.com\/product\/yoast-seo-premium-wordpress\/ -->\n<title>Portrait personnalis\u00e9 depuis une Photo - Positive Prints<\/title>\n<meta name=\"description\" content=\"Transformez votre photo pr\u00e9f\u00e9r\u00e9e en un superbe portrait personnalis\u00e9, imprim\u00e9 sur un poster ou une toile premium. Un cadeau unique pour toutes les occasions.\" \/>\n<meta name=\"robots\" content=\"index, follow, max-snippet:-1, max-image-preview:large, max-video-preview:-1\" \/>\n<link rel=\"canonical\" href=\"https:\/\/positiveprints.com\/fr\/produit\/portrait-personnalise-depuis-une-photo\/\" \/>\n<meta property=\"og:locale\" content=\"fr_FR\" \/>\n<meta property=\"og:type\" content=\"article\" \/>\n<meta property=\"og:title\" content=\"Portrait personnalis\u00e9 depuis une Photo\" \/>\n<meta property=\"og:description\" content=\"T\u00e9l\u00e9chargez votre photo pr\u00e9f\u00e9r\u00e9e  Jusqu\u2019\u00e0 2 retouches disponibles sur demande  Nos artistes cr\u00e9ent votre \u0153uvre personnalis\u00e9e  Recevez votre aper\u00e7u sous 2 \u00e0 3 jours ouvr\u00e9s  Plusieurs formats d\u2019impression au choix\" \/>\n<meta property=\"og:url\" content=\"https:\/\/positiveprints.com\/fr\/produit\/portrait-personnalise-depuis-une-photo\/\" \/>\n<meta property=\"og:site_name\" content=\"Positive Prints\" \/>\n<meta property=\"article:publisher\" content=\"https:\/\/www.facebook.com\/positiveprintscom\" \/>\n<meta property=\"article:modified_time\" content=\"2026-04-28T12:11:29+00:00\" \/>\n<meta property=\"og:image\" content=\"https:\/\/positiveprints.com\/wp-content\/uploads\/2026\/04\/Packshot_FR_XX-Portrait-watercolor-a-partir-dune-photo.webp\" \/>\n\t<meta property=\"og:image:width\" content=\"1450\" \/>\n\t<meta property=\"og:image:height\" content=\"1450\" \/>\n\t<meta property=\"og:image:type\" content=\"image\/webp\" \/>\n<meta name=\"twitter:card\" content=\"summary_large_image\" \/>\n<!-- \/ Yoast SEO Premium plugin. -->","yoast_head_json":{"title":"Portrait personnalis\u00e9 depuis une Photo - Positive Prints","description":"Transformez votre photo pr\u00e9f\u00e9r\u00e9e en un superbe portrait personnalis\u00e9, imprim\u00e9 sur un poster ou une toile premium. Un cadeau unique pour toutes les occasions.","robots":{"index":"index","follow":"follow","max-snippet":"max-snippet:-1","max-image-preview":"max-image-preview:large","max-video-preview":"max-video-preview:-1"},"canonical":"https:\/\/positiveprints.com\/fr\/produit\/portrait-personnalise-depuis-une-photo\/","og_locale":"fr_FR","og_type":"article","og_title":"Portrait personnalis\u00e9 depuis une Photo","og_description":"T\u00e9l\u00e9chargez votre photo pr\u00e9f\u00e9r\u00e9e  Jusqu\u2019\u00e0 2 retouches disponibles sur demande  Nos artistes cr\u00e9ent votre \u0153uvre personnalis\u00e9e  Recevez votre aper\u00e7u sous 2 \u00e0 3 jours ouvr\u00e9s  Plusieurs formats d\u2019impression au choix","og_url":"https:\/\/positiveprints.com\/fr\/produit\/portrait-personnalise-depuis-une-photo\/","og_site_name":"Positive Prints","article_publisher":"https:\/\/www.facebook.com\/positiveprintscom","article_modified_time":"2026-04-28T12:11:29+00:00","og_image":[{"width":1450,"height":1450,"url":"https:\/\/positiveprints.com\/wp-content\/uploads\/2026\/04\/Packshot_FR_XX-Portrait-watercolor-a-partir-dune-photo.webp","type":"image\/webp"}],"twitter_card":"summary_large_image","schema":{"@context":"https:\/\/schema.org","@graph":[{"@type":["WebPage","ItemPage"],"@id":"https:\/\/positiveprints.com\/fr\/produit\/portrait-personnalise-depuis-une-photo\/","url":"https:\/\/positiveprints.com\/fr\/produit\/portrait-personnalise-depuis-une-photo\/","name":"Portrait personnalis\u00e9 depuis une Photo - Positive Prints","isPartOf":{"@id":"https:\/\/positiveprints.com\/fr\/#website"},"primaryImageOfPage":{"@id":"https:\/\/positiveprints.com\/fr\/produit\/portrait-personnalise-depuis-une-photo\/#primaryimage"},"image":{"@id":"https:\/\/positiveprints.com\/fr\/produit\/portrait-personnalise-depuis-une-photo\/#primaryimage"},"thumbnailUrl":"https:\/\/positiveprints.com\/wp-content\/uploads\/2026\/04\/Packshot_FR_XX-Portrait-watercolor-a-partir-dune-photo.webp","datePublished":"2026-02-06T14:11:41+00:00","dateModified":"2026-04-28T12:11:29+00:00","description":"Transformez votre photo pr\u00e9f\u00e9r\u00e9e en un superbe portrait personnalis\u00e9, imprim\u00e9 sur un poster ou une toile premium. Un cadeau unique pour toutes les occasions.","breadcrumb":{"@id":"https:\/\/positiveprints.com\/fr\/produit\/portrait-personnalise-depuis-une-photo\/#breadcrumb"},"inLanguage":"fr-FR","potentialAction":[{"@type":"ReadAction","target":["https:\/\/positiveprints.com\/fr\/produit\/portrait-personnalise-depuis-une-photo\/"]}]},{"@type":"ImageObject","inLanguage":"fr-FR","@id":"https:\/\/positiveprints.com\/fr\/produit\/portrait-personnalise-depuis-une-photo\/#primaryimage","url":"https:\/\/positiveprints.com\/wp-content\/uploads\/2026\/04\/Packshot_FR_XX-Portrait-watercolor-a-partir-dune-photo.webp","contentUrl":"https:\/\/positiveprints.com\/wp-content\/uploads\/2026\/04\/Packshot_FR_XX-Portrait-watercolor-a-partir-dune-photo.webp","width":1450,"height":1450},{"@type":"BreadcrumbList","@id":"https:\/\/positiveprints.com\/fr\/produit\/portrait-personnalise-depuis-une-photo\/#breadcrumb","itemListElement":[{"@type":"ListItem","position":1,"name":"Home","item":"https:\/\/positiveprints.com\/fr\/"},{"@type":"ListItem","position":2,"name":"Produits","item":"https:\/\/positiveprints.com\/fr\/shop\/"},{"@type":"ListItem","position":3,"name":"Portrait personnalis\u00e9 depuis une Photo"}]},{"@type":"WebSite","@id":"https:\/\/positiveprints.com\/fr\/#website","url":"https:\/\/positiveprints.com\/fr\/","name":"Positive Prints","description":"Amazing Custom Personalized Gifts","publisher":{"@id":"https:\/\/positiveprints.com\/fr\/#organization"},"potentialAction":[{"@type":"SearchAction","target":{"@type":"EntryPoint","urlTemplate":"https:\/\/positiveprints.com\/fr\/?s={search_term_string}"},"query-input":{"@type":"PropertyValueSpecification","valueRequired":true,"valueName":"search_term_string"}}],"inLanguage":"fr-FR"},{"@type":"Organization","@id":"https:\/\/positiveprints.com\/fr\/#organization","name":"Positive Prints","alternateName":"Positive Prints","url":"https:\/\/positiveprints.com\/fr\/","logo":{"@type":"ImageObject","inLanguage":"fr-FR","@id":"https:\/\/positiveprints.com\/fr\/#\/schema\/logo\/image\/","url":"https:\/\/positiveprints.com\/wp-content\/uploads\/2026\/03\/245815646_1337939713319158_5671353136411139666_n.png","contentUrl":"https:\/\/positiveprints.com\/wp-content\/uploads\/2026\/03\/245815646_1337939713319158_5671353136411139666_n.png","width":800,"height":800,"caption":"Positive Prints"},"image":{"@id":"https:\/\/positiveprints.com\/fr\/#\/schema\/logo\/image\/"},"sameAs":["https:\/\/www.facebook.com\/positiveprintscom","https:\/\/www.instagram.com\/positiveprintscom\/","https:\/\/www.tiktok.com\/@positiveprintscom","https:\/\/www.pinterest.com\/positiveprintscom\/"]}]}},"jetpack_sharing_enabled":true,"_links":{"self":[{"href":"https:\/\/positiveprints.com\/fr\/wp-json\/wp\/v2\/product\/1654478","targetHints":{"allow":["GET"]}}],"collection":[{"href":"https:\/\/positiveprints.com\/fr\/wp-json\/wp\/v2\/product"}],"about":[{"href":"https:\/\/positiveprints.com\/fr\/wp-json\/wp\/v2\/types\/product"}],"wp:featuredmedia":[{"embeddable":true,"href":"https:\/\/positiveprints.com\/fr\/wp-json\/wp\/v2\/media\/1702279"}],"wp:attachment":[{"href":"https:\/\/positiveprints.com\/fr\/wp-json\/wp\/v2\/media?parent=1654478"}],"wp:term":[{"taxonomy":"product_brand","embeddable":true,"href":"https:\/\/positiveprints.com\/fr\/wp-json\/wp\/v2\/product_brand?post=1654478"},{"taxonomy":"product_cat","embeddable":true,"href":"https:\/\/positiveprints.com\/fr\/wp-json\/wp\/v2\/product_cat?post=1654478"},{"taxonomy":"product_tag","embeddable":true,"href":"https:\/\/positiveprints.com\/fr\/wp-json\/wp\/v2\/product_tag?post=1654478"}],"curies":[{"name":"wp","href":"https:\/\/api.w.org\/{rel}","templated":true}]}}