{"id":1653434,"date":"2026-02-06T23:31:08","date_gmt":"2026-02-06T22:31:08","guid":{"rendered":"https:\/\/positiveprints.com\/?post_type=product&#038;p=1653434"},"modified":"2026-04-18T02:04:08","modified_gmt":"2026-04-18T01:04:08","slug":"portrait-de-famille-personnalise-a-partir-de-plusieurs-photos","status":"publish","type":"product","link":"https:\/\/positiveprints.com\/fr\/produit\/portrait-de-famille-personnalise-a-partir-de-plusieurs-photos\/","title":{"rendered":"Portrait de famille personnalis\u00e9 \u00e0 partir de plusieurs photos"},"content":{"rendered":"","protected":false},"excerpt":{"rendered":"<ul class=\"check-list\">\n<li>Portrait personnalis\u00e9 r\u00e9alis\u00e9 \u00e0 partir de votre ou vos photo(s)<\/li>\n<li>Jusqu\u2019\u00e0 2 retouches incluses, sur demande<\/li>\n<li>D\u00e9tendez-vous pendant que nos artistes cr\u00e9ent votre \u0153uvre<\/li>\n<li>R\u00e9ception d\u2019un aper\u00e7u sous 2 \u00e0 3 jours ouvr\u00e9s<\/li>\n<li>Plusieurs tailles d\u2019impression disponibles<\/li>\n<\/ul>\n","protected":false},"featured_media":1652460,"template":"","meta":[],"product_brand":[],"product_cat":[8243,9760,13592,104,264,8998,3127,3122,5264,11399,11391,11393,11394,15055,11400,7989,7973,7605,7718,7701,7845,7813],"product_tag":[13465,14858,14861,16017,16018,8533,16019,16020,16021],"class_list":{"0":"post-1653434","1":"product","2":"type-product","3":"status-publish","4":"has-post-thumbnail","6":"product_cat-digital-products-fr","7":"product_cat-trending-label-fr","8":"product_cat-aquarelle","9":"product_cat-tous-les-produits","10":"product_cat-creators-fr-2","11":"product_cat-fete-des-grands-parents","12":"product_cat-cadeaux-danniversaire","13":"product_cat-cadeaux-de-mariage","14":"product_cat-cadeaux-de-noel","15":"product_cat-cadeaux-de-noel-pour-maman","16":"product_cat-cadeaux-de-noel-pour-papa","17":"product_cat-cadeaux-de-noel-pour-mamie","18":"product_cat-cadeaux-de-noel-pour-papi","19":"product_cat-cadeaux-de-noel-pour-la-famille","20":"product_cat-cadeaux-de-noel-pour-les-parents","21":"product_cat-cadeaux-de-condoleances-idees-cadeaux","22":"product_cat-cadeaux-pour-papa","23":"product_cat-cadeaux-pour-grand-pere","24":"product_cat-cadeaux-pour-grand-mere","25":"product_cat-cadeaux-pour-maman","26":"product_cat-cadeaux-pour-la-famille","27":"product_cat-cadeaux-pour-nouveaux-parents","28":"product_tag-cadeaux-de-noel-pour-la-famille","29":"product_tag-creators-fr-2","30":"product_tag-custom-photo-fr","31":"product_tag-family-gift-ideas-fr","32":"product_tag-family-gifts-fr","33":"product_tag-family-fr","34":"product_tag-gift-for-family-fr","35":"product_tag-gifts-for-family-fr","36":"product_tag-personalized-family-gifts-fr","38":"first","39":"instock","40":"sale","41":"taxable","42":"shipping-taxable","43":"purchasable","44":"product-type-variable"},"yoast_head":"<!-- This site is optimized with the Yoast SEO Premium plugin v27.2 (Yoast SEO v27.2) - https:\/\/yoast.com\/product\/yoast-seo-premium-wordpress\/ -->\n<title>Portrait de famille personnalis\u00e9 \u00e0 partir de plusieurs photos - Positive Prints<\/title>\n<meta name=\"description\" content=\"Cr\u00e9ez un portrait de famille personnalis\u00e9 \u00e0 partir de plusieurs photos, imprim\u00e9 sur poster premium ou sur toile. Un cadeau unique, \u00e9mouvant et personnalis\u00e9 pour votre famille.\" \/>\n<meta name=\"robots\" content=\"index, follow, max-snippet:-1, max-image-preview:large, max-video-preview:-1\" \/>\n<link rel=\"canonical\" href=\"https:\/\/positiveprints.com\/fr\/produit\/portrait-de-famille-personnalise-a-partir-de-plusieurs-photos\/\" \/>\n<meta property=\"og:locale\" content=\"fr_FR\" \/>\n<meta property=\"og:type\" content=\"article\" \/>\n<meta property=\"og:title\" content=\"Portrait de famille personnalis\u00e9 \u00e0 partir de plusieurs photos\" \/>\n<meta property=\"og:description\" content=\"Portrait personnalis\u00e9 r\u00e9alis\u00e9 \u00e0 partir de votre ou vos photo(s)  Jusqu\u2019\u00e0 2 retouches incluses, sur demande  D\u00e9tendez-vous pendant que nos artistes cr\u00e9ent votre \u0153uvre  R\u00e9ception d\u2019un aper\u00e7u sous 2 \u00e0 3 jours ouvr\u00e9s  Plusieurs tailles d\u2019impression disponibles\" \/>\n<meta property=\"og:url\" content=\"https:\/\/positiveprints.com\/fr\/produit\/portrait-de-famille-personnalise-a-partir-de-plusieurs-photos\/\" \/>\n<meta property=\"og:site_name\" content=\"Positive Prints\" \/>\n<meta property=\"article:publisher\" content=\"https:\/\/www.facebook.com\/positiveprintscom\" \/>\n<meta property=\"article:modified_time\" content=\"2026-04-18T01:04:08+00:00\" \/>\n<meta property=\"og:image\" content=\"https:\/\/positiveprints.com\/wp-content\/uploads\/2026\/02\/Packshot_FR_Portrait-de-famille-personnalise-a-partir-de-plusieurs-photos.webp\" \/>\n\t<meta property=\"og:image:width\" content=\"1450\" \/>\n\t<meta property=\"og:image:height\" content=\"1450\" \/>\n\t<meta property=\"og:image:type\" content=\"image\/webp\" \/>\n<meta name=\"twitter:card\" content=\"summary_large_image\" \/>\n<meta name=\"twitter:label1\" content=\"Dur\u00e9e de lecture estim\u00e9e\" \/>\n\t<meta name=\"twitter:data1\" content=\"1 minute\" \/>\n<!-- \/ Yoast SEO Premium plugin. -->","yoast_head_json":{"title":"Portrait de famille personnalis\u00e9 \u00e0 partir de plusieurs photos - Positive Prints","description":"Cr\u00e9ez un portrait de famille personnalis\u00e9 \u00e0 partir de plusieurs photos, imprim\u00e9 sur poster premium ou sur toile. Un cadeau unique, \u00e9mouvant et personnalis\u00e9 pour votre famille.","robots":{"index":"index","follow":"follow","max-snippet":"max-snippet:-1","max-image-preview":"max-image-preview:large","max-video-preview":"max-video-preview:-1"},"canonical":"https:\/\/positiveprints.com\/fr\/produit\/portrait-de-famille-personnalise-a-partir-de-plusieurs-photos\/","og_locale":"fr_FR","og_type":"article","og_title":"Portrait de famille personnalis\u00e9 \u00e0 partir de plusieurs photos","og_description":"Portrait personnalis\u00e9 r\u00e9alis\u00e9 \u00e0 partir de votre ou vos photo(s)  Jusqu\u2019\u00e0 2 retouches incluses, sur demande  D\u00e9tendez-vous pendant que nos artistes cr\u00e9ent votre \u0153uvre  R\u00e9ception d\u2019un aper\u00e7u sous 2 \u00e0 3 jours ouvr\u00e9s  Plusieurs tailles d\u2019impression disponibles","og_url":"https:\/\/positiveprints.com\/fr\/produit\/portrait-de-famille-personnalise-a-partir-de-plusieurs-photos\/","og_site_name":"Positive Prints","article_publisher":"https:\/\/www.facebook.com\/positiveprintscom","article_modified_time":"2026-04-18T01:04:08+00:00","og_image":[{"width":1450,"height":1450,"url":"https:\/\/positiveprints.com\/wp-content\/uploads\/2026\/02\/Packshot_FR_Portrait-de-famille-personnalise-a-partir-de-plusieurs-photos.webp","type":"image\/webp"}],"twitter_card":"summary_large_image","twitter_misc":{"Dur\u00e9e de lecture estim\u00e9e":"1 minute"},"schema":{"@context":"https:\/\/schema.org","@graph":[{"@type":["WebPage","ItemPage"],"@id":"https:\/\/positiveprints.com\/fr\/produit\/portrait-de-famille-personnalise-a-partir-de-plusieurs-photos\/","url":"https:\/\/positiveprints.com\/fr\/produit\/portrait-de-famille-personnalise-a-partir-de-plusieurs-photos\/","name":"Portrait de famille personnalis\u00e9 \u00e0 partir de plusieurs photos - Positive Prints","isPartOf":{"@id":"https:\/\/positiveprints.com\/fr\/#website"},"primaryImageOfPage":{"@id":"https:\/\/positiveprints.com\/fr\/produit\/portrait-de-famille-personnalise-a-partir-de-plusieurs-photos\/#primaryimage"},"image":{"@id":"https:\/\/positiveprints.com\/fr\/produit\/portrait-de-famille-personnalise-a-partir-de-plusieurs-photos\/#primaryimage"},"thumbnailUrl":"https:\/\/positiveprints.com\/wp-content\/uploads\/2026\/02\/Packshot_FR_Portrait-de-famille-personnalise-a-partir-de-plusieurs-photos.webp","datePublished":"2026-02-06T22:31:08+00:00","dateModified":"2026-04-18T01:04:08+00:00","description":"Cr\u00e9ez un portrait de famille personnalis\u00e9 \u00e0 partir de plusieurs photos, imprim\u00e9 sur poster premium ou sur toile. Un cadeau unique, \u00e9mouvant et personnalis\u00e9 pour votre famille.","breadcrumb":{"@id":"https:\/\/positiveprints.com\/fr\/produit\/portrait-de-famille-personnalise-a-partir-de-plusieurs-photos\/#breadcrumb"},"inLanguage":"fr-FR","potentialAction":[{"@type":"ReadAction","target":["https:\/\/positiveprints.com\/fr\/produit\/portrait-de-famille-personnalise-a-partir-de-plusieurs-photos\/"]}]},{"@type":"ImageObject","inLanguage":"fr-FR","@id":"https:\/\/positiveprints.com\/fr\/produit\/portrait-de-famille-personnalise-a-partir-de-plusieurs-photos\/#primaryimage","url":"https:\/\/positiveprints.com\/wp-content\/uploads\/2026\/02\/Packshot_FR_Portrait-de-famille-personnalise-a-partir-de-plusieurs-photos.webp","contentUrl":"https:\/\/positiveprints.com\/wp-content\/uploads\/2026\/02\/Packshot_FR_Portrait-de-famille-personnalise-a-partir-de-plusieurs-photos.webp","width":1450,"height":1450},{"@type":"BreadcrumbList","@id":"https:\/\/positiveprints.com\/fr\/produit\/portrait-de-famille-personnalise-a-partir-de-plusieurs-photos\/#breadcrumb","itemListElement":[{"@type":"ListItem","position":1,"name":"Home","item":"https:\/\/positiveprints.com\/fr\/"},{"@type":"ListItem","position":2,"name":"Produits","item":"https:\/\/positiveprints.com\/fr\/shop\/"},{"@type":"ListItem","position":3,"name":"Portrait de famille personnalis\u00e9 \u00e0 partir de plusieurs photos"}]},{"@type":"WebSite","@id":"https:\/\/positiveprints.com\/fr\/#website","url":"https:\/\/positiveprints.com\/fr\/","name":"Positive Prints","description":"Amazing Custom Personalized Gifts","publisher":{"@id":"https:\/\/positiveprints.com\/fr\/#organization"},"potentialAction":[{"@type":"SearchAction","target":{"@type":"EntryPoint","urlTemplate":"https:\/\/positiveprints.com\/fr\/?s={search_term_string}"},"query-input":{"@type":"PropertyValueSpecification","valueRequired":true,"valueName":"search_term_string"}}],"inLanguage":"fr-FR"},{"@type":"Organization","@id":"https:\/\/positiveprints.com\/fr\/#organization","name":"Positive Prints","alternateName":"Positive Prints","url":"https:\/\/positiveprints.com\/fr\/","logo":{"@type":"ImageObject","inLanguage":"fr-FR","@id":"https:\/\/positiveprints.com\/fr\/#\/schema\/logo\/image\/","url":"https:\/\/positiveprints.com\/wp-content\/uploads\/2026\/03\/245815646_1337939713319158_5671353136411139666_n.png","contentUrl":"https:\/\/positiveprints.com\/wp-content\/uploads\/2026\/03\/245815646_1337939713319158_5671353136411139666_n.png","width":800,"height":800,"caption":"Positive Prints"},"image":{"@id":"https:\/\/positiveprints.com\/fr\/#\/schema\/logo\/image\/"},"sameAs":["https:\/\/www.facebook.com\/positiveprintscom","https:\/\/www.instagram.com\/positiveprintscom\/","https:\/\/www.tiktok.com\/@positiveprintscom","https:\/\/www.pinterest.com\/positiveprintscom\/"]}]}},"jetpack_sharing_enabled":true,"_links":{"self":[{"href":"https:\/\/positiveprints.com\/fr\/wp-json\/wp\/v2\/product\/1653434","targetHints":{"allow":["GET"]}}],"collection":[{"href":"https:\/\/positiveprints.com\/fr\/wp-json\/wp\/v2\/product"}],"about":[{"href":"https:\/\/positiveprints.com\/fr\/wp-json\/wp\/v2\/types\/product"}],"wp:featuredmedia":[{"embeddable":true,"href":"https:\/\/positiveprints.com\/fr\/wp-json\/wp\/v2\/media\/1652460"}],"wp:attachment":[{"href":"https:\/\/positiveprints.com\/fr\/wp-json\/wp\/v2\/media?parent=1653434"}],"wp:term":[{"taxonomy":"product_brand","embeddable":true,"href":"https:\/\/positiveprints.com\/fr\/wp-json\/wp\/v2\/product_brand?post=1653434"},{"taxonomy":"product_cat","embeddable":true,"href":"https:\/\/positiveprints.com\/fr\/wp-json\/wp\/v2\/product_cat?post=1653434"},{"taxonomy":"product_tag","embeddable":true,"href":"https:\/\/positiveprints.com\/fr\/wp-json\/wp\/v2\/product_tag?post=1653434"}],"curies":[{"name":"wp","href":"https:\/\/api.w.org\/{rel}","templated":true}]}}