{"id":1651283,"date":"2026-02-19T09:56:30","date_gmt":"2026-02-19T08:56:30","guid":{"rendered":"https:\/\/positiveprints.com\/?post_type=product&#038;p=1651283"},"modified":"2026-04-03T02:16:21","modified_gmt":"2026-04-03T01:16:21","slug":"poster-strava-personnalise","status":"publish","type":"product","link":"https:\/\/positiveprints.com\/fr\/produit\/poster-strava-personnalise\/","title":{"rendered":"Poster Strava personnalis\u00e9"},"content":{"rendered":"","protected":false},"excerpt":{"rendered":"<ul class=\"check-list\">\n<li>Importez votre fichier GPX ou connectez-vous \u00e0 Strava<\/li>\n<li>Personnalisez votre design en seulement 3 \u00e9tapes simples<\/li>\n<li>Choisissez parmi plusieurs th\u00e8mes de couleurs pour la carte<\/li>\n<li>Ajoutez un texte personnalis\u00e9 plein d\u2019\u00e9motions<\/li>\n<li>Visualisez instantan\u00e9ment votre cr\u00e9ation gr\u00e2ce \u00e0 l\u2019aper\u00e7u interactif<\/li>\n<\/ul>\n","protected":false},"featured_media":1650389,"template":"","meta":[],"product_brand":[],"product_cat":[15925,104,11482,7877],"product_tag":[14858,15931],"class_list":{"0":"post-1651283","1":"product","2":"type-product","3":"status-publish","4":"has-post-thumbnail","6":"product_cat-gpx-maps-fr","7":"product_cat-tous-les-produits","8":"product_cat-passe-temps","9":"product_cat-cadeaux-pour-fan-de-sport","10":"product_tag-creators-fr-2","11":"product_tag-gpx-fr","13":"first","14":"instock","15":"sale","16":"taxable","17":"shipping-taxable","18":"purchasable","19":"product-type-variable"},"yoast_head":"<!-- This site is optimized with the Yoast SEO Premium plugin v27.2 (Yoast SEO v27.2) - https:\/\/yoast.com\/product\/yoast-seo-premium-wordpress\/ -->\n<title>Poster Strava personnalis\u00e9 - Positive Prints<\/title>\n<meta name=\"description\" content=\"Cr\u00e9ez un poster Strava personnalis\u00e9 \u00e0 partir de votre historique d&#039;activit\u00e9. Personnalisez les couleurs, le texte et la mise en page. Un cadeau id\u00e9al pour les coureurs, les cyclistes et les amateurs de plein air qui souhaitent immortaliser leur parcours pr\u00e9f\u00e9r\u00e9.\" \/>\n<meta name=\"robots\" content=\"index, follow, max-snippet:-1, max-image-preview:large, max-video-preview:-1\" \/>\n<link rel=\"canonical\" href=\"https:\/\/positiveprints.com\/fr\/produit\/poster-strava-personnalise\/\" \/>\n<meta property=\"og:locale\" content=\"fr_FR\" \/>\n<meta property=\"og:type\" content=\"article\" \/>\n<meta property=\"og:title\" content=\"Poster Strava personnalis\u00e9\" \/>\n<meta property=\"og:description\" content=\"Importez votre fichier GPX ou connectez-vous \u00e0 Strava Personnalisez votre design en seulement 3 \u00e9tapes simples Choisissez parmi plusieurs th\u00e8mes de couleurs pour la carte Ajoutez un texte personnalis\u00e9 plein d\u2019\u00e9motions Visualisez instantan\u00e9ment votre cr\u00e9ation gr\u00e2ce \u00e0 l\u2019aper\u00e7u interactif\" \/>\n<meta property=\"og:url\" content=\"https:\/\/positiveprints.com\/fr\/produit\/poster-strava-personnalise\/\" \/>\n<meta property=\"og:site_name\" content=\"Positive Prints\" \/>\n<meta property=\"article:publisher\" content=\"https:\/\/www.facebook.com\/positiveprintscom\" \/>\n<meta property=\"article:modified_time\" content=\"2026-04-03T01:16:21+00:00\" \/>\n<meta property=\"og:image\" content=\"https:\/\/positiveprints.com\/wp-content\/uploads\/2026\/02\/Packshot_FR_Poster-Strava-personnalise.webp\" \/>\n\t<meta property=\"og:image:width\" content=\"1450\" \/>\n\t<meta property=\"og:image:height\" content=\"1450\" \/>\n\t<meta property=\"og:image:type\" content=\"image\/webp\" \/>\n<meta name=\"twitter:card\" content=\"summary_large_image\" \/>\n<meta name=\"twitter:label1\" content=\"Dur\u00e9e de lecture estim\u00e9e\" \/>\n\t<meta name=\"twitter:data1\" content=\"1 minute\" \/>\n<!-- \/ Yoast SEO Premium plugin. -->","yoast_head_json":{"title":"Poster Strava personnalis\u00e9 - Positive Prints","description":"Cr\u00e9ez un poster Strava personnalis\u00e9 \u00e0 partir de votre historique d'activit\u00e9. Personnalisez les couleurs, le texte et la mise en page. Un cadeau id\u00e9al pour les coureurs, les cyclistes et les amateurs de plein air qui souhaitent immortaliser leur parcours pr\u00e9f\u00e9r\u00e9.","robots":{"index":"index","follow":"follow","max-snippet":"max-snippet:-1","max-image-preview":"max-image-preview:large","max-video-preview":"max-video-preview:-1"},"canonical":"https:\/\/positiveprints.com\/fr\/produit\/poster-strava-personnalise\/","og_locale":"fr_FR","og_type":"article","og_title":"Poster Strava personnalis\u00e9","og_description":"Importez votre fichier GPX ou connectez-vous \u00e0 Strava Personnalisez votre design en seulement 3 \u00e9tapes simples Choisissez parmi plusieurs th\u00e8mes de couleurs pour la carte Ajoutez un texte personnalis\u00e9 plein d\u2019\u00e9motions Visualisez instantan\u00e9ment votre cr\u00e9ation gr\u00e2ce \u00e0 l\u2019aper\u00e7u interactif","og_url":"https:\/\/positiveprints.com\/fr\/produit\/poster-strava-personnalise\/","og_site_name":"Positive Prints","article_publisher":"https:\/\/www.facebook.com\/positiveprintscom","article_modified_time":"2026-04-03T01:16:21+00:00","og_image":[{"width":1450,"height":1450,"url":"https:\/\/positiveprints.com\/wp-content\/uploads\/2026\/02\/Packshot_FR_Poster-Strava-personnalise.webp","type":"image\/webp"}],"twitter_card":"summary_large_image","twitter_misc":{"Dur\u00e9e de lecture estim\u00e9e":"1 minute"},"schema":{"@context":"https:\/\/schema.org","@graph":[{"@type":["WebPage","ItemPage"],"@id":"https:\/\/positiveprints.com\/fr\/produit\/poster-strava-personnalise\/","url":"https:\/\/positiveprints.com\/fr\/produit\/poster-strava-personnalise\/","name":"Poster Strava personnalis\u00e9 - Positive Prints","isPartOf":{"@id":"https:\/\/positiveprints.com\/fr\/#website"},"primaryImageOfPage":{"@id":"https:\/\/positiveprints.com\/fr\/produit\/poster-strava-personnalise\/#primaryimage"},"image":{"@id":"https:\/\/positiveprints.com\/fr\/produit\/poster-strava-personnalise\/#primaryimage"},"thumbnailUrl":"https:\/\/positiveprints.com\/wp-content\/uploads\/2026\/02\/Packshot_FR_Poster-Strava-personnalise.webp","datePublished":"2026-02-19T08:56:30+00:00","dateModified":"2026-04-03T01:16:21+00:00","description":"Cr\u00e9ez un poster Strava personnalis\u00e9 \u00e0 partir de votre historique d'activit\u00e9. Personnalisez les couleurs, le texte et la mise en page. Un cadeau id\u00e9al pour les coureurs, les cyclistes et les amateurs de plein air qui souhaitent immortaliser leur parcours pr\u00e9f\u00e9r\u00e9.","breadcrumb":{"@id":"https:\/\/positiveprints.com\/fr\/produit\/poster-strava-personnalise\/#breadcrumb"},"inLanguage":"fr-FR","potentialAction":[{"@type":"ReadAction","target":["https:\/\/positiveprints.com\/fr\/produit\/poster-strava-personnalise\/"]}]},{"@type":"ImageObject","inLanguage":"fr-FR","@id":"https:\/\/positiveprints.com\/fr\/produit\/poster-strava-personnalise\/#primaryimage","url":"https:\/\/positiveprints.com\/wp-content\/uploads\/2026\/02\/Packshot_FR_Poster-Strava-personnalise.webp","contentUrl":"https:\/\/positiveprints.com\/wp-content\/uploads\/2026\/02\/Packshot_FR_Poster-Strava-personnalise.webp","width":1450,"height":1450},{"@type":"BreadcrumbList","@id":"https:\/\/positiveprints.com\/fr\/produit\/poster-strava-personnalise\/#breadcrumb","itemListElement":[{"@type":"ListItem","position":1,"name":"Home","item":"https:\/\/positiveprints.com\/fr\/"},{"@type":"ListItem","position":2,"name":"Produits","item":"https:\/\/positiveprints.com\/fr\/shop\/"},{"@type":"ListItem","position":3,"name":"Poster Strava personnalis\u00e9"}]},{"@type":"WebSite","@id":"https:\/\/positiveprints.com\/fr\/#website","url":"https:\/\/positiveprints.com\/fr\/","name":"Positive Prints","description":"Amazing Custom Personalized Gifts","publisher":{"@id":"https:\/\/positiveprints.com\/fr\/#organization"},"potentialAction":[{"@type":"SearchAction","target":{"@type":"EntryPoint","urlTemplate":"https:\/\/positiveprints.com\/fr\/?s={search_term_string}"},"query-input":{"@type":"PropertyValueSpecification","valueRequired":true,"valueName":"search_term_string"}}],"inLanguage":"fr-FR"},{"@type":"Organization","@id":"https:\/\/positiveprints.com\/fr\/#organization","name":"Positive Prints","alternateName":"Positive Prints","url":"https:\/\/positiveprints.com\/fr\/","logo":{"@type":"ImageObject","inLanguage":"fr-FR","@id":"https:\/\/positiveprints.com\/fr\/#\/schema\/logo\/image\/","url":"https:\/\/positiveprints.com\/wp-content\/uploads\/2026\/03\/245815646_1337939713319158_5671353136411139666_n.png","contentUrl":"https:\/\/positiveprints.com\/wp-content\/uploads\/2026\/03\/245815646_1337939713319158_5671353136411139666_n.png","width":800,"height":800,"caption":"Positive Prints"},"image":{"@id":"https:\/\/positiveprints.com\/fr\/#\/schema\/logo\/image\/"},"sameAs":["https:\/\/www.facebook.com\/positiveprintscom","https:\/\/www.instagram.com\/positiveprintscom\/","https:\/\/www.tiktok.com\/@positiveprintscom","https:\/\/www.pinterest.com\/positiveprintscom\/"]}]}},"jetpack_sharing_enabled":true,"_links":{"self":[{"href":"https:\/\/positiveprints.com\/fr\/wp-json\/wp\/v2\/product\/1651283","targetHints":{"allow":["GET"]}}],"collection":[{"href":"https:\/\/positiveprints.com\/fr\/wp-json\/wp\/v2\/product"}],"about":[{"href":"https:\/\/positiveprints.com\/fr\/wp-json\/wp\/v2\/types\/product"}],"wp:featuredmedia":[{"embeddable":true,"href":"https:\/\/positiveprints.com\/fr\/wp-json\/wp\/v2\/media\/1650389"}],"wp:attachment":[{"href":"https:\/\/positiveprints.com\/fr\/wp-json\/wp\/v2\/media?parent=1651283"}],"wp:term":[{"taxonomy":"product_brand","embeddable":true,"href":"https:\/\/positiveprints.com\/fr\/wp-json\/wp\/v2\/product_brand?post=1651283"},{"taxonomy":"product_cat","embeddable":true,"href":"https:\/\/positiveprints.com\/fr\/wp-json\/wp\/v2\/product_cat?post=1651283"},{"taxonomy":"product_tag","embeddable":true,"href":"https:\/\/positiveprints.com\/fr\/wp-json\/wp\/v2\/product_tag?post=1651283"}],"curies":[{"name":"wp","href":"https:\/\/api.w.org\/{rel}","templated":true}]}}