{"id":1649385,"date":"2026-02-18T11:01:35","date_gmt":"2026-02-18T10:01:35","guid":{"rendered":"https:\/\/positiveprints.com\/?post_type=product&#038;p=1649385"},"modified":"2026-04-28T13:10:17","modified_gmt":"2026-04-28T12:10:17","slug":"poster-de-parcours-de-marathon-personnalise","status":"publish","type":"product","link":"https:\/\/positiveprints.com\/fr\/produit\/poster-de-parcours-de-marathon-personnalise\/","title":{"rendered":"Poster de parcours de Marathon personnalis\u00e9"},"content":{"rendered":"","protected":false},"excerpt":{"rendered":"<ul class=\"check-list\">\n<li>Importez votre fichier GPX ou connectez-vous \u00e0 Strava<\/li>\n<li>G\u00e9n\u00e9rez automatiquement les d\u00e9tails de votre parcours, avec la distance, le temps, le d\u00e9nivel\u00e9, la date, et plus encore<\/li>\n<li>Choisissez parmi plusieurs th\u00e8mes de couleurs pour la carte<\/li>\n<li>Ajoutez un message personnalis\u00e9 ou modifiez vos statistiques g\u00e9n\u00e9r\u00e9es automatiquement<\/li>\n<li>Visualisez instantan\u00e9ment votre cr\u00e9ation gr\u00e2ce \u00e0 l\u2019aper\u00e7u interactif<\/li>\n<\/ul>\n","protected":false},"featured_media":1647832,"template":"","meta":[],"product_brand":[],"product_cat":[11212,15925,8982,11482,7877,7621,11396,11389,8217,104],"product_tag":[14858,15931],"class_list":{"0":"post-1649385","1":"product","2":"type-product","3":"status-publish","4":"has-post-thumbnail","6":"product_cat-cadeau-anniversaire-homme","7":"product_cat-gpx-maps-fr","8":"product_cat-nouveautes","9":"product_cat-passe-temps","10":"product_cat-cadeaux-pour-fan-de-sport","11":"product_cat-cadeaux-pour-frere","12":"product_cat-cadeaux-de-noel-pour-homme","13":"product_cat-cadeaux-de-noel-pour-le-frere","14":"product_cat-pour-lui","15":"product_cat-tous-les-produits","16":"product_tag-creators-fr-2","17":"product_tag-gpx-fr","19":"first","20":"instock","21":"sale","22":"taxable","23":"shipping-taxable","24":"purchasable","25":"product-type-variable"},"yoast_head":"<!-- This site is optimized with the Yoast SEO Premium plugin v27.2 (Yoast SEO v27.2) - https:\/\/yoast.com\/product\/yoast-seo-premium-wordpress\/ -->\n<title>Poster de parcours de Marathon personnalis\u00e9 - Positive Prints<\/title>\n<meta name=\"description\" content=\"Transformez votre course en un poster de parcours de Marathon personnalis\u00e9. Un cadeau plein de sens pour les passionn\u00e9s de course qui souhaitent c\u00e9l\u00e9brer leur accomplissement.\" \/>\n<meta name=\"robots\" content=\"index, follow, max-snippet:-1, max-image-preview:large, max-video-preview:-1\" \/>\n<link rel=\"canonical\" href=\"https:\/\/positiveprints.com\/fr\/produit\/poster-de-parcours-de-marathon-personnalise\/\" \/>\n<meta property=\"og:locale\" content=\"fr_FR\" \/>\n<meta property=\"og:type\" content=\"article\" \/>\n<meta property=\"og:title\" content=\"Poster de parcours de Marathon personnalis\u00e9\" \/>\n<meta property=\"og:description\" content=\"Importez votre fichier GPX ou connectez-vous \u00e0 Strava G\u00e9n\u00e9rez automatiquement les d\u00e9tails de votre parcours, avec la distance, le temps, le d\u00e9nivel\u00e9, la date, et plus encore Choisissez parmi plusieurs th\u00e8mes de couleurs pour la carte Ajoutez un message personnalis\u00e9 ou modifiez vos statistiques g\u00e9n\u00e9r\u00e9es automatiquement Visualisez instantan\u00e9ment votre cr\u00e9ation gr\u00e2ce \u00e0 l\u2019aper\u00e7u interactif\" \/>\n<meta property=\"og:url\" content=\"https:\/\/positiveprints.com\/fr\/produit\/poster-de-parcours-de-marathon-personnalise\/\" \/>\n<meta property=\"og:site_name\" content=\"Positive Prints\" \/>\n<meta property=\"article:publisher\" content=\"https:\/\/www.facebook.com\/positiveprintscom\" \/>\n<meta property=\"article:modified_time\" content=\"2026-04-28T12:10:17+00:00\" \/>\n<meta property=\"og:image\" content=\"https:\/\/positiveprints.com\/wp-content\/uploads\/2026\/02\/Packshot_FR_Poster-de-parcours-de-Marathon-personnalise.webp\" \/>\n\t<meta property=\"og:image:width\" content=\"1450\" \/>\n\t<meta property=\"og:image:height\" content=\"1450\" \/>\n\t<meta property=\"og:image:type\" content=\"image\/webp\" \/>\n<meta name=\"twitter:card\" content=\"summary_large_image\" \/>\n<!-- \/ Yoast SEO Premium plugin. -->","yoast_head_json":{"title":"Poster de parcours de Marathon personnalis\u00e9 - Positive Prints","description":"Transformez votre course en un poster de parcours de Marathon personnalis\u00e9. Un cadeau plein de sens pour les passionn\u00e9s de course qui souhaitent c\u00e9l\u00e9brer leur accomplissement.","robots":{"index":"index","follow":"follow","max-snippet":"max-snippet:-1","max-image-preview":"max-image-preview:large","max-video-preview":"max-video-preview:-1"},"canonical":"https:\/\/positiveprints.com\/fr\/produit\/poster-de-parcours-de-marathon-personnalise\/","og_locale":"fr_FR","og_type":"article","og_title":"Poster de parcours de Marathon personnalis\u00e9","og_description":"Importez votre fichier GPX ou connectez-vous \u00e0 Strava G\u00e9n\u00e9rez automatiquement les d\u00e9tails de votre parcours, avec la distance, le temps, le d\u00e9nivel\u00e9, la date, et plus encore Choisissez parmi plusieurs th\u00e8mes de couleurs pour la carte Ajoutez un message personnalis\u00e9 ou modifiez vos statistiques g\u00e9n\u00e9r\u00e9es automatiquement Visualisez instantan\u00e9ment votre cr\u00e9ation gr\u00e2ce \u00e0 l\u2019aper\u00e7u interactif","og_url":"https:\/\/positiveprints.com\/fr\/produit\/poster-de-parcours-de-marathon-personnalise\/","og_site_name":"Positive Prints","article_publisher":"https:\/\/www.facebook.com\/positiveprintscom","article_modified_time":"2026-04-28T12:10:17+00:00","og_image":[{"width":1450,"height":1450,"url":"https:\/\/positiveprints.com\/wp-content\/uploads\/2026\/02\/Packshot_FR_Poster-de-parcours-de-Marathon-personnalise.webp","type":"image\/webp"}],"twitter_card":"summary_large_image","schema":{"@context":"https:\/\/schema.org","@graph":[{"@type":["WebPage","ItemPage"],"@id":"https:\/\/positiveprints.com\/fr\/produit\/poster-de-parcours-de-marathon-personnalise\/","url":"https:\/\/positiveprints.com\/fr\/produit\/poster-de-parcours-de-marathon-personnalise\/","name":"Poster de parcours de Marathon personnalis\u00e9 - Positive Prints","isPartOf":{"@id":"https:\/\/positiveprints.com\/fr\/#website"},"primaryImageOfPage":{"@id":"https:\/\/positiveprints.com\/fr\/produit\/poster-de-parcours-de-marathon-personnalise\/#primaryimage"},"image":{"@id":"https:\/\/positiveprints.com\/fr\/produit\/poster-de-parcours-de-marathon-personnalise\/#primaryimage"},"thumbnailUrl":"https:\/\/positiveprints.com\/wp-content\/uploads\/2026\/02\/Packshot_FR_Poster-de-parcours-de-Marathon-personnalise.webp","datePublished":"2026-02-18T10:01:35+00:00","dateModified":"2026-04-28T12:10:17+00:00","description":"Transformez votre course en un poster de parcours de Marathon personnalis\u00e9. Un cadeau plein de sens pour les passionn\u00e9s de course qui souhaitent c\u00e9l\u00e9brer leur accomplissement.","breadcrumb":{"@id":"https:\/\/positiveprints.com\/fr\/produit\/poster-de-parcours-de-marathon-personnalise\/#breadcrumb"},"inLanguage":"fr-FR","potentialAction":[{"@type":"ReadAction","target":["https:\/\/positiveprints.com\/fr\/produit\/poster-de-parcours-de-marathon-personnalise\/"]}]},{"@type":"ImageObject","inLanguage":"fr-FR","@id":"https:\/\/positiveprints.com\/fr\/produit\/poster-de-parcours-de-marathon-personnalise\/#primaryimage","url":"https:\/\/positiveprints.com\/wp-content\/uploads\/2026\/02\/Packshot_FR_Poster-de-parcours-de-Marathon-personnalise.webp","contentUrl":"https:\/\/positiveprints.com\/wp-content\/uploads\/2026\/02\/Packshot_FR_Poster-de-parcours-de-Marathon-personnalise.webp","width":1450,"height":1450,"caption":"Packshot_FR_Poster de parcours de Marathon personnalis\u00e9"},{"@type":"BreadcrumbList","@id":"https:\/\/positiveprints.com\/fr\/produit\/poster-de-parcours-de-marathon-personnalise\/#breadcrumb","itemListElement":[{"@type":"ListItem","position":1,"name":"Home","item":"https:\/\/positiveprints.com\/fr\/"},{"@type":"ListItem","position":2,"name":"Produits","item":"https:\/\/positiveprints.com\/fr\/shop\/"},{"@type":"ListItem","position":3,"name":"Poster de parcours de Marathon personnalis\u00e9"}]},{"@type":"WebSite","@id":"https:\/\/positiveprints.com\/fr\/#website","url":"https:\/\/positiveprints.com\/fr\/","name":"Positive Prints","description":"Amazing Custom Personalized Gifts","publisher":{"@id":"https:\/\/positiveprints.com\/fr\/#organization"},"potentialAction":[{"@type":"SearchAction","target":{"@type":"EntryPoint","urlTemplate":"https:\/\/positiveprints.com\/fr\/?s={search_term_string}"},"query-input":{"@type":"PropertyValueSpecification","valueRequired":true,"valueName":"search_term_string"}}],"inLanguage":"fr-FR"},{"@type":"Organization","@id":"https:\/\/positiveprints.com\/fr\/#organization","name":"Positive Prints","alternateName":"Positive Prints","url":"https:\/\/positiveprints.com\/fr\/","logo":{"@type":"ImageObject","inLanguage":"fr-FR","@id":"https:\/\/positiveprints.com\/fr\/#\/schema\/logo\/image\/","url":"https:\/\/positiveprints.com\/wp-content\/uploads\/2026\/03\/245815646_1337939713319158_5671353136411139666_n.png","contentUrl":"https:\/\/positiveprints.com\/wp-content\/uploads\/2026\/03\/245815646_1337939713319158_5671353136411139666_n.png","width":800,"height":800,"caption":"Positive Prints"},"image":{"@id":"https:\/\/positiveprints.com\/fr\/#\/schema\/logo\/image\/"},"sameAs":["https:\/\/www.facebook.com\/positiveprintscom","https:\/\/www.instagram.com\/positiveprintscom\/","https:\/\/www.tiktok.com\/@positiveprintscom","https:\/\/www.pinterest.com\/positiveprintscom\/"]}]}},"jetpack_sharing_enabled":true,"_links":{"self":[{"href":"https:\/\/positiveprints.com\/fr\/wp-json\/wp\/v2\/product\/1649385","targetHints":{"allow":["GET"]}}],"collection":[{"href":"https:\/\/positiveprints.com\/fr\/wp-json\/wp\/v2\/product"}],"about":[{"href":"https:\/\/positiveprints.com\/fr\/wp-json\/wp\/v2\/types\/product"}],"wp:featuredmedia":[{"embeddable":true,"href":"https:\/\/positiveprints.com\/fr\/wp-json\/wp\/v2\/media\/1647832"}],"wp:attachment":[{"href":"https:\/\/positiveprints.com\/fr\/wp-json\/wp\/v2\/media?parent=1649385"}],"wp:term":[{"taxonomy":"product_brand","embeddable":true,"href":"https:\/\/positiveprints.com\/fr\/wp-json\/wp\/v2\/product_brand?post=1649385"},{"taxonomy":"product_cat","embeddable":true,"href":"https:\/\/positiveprints.com\/fr\/wp-json\/wp\/v2\/product_cat?post=1649385"},{"taxonomy":"product_tag","embeddable":true,"href":"https:\/\/positiveprints.com\/fr\/wp-json\/wp\/v2\/product_tag?post=1649385"}],"curies":[{"name":"wp","href":"https:\/\/api.w.org\/{rel}","templated":true}]}}