{"id":1649010,"date":"2026-02-06T22:53:37","date_gmt":"2026-02-06T21:53:37","guid":{"rendered":"https:\/\/positiveprints.com\/?post_type=product&#038;p=1649010"},"modified":"2026-04-03T02:16:35","modified_gmt":"2026-04-03T01:16:35","slug":"poster-de-parcours-personnalise","status":"publish","type":"product","link":"https:\/\/positiveprints.com\/fr\/produit\/poster-de-parcours-personnalise\/","title":{"rendered":"Poster de parcours personnalis\u00e9"},"content":{"rendered":"","protected":false},"excerpt":{"rendered":"<ul class=\"check-list\">\n<li>Importez votre fichier GPX ou connectez-vous \u00e0 Strava<\/li>\n<li>Personnalisez votre design en seulement 3 \u00e9tapes simples<\/li>\n<li>Choisissez parmi plusieurs th\u00e8mes de couleurs pour la carte, selon votre style<\/li>\n<li>Ajoutez un texte personnalis\u00e9 et significatif<\/li>\n<li>Visualisez instantan\u00e9ment le rendu gr\u00e2ce \u00e0 notre aper\u00e7u interactif<\/li>\n<\/ul>\n","protected":false},"featured_media":1646976,"template":"","meta":[],"product_brand":[],"product_cat":[264,8243,15925,15844],"product_tag":[14858,15931],"class_list":{"0":"post-1649010","1":"product","2":"type-product","3":"status-publish","4":"has-post-thumbnail","6":"product_cat-creators-fr-2","7":"product_cat-digital-products-fr","8":"product_cat-gpx-maps-fr","9":"product_cat-shop-bestsellers-fr","10":"product_tag-creators-fr-2","11":"product_tag-gpx-fr","13":"first","14":"instock","15":"sale","16":"taxable","17":"shipping-taxable","18":"purchasable","19":"product-type-variable","20":"has-default-attributes"},"yoast_head":"<!-- This site is optimized with the Yoast SEO Premium plugin v27.2 (Yoast SEO v27.2) - https:\/\/yoast.com\/product\/yoast-seo-premium-wordpress\/ -->\n<title>Poster de parcours personnalis\u00e9 | Positive Prints<\/title>\n<meta name=\"description\" content=\"Transformez un trac\u00e9 GPX en un poster de parcours de course personnalis\u00e9, avec noms et couleurs au choix. Le cadeau id\u00e9al pour les sportifs, coureurs, cyclistes et aventuriers.\" \/>\n<meta name=\"robots\" content=\"index, follow, max-snippet:-1, max-image-preview:large, max-video-preview:-1\" \/>\n<link rel=\"canonical\" href=\"https:\/\/positiveprints.com\/fr\/produit\/poster-de-parcours-personnalise\/\" \/>\n<meta property=\"og:locale\" content=\"fr_FR\" \/>\n<meta property=\"og:type\" content=\"article\" \/>\n<meta property=\"og:title\" content=\"Poster de parcours personnalis\u00e9\" \/>\n<meta property=\"og:description\" content=\"Importez votre fichier GPX ou connectez-vous \u00e0 Strava Personnalisez votre design en seulement 3 \u00e9tapes simples Choisissez parmi plusieurs th\u00e8mes de couleurs pour la carte, selon votre style Ajoutez un texte personnalis\u00e9 et significatif Visualisez instantan\u00e9ment le rendu gr\u00e2ce \u00e0 notre aper\u00e7u interactif\" \/>\n<meta property=\"og:url\" content=\"https:\/\/positiveprints.com\/fr\/produit\/poster-de-parcours-personnalise\/\" \/>\n<meta property=\"og:site_name\" content=\"Positive Prints\" \/>\n<meta property=\"article:publisher\" content=\"https:\/\/www.facebook.com\/positiveprintscom\" \/>\n<meta property=\"article:modified_time\" content=\"2026-04-03T01:16:35+00:00\" \/>\n<meta property=\"og:image\" content=\"https:\/\/positiveprints.com\/wp-content\/uploads\/2026\/02\/Packshot_FR_Poster-de-parcours-personnalise.webp\" \/>\n\t<meta property=\"og:image:width\" content=\"1450\" \/>\n\t<meta property=\"og:image:height\" content=\"1450\" \/>\n\t<meta property=\"og:image:type\" content=\"image\/webp\" \/>\n<meta name=\"twitter:card\" content=\"summary_large_image\" \/>\n<meta name=\"twitter:label1\" content=\"Dur\u00e9e de lecture estim\u00e9e\" \/>\n\t<meta name=\"twitter:data1\" content=\"1 minute\" \/>\n<!-- \/ Yoast SEO Premium plugin. -->","yoast_head_json":{"title":"Poster de parcours personnalis\u00e9 | Positive Prints","description":"Transformez un trac\u00e9 GPX en un poster de parcours de course personnalis\u00e9, avec noms et couleurs au choix. Le cadeau id\u00e9al pour les sportifs, coureurs, cyclistes et aventuriers.","robots":{"index":"index","follow":"follow","max-snippet":"max-snippet:-1","max-image-preview":"max-image-preview:large","max-video-preview":"max-video-preview:-1"},"canonical":"https:\/\/positiveprints.com\/fr\/produit\/poster-de-parcours-personnalise\/","og_locale":"fr_FR","og_type":"article","og_title":"Poster de parcours personnalis\u00e9","og_description":"Importez votre fichier GPX ou connectez-vous \u00e0 Strava Personnalisez votre design en seulement 3 \u00e9tapes simples Choisissez parmi plusieurs th\u00e8mes de couleurs pour la carte, selon votre style Ajoutez un texte personnalis\u00e9 et significatif Visualisez instantan\u00e9ment le rendu gr\u00e2ce \u00e0 notre aper\u00e7u interactif","og_url":"https:\/\/positiveprints.com\/fr\/produit\/poster-de-parcours-personnalise\/","og_site_name":"Positive Prints","article_publisher":"https:\/\/www.facebook.com\/positiveprintscom","article_modified_time":"2026-04-03T01:16:35+00:00","og_image":[{"width":1450,"height":1450,"url":"https:\/\/positiveprints.com\/wp-content\/uploads\/2026\/02\/Packshot_FR_Poster-de-parcours-personnalise.webp","type":"image\/webp"}],"twitter_card":"summary_large_image","twitter_misc":{"Dur\u00e9e de lecture estim\u00e9e":"1 minute"},"schema":{"@context":"https:\/\/schema.org","@graph":[{"@type":["WebPage","ItemPage"],"@id":"https:\/\/positiveprints.com\/fr\/produit\/poster-de-parcours-personnalise\/","url":"https:\/\/positiveprints.com\/fr\/produit\/poster-de-parcours-personnalise\/","name":"Poster de parcours personnalis\u00e9 | Positive Prints","isPartOf":{"@id":"https:\/\/positiveprints.com\/fr\/#website"},"primaryImageOfPage":{"@id":"https:\/\/positiveprints.com\/fr\/produit\/poster-de-parcours-personnalise\/#primaryimage"},"image":{"@id":"https:\/\/positiveprints.com\/fr\/produit\/poster-de-parcours-personnalise\/#primaryimage"},"thumbnailUrl":"https:\/\/positiveprints.com\/wp-content\/uploads\/2026\/02\/Packshot_FR_Poster-de-parcours-personnalise.webp","datePublished":"2026-02-06T21:53:37+00:00","dateModified":"2026-04-03T01:16:35+00:00","description":"Transformez un trac\u00e9 GPX en un poster de parcours de course personnalis\u00e9, avec noms et couleurs au choix. Le cadeau id\u00e9al pour les sportifs, coureurs, cyclistes et aventuriers.","breadcrumb":{"@id":"https:\/\/positiveprints.com\/fr\/produit\/poster-de-parcours-personnalise\/#breadcrumb"},"inLanguage":"fr-FR","potentialAction":[{"@type":"ReadAction","target":["https:\/\/positiveprints.com\/fr\/produit\/poster-de-parcours-personnalise\/"]}]},{"@type":"ImageObject","inLanguage":"fr-FR","@id":"https:\/\/positiveprints.com\/fr\/produit\/poster-de-parcours-personnalise\/#primaryimage","url":"https:\/\/positiveprints.com\/wp-content\/uploads\/2026\/02\/Packshot_FR_Poster-de-parcours-personnalise.webp","contentUrl":"https:\/\/positiveprints.com\/wp-content\/uploads\/2026\/02\/Packshot_FR_Poster-de-parcours-personnalise.webp","width":1450,"height":1450},{"@type":"BreadcrumbList","@id":"https:\/\/positiveprints.com\/fr\/produit\/poster-de-parcours-personnalise\/#breadcrumb","itemListElement":[{"@type":"ListItem","position":1,"name":"Home","item":"https:\/\/positiveprints.com\/fr\/"},{"@type":"ListItem","position":2,"name":"Produits","item":"https:\/\/positiveprints.com\/fr\/shop\/"},{"@type":"ListItem","position":3,"name":"Poster de parcours personnalis\u00e9"}]},{"@type":"WebSite","@id":"https:\/\/positiveprints.com\/fr\/#website","url":"https:\/\/positiveprints.com\/fr\/","name":"Positive Prints","description":"Amazing Custom Personalized Gifts","publisher":{"@id":"https:\/\/positiveprints.com\/fr\/#organization"},"potentialAction":[{"@type":"SearchAction","target":{"@type":"EntryPoint","urlTemplate":"https:\/\/positiveprints.com\/fr\/?s={search_term_string}"},"query-input":{"@type":"PropertyValueSpecification","valueRequired":true,"valueName":"search_term_string"}}],"inLanguage":"fr-FR"},{"@type":"Organization","@id":"https:\/\/positiveprints.com\/fr\/#organization","name":"Positive Prints","alternateName":"Positive Prints","url":"https:\/\/positiveprints.com\/fr\/","logo":{"@type":"ImageObject","inLanguage":"fr-FR","@id":"https:\/\/positiveprints.com\/fr\/#\/schema\/logo\/image\/","url":"https:\/\/positiveprints.com\/wp-content\/uploads\/2026\/03\/245815646_1337939713319158_5671353136411139666_n.png","contentUrl":"https:\/\/positiveprints.com\/wp-content\/uploads\/2026\/03\/245815646_1337939713319158_5671353136411139666_n.png","width":800,"height":800,"caption":"Positive Prints"},"image":{"@id":"https:\/\/positiveprints.com\/fr\/#\/schema\/logo\/image\/"},"sameAs":["https:\/\/www.facebook.com\/positiveprintscom","https:\/\/www.instagram.com\/positiveprintscom\/","https:\/\/www.tiktok.com\/@positiveprintscom","https:\/\/www.pinterest.com\/positiveprintscom\/"]}]}},"jetpack_sharing_enabled":true,"_links":{"self":[{"href":"https:\/\/positiveprints.com\/fr\/wp-json\/wp\/v2\/product\/1649010","targetHints":{"allow":["GET"]}}],"collection":[{"href":"https:\/\/positiveprints.com\/fr\/wp-json\/wp\/v2\/product"}],"about":[{"href":"https:\/\/positiveprints.com\/fr\/wp-json\/wp\/v2\/types\/product"}],"wp:featuredmedia":[{"embeddable":true,"href":"https:\/\/positiveprints.com\/fr\/wp-json\/wp\/v2\/media\/1646976"}],"wp:attachment":[{"href":"https:\/\/positiveprints.com\/fr\/wp-json\/wp\/v2\/media?parent=1649010"}],"wp:term":[{"taxonomy":"product_brand","embeddable":true,"href":"https:\/\/positiveprints.com\/fr\/wp-json\/wp\/v2\/product_brand?post=1649010"},{"taxonomy":"product_cat","embeddable":true,"href":"https:\/\/positiveprints.com\/fr\/wp-json\/wp\/v2\/product_cat?post=1649010"},{"taxonomy":"product_tag","embeddable":true,"href":"https:\/\/positiveprints.com\/fr\/wp-json\/wp\/v2\/product_tag?post=1649010"}],"curies":[{"name":"wp","href":"https:\/\/api.w.org\/{rel}","templated":true}]}}