{"id":1643619,"date":"2026-02-13T13:08:34","date_gmt":"2026-02-13T12:08:34","guid":{"rendered":"https:\/\/positiveprints.com\/?post_type=product&#038;p=1643619"},"modified":"2026-04-23T10:17:05","modified_gmt":"2026-04-23T09:17:05","slug":"portrait-de-couple-personnalise-a-partir-dune-photo","status":"publish","type":"product","link":"https:\/\/positiveprints.com\/fr\/produit\/portrait-de-couple-personnalise-a-partir-dune-photo\/","title":{"rendered":"Portrait de couple personnalis\u00e9 \u00e0 partir d\u2019une photo"},"content":{"rendered":"","protected":false},"excerpt":{"rendered":"<ul class=\"check-list\">\n<li>Uploadez votre photo pr\u00e9f\u00e9r\u00e9e et une photo de votre message manuscrit<\/li>\n<li>Jusqu\u2019\u00e0 2 retouches disponibles sur demande<\/li>\n<li>Nos artistes cr\u00e9ent votre \u0153uvre personnalis\u00e9e<\/li>\n<li>Recevez un aper\u00e7u sous 2 \u00e0 3 jours ouvr\u00e9s<\/li>\n<li>Plusieurs formats d\u2019impression au choix<\/li>\n<\/ul>\n","protected":false},"featured_media":1632433,"template":"","meta":[],"product_brand":[],"product_cat":[8194,8217,9760,13592,104,5328,11177,11175,11176,5276,11395,11396,11392,11388,11402,11397,7670,7638,7781,7749,7797,3118,11245,11246],"product_tag":[14849,14854,14866,14853,14681,14857,17670,14859,14848,14852,14856,14868,14864,14869,14851,14865,14867,14870,14863,14850],"class_list":{"0":"post-1643619","1":"product","2":"type-product","3":"status-publish","4":"has-post-thumbnail","6":"product_cat-pour-elle","7":"product_cat-pour-lui","8":"product_cat-trending-label-fr","9":"product_cat-aquarelle","10":"product_cat-tous-les-produits","11":"product_cat-cadeaux-de-commemorations","12":"product_cat-cadeaux-danniversaire-pour-couples","13":"product_cat-cadeaux-danniversaire-pour-femme","14":"product_cat-cadeaux-danniversaire-pour-homme","15":"product_cat-cadeaux-de-fiancailles-idees-cadeaux","16":"product_cat-cadeaux-de-noel-pour-femme","17":"product_cat-cadeaux-de-noel-pour-homme","18":"product_cat-cadeaux-de-noel-pour-sa-copine","19":"product_cat-cadeaux-de-noel-pour-son-petit-copain","20":"product_cat-cadeaux-de-noel-pour-sa-femme","21":"product_cat-cadeaux-de-noel-pour-le-mari","22":"product_cat-cadeaux-pour-petit-ami","23":"product_cat-cadeaux-pour-mari","24":"product_cat-cadeaux-pour-petite-amie","25":"product_cat-cadeaux-pour-epouse","26":"product_cat-cadeaux-pour-couple","27":"product_cat-cadeaux-saint-valentin","28":"product_cat-cadeaux-de-saint-valentin-pour-elle","29":"product_cat-cadeaux-de-saint-valentin-pour-lui","30":"product_tag-anniversary-fr","31":"product_tag-anniversary-gift-fr","32":"product_tag-anniversary-gifts-fr","33":"product_tag-anniversary-present-fr","34":"product_tag-cadeau-romantique","35":"product_tag-couple-gift-fr","36":"product_tag-engagement-fr","37":"product_tag-gift-for-couple-fr","38":"product_tag-love-fr","39":"product_tag-love-gift-fr","40":"product_tag-personalized-gift-fr","41":"product_tag-romantic-gifts-fr","42":"product_tag-sentimental-gift-fr","43":"product_tag-special-occasion-fr","44":"product_tag-thoughtful-gift-fr","45":"product_tag-unique-gift-fr","46":"product_tag-valentines-day-gifts-fr","47":"product_tag-valentines-day-fr","48":"product_tag-valentines-day-gift-fr","49":"product_tag-wedding-anniversary-fr","51":"first","52":"instock","53":"sale","54":"taxable","55":"shipping-taxable","56":"purchasable","57":"product-type-variable"},"yoast_head":"<!-- This site is optimized with the Yoast SEO Premium plugin v27.2 (Yoast SEO v27.2) - https:\/\/yoast.com\/product\/yoast-seo-premium-wordpress\/ -->\n<title>Portrait de couple personnalis\u00e9 \u00e0 partir d\u2019une photo - Positive Prints<\/title>\n<meta name=\"description\" content=\"Transformez votre photo de couple en un superbe portrait personnalis\u00e9, imprim\u00e9 sur un poster ou une toile premium. Un cadeau romantique et personnalis\u00e9 pour elle ou pour lui.\" \/>\n<meta name=\"robots\" content=\"index, follow, max-snippet:-1, max-image-preview:large, max-video-preview:-1\" \/>\n<link rel=\"canonical\" href=\"https:\/\/positiveprints.com\/fr\/produit\/portrait-de-couple-personnalise-a-partir-dune-photo\/\" \/>\n<meta property=\"og:locale\" content=\"fr_FR\" \/>\n<meta property=\"og:type\" content=\"article\" \/>\n<meta property=\"og:title\" content=\"Portrait de couple personnalis\u00e9 \u00e0 partir d\u2019une photo\" \/>\n<meta property=\"og:description\" content=\"Uploadez votre photo pr\u00e9f\u00e9r\u00e9e et une photo de votre message manuscrit Jusqu\u2019\u00e0 2 retouches disponibles sur demande Nos artistes cr\u00e9ent votre \u0153uvre personnalis\u00e9e Recevez un aper\u00e7u sous 2 \u00e0 3 jours ouvr\u00e9s Plusieurs formats d\u2019impression au choix\" \/>\n<meta property=\"og:url\" content=\"https:\/\/positiveprints.com\/fr\/produit\/portrait-de-couple-personnalise-a-partir-dune-photo\/\" \/>\n<meta property=\"og:site_name\" content=\"Positive Prints\" \/>\n<meta property=\"article:publisher\" content=\"https:\/\/www.facebook.com\/positiveprintscom\" \/>\n<meta property=\"article:modified_time\" content=\"2026-04-23T09:17:05+00:00\" \/>\n<meta property=\"og:image\" content=\"https:\/\/positiveprints.com\/wp-content\/uploads\/2026\/02\/Packshot_FR_Portrait-de-couple-personnalise-a-partir-dune-photo.webp\" \/>\n\t<meta property=\"og:image:width\" content=\"1450\" \/>\n\t<meta property=\"og:image:height\" content=\"1450\" \/>\n\t<meta property=\"og:image:type\" content=\"image\/webp\" \/>\n<meta name=\"twitter:card\" content=\"summary_large_image\" \/>\n<!-- \/ Yoast SEO Premium plugin. -->","yoast_head_json":{"title":"Portrait de couple personnalis\u00e9 \u00e0 partir d\u2019une photo - Positive Prints","description":"Transformez votre photo de couple en un superbe portrait personnalis\u00e9, imprim\u00e9 sur un poster ou une toile premium. Un cadeau romantique et personnalis\u00e9 pour elle ou pour lui.","robots":{"index":"index","follow":"follow","max-snippet":"max-snippet:-1","max-image-preview":"max-image-preview:large","max-video-preview":"max-video-preview:-1"},"canonical":"https:\/\/positiveprints.com\/fr\/produit\/portrait-de-couple-personnalise-a-partir-dune-photo\/","og_locale":"fr_FR","og_type":"article","og_title":"Portrait de couple personnalis\u00e9 \u00e0 partir d\u2019une photo","og_description":"Uploadez votre photo pr\u00e9f\u00e9r\u00e9e et une photo de votre message manuscrit Jusqu\u2019\u00e0 2 retouches disponibles sur demande Nos artistes cr\u00e9ent votre \u0153uvre personnalis\u00e9e Recevez un aper\u00e7u sous 2 \u00e0 3 jours ouvr\u00e9s Plusieurs formats d\u2019impression au choix","og_url":"https:\/\/positiveprints.com\/fr\/produit\/portrait-de-couple-personnalise-a-partir-dune-photo\/","og_site_name":"Positive Prints","article_publisher":"https:\/\/www.facebook.com\/positiveprintscom","article_modified_time":"2026-04-23T09:17:05+00:00","og_image":[{"width":1450,"height":1450,"url":"https:\/\/positiveprints.com\/wp-content\/uploads\/2026\/02\/Packshot_FR_Portrait-de-couple-personnalise-a-partir-dune-photo.webp","type":"image\/webp"}],"twitter_card":"summary_large_image","schema":{"@context":"https:\/\/schema.org","@graph":[{"@type":["WebPage","ItemPage"],"@id":"https:\/\/positiveprints.com\/fr\/produit\/portrait-de-couple-personnalise-a-partir-dune-photo\/","url":"https:\/\/positiveprints.com\/fr\/produit\/portrait-de-couple-personnalise-a-partir-dune-photo\/","name":"Portrait de couple personnalis\u00e9 \u00e0 partir d\u2019une photo - Positive Prints","isPartOf":{"@id":"https:\/\/positiveprints.com\/fr\/#website"},"primaryImageOfPage":{"@id":"https:\/\/positiveprints.com\/fr\/produit\/portrait-de-couple-personnalise-a-partir-dune-photo\/#primaryimage"},"image":{"@id":"https:\/\/positiveprints.com\/fr\/produit\/portrait-de-couple-personnalise-a-partir-dune-photo\/#primaryimage"},"thumbnailUrl":"https:\/\/positiveprints.com\/wp-content\/uploads\/2026\/02\/Packshot_FR_Portrait-de-couple-personnalise-a-partir-dune-photo.webp","datePublished":"2026-02-13T12:08:34+00:00","dateModified":"2026-04-23T09:17:05+00:00","description":"Transformez votre photo de couple en un superbe portrait personnalis\u00e9, imprim\u00e9 sur un poster ou une toile premium. Un cadeau romantique et personnalis\u00e9 pour elle ou pour lui.","breadcrumb":{"@id":"https:\/\/positiveprints.com\/fr\/produit\/portrait-de-couple-personnalise-a-partir-dune-photo\/#breadcrumb"},"inLanguage":"fr-FR","potentialAction":[{"@type":"ReadAction","target":["https:\/\/positiveprints.com\/fr\/produit\/portrait-de-couple-personnalise-a-partir-dune-photo\/"]}]},{"@type":"ImageObject","inLanguage":"fr-FR","@id":"https:\/\/positiveprints.com\/fr\/produit\/portrait-de-couple-personnalise-a-partir-dune-photo\/#primaryimage","url":"https:\/\/positiveprints.com\/wp-content\/uploads\/2026\/02\/Packshot_FR_Portrait-de-couple-personnalise-a-partir-dune-photo.webp","contentUrl":"https:\/\/positiveprints.com\/wp-content\/uploads\/2026\/02\/Packshot_FR_Portrait-de-couple-personnalise-a-partir-dune-photo.webp","width":1450,"height":1450},{"@type":"BreadcrumbList","@id":"https:\/\/positiveprints.com\/fr\/produit\/portrait-de-couple-personnalise-a-partir-dune-photo\/#breadcrumb","itemListElement":[{"@type":"ListItem","position":1,"name":"Home","item":"https:\/\/positiveprints.com\/fr\/"},{"@type":"ListItem","position":2,"name":"Produits","item":"https:\/\/positiveprints.com\/fr\/shop\/"},{"@type":"ListItem","position":3,"name":"Portrait de couple personnalis\u00e9 \u00e0 partir d\u2019une photo"}]},{"@type":"WebSite","@id":"https:\/\/positiveprints.com\/fr\/#website","url":"https:\/\/positiveprints.com\/fr\/","name":"Positive Prints","description":"Amazing Custom Personalized Gifts","publisher":{"@id":"https:\/\/positiveprints.com\/fr\/#organization"},"potentialAction":[{"@type":"SearchAction","target":{"@type":"EntryPoint","urlTemplate":"https:\/\/positiveprints.com\/fr\/?s={search_term_string}"},"query-input":{"@type":"PropertyValueSpecification","valueRequired":true,"valueName":"search_term_string"}}],"inLanguage":"fr-FR"},{"@type":"Organization","@id":"https:\/\/positiveprints.com\/fr\/#organization","name":"Positive Prints","alternateName":"Positive Prints","url":"https:\/\/positiveprints.com\/fr\/","logo":{"@type":"ImageObject","inLanguage":"fr-FR","@id":"https:\/\/positiveprints.com\/fr\/#\/schema\/logo\/image\/","url":"https:\/\/positiveprints.com\/wp-content\/uploads\/2026\/03\/245815646_1337939713319158_5671353136411139666_n.png","contentUrl":"https:\/\/positiveprints.com\/wp-content\/uploads\/2026\/03\/245815646_1337939713319158_5671353136411139666_n.png","width":800,"height":800,"caption":"Positive Prints"},"image":{"@id":"https:\/\/positiveprints.com\/fr\/#\/schema\/logo\/image\/"},"sameAs":["https:\/\/www.facebook.com\/positiveprintscom","https:\/\/www.instagram.com\/positiveprintscom\/","https:\/\/www.tiktok.com\/@positiveprintscom","https:\/\/www.pinterest.com\/positiveprintscom\/"]}]}},"jetpack_sharing_enabled":true,"_links":{"self":[{"href":"https:\/\/positiveprints.com\/fr\/wp-json\/wp\/v2\/product\/1643619","targetHints":{"allow":["GET"]}}],"collection":[{"href":"https:\/\/positiveprints.com\/fr\/wp-json\/wp\/v2\/product"}],"about":[{"href":"https:\/\/positiveprints.com\/fr\/wp-json\/wp\/v2\/types\/product"}],"wp:featuredmedia":[{"embeddable":true,"href":"https:\/\/positiveprints.com\/fr\/wp-json\/wp\/v2\/media\/1632433"}],"wp:attachment":[{"href":"https:\/\/positiveprints.com\/fr\/wp-json\/wp\/v2\/media?parent=1643619"}],"wp:term":[{"taxonomy":"product_brand","embeddable":true,"href":"https:\/\/positiveprints.com\/fr\/wp-json\/wp\/v2\/product_brand?post=1643619"},{"taxonomy":"product_cat","embeddable":true,"href":"https:\/\/positiveprints.com\/fr\/wp-json\/wp\/v2\/product_cat?post=1643619"},{"taxonomy":"product_tag","embeddable":true,"href":"https:\/\/positiveprints.com\/fr\/wp-json\/wp\/v2\/product_tag?post=1643619"}],"curies":[{"name":"wp","href":"https:\/\/api.w.org\/{rel}","templated":true}]}}