{"id":1616652,"date":"2026-01-21T21:24:55","date_gmt":"2026-01-21T20:24:55","guid":{"rendered":"https:\/\/positiveprints.com\/?post_type=product&#038;p=1616652"},"modified":"2026-04-03T02:17:38","modified_gmt":"2026-04-03T01:17:38","slug":"art-vinyle-de-chanson-numerique","status":"publish","type":"product","link":"https:\/\/positiveprints.com\/fr\/produit\/art-vinyle-de-chanson-numerique\/","title":{"rendered":"Art Vinyle de Chanson Num\u00e9rique"},"content":{"rendered":"","protected":false},"excerpt":{"rendered":"<ul class=\"check-list\">\n<li>Personnalisez avec des paroles de chanson ou des v\u0153ux de mariages<\/li>\n<li>Personnalisez en seulement 2 minutes<\/li>\n<li>Incluez un texte personnalis\u00e9 significatif<\/li>\n<li>Visualisez le r\u00e9sultat imm\u00e9diatement &#8211; l\u2019aper\u00e7u interactif te permet de peaufiner chaque d\u00e9tail<\/li>\n<\/ul>\n","protected":false},"featured_media":1248126,"template":"","meta":[],"product_brand":[],"product_cat":[9274,8243,7573,12175,104],"product_tag":[8719],"class_list":{"0":"post-1616652","1":"product","2":"type-product","3":"status-publish","4":"has-post-thumbnail","6":"product_cat-bestsellers-label-fr","7":"product_cat-digital-products-fr","8":"product_cat-idees-cadeaux-de-derniere-minute","9":"product_cat-lyrics-fr","10":"product_cat-tous-les-produits","11":"product_tag-last-minute-fr","13":"first","14":"instock","15":"sale","16":"taxable","17":"shipping-taxable","18":"purchasable","19":"product-type-variable"},"yoast_head":"<!-- This site is optimized with the Yoast SEO Premium plugin v27.2 (Yoast SEO v27.2) - https:\/\/yoast.com\/product\/yoast-seo-premium-wordpress\/ -->\n<title>Art Vinyle de Chanson Num\u00e9rique - Positive Prints<\/title>\n<meta name=\"description\" content=\"Cr\u00e9ez un art vinyle personnalis\u00e9 de votre chanson favorite, un cadeau unique pour les passionn\u00e9s de musique et id\u00e9al pour la Saint-Valentin.\" \/>\n<meta name=\"robots\" content=\"index, follow, max-snippet:-1, max-image-preview:large, max-video-preview:-1\" \/>\n<link rel=\"canonical\" href=\"https:\/\/positiveprints.com\/fr\/produit\/art-vinyle-de-chanson-numerique\/\" \/>\n<meta property=\"og:locale\" content=\"fr_FR\" \/>\n<meta property=\"og:type\" content=\"article\" \/>\n<meta property=\"og:title\" content=\"Art Vinyle de Chanson Num\u00e9rique\" \/>\n<meta property=\"og:description\" content=\"Personnalisez avec des paroles de chanson ou des v\u0153ux de mariages       Personnalisez en seulement 2 minutes       Incluez un texte personnalis\u00e9 significatif   Visualisez le r\u00e9sultat imm\u00e9diatement - l\u2019aper\u00e7u interactif te permet de peaufiner chaque d\u00e9tail\" \/>\n<meta property=\"og:url\" content=\"https:\/\/positiveprints.com\/fr\/produit\/art-vinyle-de-chanson-numerique\/\" \/>\n<meta property=\"og:site_name\" content=\"Positive Prints\" \/>\n<meta property=\"article:publisher\" content=\"https:\/\/www.facebook.com\/positiveprintscom\" \/>\n<meta property=\"article:modified_time\" content=\"2026-04-03T01:17:38+00:00\" \/>\n<meta property=\"og:image\" content=\"https:\/\/positiveprints.com\/wp-content\/uploads\/2026\/01\/Art-vinyle-personnalise_FR.webp\" \/>\n\t<meta property=\"og:image:width\" content=\"2048\" \/>\n\t<meta property=\"og:image:height\" content=\"2048\" \/>\n\t<meta property=\"og:image:type\" content=\"image\/webp\" \/>\n<meta name=\"twitter:card\" content=\"summary_large_image\" \/>\n<meta name=\"twitter:label1\" content=\"Dur\u00e9e de lecture estim\u00e9e\" \/>\n\t<meta name=\"twitter:data1\" content=\"1 minute\" \/>\n<!-- \/ Yoast SEO Premium plugin. -->","yoast_head_json":{"title":"Art Vinyle de Chanson Num\u00e9rique - Positive Prints","description":"Cr\u00e9ez un art vinyle personnalis\u00e9 de votre chanson favorite, un cadeau unique pour les passionn\u00e9s de musique et id\u00e9al pour la Saint-Valentin.","robots":{"index":"index","follow":"follow","max-snippet":"max-snippet:-1","max-image-preview":"max-image-preview:large","max-video-preview":"max-video-preview:-1"},"canonical":"https:\/\/positiveprints.com\/fr\/produit\/art-vinyle-de-chanson-numerique\/","og_locale":"fr_FR","og_type":"article","og_title":"Art Vinyle de Chanson Num\u00e9rique","og_description":"Personnalisez avec des paroles de chanson ou des v\u0153ux de mariages       Personnalisez en seulement 2 minutes       Incluez un texte personnalis\u00e9 significatif   Visualisez le r\u00e9sultat imm\u00e9diatement - l\u2019aper\u00e7u interactif te permet de peaufiner chaque d\u00e9tail","og_url":"https:\/\/positiveprints.com\/fr\/produit\/art-vinyle-de-chanson-numerique\/","og_site_name":"Positive Prints","article_publisher":"https:\/\/www.facebook.com\/positiveprintscom","article_modified_time":"2026-04-03T01:17:38+00:00","og_image":[{"width":2048,"height":2048,"url":"https:\/\/positiveprints.com\/wp-content\/uploads\/2026\/01\/Art-vinyle-personnalise_FR.webp","type":"image\/webp"}],"twitter_card":"summary_large_image","twitter_misc":{"Dur\u00e9e de lecture estim\u00e9e":"1 minute"},"schema":{"@context":"https:\/\/schema.org","@graph":[{"@type":["WebPage","ItemPage"],"@id":"https:\/\/positiveprints.com\/fr\/produit\/art-vinyle-de-chanson-numerique\/","url":"https:\/\/positiveprints.com\/fr\/produit\/art-vinyle-de-chanson-numerique\/","name":"Art Vinyle de Chanson Num\u00e9rique - Positive Prints","isPartOf":{"@id":"https:\/\/positiveprints.com\/fr\/#website"},"primaryImageOfPage":{"@id":"https:\/\/positiveprints.com\/fr\/produit\/art-vinyle-de-chanson-numerique\/#primaryimage"},"image":{"@id":"https:\/\/positiveprints.com\/fr\/produit\/art-vinyle-de-chanson-numerique\/#primaryimage"},"thumbnailUrl":"https:\/\/positiveprints.com\/wp-content\/uploads\/2024\/11\/Packshot_FR_Custom-Song-Lyrics-Art-with-Photo-product-image-.webp","datePublished":"2026-01-21T20:24:55+00:00","dateModified":"2026-04-03T01:17:38+00:00","description":"Cr\u00e9ez un art vinyle personnalis\u00e9 de votre chanson favorite, un cadeau unique pour les passionn\u00e9s de musique et id\u00e9al pour la Saint-Valentin.","breadcrumb":{"@id":"https:\/\/positiveprints.com\/fr\/produit\/art-vinyle-de-chanson-numerique\/#breadcrumb"},"inLanguage":"fr-FR","potentialAction":[{"@type":"ReadAction","target":["https:\/\/positiveprints.com\/fr\/produit\/art-vinyle-de-chanson-numerique\/"]}]},{"@type":"ImageObject","inLanguage":"fr-FR","@id":"https:\/\/positiveprints.com\/fr\/produit\/art-vinyle-de-chanson-numerique\/#primaryimage","url":"https:\/\/positiveprints.com\/wp-content\/uploads\/2024\/11\/Packshot_FR_Custom-Song-Lyrics-Art-with-Photo-product-image-.webp","contentUrl":"https:\/\/positiveprints.com\/wp-content\/uploads\/2024\/11\/Packshot_FR_Custom-Song-Lyrics-Art-with-Photo-product-image-.webp","width":1450,"height":1450,"caption":"Packshot_FR_Custom Song Lyrics Art with Photo product image"},{"@type":"BreadcrumbList","@id":"https:\/\/positiveprints.com\/fr\/produit\/art-vinyle-de-chanson-numerique\/#breadcrumb","itemListElement":[{"@type":"ListItem","position":1,"name":"Home","item":"https:\/\/positiveprints.com\/fr\/"},{"@type":"ListItem","position":2,"name":"Produits","item":"https:\/\/positiveprints.com\/fr\/shop\/"},{"@type":"ListItem","position":3,"name":"Art Vinyle de Chanson Num\u00e9rique"}]},{"@type":"WebSite","@id":"https:\/\/positiveprints.com\/fr\/#website","url":"https:\/\/positiveprints.com\/fr\/","name":"Positive Prints","description":"Amazing Custom Personalized Gifts","publisher":{"@id":"https:\/\/positiveprints.com\/fr\/#organization"},"potentialAction":[{"@type":"SearchAction","target":{"@type":"EntryPoint","urlTemplate":"https:\/\/positiveprints.com\/fr\/?s={search_term_string}"},"query-input":{"@type":"PropertyValueSpecification","valueRequired":true,"valueName":"search_term_string"}}],"inLanguage":"fr-FR"},{"@type":"Organization","@id":"https:\/\/positiveprints.com\/fr\/#organization","name":"Positive Prints","alternateName":"Positive Prints","url":"https:\/\/positiveprints.com\/fr\/","logo":{"@type":"ImageObject","inLanguage":"fr-FR","@id":"https:\/\/positiveprints.com\/fr\/#\/schema\/logo\/image\/","url":"https:\/\/positiveprints.com\/wp-content\/uploads\/2026\/03\/245815646_1337939713319158_5671353136411139666_n.png","contentUrl":"https:\/\/positiveprints.com\/wp-content\/uploads\/2026\/03\/245815646_1337939713319158_5671353136411139666_n.png","width":800,"height":800,"caption":"Positive Prints"},"image":{"@id":"https:\/\/positiveprints.com\/fr\/#\/schema\/logo\/image\/"},"sameAs":["https:\/\/www.facebook.com\/positiveprintscom","https:\/\/www.instagram.com\/positiveprintscom\/","https:\/\/www.tiktok.com\/@positiveprintscom","https:\/\/www.pinterest.com\/positiveprintscom\/"]}]}},"jetpack_sharing_enabled":true,"_links":{"self":[{"href":"https:\/\/positiveprints.com\/fr\/wp-json\/wp\/v2\/product\/1616652","targetHints":{"allow":["GET"]}}],"collection":[{"href":"https:\/\/positiveprints.com\/fr\/wp-json\/wp\/v2\/product"}],"about":[{"href":"https:\/\/positiveprints.com\/fr\/wp-json\/wp\/v2\/types\/product"}],"wp:featuredmedia":[{"embeddable":true,"href":"https:\/\/positiveprints.com\/fr\/wp-json\/wp\/v2\/media\/1248126"}],"wp:attachment":[{"href":"https:\/\/positiveprints.com\/fr\/wp-json\/wp\/v2\/media?parent=1616652"}],"wp:term":[{"taxonomy":"product_brand","embeddable":true,"href":"https:\/\/positiveprints.com\/fr\/wp-json\/wp\/v2\/product_brand?post=1616652"},{"taxonomy":"product_cat","embeddable":true,"href":"https:\/\/positiveprints.com\/fr\/wp-json\/wp\/v2\/product_cat?post=1616652"},{"taxonomy":"product_tag","embeddable":true,"href":"https:\/\/positiveprints.com\/fr\/wp-json\/wp\/v2\/product_tag?post=1616652"}],"curies":[{"name":"wp","href":"https:\/\/api.w.org\/{rel}","templated":true}]}}