{"id":1612587,"date":"2026-01-13T13:58:59","date_gmt":"2026-01-13T12:58:59","guid":{"rendered":"https:\/\/positiveprints.com\/product\/where-we-first-met-map\/"},"modified":"2026-04-03T02:18:04","modified_gmt":"2026-04-03T01:18:04","slug":"carte-la-ou-on-sest-rencontres","status":"publish","type":"product","link":"https:\/\/positiveprints.com\/fr\/produit\/carte-la-ou-on-sest-rencontres\/","title":{"rendered":"Carte l\u00e0 o\u00f9 on s\u2019est rencontr\u00e9s"},"content":{"rendered":"","protected":false},"excerpt":{"rendered":"<ul class=\"check-list\">\n<li>Marquez un endroit sp\u00e9cial avec un symbole choisi<\/li>\n<li>Personnalisez votre design en 3 \u00e9tapes simples<\/li>\n<li>Incluez un texte personnalis\u00e9 significatif<\/li>\n<li>Visualisez le r\u00e9sultat imm\u00e9diatement \u2013 l\u2019aper\u00e7u interactif vous permet de peaufiner chaque d\u00e9tail<\/li>\n<\/ul>\n","protected":false},"featured_media":1612261,"template":"","meta":[],"product_brand":[],"product_cat":[7187],"product_tag":[14849,11790,11789,11791,11793,11792,11767,11795,11753,15722,17443,17442,17441,17440],"class_list":{"0":"post-1612587","1":"product","2":"type-product","3":"status-publish","4":"has-post-thumbnail","6":"product_cat-map-fr","7":"product_tag-anniversary-fr","8":"product_tag-cadeaux-de-noel-pour-elle","9":"product_tag-cadeaux-de-noel-pour-femme","10":"product_tag-cadeaux-de-noel-pour-homme","11":"product_tag-cadeaux-de-noel-pour-le-mari","12":"product_tag-cadeaux-de-noel-pour-lui","13":"product_tag-cadeaux-de-noel-pour-sa-copine","14":"product_tag-cadeaux-de-noel-pour-sa-femme","15":"product_tag-cadeaux-de-noel-pour-son-petit-copain","16":"product_tag-christmas-present-fr","17":"product_tag-prezenty-pod-choinke-dla-chlopaka-fr","18":"product_tag-prezenty-pod-choinke-dla-dziewczyny-fr","19":"product_tag-prezenty-pod-choinke-dla-niego-fr","20":"product_tag-prezenty-pod-choinke-dla-niej-fr","22":"first","23":"instock","24":"sale","25":"taxable","26":"shipping-taxable","27":"purchasable","28":"product-type-variable"},"yoast_head":"<!-- This site is optimized with the Yoast SEO Premium plugin v27.2 (Yoast SEO v27.2) - https:\/\/yoast.com\/product\/yoast-seo-premium-wordpress\/ -->\n<title>Carte l\u00e0 o\u00f9 on s\u2019est rencontr\u00e9s - Positive Prints<\/title>\n<meta name=\"description\" content=\"Carte personnalis\u00e9e du lieu o\u00f9 vous vous \u00eates rencontr\u00e9s. Un souvenir \u00e9mouvant pour couples, parfait comme cadeau d\u2019anniversaire ou romantique.\" \/>\n<meta name=\"robots\" content=\"index, follow, max-snippet:-1, max-image-preview:large, max-video-preview:-1\" \/>\n<link rel=\"canonical\" href=\"https:\/\/positiveprints.com\/fr\/produit\/carte-la-ou-on-sest-rencontres\/\" \/>\n<meta property=\"og:locale\" content=\"fr_FR\" \/>\n<meta property=\"og:type\" content=\"article\" \/>\n<meta property=\"og:title\" content=\"Carte l\u00e0 o\u00f9 on s\u2019est rencontr\u00e9s\" \/>\n<meta property=\"og:description\" content=\"Marquez un endroit sp\u00e9cial avec un symbole choisi  Personnalisez votre design en 3 \u00e9tapes simples  Incluez un texte personnalis\u00e9 significatif  Visualisez le r\u00e9sultat imm\u00e9diatement \u2013 l\u2019aper\u00e7u interactif vous permet de peaufiner chaque d\u00e9tail\" \/>\n<meta property=\"og:url\" content=\"https:\/\/positiveprints.com\/fr\/produit\/carte-la-ou-on-sest-rencontres\/\" \/>\n<meta property=\"og:site_name\" content=\"Positive Prints\" \/>\n<meta property=\"article:publisher\" content=\"https:\/\/www.facebook.com\/positiveprintscom\" \/>\n<meta property=\"article:modified_time\" content=\"2026-04-03T01:18:04+00:00\" \/>\n<meta property=\"og:image\" content=\"https:\/\/positiveprints.com\/wp-content\/uploads\/2026\/01\/Packshot_FR_XX-4.webp\" \/>\n\t<meta property=\"og:image:width\" content=\"1450\" \/>\n\t<meta property=\"og:image:height\" content=\"1450\" \/>\n\t<meta property=\"og:image:type\" content=\"image\/webp\" \/>\n<meta name=\"twitter:card\" content=\"summary_large_image\" \/>\n<meta name=\"twitter:label1\" content=\"Dur\u00e9e de lecture estim\u00e9e\" \/>\n\t<meta name=\"twitter:data1\" content=\"1 minute\" \/>\n<!-- \/ Yoast SEO Premium plugin. -->","yoast_head_json":{"title":"Carte l\u00e0 o\u00f9 on s\u2019est rencontr\u00e9s - Positive Prints","description":"Carte personnalis\u00e9e du lieu o\u00f9 vous vous \u00eates rencontr\u00e9s. Un souvenir \u00e9mouvant pour couples, parfait comme cadeau d\u2019anniversaire ou romantique.","robots":{"index":"index","follow":"follow","max-snippet":"max-snippet:-1","max-image-preview":"max-image-preview:large","max-video-preview":"max-video-preview:-1"},"canonical":"https:\/\/positiveprints.com\/fr\/produit\/carte-la-ou-on-sest-rencontres\/","og_locale":"fr_FR","og_type":"article","og_title":"Carte l\u00e0 o\u00f9 on s\u2019est rencontr\u00e9s","og_description":"Marquez un endroit sp\u00e9cial avec un symbole choisi  Personnalisez votre design en 3 \u00e9tapes simples  Incluez un texte personnalis\u00e9 significatif  Visualisez le r\u00e9sultat imm\u00e9diatement \u2013 l\u2019aper\u00e7u interactif vous permet de peaufiner chaque d\u00e9tail","og_url":"https:\/\/positiveprints.com\/fr\/produit\/carte-la-ou-on-sest-rencontres\/","og_site_name":"Positive Prints","article_publisher":"https:\/\/www.facebook.com\/positiveprintscom","article_modified_time":"2026-04-03T01:18:04+00:00","og_image":[{"width":1450,"height":1450,"url":"https:\/\/positiveprints.com\/wp-content\/uploads\/2026\/01\/Packshot_FR_XX-4.webp","type":"image\/webp"}],"twitter_card":"summary_large_image","twitter_misc":{"Dur\u00e9e de lecture estim\u00e9e":"1 minute"},"schema":{"@context":"https:\/\/schema.org","@graph":[{"@type":["WebPage","ItemPage"],"@id":"https:\/\/positiveprints.com\/fr\/produit\/carte-la-ou-on-sest-rencontres\/","url":"https:\/\/positiveprints.com\/fr\/produit\/carte-la-ou-on-sest-rencontres\/","name":"Carte l\u00e0 o\u00f9 on s\u2019est rencontr\u00e9s - Positive Prints","isPartOf":{"@id":"https:\/\/positiveprints.com\/fr\/#website"},"primaryImageOfPage":{"@id":"https:\/\/positiveprints.com\/fr\/produit\/carte-la-ou-on-sest-rencontres\/#primaryimage"},"image":{"@id":"https:\/\/positiveprints.com\/fr\/produit\/carte-la-ou-on-sest-rencontres\/#primaryimage"},"thumbnailUrl":"https:\/\/positiveprints.com\/wp-content\/uploads\/2026\/01\/Packshot_FR_XX-4.webp","datePublished":"2026-01-13T12:58:59+00:00","dateModified":"2026-04-03T01:18:04+00:00","description":"Carte personnalis\u00e9e du lieu o\u00f9 vous vous \u00eates rencontr\u00e9s. Un souvenir \u00e9mouvant pour couples, parfait comme cadeau d\u2019anniversaire ou romantique.","breadcrumb":{"@id":"https:\/\/positiveprints.com\/fr\/produit\/carte-la-ou-on-sest-rencontres\/#breadcrumb"},"inLanguage":"fr-FR","potentialAction":[{"@type":"ReadAction","target":["https:\/\/positiveprints.com\/fr\/produit\/carte-la-ou-on-sest-rencontres\/"]}]},{"@type":"ImageObject","inLanguage":"fr-FR","@id":"https:\/\/positiveprints.com\/fr\/produit\/carte-la-ou-on-sest-rencontres\/#primaryimage","url":"https:\/\/positiveprints.com\/wp-content\/uploads\/2026\/01\/Packshot_FR_XX-4.webp","contentUrl":"https:\/\/positiveprints.com\/wp-content\/uploads\/2026\/01\/Packshot_FR_XX-4.webp","width":1450,"height":1450},{"@type":"BreadcrumbList","@id":"https:\/\/positiveprints.com\/fr\/produit\/carte-la-ou-on-sest-rencontres\/#breadcrumb","itemListElement":[{"@type":"ListItem","position":1,"name":"Home","item":"https:\/\/positiveprints.com\/fr\/"},{"@type":"ListItem","position":2,"name":"Produits","item":"https:\/\/positiveprints.com\/fr\/shop\/"},{"@type":"ListItem","position":3,"name":"Carte l\u00e0 o\u00f9 on s\u2019est rencontr\u00e9s"}]},{"@type":"WebSite","@id":"https:\/\/positiveprints.com\/fr\/#website","url":"https:\/\/positiveprints.com\/fr\/","name":"Positive Prints","description":"Amazing Custom Personalized Gifts","publisher":{"@id":"https:\/\/positiveprints.com\/fr\/#organization"},"potentialAction":[{"@type":"SearchAction","target":{"@type":"EntryPoint","urlTemplate":"https:\/\/positiveprints.com\/fr\/?s={search_term_string}"},"query-input":{"@type":"PropertyValueSpecification","valueRequired":true,"valueName":"search_term_string"}}],"inLanguage":"fr-FR"},{"@type":"Organization","@id":"https:\/\/positiveprints.com\/fr\/#organization","name":"Positive Prints","alternateName":"Positive Prints","url":"https:\/\/positiveprints.com\/fr\/","logo":{"@type":"ImageObject","inLanguage":"fr-FR","@id":"https:\/\/positiveprints.com\/fr\/#\/schema\/logo\/image\/","url":"https:\/\/positiveprints.com\/wp-content\/uploads\/2026\/03\/245815646_1337939713319158_5671353136411139666_n.png","contentUrl":"https:\/\/positiveprints.com\/wp-content\/uploads\/2026\/03\/245815646_1337939713319158_5671353136411139666_n.png","width":800,"height":800,"caption":"Positive Prints"},"image":{"@id":"https:\/\/positiveprints.com\/fr\/#\/schema\/logo\/image\/"},"sameAs":["https:\/\/www.facebook.com\/positiveprintscom","https:\/\/www.instagram.com\/positiveprintscom\/","https:\/\/www.tiktok.com\/@positiveprintscom","https:\/\/www.pinterest.com\/positiveprintscom\/"]}]}},"jetpack_sharing_enabled":true,"_links":{"self":[{"href":"https:\/\/positiveprints.com\/fr\/wp-json\/wp\/v2\/product\/1612587","targetHints":{"allow":["GET"]}}],"collection":[{"href":"https:\/\/positiveprints.com\/fr\/wp-json\/wp\/v2\/product"}],"about":[{"href":"https:\/\/positiveprints.com\/fr\/wp-json\/wp\/v2\/types\/product"}],"wp:featuredmedia":[{"embeddable":true,"href":"https:\/\/positiveprints.com\/fr\/wp-json\/wp\/v2\/media\/1612261"}],"wp:attachment":[{"href":"https:\/\/positiveprints.com\/fr\/wp-json\/wp\/v2\/media?parent=1612587"}],"wp:term":[{"taxonomy":"product_brand","embeddable":true,"href":"https:\/\/positiveprints.com\/fr\/wp-json\/wp\/v2\/product_brand?post=1612587"},{"taxonomy":"product_cat","embeddable":true,"href":"https:\/\/positiveprints.com\/fr\/wp-json\/wp\/v2\/product_cat?post=1612587"},{"taxonomy":"product_tag","embeddable":true,"href":"https:\/\/positiveprints.com\/fr\/wp-json\/wp\/v2\/product_tag?post=1612587"}],"curies":[{"name":"wp","href":"https:\/\/api.w.org\/{rel}","templated":true}]}}