{"id":159200,"date":"2021-09-06T12:51:19","date_gmt":"2021-09-06T11:51:19","guid":{"rendered":"https:\/\/positiveprints.com\/product\/rencontre-baiser-fiancailles\/"},"modified":"2026-04-18T08:06:16","modified_gmt":"2026-04-18T07:06:16","slug":"rencontre-baiser-fiancailles","status":"publish","type":"product","link":"https:\/\/positiveprints.com\/fr\/produit\/rencontre-baiser-fiancailles\/","title":{"rendered":"La Rencontre, le Baiser, les Fian\u00e7ailles"},"content":{"rendered":"<p>Le moment o\u00f9 vous avez rencontr\u00e9 votre amour \u00e9ternel a men\u00e9 au premier baiser, qui a men\u00e9 au moment o\u00f9 vous avez d\u00e9cid\u00e9 de passer l&#8217;\u00e9ternit\u00e9 ensemble. Chaque histoire d&#8217;amour m\u00e9rite d&#8217;\u00eatre c\u00e9l\u00e9br\u00e9e, et vous pouvez raconter la v\u00f4tre encore et encore gr\u00e2ce \u00e0 la carte Rencontre, Baiser, Fian\u00e7ailles.<\/p>\r\n\r\n\r\n\r\n<h2 class=\"grenB f24 cblue\" style=\"margin-top: 3rem\">Qu&#8217;est-ce qu&#8217;une carte Rencontre, Baiser, Fian\u00e7ailles ?<\/h2>\r\n\r\n\r\n\r\n<p style=\"margin-top: 1rem\">Nos cartes Rencontre, Baiser, Fian\u00e7ailles de Positive Prints consistent en fait en une s\u00e9rie de trois cartes plus petites affich\u00e9es sous forme d&#8217;une seule affiche. Chaque carte met en \u00e9vidence l&#8217;emplacement d&#8217;une \u00e9tape importante de votre histoire d&#8217;amour : l&#8217;endroit o\u00f9 vous vous \u00eates rencontr\u00e9s, o\u00f9 vous avez partag\u00e9 votre premier baiser, et o\u00f9 vous avez d\u00e9cid\u00e9 de passer votre vie ensemble.<\/p>\r\n\r\n\r\n\r\n<p style=\"margin-top: 1rem\">Chacune des petites cartes comprend un texte personnalis\u00e9. Il peut s&#8217;agir de d\u00e9tails sur le lieu, de la date de l&#8217;\u00e9v\u00e9nement ou de tout autre d\u00e9tail qui vous tient \u00e0 c\u0153ur. Vous pouvez \u00e9galement ajouter un marqueur de carte en forme de c\u0153ur pour d\u00e9signer l&#8217;endroit exact o\u00f9 vous \u00e9tiez lorsque ce moment sp\u00e9cial s&#8217;est produit.<\/p>\r\n\r\n\r\n\r\n<h2 class=\"grenB f24 cblue\" style=\"margin-top: 3rem\">Pourquoi choisir un cadeau de fian\u00e7ailles personnalis\u00e9 ?<\/h2>\r\n\r\n\r\n\r\n<p style=\"margin-top: 1rem\">Les cadeaux de fian\u00e7ailles doivent venir du c\u0153ur. Ils repr\u00e9sentent le couple que vous formez, et quel meilleur cadeau que celui exprimant comment votre amour s&#8217;est \u00e9panoui depuis votre premi\u00e8re rencontre ?<\/p>\r\n\r\n\r\n\r\n<p style=\"margin-top: 1rem\">C&#8217;est pourquoi les cadeaux personnalis\u00e9s sont si populaires pour les f\u00eates de fian\u00e7ailles. Que vous fassiez la f\u00eate en tant que parent des futurs mari\u00e9s, ami, membre de la famille ou m\u00eame futur mari\u00e9, les cadeaux personnalis\u00e9s pour les fian\u00e7ailles vous donnent l&#8217;occasion de t\u00e9moigner \u00e0 votre couple privil\u00e9gi\u00e9 de l&#8217;importance qu&#8217;il rev\u00eat pour vous. <\/p>\r\n\r\n\r\n\r\n<h2 class=\"grenB f24 cblue\" style=\"margin-top: 3rem\">Comment cr\u00e9er votre carte-cadeau &#8220;Rencontre, Baiser, Fian\u00e7ailles&#8221; ?<\/h2>\r\n\r\n\r\n\r\n<p style=\"margin-top: 1rem\">Positive Prints vous met dans la peau du designer pour cr\u00e9er votre carte cadeau personnalis\u00e9e. Notre processus facile en 3 \u00e9tapes vous permet de cr\u00e9er une carte unique en son genre, et prend m\u00eame moins de temps que vous ne passeriez dans un magasin \u00e0 la recherche du cadeau parfait. Voici comment cela fonctionne :<\/p>\r\n\r\n\r\n\r\n<h3 class=\"grenB f18 cblue\" style=\"margin-top: 3rem\">\u00c9tape 1 : S\u00e9lectionnez votre motif de base<\/h3>\r\n\r\n\r\n\r\n<p style=\"margin-top: 1rem\">Nous avons pris soin de cr\u00e9er un certain nombre de magnifiques mod\u00e8les de cartes parmi lesquels vous pouvez choisir, y compris des formes uniques pour vos cartes et des combinaisons de couleurs de qualit\u00e9 professionnelle. Vous pouvez profiter du travail que nous avons fait pour vous ou cr\u00e9er votre propre sch\u00e9ma de couleurs.<\/p>\r\n\r\n\r\n\r\n<h3 class=\"grenB f18 cblue\" style=\"margin-top: 3rem\">\u00c9tape 2 : Compl\u00e9tez les d\u00e9tails<\/h3>\r\n\r\n\r\n\r\n<p style=\"margin-top: 1rem\">Apr\u00e8s avoir choisi votre mod\u00e8le de base, vous pouvez personnaliser votre carte avec tous les petits d\u00e9tails qui composent votre histoire d&#8217;amour. Vous pouvez notamment choisir l&#8217;emplacement de chacune de vos cartes, ajouter un texte personnalis\u00e9 et m\u00eame choisir un marqueur de carte sp\u00e9cial pour chaque lieu. <\/p>\r\n\r\n\r\n\r\n<p style=\"margin-top: 1rem\">Nous aimons beaucoup le concept de la carte Rencontre, Baiser, Fian\u00e7ailles, mais vous pouvez inclure tout moment sp\u00e9cial qui vous tient \u00e0 c\u0153ur. Par exemple, si vous pr\u00e9f\u00e9rez ajouter le jour o\u00f9 vous avez achet\u00e9 votre premi\u00e8re maison ensemble, n&#8217;h\u00e9sitez pas \u00e0 le faire ! C&#8217;est votre carte, \u00e0 votre fa\u00e7on.<\/p>\r\n\r\n\r\n\r\n<h3 class=\"grenB f18 cblue\" style=\"margin-top: 3rem\">\u00c9tape 3 : Choisissez votre livraison<\/h3>\r\n\r\n\r\n\r\n<p style=\"margin-top: 1rem\">Positive Prints assure une livraison dans le monde entier pour tous nos affiches imprim\u00e9es, nos impressions sur toile et nos affiches encadr\u00e9es. Pour une livraison plus rapide, choisissez l&#8217;option de t\u00e9l\u00e9chargement num\u00e9rique pour faire imprimer votre carte localement.<\/p>\r\n\r\n\r\n\r\n<h2 class=\"grenB f24 cblue\" style=\"margin-top: 3rem\">Commencer avec une carte personnalis\u00e9e est facile !<\/h2>\r\n\r\n\r\n\r\n<p style=\"margin-top: 1rem\">Votre histoire d&#8217;amour ne ressemble \u00e0 aucune autre, et votre cadeau de fian\u00e7ailles doit l&#8217;\u00eatre aussi. Commencez d\u00e8s aujourd&#8217;hui avec une carte &#8220;Rencontre, Baiser, Fian\u00e7ailles&#8221; de Positive Prints !<\/p>","protected":false},"excerpt":{"rendered":"<ul class=\"check-list\">\n<li>C\u00e9l\u00e9brez 3 \u00e9tapes importantes de votre relation avec une carte personnalis\u00e9e, un souvenir unique et sentimental \u00e0 ch\u00e9rir<\/li>\n<li>Marquer les adresses exactes avec un symbole choisi<\/li>\n<li>Personnalisez en 3 \u00e9tapes simples<\/li>\n<li>Incluez un texte personnalis\u00e9 significatif<\/li>\n<li>Vois le r\u00e9sultat imm\u00e9diatement \u2013 l\u2019aper\u00e7u interactif te permet de peaufiner chaque d\u00e9tail<\/li>\n<\/ul>\n","protected":false},"featured_media":1554185,"template":"","meta":[],"product_brand":[],"product_cat":[104,5276,8006,7685,7228],"product_tag":[17670,8432],"class_list":{"0":"post-159200","1":"product","2":"type-product","3":"status-publish","4":"has-post-thumbnail","6":"product_cat-tous-les-produits","7":"product_cat-cadeaux-de-fiancailles-idees-cadeaux","8":"product_cat-cadeaux-pour-hommes","9":"product_cat-cadeaux-pour-femmes","10":"product_cat-triple-maps-fr","11":"product_tag-engagement-fr","12":"product_tag-fiancailles","14":"first","15":"instock","16":"sale","17":"taxable","18":"shipping-taxable","19":"purchasable","20":"product-type-variable"},"yoast_head":"<!-- This site is optimized with the Yoast SEO Premium plugin v27.2 (Yoast SEO v27.2) - https:\/\/yoast.com\/product\/yoast-seo-premium-wordpress\/ -->\n<title>Rencontre Baiser Fian\u00e7ailles - Positive Prints<\/title>\n<meta name=\"description\" content=\"Le plus beau cadeau de fian\u00e7ailles est celui qui est personnel. C\u00e9l\u00e9brez ce nouveau voyage ensemble avec une magnifique carte d&#039;art Rencontre, Baiser, Fian\u00e7ailles\" \/>\n<meta name=\"robots\" content=\"index, follow, max-snippet:-1, max-image-preview:large, max-video-preview:-1\" \/>\n<link rel=\"canonical\" href=\"https:\/\/positiveprints.com\/fr\/produit\/rencontre-baiser-fiancailles\/\" \/>\n<meta property=\"og:locale\" content=\"fr_FR\" \/>\n<meta property=\"og:type\" content=\"article\" \/>\n<meta property=\"og:title\" content=\"La Rencontre, le Baiser, les Fian\u00e7ailles\" \/>\n<meta property=\"og:description\" content=\"C\u00e9l\u00e9brez 3 \u00e9tapes importantes de votre relation avec une carte personnalis\u00e9e, un souvenir unique et sentimental \u00e0 ch\u00e9rir Marquer les adresses exactes avec un symbole choisi Personnalisez en 3 \u00e9tapes simples Incluez un texte personnalis\u00e9 significatif Vois le r\u00e9sultat imm\u00e9diatement \u2013 l\u2019aper\u00e7u interactif te permet de peaufiner chaque d\u00e9tail\" \/>\n<meta property=\"og:url\" content=\"https:\/\/positiveprints.com\/fr\/produit\/rencontre-baiser-fiancailles\/\" \/>\n<meta property=\"og:site_name\" content=\"Positive Prints\" \/>\n<meta property=\"article:publisher\" content=\"https:\/\/www.facebook.com\/positiveprintscom\" \/>\n<meta property=\"article:modified_time\" content=\"2026-04-18T07:06:16+00:00\" \/>\n<meta property=\"og:image\" content=\"https:\/\/positiveprints.com\/wp-content\/uploads\/2025\/10\/La-Rencontre-le-Baiser-les-Fiancailles-2.webp\" \/>\n\t<meta property=\"og:image:width\" content=\"1450\" \/>\n\t<meta property=\"og:image:height\" content=\"1450\" \/>\n\t<meta property=\"og:image:type\" content=\"image\/webp\" \/>\n<meta name=\"twitter:card\" content=\"summary_large_image\" \/>\n<meta name=\"twitter:label1\" content=\"Dur\u00e9e de lecture estim\u00e9e\" \/>\n\t<meta name=\"twitter:data1\" content=\"3 minutes\" \/>\n<!-- \/ Yoast SEO Premium plugin. -->","yoast_head_json":{"title":"Rencontre Baiser Fian\u00e7ailles - Positive Prints","description":"Le plus beau cadeau de fian\u00e7ailles est celui qui est personnel. C\u00e9l\u00e9brez ce nouveau voyage ensemble avec une magnifique carte d'art Rencontre, Baiser, Fian\u00e7ailles","robots":{"index":"index","follow":"follow","max-snippet":"max-snippet:-1","max-image-preview":"max-image-preview:large","max-video-preview":"max-video-preview:-1"},"canonical":"https:\/\/positiveprints.com\/fr\/produit\/rencontre-baiser-fiancailles\/","og_locale":"fr_FR","og_type":"article","og_title":"La Rencontre, le Baiser, les Fian\u00e7ailles","og_description":"C\u00e9l\u00e9brez 3 \u00e9tapes importantes de votre relation avec une carte personnalis\u00e9e, un souvenir unique et sentimental \u00e0 ch\u00e9rir Marquer les adresses exactes avec un symbole choisi Personnalisez en 3 \u00e9tapes simples Incluez un texte personnalis\u00e9 significatif Vois le r\u00e9sultat imm\u00e9diatement \u2013 l\u2019aper\u00e7u interactif te permet de peaufiner chaque d\u00e9tail","og_url":"https:\/\/positiveprints.com\/fr\/produit\/rencontre-baiser-fiancailles\/","og_site_name":"Positive Prints","article_publisher":"https:\/\/www.facebook.com\/positiveprintscom","article_modified_time":"2026-04-18T07:06:16+00:00","og_image":[{"width":1450,"height":1450,"url":"https:\/\/positiveprints.com\/wp-content\/uploads\/2025\/10\/La-Rencontre-le-Baiser-les-Fiancailles-2.webp","type":"image\/webp"}],"twitter_card":"summary_large_image","twitter_misc":{"Dur\u00e9e de lecture estim\u00e9e":"3 minutes"},"schema":{"@context":"https:\/\/schema.org","@graph":[{"@type":["WebPage","ItemPage"],"@id":"https:\/\/positiveprints.com\/fr\/produit\/rencontre-baiser-fiancailles\/","url":"https:\/\/positiveprints.com\/fr\/produit\/rencontre-baiser-fiancailles\/","name":"Rencontre Baiser Fian\u00e7ailles - Positive Prints","isPartOf":{"@id":"https:\/\/positiveprints.com\/fr\/#website"},"primaryImageOfPage":{"@id":"https:\/\/positiveprints.com\/fr\/produit\/rencontre-baiser-fiancailles\/#primaryimage"},"image":{"@id":"https:\/\/positiveprints.com\/fr\/produit\/rencontre-baiser-fiancailles\/#primaryimage"},"thumbnailUrl":"https:\/\/positiveprints.com\/wp-content\/uploads\/2025\/10\/La-Rencontre-le-Baiser-les-Fiancailles-2.webp","datePublished":"2021-09-06T11:51:19+00:00","dateModified":"2026-04-18T07:06:16+00:00","description":"Le plus beau cadeau de fian\u00e7ailles est celui qui est personnel. C\u00e9l\u00e9brez ce nouveau voyage ensemble avec une magnifique carte d'art Rencontre, Baiser, Fian\u00e7ailles","breadcrumb":{"@id":"https:\/\/positiveprints.com\/fr\/produit\/rencontre-baiser-fiancailles\/#breadcrumb"},"inLanguage":"fr-FR","potentialAction":[{"@type":"ReadAction","target":["https:\/\/positiveprints.com\/fr\/produit\/rencontre-baiser-fiancailles\/"]}]},{"@type":"ImageObject","inLanguage":"fr-FR","@id":"https:\/\/positiveprints.com\/fr\/produit\/rencontre-baiser-fiancailles\/#primaryimage","url":"https:\/\/positiveprints.com\/wp-content\/uploads\/2025\/10\/La-Rencontre-le-Baiser-les-Fiancailles-2.webp","contentUrl":"https:\/\/positiveprints.com\/wp-content\/uploads\/2025\/10\/La-Rencontre-le-Baiser-les-Fiancailles-2.webp","width":1450,"height":1450,"caption":"La Rencontre, le Baiser, les Fian\u00e7ailles (2)"},{"@type":"BreadcrumbList","@id":"https:\/\/positiveprints.com\/fr\/produit\/rencontre-baiser-fiancailles\/#breadcrumb","itemListElement":[{"@type":"ListItem","position":1,"name":"Home","item":"https:\/\/positiveprints.com\/fr\/"},{"@type":"ListItem","position":2,"name":"Produits","item":"https:\/\/positiveprints.com\/fr\/shop\/"},{"@type":"ListItem","position":3,"name":"La Rencontre, le Baiser, les Fian\u00e7ailles"}]},{"@type":"WebSite","@id":"https:\/\/positiveprints.com\/fr\/#website","url":"https:\/\/positiveprints.com\/fr\/","name":"Positive Prints","description":"Amazing Custom Personalized Gifts","publisher":{"@id":"https:\/\/positiveprints.com\/fr\/#organization"},"potentialAction":[{"@type":"SearchAction","target":{"@type":"EntryPoint","urlTemplate":"https:\/\/positiveprints.com\/fr\/?s={search_term_string}"},"query-input":{"@type":"PropertyValueSpecification","valueRequired":true,"valueName":"search_term_string"}}],"inLanguage":"fr-FR"},{"@type":"Organization","@id":"https:\/\/positiveprints.com\/fr\/#organization","name":"Positive Prints","alternateName":"Positive Prints","url":"https:\/\/positiveprints.com\/fr\/","logo":{"@type":"ImageObject","inLanguage":"fr-FR","@id":"https:\/\/positiveprints.com\/fr\/#\/schema\/logo\/image\/","url":"https:\/\/positiveprints.com\/wp-content\/uploads\/2026\/03\/245815646_1337939713319158_5671353136411139666_n.png","contentUrl":"https:\/\/positiveprints.com\/wp-content\/uploads\/2026\/03\/245815646_1337939713319158_5671353136411139666_n.png","width":800,"height":800,"caption":"Positive Prints"},"image":{"@id":"https:\/\/positiveprints.com\/fr\/#\/schema\/logo\/image\/"},"sameAs":["https:\/\/www.facebook.com\/positiveprintscom","https:\/\/www.instagram.com\/positiveprintscom\/","https:\/\/www.tiktok.com\/@positiveprintscom","https:\/\/www.pinterest.com\/positiveprintscom\/"]}]}},"jetpack_sharing_enabled":true,"_links":{"self":[{"href":"https:\/\/positiveprints.com\/fr\/wp-json\/wp\/v2\/product\/159200","targetHints":{"allow":["GET"]}}],"collection":[{"href":"https:\/\/positiveprints.com\/fr\/wp-json\/wp\/v2\/product"}],"about":[{"href":"https:\/\/positiveprints.com\/fr\/wp-json\/wp\/v2\/types\/product"}],"wp:featuredmedia":[{"embeddable":true,"href":"https:\/\/positiveprints.com\/fr\/wp-json\/wp\/v2\/media\/1554185"}],"wp:attachment":[{"href":"https:\/\/positiveprints.com\/fr\/wp-json\/wp\/v2\/media?parent=159200"}],"wp:term":[{"taxonomy":"product_brand","embeddable":true,"href":"https:\/\/positiveprints.com\/fr\/wp-json\/wp\/v2\/product_brand?post=159200"},{"taxonomy":"product_cat","embeddable":true,"href":"https:\/\/positiveprints.com\/fr\/wp-json\/wp\/v2\/product_cat?post=159200"},{"taxonomy":"product_tag","embeddable":true,"href":"https:\/\/positiveprints.com\/fr\/wp-json\/wp\/v2\/product_tag?post=159200"}],"curies":[{"name":"wp","href":"https:\/\/api.w.org\/{rel}","templated":true}]}}