{"id":159195,"date":"2021-09-06T13:15:13","date_gmt":"2021-09-06T12:15:13","guid":{"rendered":"https:\/\/positiveprints.com\/product\/je-taime-plus-que-le-monde-entier\/"},"modified":"2026-04-18T08:04:48","modified_gmt":"2026-04-18T07:04:48","slug":"je-taime-plus-que-le-monde-entier","status":"publish","type":"product","link":"https:\/\/positiveprints.com\/fr\/produit\/je-taime-plus-que-le-monde-entier\/","title":{"rendered":"Je T&#8217;aime Plus Que Le Monde Entier"},"content":{"rendered":"<p>Si l&#8217;un de vos proches est captiv\u00e9 par la lune, une affiche des phases de la lune sera un cadeau pr\u00e9cieux pour toute une vie, surtout si vous la personnalisez.\r\n<\/p>\r\n\r\n<h2 class=\"grenB f24 cblue\" style=\"margin-top: 3rem\">Qu&#8217;est-ce qu&#8217;une affiche Je t&#8217;aime plus que le monde entier ?<\/h2>\r\n\r\n<p style=\"margin-top: 1rem\">Les amateurs auront entendu ce dicton \u00e0 de nombreuses reprises : Je t&#8217;aime plus que le monde entier. Il s&#8217;agit d&#8217;un sentiment touchant qui t\u00e9moigne de l&#8217;amour sans limites d&#8217;une personne. Il n&#8217;a pas besoin d&#8217;\u00eatre pratique, m\u00eame si un voyage sur la lune est totalement impossible pour une personne moyenne. Un tel voyage est co\u00fbteux, dangereux et tout simplement irr\u00e9aliste, mais ce sont des d\u00e9tails mineurs lorsqu&#8217;il s&#8217;agit de l&#8217;amour que vous portez \u00e0 une personne sp\u00e9ciale dans votre vie.<\/p>\r\n\r\n<p style=\"margin-top: 1rem\">Une affiche Je t&#8217;aime plus que le monde entier est une belle fa\u00e7on de capturer cette phrase sp\u00e9ciale et de la partager avec quelqu&#8217;un que vous aimez. Il s&#8217;agit de la ligne de texte pr\u00e9f\u00e9r\u00e9e sur nos <a href=\"https:\/\/positiveprints.com\/fr\/produit\/affiche-lune\/\">affiches personnalis\u00e9es des phases de la lune<\/a>, lesquelles utilisent une date et un lieu de votre choix pour pr\u00e9senter l&#8217;aspect de la lune \u00e0 un moment particulier. Il peut s&#8217;agir de la nuit o\u00f9 votre fils ou votre fille est venu(e) au monde, de la nuit de votre mariage, ou m\u00eame du jour o\u00f9 vous avez obtenu votre dipl\u00f4me universitaire ou emm\u00e9nag\u00e9 dans votre premi\u00e8re maison. La lune est la limite !<\/p>\r\n\r\n<h2 class=\"grenB f24 cblue\" style=\"margin-top: 3rem\">Je t&#8217;aime plus que le monde entier &#8211; avec une touche personnelle<\/h2>\r\n\r\n<p style=\"margin-top: 1rem\">Les cadeaux personnalis\u00e9s comme notre \u0153uvre d&#8217;art Je t&#8217;aime plus que le monde entier sont sp\u00e9ciaux car ils sont tous uniques. La lune n&#8217;est jamais tout \u00e0 fait la m\u00eame d&#8217;une nuit \u00e0 l&#8217;autre, et nous tenons compte de la date et du lieu de votre choix lorsque nous recr\u00e9ons la lune dans le ciel nocturne pour votre poster.<\/p>\r\n<p>De plus, vous pouvez ajouter d&#8217;autres lignes de texte personnalis\u00e9es \u00e0 votre cadeau et le rendre encore plus personnel pour la personne qui le re\u00e7oit. Il peut s&#8217;agir d&#8217;une citation, d&#8217;une date, de paroles de chansons, d&#8217;une phrase sp\u00e9ciale ou m\u00eame d&#8217;un surnom que vous vous donnez l&#8217;un \u00e0 l&#8217;autre.<\/p>\r\n\r\n<h2 class=\"grenB f24 cblue\" style=\"margin-top: 3rem\">Comment cr\u00e9er votre \u0153uvre d&#8217;art personnalis\u00e9e sur fond de lune<\/h2>\r\n\r\n<p style=\"margin-top: 1rem\">Positive Prints a fait le plus gros du travail pour vous en cr\u00e9ant une \u0153uvre d&#8217;art personnalis\u00e9e repr\u00e9sentant la Lune. Suivez notre processus simple en trois \u00e9tapes et transformez vos id\u00e9es en art qu&#8217;ils vont adorer :<\/p>\r\n\r\n<h3 class=\"grenB f18 cblue\" style=\"margin-top: 3rem\">\u00c9tape 1 : S\u00e9lectionnez votre dessin<\/h3>\r\n\r\n<p style=\"margin-top: 1rem\">Nos artistes ont travaill\u00e9 dur pour pr\u00e9parer une gamme de designs de posters de phases de lune, ce qui vous permet de commencer facilement \u00e0 cr\u00e9er des cadeaux personnalis\u00e9s. Faites votre choix parmi plusieurs arri\u00e8re-plans et jeux de couleurs magnifiques pour refl\u00e9ter la personnalit\u00e9 de votre destinataire.<\/p>\r\n\r\n<h3 class=\"grenB f18 cblue\" style=\"margin-top: 3rem\">\u00c9tape 2 : Remplissez les d\u00e9tails importants<\/h3>\r\n\r\n<p style=\"margin-top: 1rem\">Vous choisissez l&#8217;heure et le lieu, et nous recr\u00e9ons la lune lors de cette nuit sp\u00e9ciale. Embellissez votre affiche avec des lignes de texte personnalis\u00e9es, telles que Je t&#8217;aime plus que le monde entier, ou d&#8217;autres sentiments hors du commun.<\/p>\r\n\r\n<h3 class=\"grenB f18 cblue\" style=\"margin-top: 3rem\">\u00c9tape 3 : Faites livrer votre \u0153uvre d&#8217;art<\/h3>\r\n\r\n<p style=\"margin-top: 1rem\">Positive Prints offre une livraison pour tous nos affiches imprim\u00e9es, ainsi que des options de t\u00e9l\u00e9chargement num\u00e9rique pour une impression et un cadeau imm\u00e9diats.<\/p>\r\n\r\n<h2 class=\"grenB f24 cblue\" style=\"margin-top: 3rem\">Personnalisez votre \u0153uvre d&#8217;art &#8221; Je t&#8217;aime jusqu&#8217;\u00e0 la lune et son retour<\/h2>\r\n\r\n<p style=\"margin-top: 1rem\">Apportez la vo\u00fbte c\u00e9leste \u00e0 l&#8217;int\u00e9rieur d&#8217;une mani\u00e8re que votre personne aim\u00e9e ch\u00e9rira pour toujours. Commencez d\u00e8s aujourd&#8217;hui avec une impression Je t&#8217;aime plus que le monde entier !<\/p>","protected":false},"excerpt":{"rendered":"<ul class=\"check-list\">\n<li>Ajoutez l&#8217;ombre unique de la lune<\/li>\n<li>Personnalisez en 3 \u00e9tapes simples<\/li>\n<li>Choisis parmi une vari\u00e9t\u00e9 de designs \u00e9poustouflants<\/li>\n<li>Vois le r\u00e9sultat imm\u00e9diatement \u2013 l\u2019aper\u00e7u interactif te permet de peaufiner chaque d\u00e9tail<\/li>\n<\/ul>\n","protected":false},"featured_media":1459510,"template":"","meta":[],"product_brand":[],"product_cat":[7210,7956,5264,11400,8006,7685,7845],"product_tag":[8447],"class_list":{"0":"post-159195","1":"product","2":"type-product","3":"status-publish","4":"has-post-thumbnail","6":"product_cat-moon-fr","7":"product_cat-cadeaux-de-baby-shower","8":"product_cat-cadeaux-de-noel","9":"product_cat-cadeaux-de-noel-pour-les-parents","10":"product_cat-cadeaux-pour-hommes","11":"product_cat-cadeaux-pour-femmes","12":"product_cat-cadeaux-pour-la-famille","13":"product_tag-new-parents-fr","15":"first","16":"instock","17":"sale","18":"taxable","19":"shipping-taxable","20":"purchasable","21":"product-type-variable"},"yoast_head":"<!-- This site is optimized with the Yoast SEO Premium plugin v27.2 (Yoast SEO v27.2) - https:\/\/yoast.com\/product\/yoast-seo-premium-wordpress\/ -->\n<title>Je T\u2019aime Plus Que Le Monde Entier - Positive Prints<\/title>\n<meta name=\"description\" content=\"Un sentiment vieux comme le monde : Je t&#039;aime plus que le monde entier. Dites-le autrement avec une \u0153uvre d&#039;art personnalis\u00e9e de Positive Prints.\" \/>\n<meta name=\"robots\" content=\"index, follow, max-snippet:-1, max-image-preview:large, max-video-preview:-1\" \/>\n<link rel=\"canonical\" href=\"https:\/\/positiveprints.com\/fr\/produit\/je-taime-plus-que-le-monde-entier\/\" \/>\n<meta property=\"og:locale\" content=\"fr_FR\" \/>\n<meta property=\"og:type\" content=\"article\" \/>\n<meta property=\"og:title\" content=\"Je T&#039;aime Plus Que Le Monde Entier\" \/>\n<meta property=\"og:description\" content=\"Ajoutez l&#039;ombre unique de la lune  Personnalisez en 3 \u00e9tapes simples  Choisis parmi une vari\u00e9t\u00e9 de designs \u00e9poustouflants  Vois le r\u00e9sultat imm\u00e9diatement \u2013 l\u2019aper\u00e7u interactif te permet de peaufiner chaque d\u00e9tail\" \/>\n<meta property=\"og:url\" content=\"https:\/\/positiveprints.com\/fr\/produit\/je-taime-plus-que-le-monde-entier\/\" \/>\n<meta property=\"og:site_name\" content=\"Positive Prints\" \/>\n<meta property=\"article:publisher\" content=\"https:\/\/www.facebook.com\/positiveprintscom\" \/>\n<meta property=\"article:modified_time\" content=\"2026-04-18T07:04:48+00:00\" \/>\n<meta property=\"og:image\" content=\"https:\/\/positiveprints.com\/wp-content\/uploads\/2021\/09\/Packshot_FR_Je-Taime-Plus-Que-Le-Monde-Entier.webp\" \/>\n\t<meta property=\"og:image:width\" content=\"1450\" \/>\n\t<meta property=\"og:image:height\" content=\"1450\" \/>\n\t<meta property=\"og:image:type\" content=\"image\/webp\" \/>\n<meta name=\"twitter:card\" content=\"summary_large_image\" \/>\n<meta name=\"twitter:label1\" content=\"Dur\u00e9e de lecture estim\u00e9e\" \/>\n\t<meta name=\"twitter:data1\" content=\"3 minutes\" \/>\n<!-- \/ Yoast SEO Premium plugin. -->","yoast_head_json":{"title":"Je T\u2019aime Plus Que Le Monde Entier - Positive Prints","description":"Un sentiment vieux comme le monde : Je t'aime plus que le monde entier. Dites-le autrement avec une \u0153uvre d'art personnalis\u00e9e de Positive Prints.","robots":{"index":"index","follow":"follow","max-snippet":"max-snippet:-1","max-image-preview":"max-image-preview:large","max-video-preview":"max-video-preview:-1"},"canonical":"https:\/\/positiveprints.com\/fr\/produit\/je-taime-plus-que-le-monde-entier\/","og_locale":"fr_FR","og_type":"article","og_title":"Je T'aime Plus Que Le Monde Entier","og_description":"Ajoutez l'ombre unique de la lune  Personnalisez en 3 \u00e9tapes simples  Choisis parmi une vari\u00e9t\u00e9 de designs \u00e9poustouflants  Vois le r\u00e9sultat imm\u00e9diatement \u2013 l\u2019aper\u00e7u interactif te permet de peaufiner chaque d\u00e9tail","og_url":"https:\/\/positiveprints.com\/fr\/produit\/je-taime-plus-que-le-monde-entier\/","og_site_name":"Positive Prints","article_publisher":"https:\/\/www.facebook.com\/positiveprintscom","article_modified_time":"2026-04-18T07:04:48+00:00","og_image":[{"width":1450,"height":1450,"url":"https:\/\/positiveprints.com\/wp-content\/uploads\/2021\/09\/Packshot_FR_Je-Taime-Plus-Que-Le-Monde-Entier.webp","type":"image\/webp"}],"twitter_card":"summary_large_image","twitter_misc":{"Dur\u00e9e de lecture estim\u00e9e":"3 minutes"},"schema":{"@context":"https:\/\/schema.org","@graph":[{"@type":["WebPage","ItemPage"],"@id":"https:\/\/positiveprints.com\/fr\/produit\/je-taime-plus-que-le-monde-entier\/","url":"https:\/\/positiveprints.com\/fr\/produit\/je-taime-plus-que-le-monde-entier\/","name":"Je T\u2019aime Plus Que Le Monde Entier - Positive Prints","isPartOf":{"@id":"https:\/\/positiveprints.com\/fr\/#website"},"primaryImageOfPage":{"@id":"https:\/\/positiveprints.com\/fr\/produit\/je-taime-plus-que-le-monde-entier\/#primaryimage"},"image":{"@id":"https:\/\/positiveprints.com\/fr\/produit\/je-taime-plus-que-le-monde-entier\/#primaryimage"},"thumbnailUrl":"https:\/\/positiveprints.com\/wp-content\/uploads\/2021\/09\/Packshot_FR_Je-Taime-Plus-Que-Le-Monde-Entier.webp","datePublished":"2021-09-06T12:15:13+00:00","dateModified":"2026-04-18T07:04:48+00:00","description":"Un sentiment vieux comme le monde : Je t'aime plus que le monde entier. Dites-le autrement avec une \u0153uvre d'art personnalis\u00e9e de Positive Prints.","breadcrumb":{"@id":"https:\/\/positiveprints.com\/fr\/produit\/je-taime-plus-que-le-monde-entier\/#breadcrumb"},"inLanguage":"fr-FR","potentialAction":[{"@type":"ReadAction","target":["https:\/\/positiveprints.com\/fr\/produit\/je-taime-plus-que-le-monde-entier\/"]}]},{"@type":"ImageObject","inLanguage":"fr-FR","@id":"https:\/\/positiveprints.com\/fr\/produit\/je-taime-plus-que-le-monde-entier\/#primaryimage","url":"https:\/\/positiveprints.com\/wp-content\/uploads\/2021\/09\/Packshot_FR_Je-Taime-Plus-Que-Le-Monde-Entier.webp","contentUrl":"https:\/\/positiveprints.com\/wp-content\/uploads\/2021\/09\/Packshot_FR_Je-Taime-Plus-Que-Le-Monde-Entier.webp","width":1450,"height":1450,"caption":"Packshot_FR_Je T\u2019aime Plus Que Le Monde Entier"},{"@type":"BreadcrumbList","@id":"https:\/\/positiveprints.com\/fr\/produit\/je-taime-plus-que-le-monde-entier\/#breadcrumb","itemListElement":[{"@type":"ListItem","position":1,"name":"Home","item":"https:\/\/positiveprints.com\/fr\/"},{"@type":"ListItem","position":2,"name":"Produits","item":"https:\/\/positiveprints.com\/fr\/shop\/"},{"@type":"ListItem","position":3,"name":"Je T\u2019aime Plus Que Le Monde Entier"}]},{"@type":"WebSite","@id":"https:\/\/positiveprints.com\/fr\/#website","url":"https:\/\/positiveprints.com\/fr\/","name":"Positive Prints","description":"Amazing Custom Personalized Gifts","publisher":{"@id":"https:\/\/positiveprints.com\/fr\/#organization"},"potentialAction":[{"@type":"SearchAction","target":{"@type":"EntryPoint","urlTemplate":"https:\/\/positiveprints.com\/fr\/?s={search_term_string}"},"query-input":{"@type":"PropertyValueSpecification","valueRequired":true,"valueName":"search_term_string"}}],"inLanguage":"fr-FR"},{"@type":"Organization","@id":"https:\/\/positiveprints.com\/fr\/#organization","name":"Positive Prints","alternateName":"Positive Prints","url":"https:\/\/positiveprints.com\/fr\/","logo":{"@type":"ImageObject","inLanguage":"fr-FR","@id":"https:\/\/positiveprints.com\/fr\/#\/schema\/logo\/image\/","url":"https:\/\/positiveprints.com\/wp-content\/uploads\/2026\/03\/245815646_1337939713319158_5671353136411139666_n.png","contentUrl":"https:\/\/positiveprints.com\/wp-content\/uploads\/2026\/03\/245815646_1337939713319158_5671353136411139666_n.png","width":800,"height":800,"caption":"Positive Prints"},"image":{"@id":"https:\/\/positiveprints.com\/fr\/#\/schema\/logo\/image\/"},"sameAs":["https:\/\/www.facebook.com\/positiveprintscom","https:\/\/www.instagram.com\/positiveprintscom\/","https:\/\/www.tiktok.com\/@positiveprintscom","https:\/\/www.pinterest.com\/positiveprintscom\/"]}]}},"jetpack_sharing_enabled":true,"_links":{"self":[{"href":"https:\/\/positiveprints.com\/fr\/wp-json\/wp\/v2\/product\/159195","targetHints":{"allow":["GET"]}}],"collection":[{"href":"https:\/\/positiveprints.com\/fr\/wp-json\/wp\/v2\/product"}],"about":[{"href":"https:\/\/positiveprints.com\/fr\/wp-json\/wp\/v2\/types\/product"}],"wp:featuredmedia":[{"embeddable":true,"href":"https:\/\/positiveprints.com\/fr\/wp-json\/wp\/v2\/media\/1459510"}],"wp:attachment":[{"href":"https:\/\/positiveprints.com\/fr\/wp-json\/wp\/v2\/media?parent=159195"}],"wp:term":[{"taxonomy":"product_brand","embeddable":true,"href":"https:\/\/positiveprints.com\/fr\/wp-json\/wp\/v2\/product_brand?post=159195"},{"taxonomy":"product_cat","embeddable":true,"href":"https:\/\/positiveprints.com\/fr\/wp-json\/wp\/v2\/product_cat?post=159195"},{"taxonomy":"product_tag","embeddable":true,"href":"https:\/\/positiveprints.com\/fr\/wp-json\/wp\/v2\/product_tag?post=159195"}],"curies":[{"name":"wp","href":"https:\/\/api.w.org\/{rel}","templated":true}]}}