{"id":1574682,"date":"2025-11-25T09:56:16","date_gmt":"2025-11-25T07:56:16","guid":{"rendered":"https:\/\/positiveprints.com\/?post_type=product&#038;p=1574682"},"modified":"2026-04-03T02:19:10","modified_gmt":"2026-04-03T01:19:10","slug":"couple-royal-portrait-personnalise-danimaux-de-compagnie","status":"publish","type":"product","link":"https:\/\/positiveprints.com\/fr\/produit\/couple-royal-portrait-personnalise-danimaux-de-compagnie\/","title":{"rendered":"Couple Royal \u2013 Portrait Personnalis\u00e9 d&#8217;animaux de compagnie"},"content":{"rendered":"","protected":false},"excerpt":{"rendered":"<ul class=\"check-list\">\n<li>T\u00e9l\u00e9chargez vos photos pr\u00e9f\u00e9r\u00e9es de vos deux animaux<\/li>\n<li>Personnalisez votre design en 3 \u00e9tapes faciles<\/li>\n<li>Nos artistes transforment leurs photos en v\u00e9ritable \u0153uvre d\u2019art<\/li>\n<li>Recevez un aper\u00e7u sous 2 \u00e0 3 jours ouvr\u00e9s<\/li>\n<li>Choisissez parmi plusieurs formats d\u2019impression<\/li>\n<\/ul>\n","protected":false},"featured_media":1591981,"template":"","meta":[],"product_brand":[],"product_cat":[13592,7893,104],"product_tag":[15627,13898,13901,13902,13899,13904,16105,16106,16108,16107,13903],"class_list":{"0":"post-1574682","1":"product","2":"type-product","3":"status-publish","4":"has-post-thumbnail","6":"product_cat-aquarelle","7":"product_cat-cadeaux-pour-amoureux-des-chiens","8":"product_cat-tous-les-produits","9":"product_tag-animals-fr","10":"product_tag-cadeaux-personnalises-pour-chiens","11":"product_tag-cadeaux-pour-amoureux-des-chiens","12":"product_tag-cadeaux-pour-maman-chien","13":"product_tag-cadeaux-pour-papa-chien","14":"product_tag-cadeaux-pour-proprietaires-de-chiens","15":"product_tag-custom-dog-gifts-fr","16":"product_tag-dog-mom-gifts-fr","17":"product_tag-dog-owner-fr","18":"product_tag-gifts-for-dog-owners-fr","19":"product_tag-proprietaire-de-chien","21":"first","22":"instock","23":"sale","24":"taxable","25":"shipping-taxable","26":"purchasable","27":"product-type-variable"},"yoast_head":"<!-- This site is optimized with the Yoast SEO Premium plugin v27.2 (Yoast SEO v27.2) - https:\/\/yoast.com\/product\/yoast-seo-premium-wordpress\/ -->\n<title>Couple Royal \u2013 Portrait Personnalis\u00e9 d&#039;animaux de compagnie - Positive Prints<\/title>\n<meta name=\"description\" content=\"Offrez \u00e0 vos deux chiens un portrait royal personnalis\u00e9 et amusant. Le cadeau id\u00e9al pour ceux qui veulent c\u00e9l\u00e9brer leurs deux animaux pr\u00e9f\u00e9r\u00e9s.\" \/>\n<meta name=\"robots\" content=\"index, follow, max-snippet:-1, max-image-preview:large, max-video-preview:-1\" \/>\n<link rel=\"canonical\" href=\"https:\/\/positiveprints.com\/fr\/produit\/couple-royal-portrait-personnalise-danimaux-de-compagnie\/\" \/>\n<meta property=\"og:locale\" content=\"fr_FR\" \/>\n<meta property=\"og:type\" content=\"article\" \/>\n<meta property=\"og:title\" content=\"Couple Royal \u2013 Portrait Personnalis\u00e9 d&#039;animaux de compagnie\" \/>\n<meta property=\"og:description\" content=\"T\u00e9l\u00e9chargez vos photos pr\u00e9f\u00e9r\u00e9es de vos deux animaux Personnalisez votre design en 3 \u00e9tapes faciles Nos artistes transforment leurs photos en v\u00e9ritable \u0153uvre d\u2019art Recevez un aper\u00e7u sous 2 \u00e0 3 jours ouvr\u00e9s Choisissez parmi plusieurs formats d\u2019impression\" \/>\n<meta property=\"og:url\" content=\"https:\/\/positiveprints.com\/fr\/produit\/couple-royal-portrait-personnalise-danimaux-de-compagnie\/\" \/>\n<meta property=\"og:site_name\" content=\"Positive Prints\" \/>\n<meta property=\"article:publisher\" content=\"https:\/\/www.facebook.com\/positiveprintscom\" \/>\n<meta property=\"article:modified_time\" content=\"2026-04-03T01:19:10+00:00\" \/>\n<meta property=\"og:image\" content=\"https:\/\/positiveprints.com\/wp-content\/uploads\/2025\/12\/Packshot_FR_Couple-Royal-\u2013-Portrait-Personnalise-danimaux-de-compagnie.webp\" \/>\n\t<meta property=\"og:image:width\" content=\"1450\" \/>\n\t<meta property=\"og:image:height\" content=\"1450\" \/>\n\t<meta property=\"og:image:type\" content=\"image\/webp\" \/>\n<meta name=\"twitter:card\" content=\"summary_large_image\" \/>\n<meta name=\"twitter:label1\" content=\"Dur\u00e9e de lecture estim\u00e9e\" \/>\n\t<meta name=\"twitter:data1\" content=\"1 minute\" \/>\n<!-- \/ Yoast SEO Premium plugin. -->","yoast_head_json":{"title":"Couple Royal \u2013 Portrait Personnalis\u00e9 d'animaux de compagnie - Positive Prints","description":"Offrez \u00e0 vos deux chiens un portrait royal personnalis\u00e9 et amusant. Le cadeau id\u00e9al pour ceux qui veulent c\u00e9l\u00e9brer leurs deux animaux pr\u00e9f\u00e9r\u00e9s.","robots":{"index":"index","follow":"follow","max-snippet":"max-snippet:-1","max-image-preview":"max-image-preview:large","max-video-preview":"max-video-preview:-1"},"canonical":"https:\/\/positiveprints.com\/fr\/produit\/couple-royal-portrait-personnalise-danimaux-de-compagnie\/","og_locale":"fr_FR","og_type":"article","og_title":"Couple Royal \u2013 Portrait Personnalis\u00e9 d'animaux de compagnie","og_description":"T\u00e9l\u00e9chargez vos photos pr\u00e9f\u00e9r\u00e9es de vos deux animaux Personnalisez votre design en 3 \u00e9tapes faciles Nos artistes transforment leurs photos en v\u00e9ritable \u0153uvre d\u2019art Recevez un aper\u00e7u sous 2 \u00e0 3 jours ouvr\u00e9s Choisissez parmi plusieurs formats d\u2019impression","og_url":"https:\/\/positiveprints.com\/fr\/produit\/couple-royal-portrait-personnalise-danimaux-de-compagnie\/","og_site_name":"Positive Prints","article_publisher":"https:\/\/www.facebook.com\/positiveprintscom","article_modified_time":"2026-04-03T01:19:10+00:00","og_image":[{"width":1450,"height":1450,"url":"https:\/\/positiveprints.com\/wp-content\/uploads\/2025\/12\/Packshot_FR_Couple-Royal-\u2013-Portrait-Personnalise-danimaux-de-compagnie.webp","type":"image\/webp"}],"twitter_card":"summary_large_image","twitter_misc":{"Dur\u00e9e de lecture estim\u00e9e":"1 minute"},"schema":{"@context":"https:\/\/schema.org","@graph":[{"@type":["WebPage","ItemPage"],"@id":"https:\/\/positiveprints.com\/fr\/produit\/couple-royal-portrait-personnalise-danimaux-de-compagnie\/","url":"https:\/\/positiveprints.com\/fr\/produit\/couple-royal-portrait-personnalise-danimaux-de-compagnie\/","name":"Couple Royal \u2013 Portrait Personnalis\u00e9 d'animaux de compagnie - Positive Prints","isPartOf":{"@id":"https:\/\/positiveprints.com\/fr\/#website"},"primaryImageOfPage":{"@id":"https:\/\/positiveprints.com\/fr\/produit\/couple-royal-portrait-personnalise-danimaux-de-compagnie\/#primaryimage"},"image":{"@id":"https:\/\/positiveprints.com\/fr\/produit\/couple-royal-portrait-personnalise-danimaux-de-compagnie\/#primaryimage"},"thumbnailUrl":"https:\/\/positiveprints.com\/wp-content\/uploads\/2025\/12\/Packshot_FR_Couple-Royal-\u2013-Portrait-Personnalise-danimaux-de-compagnie.webp","datePublished":"2025-11-25T07:56:16+00:00","dateModified":"2026-04-03T01:19:10+00:00","description":"Offrez \u00e0 vos deux chiens un portrait royal personnalis\u00e9 et amusant. Le cadeau id\u00e9al pour ceux qui veulent c\u00e9l\u00e9brer leurs deux animaux pr\u00e9f\u00e9r\u00e9s.","breadcrumb":{"@id":"https:\/\/positiveprints.com\/fr\/produit\/couple-royal-portrait-personnalise-danimaux-de-compagnie\/#breadcrumb"},"inLanguage":"fr-FR","potentialAction":[{"@type":"ReadAction","target":["https:\/\/positiveprints.com\/fr\/produit\/couple-royal-portrait-personnalise-danimaux-de-compagnie\/"]}]},{"@type":"ImageObject","inLanguage":"fr-FR","@id":"https:\/\/positiveprints.com\/fr\/produit\/couple-royal-portrait-personnalise-danimaux-de-compagnie\/#primaryimage","url":"https:\/\/positiveprints.com\/wp-content\/uploads\/2025\/12\/Packshot_FR_Couple-Royal-\u2013-Portrait-Personnalise-danimaux-de-compagnie.webp","contentUrl":"https:\/\/positiveprints.com\/wp-content\/uploads\/2025\/12\/Packshot_FR_Couple-Royal-\u2013-Portrait-Personnalise-danimaux-de-compagnie.webp","width":1450,"height":1450,"caption":"Packshot_FR_Couple Royal \u2013 Portrait Personnalis\u00e9 d'animaux de compagnie"},{"@type":"BreadcrumbList","@id":"https:\/\/positiveprints.com\/fr\/produit\/couple-royal-portrait-personnalise-danimaux-de-compagnie\/#breadcrumb","itemListElement":[{"@type":"ListItem","position":1,"name":"Home","item":"https:\/\/positiveprints.com\/fr\/"},{"@type":"ListItem","position":2,"name":"Produits","item":"https:\/\/positiveprints.com\/fr\/shop\/"},{"@type":"ListItem","position":3,"name":"Couple Royal \u2013 Portrait Personnalis\u00e9 d&#8217;animaux de compagnie"}]},{"@type":"WebSite","@id":"https:\/\/positiveprints.com\/fr\/#website","url":"https:\/\/positiveprints.com\/fr\/","name":"Positive Prints","description":"Amazing Custom Personalized Gifts","publisher":{"@id":"https:\/\/positiveprints.com\/fr\/#organization"},"potentialAction":[{"@type":"SearchAction","target":{"@type":"EntryPoint","urlTemplate":"https:\/\/positiveprints.com\/fr\/?s={search_term_string}"},"query-input":{"@type":"PropertyValueSpecification","valueRequired":true,"valueName":"search_term_string"}}],"inLanguage":"fr-FR"},{"@type":"Organization","@id":"https:\/\/positiveprints.com\/fr\/#organization","name":"Positive Prints","alternateName":"Positive Prints","url":"https:\/\/positiveprints.com\/fr\/","logo":{"@type":"ImageObject","inLanguage":"fr-FR","@id":"https:\/\/positiveprints.com\/fr\/#\/schema\/logo\/image\/","url":"https:\/\/positiveprints.com\/wp-content\/uploads\/2026\/03\/245815646_1337939713319158_5671353136411139666_n.png","contentUrl":"https:\/\/positiveprints.com\/wp-content\/uploads\/2026\/03\/245815646_1337939713319158_5671353136411139666_n.png","width":800,"height":800,"caption":"Positive Prints"},"image":{"@id":"https:\/\/positiveprints.com\/fr\/#\/schema\/logo\/image\/"},"sameAs":["https:\/\/www.facebook.com\/positiveprintscom","https:\/\/www.instagram.com\/positiveprintscom\/","https:\/\/www.tiktok.com\/@positiveprintscom","https:\/\/www.pinterest.com\/positiveprintscom\/"]}]}},"jetpack_sharing_enabled":true,"_links":{"self":[{"href":"https:\/\/positiveprints.com\/fr\/wp-json\/wp\/v2\/product\/1574682","targetHints":{"allow":["GET"]}}],"collection":[{"href":"https:\/\/positiveprints.com\/fr\/wp-json\/wp\/v2\/product"}],"about":[{"href":"https:\/\/positiveprints.com\/fr\/wp-json\/wp\/v2\/types\/product"}],"wp:featuredmedia":[{"embeddable":true,"href":"https:\/\/positiveprints.com\/fr\/wp-json\/wp\/v2\/media\/1591981"}],"wp:attachment":[{"href":"https:\/\/positiveprints.com\/fr\/wp-json\/wp\/v2\/media?parent=1574682"}],"wp:term":[{"taxonomy":"product_brand","embeddable":true,"href":"https:\/\/positiveprints.com\/fr\/wp-json\/wp\/v2\/product_brand?post=1574682"},{"taxonomy":"product_cat","embeddable":true,"href":"https:\/\/positiveprints.com\/fr\/wp-json\/wp\/v2\/product_cat?post=1574682"},{"taxonomy":"product_tag","embeddable":true,"href":"https:\/\/positiveprints.com\/fr\/wp-json\/wp\/v2\/product_tag?post=1574682"}],"curies":[{"name":"wp","href":"https:\/\/api.w.org\/{rel}","templated":true}]}}