{"id":1574241,"date":"2025-11-24T16:07:58","date_gmt":"2025-11-24T14:07:58","guid":{"rendered":"https:\/\/positiveprints.com\/?post_type=product&#038;p=1574241"},"modified":"2026-04-12T19:05:52","modified_gmt":"2026-04-12T18:05:52","slug":"chat-affiche-line-art-a-partir-dune-photo","status":"publish","type":"product","link":"https:\/\/positiveprints.com\/fr\/produit\/chat-affiche-line-art-a-partir-dune-photo\/","title":{"rendered":"Chat &#8211; Affiche Line Art \u00e0 partir d\u2019une Photo"},"content":{"rendered":"","protected":false},"excerpt":{"rendered":"<ul class=\"check-list\">\n<li>Con\u00e7u et envoy\u00e9 pour approbation dans un d\u00e9lai de 2 \u00e0 3 jours ouvrables<\/li>\n<li>Personnalisez votre design en 3 \u00e9tapes simples<\/li>\n<li>Choisissez un mod\u00e8le ou faites preuve de cr\u00e9ativit\u00e9<\/li>\n<li>2 r\u00e9visions disponibles \u00e0 la demande<\/li>\n<\/ul>\n","protected":false},"featured_media":1603689,"template":"","meta":[],"product_brand":[],"product_cat":[9177,104,14083],"product_tag":[15627,14874,14872,14873,14876,15620,14871,14875],"class_list":{"0":"post-1574241","1":"product","2":"type-product","3":"status-publish","4":"has-post-thumbnail","6":"product_cat-line-art-fr","7":"product_cat-tous-les-produits","8":"product_cat-cadeaux-pour-amoureux-des-chats","9":"product_tag-animals-fr","10":"product_tag-cat-dad-gifts-fr","11":"product_tag-cat-lovers-gifts-fr","12":"product_tag-cat-mom-gifts-fr","13":"product_tag-cat-owner-fr","14":"product_tag-cat-print-fr","15":"product_tag-custom-cat-gifts-fr","16":"product_tag-gifts-for-cat-owners-fr","18":"first","19":"instock","20":"sale","21":"taxable","22":"shipping-taxable","23":"purchasable","24":"product-type-variable"},"yoast_head":"<!-- This site is optimized with the Yoast SEO Premium plugin v27.2 (Yoast SEO v27.2) - https:\/\/yoast.com\/product\/yoast-seo-premium-wordpress\/ -->\n<title>Chat - Affiche Line Art \u00e0 partir d\u2019une Photo - Positive Prints<\/title>\n<meta name=\"description\" content=\"Cr\u00e9ez un portrait minimaliste personnalis\u00e9 de votre chat : un cadeau unique pour les amoureux des animaux et un magnifique souvenir \u00e0 ch\u00e9rir pour toujours.\" \/>\n<meta name=\"robots\" content=\"index, follow, max-snippet:-1, max-image-preview:large, max-video-preview:-1\" \/>\n<link rel=\"canonical\" href=\"https:\/\/positiveprints.com\/fr\/produit\/chat-affiche-line-art-a-partir-dune-photo\/\" \/>\n<meta property=\"og:locale\" content=\"fr_FR\" \/>\n<meta property=\"og:type\" content=\"article\" \/>\n<meta property=\"og:title\" content=\"Chat - Affiche Line Art \u00e0 partir d\u2019une Photo\" \/>\n<meta property=\"og:description\" content=\"Con\u00e7u et envoy\u00e9 pour approbation dans un d\u00e9lai de 2 \u00e0 3 jours ouvrables Personnalisez votre design en 3 \u00e9tapes simples Choisissez un mod\u00e8le ou faites preuve de cr\u00e9ativit\u00e9 2 r\u00e9visions disponibles \u00e0 la demande\" \/>\n<meta property=\"og:url\" content=\"https:\/\/positiveprints.com\/fr\/produit\/chat-affiche-line-art-a-partir-dune-photo\/\" \/>\n<meta property=\"og:site_name\" content=\"Positive Prints\" \/>\n<meta property=\"article:publisher\" content=\"https:\/\/www.facebook.com\/positiveprintscom\" \/>\n<meta property=\"article:modified_time\" content=\"2026-04-12T18:05:52+00:00\" \/>\n<meta property=\"og:image\" content=\"https:\/\/positiveprints.com\/wp-content\/uploads\/2025\/12\/Packshot_FR_Chat-Affiche-Line-Art-a-partir-dune-Photo.webp\" \/>\n\t<meta property=\"og:image:width\" content=\"1450\" \/>\n\t<meta property=\"og:image:height\" content=\"1450\" \/>\n\t<meta property=\"og:image:type\" content=\"image\/webp\" \/>\n<meta name=\"twitter:card\" content=\"summary_large_image\" \/>\n<meta name=\"twitter:label1\" content=\"Dur\u00e9e de lecture estim\u00e9e\" \/>\n\t<meta name=\"twitter:data1\" content=\"1 minute\" \/>\n<!-- \/ Yoast SEO Premium plugin. -->","yoast_head_json":{"title":"Chat - Affiche Line Art \u00e0 partir d\u2019une Photo - Positive Prints","description":"Cr\u00e9ez un portrait minimaliste personnalis\u00e9 de votre chat : un cadeau unique pour les amoureux des animaux et un magnifique souvenir \u00e0 ch\u00e9rir pour toujours.","robots":{"index":"index","follow":"follow","max-snippet":"max-snippet:-1","max-image-preview":"max-image-preview:large","max-video-preview":"max-video-preview:-1"},"canonical":"https:\/\/positiveprints.com\/fr\/produit\/chat-affiche-line-art-a-partir-dune-photo\/","og_locale":"fr_FR","og_type":"article","og_title":"Chat - Affiche Line Art \u00e0 partir d\u2019une Photo","og_description":"Con\u00e7u et envoy\u00e9 pour approbation dans un d\u00e9lai de 2 \u00e0 3 jours ouvrables Personnalisez votre design en 3 \u00e9tapes simples Choisissez un mod\u00e8le ou faites preuve de cr\u00e9ativit\u00e9 2 r\u00e9visions disponibles \u00e0 la demande","og_url":"https:\/\/positiveprints.com\/fr\/produit\/chat-affiche-line-art-a-partir-dune-photo\/","og_site_name":"Positive Prints","article_publisher":"https:\/\/www.facebook.com\/positiveprintscom","article_modified_time":"2026-04-12T18:05:52+00:00","og_image":[{"width":1450,"height":1450,"url":"https:\/\/positiveprints.com\/wp-content\/uploads\/2025\/12\/Packshot_FR_Chat-Affiche-Line-Art-a-partir-dune-Photo.webp","type":"image\/webp"}],"twitter_card":"summary_large_image","twitter_misc":{"Dur\u00e9e de lecture estim\u00e9e":"1 minute"},"schema":{"@context":"https:\/\/schema.org","@graph":[{"@type":["WebPage","ItemPage"],"@id":"https:\/\/positiveprints.com\/fr\/produit\/chat-affiche-line-art-a-partir-dune-photo\/","url":"https:\/\/positiveprints.com\/fr\/produit\/chat-affiche-line-art-a-partir-dune-photo\/","name":"Chat - Affiche Line Art \u00e0 partir d\u2019une Photo - Positive Prints","isPartOf":{"@id":"https:\/\/positiveprints.com\/fr\/#website"},"primaryImageOfPage":{"@id":"https:\/\/positiveprints.com\/fr\/produit\/chat-affiche-line-art-a-partir-dune-photo\/#primaryimage"},"image":{"@id":"https:\/\/positiveprints.com\/fr\/produit\/chat-affiche-line-art-a-partir-dune-photo\/#primaryimage"},"thumbnailUrl":"https:\/\/positiveprints.com\/wp-content\/uploads\/2025\/12\/Packshot_FR_Chat-Affiche-Line-Art-a-partir-dune-Photo.webp","datePublished":"2025-11-24T14:07:58+00:00","dateModified":"2026-04-12T18:05:52+00:00","description":"Cr\u00e9ez un portrait minimaliste personnalis\u00e9 de votre chat : un cadeau unique pour les amoureux des animaux et un magnifique souvenir \u00e0 ch\u00e9rir pour toujours.","breadcrumb":{"@id":"https:\/\/positiveprints.com\/fr\/produit\/chat-affiche-line-art-a-partir-dune-photo\/#breadcrumb"},"inLanguage":"fr-FR","potentialAction":[{"@type":"ReadAction","target":["https:\/\/positiveprints.com\/fr\/produit\/chat-affiche-line-art-a-partir-dune-photo\/"]}]},{"@type":"ImageObject","inLanguage":"fr-FR","@id":"https:\/\/positiveprints.com\/fr\/produit\/chat-affiche-line-art-a-partir-dune-photo\/#primaryimage","url":"https:\/\/positiveprints.com\/wp-content\/uploads\/2025\/12\/Packshot_FR_Chat-Affiche-Line-Art-a-partir-dune-Photo.webp","contentUrl":"https:\/\/positiveprints.com\/wp-content\/uploads\/2025\/12\/Packshot_FR_Chat-Affiche-Line-Art-a-partir-dune-Photo.webp","width":1450,"height":1450},{"@type":"BreadcrumbList","@id":"https:\/\/positiveprints.com\/fr\/produit\/chat-affiche-line-art-a-partir-dune-photo\/#breadcrumb","itemListElement":[{"@type":"ListItem","position":1,"name":"Home","item":"https:\/\/positiveprints.com\/fr\/"},{"@type":"ListItem","position":2,"name":"Produits","item":"https:\/\/positiveprints.com\/fr\/shop\/"},{"@type":"ListItem","position":3,"name":"Chat &#8211; Affiche Line Art \u00e0 partir d\u2019une Photo"}]},{"@type":"WebSite","@id":"https:\/\/positiveprints.com\/fr\/#website","url":"https:\/\/positiveprints.com\/fr\/","name":"Positive Prints","description":"Amazing Custom Personalized Gifts","publisher":{"@id":"https:\/\/positiveprints.com\/fr\/#organization"},"potentialAction":[{"@type":"SearchAction","target":{"@type":"EntryPoint","urlTemplate":"https:\/\/positiveprints.com\/fr\/?s={search_term_string}"},"query-input":{"@type":"PropertyValueSpecification","valueRequired":true,"valueName":"search_term_string"}}],"inLanguage":"fr-FR"},{"@type":"Organization","@id":"https:\/\/positiveprints.com\/fr\/#organization","name":"Positive Prints","alternateName":"Positive Prints","url":"https:\/\/positiveprints.com\/fr\/","logo":{"@type":"ImageObject","inLanguage":"fr-FR","@id":"https:\/\/positiveprints.com\/fr\/#\/schema\/logo\/image\/","url":"https:\/\/positiveprints.com\/wp-content\/uploads\/2026\/03\/245815646_1337939713319158_5671353136411139666_n.png","contentUrl":"https:\/\/positiveprints.com\/wp-content\/uploads\/2026\/03\/245815646_1337939713319158_5671353136411139666_n.png","width":800,"height":800,"caption":"Positive Prints"},"image":{"@id":"https:\/\/positiveprints.com\/fr\/#\/schema\/logo\/image\/"},"sameAs":["https:\/\/www.facebook.com\/positiveprintscom","https:\/\/www.instagram.com\/positiveprintscom\/","https:\/\/www.tiktok.com\/@positiveprintscom","https:\/\/www.pinterest.com\/positiveprintscom\/"]}]}},"jetpack_sharing_enabled":true,"_links":{"self":[{"href":"https:\/\/positiveprints.com\/fr\/wp-json\/wp\/v2\/product\/1574241","targetHints":{"allow":["GET"]}}],"collection":[{"href":"https:\/\/positiveprints.com\/fr\/wp-json\/wp\/v2\/product"}],"about":[{"href":"https:\/\/positiveprints.com\/fr\/wp-json\/wp\/v2\/types\/product"}],"wp:featuredmedia":[{"embeddable":true,"href":"https:\/\/positiveprints.com\/fr\/wp-json\/wp\/v2\/media\/1603689"}],"wp:attachment":[{"href":"https:\/\/positiveprints.com\/fr\/wp-json\/wp\/v2\/media?parent=1574241"}],"wp:term":[{"taxonomy":"product_brand","embeddable":true,"href":"https:\/\/positiveprints.com\/fr\/wp-json\/wp\/v2\/product_brand?post=1574241"},{"taxonomy":"product_cat","embeddable":true,"href":"https:\/\/positiveprints.com\/fr\/wp-json\/wp\/v2\/product_cat?post=1574241"},{"taxonomy":"product_tag","embeddable":true,"href":"https:\/\/positiveprints.com\/fr\/wp-json\/wp\/v2\/product_tag?post=1574241"}],"curies":[{"name":"wp","href":"https:\/\/api.w.org\/{rel}","templated":true}]}}