{"id":155764,"date":"2021-03-23T11:22:30","date_gmt":"2021-03-23T10:22:30","guid":{"rendered":"https:\/\/positiveprints.com\/product\/carte-des-etoiles-jour-de-commemoration\/"},"modified":"2026-05-09T10:14:19","modified_gmt":"2026-05-09T09:14:19","slug":"carte-des-etoiles-jour-de-commemoration","status":"publish","type":"product","link":"https:\/\/positiveprints.com\/fr\/produit\/carte-des-etoiles-jour-de-commemoration\/","title":{"rendered":"Carte Des \u00c9toiles Jour de Comm\u00e9moration"},"content":{"rendered":"<p>Quel que soit votre \u00e2ge ou la dur\u00e9e de votre histoire d&#8217;amour, un anniversaire de mariage est toujours quelque chose qui m\u00e9rite d&#8217;\u00eatre c\u00e9l\u00e9br\u00e9. Surprenez l&#8217;\u00eatre aim\u00e9 avec un cadeau d&#8217;anniversaire carte des \u00e9toiles !<\/p>\r\n\r\n\r\n\r\n<h2 class=\"grenB f24 cblue\" style=\"margin-top: 3rem\">Votre anniversaire arrive bient\u00f4t ?<\/h2>\r\n\r\n\r\n\r\n<p style=\"margin-top: 1rem\">Lorsque votre date comm\u00e9moration approche, qu&#8217;allez-vous faire pour c\u00e9l\u00e9brer un amour aussi unique que vous l&#8217;\u00eates tous les deux ? Vous avez peut-\u00eatre d\u00e9j\u00e0 offert des fleurs, des confiseries et des photos. Vous avez peut-\u00eatre fait des voyages dans des endroits exotiques ou profit\u00e9 de bons d\u00eeners aux chandelles. Mais un cadeau qui durera bien apr\u00e8s la fin de votre journ\u00e9e sp\u00e9ciale est une carte d&#8217;\u00e9toiles d&#8217;anniversaire.<\/p>\r\n\r\n\r\n\r\n<p style=\"margin-top: 1rem\">Chaque amour porte en lui une histoire \u00e0 raconter. La date de votre anniversaire n&#8217;est qu&#8217;un d\u00e9tail de votre voyage unique. Pensez donc \u00e0 une carte des \u00e9toiles d&#8217;anniversaire comme \u00e0 une illustration qui donne vie \u00e0 votre histoire. Elle recr\u00e9e ce \u00e0 quoi ressemblait le ciel nocturne le jour o\u00f9 vous avez dit &#8220;oui&#8221;. Alors que vous \u00e9tiez occup\u00e9 \u00e0 danser toute la nuit avec votre amour et \u00e0 faire la f\u00eate avec votre famille et vos amis, les \u00e9toiles, les plan\u00e8tes et les autres corps c\u00e9lestes vous regardaient d&#8217;en haut. Ils ont partag\u00e9 votre joie et savour\u00e9 chaque d\u00e9tail, comme ils le font chaque soir lors d&#8217;\u00e9v\u00e9nements sp\u00e9ciaux dans le monde entier.<\/p>\r\n\r\n\r\n\r\n<p style=\"margin-top: 1rem\">Aujourd&#8217;hui, vous avez la possibilit\u00e9 de ramener cette vo\u00fbte c\u00e9leste dans votre maison et d&#8217;immortaliser ce moment \u00e0 tout jamais.<\/p>\r\n\r\n\r\n\r\n\r\n\r\n<h2 class=\"grenB f24 cblue\" style=\"margin-top: 3rem\">Qu&#8217;est-ce qui rend une Carte Des \u00c9toiles Jour De Comm\u00e9moration si sp\u00e9ciale ?<\/h2>\r\n\r\n\r\n\r\n<p style=\"margin-top: 1rem\">Les cartes des \u00e9toiles personnalis\u00e9es sont uniques en leur genre. Il n&#8217;y en a pas deux qui se ressemblent, m\u00eame si elles utilisent le m\u00eame design de base, les m\u00eames couleurs et la m\u00eame disposition. C&#8217;est parce que le moment exact de votre mariage ne sera jamais vraiment le m\u00eame qu&#8217;un autre. De la date \u00e0 l&#8217;heure en passant par l&#8217;emplacement pr\u00e9cis sur la terre, votre carte des \u00e9toiles personnalis\u00e9e raconte votre histoire.<\/p>\r\n\r\n\r\n\r\n<p style=\"margin-top: 1rem\">Lorsque vous cr\u00e9ez une carte des \u00e9toiles en guise de cadeau d&#8217;anniversaire, vous avez le contr\u00f4le de son apparence et de son contenu. Positive Prints a s\u00e9lectionn\u00e9 plusieurs couleurs et options de design pour vous aider \u00e0 cr\u00e9er l&#8217;esth\u00e9tique parfaite. Vous pouvez ajouter des lignes de texte personnalis\u00e9es pour l\u00e9gender votre \u0153uvre, ainsi que choisir sa taille, son orientation et son mode d&#8217;impression (par exemple, poster, toile, art encadr\u00e9).<\/p>\r\n\r\n\r\n\r\n<p style=\"margin-top: 1rem\">Mais la caract\u00e9ristique la plus sp\u00e9ciale est sans doute le sentiment qu&#8217;elle procure aux personnes qui la re\u00e7oivent. Il ne s&#8217;agit pas d&#8217;un cadeau que n&#8217;importe qui peut se procurer sur une \u00e9tag\u00e8re dans un magasin local. Un cadeau personnalis\u00e9, fait pour l&#8217;amour de votre vie, qui montre que vous avez consacr\u00e9 du temps et de la r\u00e9flexion \u00e0 ce cadeau. C&#8217;est un cadeau qu&#8217;il ne verra jamais venir mais qu&#8217;il sera ravi de recevoir. <\/p>\r\n\r\n\r\n\r\n<h2 class=\"grenB f24 cblue\" style=\"margin-top: 3rem\">Comment r\u00e9aliser une Carte Des \u00c9toiles Jour De Comm\u00e9moration<\/h2>\r\n\r\n\r\n\r\n<p style=\"margin-top: 1rem\">Si les mots &#8220;carte des \u00e9toiles personnalis\u00e9e pour une comm\u00e9moration&#8221; peuvent sembler compliqu\u00e9s, le processus est en fait tr\u00e8s simple. De plus, vous n&#8217;avez pas besoin d&#8217;\u00eatre un artiste ou un designer expert pour cr\u00e9er votre propre carte des \u00e9toiles comme cadeau d&#8217;anniversaire.<\/p>\r\n\r\n\r\n\r\n<p style=\"margin-top: 1rem\">Gr\u00e2ce \u00e0 notre proc\u00e9d\u00e9 en trois \u00e9tapes, il est facile de cr\u00e9er une carte en quelques minutes seulement. Commencez par s\u00e9lectionner la forme et les couleurs de votre carte, puis choisissez comment vous souhaitez que les d\u00e9tails de votre carte du ciel apparaissent sur votre impression. Vous pouvez choisir de n&#8217;inclure que les \u00e9toiles, ou d&#8217;ajouter les plan\u00e8tes et leurs noms, les constellations, et m\u00eame la Voie lact\u00e9e. Nous vous encourageons \u00e0 exp\u00e9rimenter diff\u00e9rentes combinaisons pour cr\u00e9er votre design id\u00e9al. Chaque s\u00e9lection que vous ferez sera mise \u00e0 jour en temps r\u00e9el pour que vous puissiez voir exactement \u00e0 quoi ressemblera votre carte avant de la commander.<\/p>\r\n\r\n\r\n\r\n<p style=\"margin-top: 1rem\">Nous incluons \u00e9galement plusieurs lignes de texte avec chaque carte des \u00e9toiles. Vous pouvez laisser \u00e0 votre proche un message ou une citation sp\u00e9ciale qui sera imprim\u00e9 sur l&#8217;affiche. Vous pouvez \u00e9galement choisir de l\u00e9gender l&#8217;affiche avec la date, l&#8217;heure et le lieu de votre mariage. C&#8217;est vous qui d\u00e9cidez !<\/p>\r\n\r\n\r\n\r\n<p style=\"margin-top: 1rem\">Enfin, de nombreuses options s&#8217;offrent \u00e0 vous lorsqu&#8217;il s&#8217;agit de recevoir le produit final. Pour les id\u00e9es de cadeaux de derni\u00e8re minute, nous vous recommandons le fichier num\u00e9rique \u00e0 t\u00e9l\u00e9charger, que vous recevrez imm\u00e9diatement. Vous pouvez apporter ce fichier \u00e0 votre imprimerie locale et le faire imprimer \u00e0 la demande, pr\u00eat \u00e0 \u00eatre offert \u00e0 votre proche. Vous pouvez \u00e9galement choisir de faire exp\u00e9dier votre impression directement \u00e0 votre porte. Nous pouvons imprimer votre carte des \u00e9toiles personnalis\u00e9e sur une toile, ce qui constitue une option int\u00e9ressante pour un cadeau d&#8217;anniversaire. Nous pouvons \u00e9galement l&#8217;imprimer sur une affiche de qualit\u00e9 professionnelle et la faire encadrer pour vous. L&#8217;exp\u00e9dition est toujours, o\u00f9 que vous viviez dans le monde !<\/p>\r\n\r\n\r\n\r\n<h2 class=\"grenB f24 cblue\" style=\"margin-top: 3rem\">Surprenez l&#8217;\u00eatre cher avec un cadeau d&#8217;anniversaire de la carte des \u00e9toiles !<\/h2>\r\n\r\n\r\n\r\n<p style=\"margin-top: 1rem\">Quel que soit votre \u00e2ge ou la dur\u00e9e de votre relation amoureuse, un anniversaire de mariage est toujours un \u00e9v\u00e9nement \u00e0 c\u00e9l\u00e9brer. C&#8217;est le moment o\u00f9 vous et votre amour avez d\u00e9cid\u00e9 de partager votre vie ensemble pour toujours, et toutes les \u00e9toiles et les plan\u00e8tes dans le ciel ont pu \u00eatre t\u00e9moins de l&#8217;\u00e9v\u00e9nement. Maintenant, c&#8217;est \u00e0 votre tour de faire entrer le ciel nocturne dans votre maison afin de revivre ce moment magique pour toujours.<\/p>\r\n\r\n\r\n\r\n<p style=\"margin-top: 1rem\">\u00cates-vous pr\u00eat \u00e0 cr\u00e9er un cadeau \u00e9poustouflant refl\u00e9tant votre histoire d&#8217;amour unique ? Commencez \u00e0 cr\u00e9er votre carte des \u00e9toiles comme cadeau d&#8217;anniversaire d\u00e8s aujourd&#8217;hui !<\/p>\r\n\r\n","protected":false},"excerpt":{"rendered":"<ul class=\"check-list\">\n<li>Ajoutez des plan\u00e8tes, des constellations et la Voie lact\u00e9e <\/li>\n<li>Personnalisez en 3 \u00e9tapes simples<\/li>\n<li>Incluez un texte personnalis\u00e9 significatif<\/li>\n<li>Vois le r\u00e9sultat imm\u00e9diatement \u2013 l\u2019aper\u00e7u interactif te permet de peaufiner chaque d\u00e9tail<\/li>\n<\/ul>\n","protected":false},"featured_media":1218902,"template":"","meta":[],"product_brand":[],"product_cat":[9274,11177,11175,11176,2878],"product_tag":[12703,14854,14866,14853,14655,13560,14681,12677,13530,14857,14859,14848,14852,14856,14868,12662,14864,14869,14851,14865,14867,14870,14863,14850],"class_list":{"0":"post-155764","1":"product","2":"type-product","3":"status-publish","4":"has-post-thumbnail","6":"product_cat-bestsellers-label-fr","7":"product_cat-cadeaux-danniversaire-pour-couples","8":"product_cat-cadeaux-danniversaire-pour-femme","9":"product_cat-cadeaux-danniversaire-pour-homme","10":"product_cat-star-fr-2","11":"product_tag-amour","12":"product_tag-anniversary-gift-fr","13":"product_tag-anniversary-gifts-fr","14":"product_tag-anniversary-present-fr","15":"product_tag-cadeau-attentionne","16":"product_tag-cadeau-danniversaire-de-mariage","17":"product_tag-cadeau-romantique","18":"product_tag-cadeau-saint-valentin","19":"product_tag-cadeaux-de-saint-valentin","20":"product_tag-couple-gift-fr","21":"product_tag-gift-for-couple-fr","22":"product_tag-love-fr","23":"product_tag-love-gift-fr","24":"product_tag-personalized-gift-fr","25":"product_tag-romantic-gifts-fr","26":"product_tag-saint-valentin","27":"product_tag-sentimental-gift-fr","28":"product_tag-special-occasion-fr","29":"product_tag-thoughtful-gift-fr","30":"product_tag-unique-gift-fr","31":"product_tag-valentines-day-gifts-fr","32":"product_tag-valentines-day-fr","33":"product_tag-valentines-day-gift-fr","34":"product_tag-wedding-anniversary-fr","36":"first","37":"instock","38":"sale","39":"taxable","40":"shipping-taxable","41":"purchasable","42":"product-type-variable","43":"has-default-attributes"},"yoast_head":"<!-- This site is optimized with the Yoast SEO Premium plugin v27.2 (Yoast SEO v27.2) - https:\/\/yoast.com\/product\/yoast-seo-premium-wordpress\/ -->\n<title>Carte Des \u00c9toiles Jour de Comm\u00e9moration - Positive Prints<\/title>\n<meta name=\"description\" content=\"Cr\u00e9ez affiche comm\u00e9morative avec un \u00e9diteur interactif de carte des \u00e9toiles. Commandez un cadeau Carte des \u00e9toiles avec une date pour une personne sp\u00e9ciale.\" \/>\n<meta name=\"robots\" content=\"index, follow, max-snippet:-1, max-image-preview:large, max-video-preview:-1\" \/>\n<link rel=\"canonical\" href=\"https:\/\/positiveprints.com\/fr\/produit\/carte-des-etoiles-jour-de-commemoration\/\" \/>\n<meta property=\"og:locale\" content=\"fr_FR\" \/>\n<meta property=\"og:type\" content=\"article\" \/>\n<meta property=\"og:title\" content=\"Carte Des \u00c9toiles Jour de Comm\u00e9moration\" \/>\n<meta property=\"og:description\" content=\"Ajoutez des plan\u00e8tes, des constellations et la Voie lact\u00e9e  Personnalisez en 3 \u00e9tapes simples Incluez un texte personnalis\u00e9 significatif Vois le r\u00e9sultat imm\u00e9diatement \u2013 l\u2019aper\u00e7u interactif te permet de peaufiner chaque d\u00e9tail\" \/>\n<meta property=\"og:url\" content=\"https:\/\/positiveprints.com\/fr\/produit\/carte-des-etoiles-jour-de-commemoration\/\" \/>\n<meta property=\"og:site_name\" content=\"Positive Prints\" \/>\n<meta property=\"article:publisher\" content=\"https:\/\/www.facebook.com\/positiveprintscom\" \/>\n<meta property=\"article:modified_time\" content=\"2026-05-09T09:14:19+00:00\" \/>\n<meta property=\"og:image\" content=\"https:\/\/positiveprints.com\/wp-content\/uploads\/2024\/10\/Packshot_FR_anniversary-star-map-product-image.webp\" \/>\n\t<meta property=\"og:image:width\" content=\"1450\" \/>\n\t<meta property=\"og:image:height\" content=\"1450\" \/>\n\t<meta property=\"og:image:type\" content=\"image\/webp\" \/>\n<meta name=\"twitter:card\" content=\"summary_large_image\" \/>\n<!-- \/ Yoast SEO Premium plugin. -->","yoast_head_json":{"title":"Carte Des \u00c9toiles Jour de Comm\u00e9moration - Positive Prints","description":"Cr\u00e9ez affiche comm\u00e9morative avec un \u00e9diteur interactif de carte des \u00e9toiles. Commandez un cadeau Carte des \u00e9toiles avec une date pour une personne sp\u00e9ciale.","robots":{"index":"index","follow":"follow","max-snippet":"max-snippet:-1","max-image-preview":"max-image-preview:large","max-video-preview":"max-video-preview:-1"},"canonical":"https:\/\/positiveprints.com\/fr\/produit\/carte-des-etoiles-jour-de-commemoration\/","og_locale":"fr_FR","og_type":"article","og_title":"Carte Des \u00c9toiles Jour de Comm\u00e9moration","og_description":"Ajoutez des plan\u00e8tes, des constellations et la Voie lact\u00e9e  Personnalisez en 3 \u00e9tapes simples Incluez un texte personnalis\u00e9 significatif Vois le r\u00e9sultat imm\u00e9diatement \u2013 l\u2019aper\u00e7u interactif te permet de peaufiner chaque d\u00e9tail","og_url":"https:\/\/positiveprints.com\/fr\/produit\/carte-des-etoiles-jour-de-commemoration\/","og_site_name":"Positive Prints","article_publisher":"https:\/\/www.facebook.com\/positiveprintscom","article_modified_time":"2026-05-09T09:14:19+00:00","og_image":[{"width":1450,"height":1450,"url":"https:\/\/positiveprints.com\/wp-content\/uploads\/2024\/10\/Packshot_FR_anniversary-star-map-product-image.webp","type":"image\/webp"}],"twitter_card":"summary_large_image","schema":{"@context":"https:\/\/schema.org","@graph":[{"@type":["WebPage","ItemPage"],"@id":"https:\/\/positiveprints.com\/fr\/produit\/carte-des-etoiles-jour-de-commemoration\/","url":"https:\/\/positiveprints.com\/fr\/produit\/carte-des-etoiles-jour-de-commemoration\/","name":"Carte Des \u00c9toiles Jour de Comm\u00e9moration - Positive Prints","isPartOf":{"@id":"https:\/\/positiveprints.com\/fr\/#website"},"primaryImageOfPage":{"@id":"https:\/\/positiveprints.com\/fr\/produit\/carte-des-etoiles-jour-de-commemoration\/#primaryimage"},"image":{"@id":"https:\/\/positiveprints.com\/fr\/produit\/carte-des-etoiles-jour-de-commemoration\/#primaryimage"},"thumbnailUrl":"https:\/\/positiveprints.com\/wp-content\/uploads\/2024\/10\/Packshot_FR_anniversary-star-map-product-image.webp","datePublished":"2021-03-23T10:22:30+00:00","dateModified":"2026-05-09T09:14:19+00:00","description":"Cr\u00e9ez affiche comm\u00e9morative avec un \u00e9diteur interactif de carte des \u00e9toiles. Commandez un cadeau Carte des \u00e9toiles avec une date pour une personne sp\u00e9ciale.","breadcrumb":{"@id":"https:\/\/positiveprints.com\/fr\/produit\/carte-des-etoiles-jour-de-commemoration\/#breadcrumb"},"inLanguage":"fr-FR","potentialAction":[{"@type":"ReadAction","target":["https:\/\/positiveprints.com\/fr\/produit\/carte-des-etoiles-jour-de-commemoration\/"]}]},{"@type":"ImageObject","inLanguage":"fr-FR","@id":"https:\/\/positiveprints.com\/fr\/produit\/carte-des-etoiles-jour-de-commemoration\/#primaryimage","url":"https:\/\/positiveprints.com\/wp-content\/uploads\/2024\/10\/Packshot_FR_anniversary-star-map-product-image.webp","contentUrl":"https:\/\/positiveprints.com\/wp-content\/uploads\/2024\/10\/Packshot_FR_anniversary-star-map-product-image.webp","width":1450,"height":1450},{"@type":"BreadcrumbList","@id":"https:\/\/positiveprints.com\/fr\/produit\/carte-des-etoiles-jour-de-commemoration\/#breadcrumb","itemListElement":[{"@type":"ListItem","position":1,"name":"Home","item":"https:\/\/positiveprints.com\/fr\/"},{"@type":"ListItem","position":2,"name":"Produits","item":"https:\/\/positiveprints.com\/fr\/shop\/"},{"@type":"ListItem","position":3,"name":"Carte Des \u00c9toiles Jour de Comm\u00e9moration"}]},{"@type":"WebSite","@id":"https:\/\/positiveprints.com\/fr\/#website","url":"https:\/\/positiveprints.com\/fr\/","name":"Positive Prints","description":"Amazing Custom Personalized Gifts","publisher":{"@id":"https:\/\/positiveprints.com\/fr\/#organization"},"potentialAction":[{"@type":"SearchAction","target":{"@type":"EntryPoint","urlTemplate":"https:\/\/positiveprints.com\/fr\/?s={search_term_string}"},"query-input":{"@type":"PropertyValueSpecification","valueRequired":true,"valueName":"search_term_string"}}],"inLanguage":"fr-FR"},{"@type":"Organization","@id":"https:\/\/positiveprints.com\/fr\/#organization","name":"Positive Prints","alternateName":"Positive Prints","url":"https:\/\/positiveprints.com\/fr\/","logo":{"@type":"ImageObject","inLanguage":"fr-FR","@id":"https:\/\/positiveprints.com\/fr\/#\/schema\/logo\/image\/","url":"https:\/\/positiveprints.com\/wp-content\/uploads\/2026\/03\/245815646_1337939713319158_5671353136411139666_n.png","contentUrl":"https:\/\/positiveprints.com\/wp-content\/uploads\/2026\/03\/245815646_1337939713319158_5671353136411139666_n.png","width":800,"height":800,"caption":"Positive Prints"},"image":{"@id":"https:\/\/positiveprints.com\/fr\/#\/schema\/logo\/image\/"},"sameAs":["https:\/\/www.facebook.com\/positiveprintscom","https:\/\/www.instagram.com\/positiveprintscom\/","https:\/\/www.tiktok.com\/@positiveprintscom","https:\/\/www.pinterest.com\/positiveprintscom\/"]}]}},"jetpack_sharing_enabled":true,"_links":{"self":[{"href":"https:\/\/positiveprints.com\/fr\/wp-json\/wp\/v2\/product\/155764","targetHints":{"allow":["GET"]}}],"collection":[{"href":"https:\/\/positiveprints.com\/fr\/wp-json\/wp\/v2\/product"}],"about":[{"href":"https:\/\/positiveprints.com\/fr\/wp-json\/wp\/v2\/types\/product"}],"wp:featuredmedia":[{"embeddable":true,"href":"https:\/\/positiveprints.com\/fr\/wp-json\/wp\/v2\/media\/1218902"}],"wp:attachment":[{"href":"https:\/\/positiveprints.com\/fr\/wp-json\/wp\/v2\/media?parent=155764"}],"wp:term":[{"taxonomy":"product_brand","embeddable":true,"href":"https:\/\/positiveprints.com\/fr\/wp-json\/wp\/v2\/product_brand?post=155764"},{"taxonomy":"product_cat","embeddable":true,"href":"https:\/\/positiveprints.com\/fr\/wp-json\/wp\/v2\/product_cat?post=155764"},{"taxonomy":"product_tag","embeddable":true,"href":"https:\/\/positiveprints.com\/fr\/wp-json\/wp\/v2\/product_tag?post=155764"}],"curies":[{"name":"wp","href":"https:\/\/api.w.org\/{rel}","templated":true}]}}