{"id":1552273,"date":"2024-01-23T11:31:41","date_gmt":"2024-01-23T10:31:41","guid":{"rendered":"https:\/\/positiveprints.com\/product\/personalized-graduation-jewelry\/"},"modified":"2026-04-23T11:08:44","modified_gmt":"2026-04-23T10:08:44","slug":"bijou-personnalise-remise-de-diplome","status":"publish","type":"product","link":"https:\/\/positiveprints.com\/fr\/produit\/bijou-personnalise-remise-de-diplome\/","title":{"rendered":"Bijou personnalis\u00e9 Remise de Dipl\u00f4me"},"content":{"rendered":"","protected":false},"excerpt":{"rendered":"<ul class=\"check-list\">\n<li>Commencez ce prochain chapitre avec un hommage durable aux r\u00e9alisations de la personne dipl\u00f4m\u00e9e : un collier personnalis\u00e9<\/li>\n<li>Pendentif de 20 mm fabriqu\u00e9 en argent sterling de qualit\u00e9 sup\u00e9rieure ou en, grav\u00e9 au laser et fini \u00e0 la main<\/li>\n<li>Choisissez un texte sinc\u00e8re en fonction de l&#8217;occasion<\/li>\n<li>Personnalisez en seulement 2\u00a0minutes<\/li>\n<li>Vois le r\u00e9sultat imm\u00e9diatement \u2013 l\u2019aper\u00e7u interactif te permet de peaufiner chaque d\u00e9tail\n<\/li>\n<\/ul>\n","protected":false},"featured_media":1541807,"template":"","meta":[],"product_brand":[],"product_cat":[9260,9212,104,7909],"product_tag":[9311,9344,15254,9327,9355],"class_list":{"0":"post-1552273","1":"product","2":"type-product","3":"status-publish","4":"has-post-thumbnail","6":"product_cat-jewelry-fr","7":"product_cat-star-map-jewelry-fr","8":"product_cat-tous-les-produits","9":"product_cat-cadeaux-de-remise-de-diplome","10":"product_tag-chaine","11":"product_tag-collier","12":"product_tag-graduation-en-gb-fr","13":"product_tag-medaillon-fr","14":"product_tag-pendentif","16":"first","17":"instock","18":"sale","19":"taxable","20":"shipping-taxable","21":"purchasable","22":"product-type-variable"},"yoast_head":"<!-- This site is optimized with the Yoast SEO Premium plugin v27.2 (Yoast SEO v27.2) - https:\/\/yoast.com\/product\/yoast-seo-premium-wordpress\/ -->\n<title>Bijou personnalis\u00e9 Remise de Dipl\u00f4me - Positive Prints<\/title>\n<meta name=\"description\" content=\"C\u00e9l\u00e9brez la grande r\u00e9ussite de la personne dipl\u00f4m\u00e9e avec des bijoux personnalis\u00e9s qui honorent son travail acharn\u00e9, son d\u00e9vouement et la joie d&#039;une \u00e9tape vraiment sp\u00e9ciale.\" \/>\n<meta name=\"robots\" content=\"index, follow, max-snippet:-1, max-image-preview:large, max-video-preview:-1\" \/>\n<link rel=\"canonical\" href=\"https:\/\/positiveprints.com\/fr\/produit\/bijou-personnalise-remise-de-diplome\/\" \/>\n<meta property=\"og:locale\" content=\"fr_FR\" \/>\n<meta property=\"og:type\" content=\"article\" \/>\n<meta property=\"og:title\" content=\"Bijou personnalis\u00e9 Remise de Dipl\u00f4me\" \/>\n<meta property=\"og:description\" content=\"Commencez ce prochain chapitre avec un hommage durable aux r\u00e9alisations de la personne dipl\u00f4m\u00e9e : un collier personnalis\u00e9  Pendentif de 20 mm fabriqu\u00e9 en argent sterling de qualit\u00e9 sup\u00e9rieure ou en, grav\u00e9 au laser et fini \u00e0 la main  Choisissez un texte sinc\u00e8re en fonction de l&#039;occasion  Personnalisez en seulement 2\u00a0minutes  Vois le r\u00e9sultat imm\u00e9diatement \u2013 l\u2019aper\u00e7u interactif te permet de peaufiner chaque d\u00e9tail\" \/>\n<meta property=\"og:url\" content=\"https:\/\/positiveprints.com\/fr\/produit\/bijou-personnalise-remise-de-diplome\/\" \/>\n<meta property=\"og:site_name\" content=\"Positive Prints\" \/>\n<meta property=\"article:publisher\" content=\"https:\/\/www.facebook.com\/positiveprintscom\" \/>\n<meta property=\"article:modified_time\" content=\"2026-04-23T10:08:44+00:00\" \/>\n<meta property=\"og:image\" content=\"https:\/\/positiveprints.com\/wp-content\/uploads\/2025\/10\/all-MAIN_stars-jewelry.webp\" \/>\n\t<meta property=\"og:image:width\" content=\"2500\" \/>\n\t<meta property=\"og:image:height\" content=\"2500\" \/>\n\t<meta property=\"og:image:type\" content=\"image\/webp\" \/>\n<meta name=\"twitter:card\" content=\"summary_large_image\" \/>\n<meta name=\"twitter:label1\" content=\"Dur\u00e9e de lecture estim\u00e9e\" \/>\n\t<meta name=\"twitter:data1\" content=\"1 minute\" \/>\n<!-- \/ Yoast SEO Premium plugin. -->","yoast_head_json":{"title":"Bijou personnalis\u00e9 Remise de Dipl\u00f4me - Positive Prints","description":"C\u00e9l\u00e9brez la grande r\u00e9ussite de la personne dipl\u00f4m\u00e9e avec des bijoux personnalis\u00e9s qui honorent son travail acharn\u00e9, son d\u00e9vouement et la joie d'une \u00e9tape vraiment sp\u00e9ciale.","robots":{"index":"index","follow":"follow","max-snippet":"max-snippet:-1","max-image-preview":"max-image-preview:large","max-video-preview":"max-video-preview:-1"},"canonical":"https:\/\/positiveprints.com\/fr\/produit\/bijou-personnalise-remise-de-diplome\/","og_locale":"fr_FR","og_type":"article","og_title":"Bijou personnalis\u00e9 Remise de Dipl\u00f4me","og_description":"Commencez ce prochain chapitre avec un hommage durable aux r\u00e9alisations de la personne dipl\u00f4m\u00e9e : un collier personnalis\u00e9  Pendentif de 20 mm fabriqu\u00e9 en argent sterling de qualit\u00e9 sup\u00e9rieure ou en, grav\u00e9 au laser et fini \u00e0 la main  Choisissez un texte sinc\u00e8re en fonction de l'occasion  Personnalisez en seulement 2\u00a0minutes  Vois le r\u00e9sultat imm\u00e9diatement \u2013 l\u2019aper\u00e7u interactif te permet de peaufiner chaque d\u00e9tail","og_url":"https:\/\/positiveprints.com\/fr\/produit\/bijou-personnalise-remise-de-diplome\/","og_site_name":"Positive Prints","article_publisher":"https:\/\/www.facebook.com\/positiveprintscom","article_modified_time":"2026-04-23T10:08:44+00:00","og_image":[{"width":2500,"height":2500,"url":"https:\/\/positiveprints.com\/wp-content\/uploads\/2025\/10\/all-MAIN_stars-jewelry.webp","type":"image\/webp"}],"twitter_card":"summary_large_image","twitter_misc":{"Dur\u00e9e de lecture estim\u00e9e":"1 minute"},"schema":{"@context":"https:\/\/schema.org","@graph":[{"@type":["WebPage","ItemPage"],"@id":"https:\/\/positiveprints.com\/fr\/produit\/bijou-personnalise-remise-de-diplome\/","url":"https:\/\/positiveprints.com\/fr\/produit\/bijou-personnalise-remise-de-diplome\/","name":"Bijou personnalis\u00e9 Remise de Dipl\u00f4me - Positive Prints","isPartOf":{"@id":"https:\/\/positiveprints.com\/fr\/#website"},"primaryImageOfPage":{"@id":"https:\/\/positiveprints.com\/fr\/produit\/bijou-personnalise-remise-de-diplome\/#primaryimage"},"image":{"@id":"https:\/\/positiveprints.com\/fr\/produit\/bijou-personnalise-remise-de-diplome\/#primaryimage"},"thumbnailUrl":"https:\/\/positiveprints.com\/wp-content\/uploads\/2025\/10\/all-MAIN_stars-jewelry.webp","datePublished":"2024-01-23T10:31:41+00:00","dateModified":"2026-04-23T10:08:44+00:00","description":"C\u00e9l\u00e9brez la grande r\u00e9ussite de la personne dipl\u00f4m\u00e9e avec des bijoux personnalis\u00e9s qui honorent son travail acharn\u00e9, son d\u00e9vouement et la joie d'une \u00e9tape vraiment sp\u00e9ciale.","breadcrumb":{"@id":"https:\/\/positiveprints.com\/fr\/produit\/bijou-personnalise-remise-de-diplome\/#breadcrumb"},"inLanguage":"fr-FR","potentialAction":[{"@type":"ReadAction","target":["https:\/\/positiveprints.com\/fr\/produit\/bijou-personnalise-remise-de-diplome\/"]}]},{"@type":"ImageObject","inLanguage":"fr-FR","@id":"https:\/\/positiveprints.com\/fr\/produit\/bijou-personnalise-remise-de-diplome\/#primaryimage","url":"https:\/\/positiveprints.com\/wp-content\/uploads\/2025\/10\/all-MAIN_stars-jewelry.webp","contentUrl":"https:\/\/positiveprints.com\/wp-content\/uploads\/2025\/10\/all-MAIN_stars-jewelry.webp","width":2500,"height":2500},{"@type":"BreadcrumbList","@id":"https:\/\/positiveprints.com\/fr\/produit\/bijou-personnalise-remise-de-diplome\/#breadcrumb","itemListElement":[{"@type":"ListItem","position":1,"name":"Home","item":"https:\/\/positiveprints.com\/fr\/"},{"@type":"ListItem","position":2,"name":"Produits","item":"https:\/\/positiveprints.com\/fr\/shop\/"},{"@type":"ListItem","position":3,"name":"Bijou personnalis\u00e9 Remise de Dipl\u00f4me"}]},{"@type":"WebSite","@id":"https:\/\/positiveprints.com\/fr\/#website","url":"https:\/\/positiveprints.com\/fr\/","name":"Positive Prints","description":"Amazing Custom Personalized Gifts","publisher":{"@id":"https:\/\/positiveprints.com\/fr\/#organization"},"potentialAction":[{"@type":"SearchAction","target":{"@type":"EntryPoint","urlTemplate":"https:\/\/positiveprints.com\/fr\/?s={search_term_string}"},"query-input":{"@type":"PropertyValueSpecification","valueRequired":true,"valueName":"search_term_string"}}],"inLanguage":"fr-FR"},{"@type":"Organization","@id":"https:\/\/positiveprints.com\/fr\/#organization","name":"Positive Prints","alternateName":"Positive Prints","url":"https:\/\/positiveprints.com\/fr\/","logo":{"@type":"ImageObject","inLanguage":"fr-FR","@id":"https:\/\/positiveprints.com\/fr\/#\/schema\/logo\/image\/","url":"https:\/\/positiveprints.com\/wp-content\/uploads\/2026\/03\/245815646_1337939713319158_5671353136411139666_n.png","contentUrl":"https:\/\/positiveprints.com\/wp-content\/uploads\/2026\/03\/245815646_1337939713319158_5671353136411139666_n.png","width":800,"height":800,"caption":"Positive Prints"},"image":{"@id":"https:\/\/positiveprints.com\/fr\/#\/schema\/logo\/image\/"},"sameAs":["https:\/\/www.facebook.com\/positiveprintscom","https:\/\/www.instagram.com\/positiveprintscom\/","https:\/\/www.tiktok.com\/@positiveprintscom","https:\/\/www.pinterest.com\/positiveprintscom\/"]}]}},"jetpack_sharing_enabled":true,"_links":{"self":[{"href":"https:\/\/positiveprints.com\/fr\/wp-json\/wp\/v2\/product\/1552273","targetHints":{"allow":["GET"]}}],"collection":[{"href":"https:\/\/positiveprints.com\/fr\/wp-json\/wp\/v2\/product"}],"about":[{"href":"https:\/\/positiveprints.com\/fr\/wp-json\/wp\/v2\/types\/product"}],"wp:featuredmedia":[{"embeddable":true,"href":"https:\/\/positiveprints.com\/fr\/wp-json\/wp\/v2\/media\/1541807"}],"wp:attachment":[{"href":"https:\/\/positiveprints.com\/fr\/wp-json\/wp\/v2\/media?parent=1552273"}],"wp:term":[{"taxonomy":"product_brand","embeddable":true,"href":"https:\/\/positiveprints.com\/fr\/wp-json\/wp\/v2\/product_brand?post=1552273"},{"taxonomy":"product_cat","embeddable":true,"href":"https:\/\/positiveprints.com\/fr\/wp-json\/wp\/v2\/product_cat?post=1552273"},{"taxonomy":"product_tag","embeddable":true,"href":"https:\/\/positiveprints.com\/fr\/wp-json\/wp\/v2\/product_tag?post=1552273"}],"curies":[{"name":"wp","href":"https:\/\/api.w.org\/{rel}","templated":true}]}}