{"id":154820,"date":"2021-03-23T11:06:26","date_gmt":"2021-03-23T10:06:26","guid":{"rendered":"https:\/\/positiveprints.com\/product\/etoiles-le-jour-du-mariage\/"},"modified":"2026-04-18T09:11:13","modified_gmt":"2026-04-18T08:11:13","slug":"etoiles-le-jour-du-mariage","status":"publish","type":"product","link":"https:\/\/positiveprints.com\/fr\/produit\/etoiles-le-jour-du-mariage\/","title":{"rendered":"\u00c9toiles Le Jour du Mariage"},"content":{"rendered":"<p>Si vous cherchez un cadeau original et personnalis\u00e9 pour quelqu&#8217;un d&#8217;unique dans votre vie ou une fa\u00e7on originale de d\u00e9corer votre propre espace, pensez \u00e0 la beaut\u00e9 et \u00e0 la sentimentalit\u00e9 d&#8217;une affiche &#8220;\u00c9TOILES JOUR DU MARIAGE&#8221;.<\/p>\r\n\r\n<h2 class=\"grenB f24 cblue\" style=\"margin-top: 3rem\">Carte des \u00e9toiles le jour du mariage.<\/h2>\r\n\r\n<p style=\"margin-top: 1rem\">Vous rappelez-vous \u00e0 quoi ressemblait le ciel le soir de l&#8217;un des \u00e9v\u00e9nements les plus marquants de votre vie ? Avec notre carte des \u00e9toiles de mariage, vous pouvez recr\u00e9er le moment o\u00f9 l&#8217;univers s&#8217;est align\u00e9 juste pour vous.<\/p>\r\n\r\n<p style=\"margin-top: 1rem\">Le mariage et toutes les grandes \u00e9tapes de la vie sont des \u00e9v\u00e9nements \u00e0 retenir. Une carte des \u00e9toiles du jour de mariage vous aide \u00e0 capturer ces moments dans le temps et \u00e0 les afficher d&#8217;une mani\u00e8re artistique qui vous aide \u00e0 raconter l&#8217;histoire de votre vie.<\/p>\r\n\r\n<p style=\"margin-top: 1rem\">Chaque tirage est aussi unique que le moment lui-m\u00eame. En effet, il n&#8217;y a pas deux parcours de vie qui se ressemblent, et votre carte des \u00e9toiles du jour du mariage vous aide \u00e0 raconter l&#8217;histoire que vous avez \u00e9crite.<\/p>\r\n<\/p>\r\n<p style=\"margin-top: 1rem\">Si vous cherchez un cadeau de mariage original et personnalis\u00e9 pour quelqu&#8217;un de sp\u00e9cial dans votre vie ou une fa\u00e7on amusante de d\u00e9corer votre propre espace, consid\u00e9rez la beaut\u00e9 et la sentimentalit\u00e9 d&#8217;un poster de carte des \u00e9toiles de mariage.<\/p>\r\n\r\n<h2 class=\"grenB f24 cblue\" style=\"margin-top: 3rem\">Qu&#8217;est-ce qu&#8217;une carte \u00c9toiles Jour de Mariage<\/h2>\r\n\r\n<p style=\"margin-top: 1rem\">O\u00f9 que vous soyez sur terre, le ciel nocturne au-dessus de vous est rempli d&#8217;\u00e9toiles, de plan\u00e8tes et d&#8217;autres corps c\u00e9lestes. Mais ce ciel peut avoir un aspect tr\u00e8s diff\u00e9rent selon l&#8217;endroit o\u00f9 vous vous trouvez et le moment o\u00f9 vous tournez la t\u00eate vers le ciel.<\/p>\r\n\r\n<p style=\"margin-top: 1rem\">C&#8217;est pourquoi de nombreuses personnes choisissent de cr\u00e9er une affiche de carte \u00c9toiles Jour de Mariage pour honorer les moments les plus importants de leur vie. Ces affiches offrent une repr\u00e9sentation pr\u00e9cise de l&#8217;aspect du ciel \u00e0 partir d&#8217;un lieu, d&#8217;une date et d&#8217;une heure sp\u00e9cifiques. Lorsque vous regardez votre poster personnalis\u00e9, vous regardez \u00e9galement le ciel de ce jour tr\u00e8s sp\u00e9cial, ce qui vous permet de revivre vos souvenirs gr\u00e2ce \u00e0 une carte du ciel compos\u00e9e d&#8217;\u00e9toiles.<\/p>\r\n\r\n<h2 class=\"grenB f24 cblue\" style=\"margin-top: 3rem\">Comment puis-je personnaliser un poster &#8220;\u00c9toiles Jour de Mariage&#8221; ?<\/h2>\r\n\r\n<p style=\"margin-top: 1rem\">Ce qui rend les affiches \u00c9toiles Jour de Mariage si uniques, le fait qu&#8217;elles soient personnalis\u00e9es pour chaque individu. Lorsque vous saisissez la date, l&#8217;heure et le lieu de votre mariage, notre technologie intelligente se met au travail pour disposer les \u00e9toiles, les constellations, les plan\u00e8tes et d&#8217;autres \u00e9l\u00e9ments afin de cr\u00e9er votre carte du ciel \u00e9toil\u00e9.<\/p>\r\n\r\n<p style=\"margin-top: 1rem\">Cependant, la personnalisation ne s&#8217;arr\u00eate pas l\u00e0. Voici un aper\u00e7u de la fa\u00e7on dont vous pouvez personnaliser un cadeau de mariage avec Positive Prints.<\/p>\r\n\r\n<h3 class=\"grenB f18 cblue\" style=\"margin-top: 3rem\">\u00c9tape 1 : S\u00e9lectionnez le design<\/h3>\r\n\r\n<p style=\"margin-top: 1rem\">Notre outil de cr\u00e9ation de carte du ciel, tr\u00e8s convivial, vous permet de concevoir votre propre carte du ciel \u00e9toil\u00e9. Choisissez parmi 7 mod\u00e8les de cartes et de couleurs pr\u00e9d\u00e9finis, ou s\u00e9lectionnez l&#8217;option personnalis\u00e9e pour cr\u00e9er votre propre sch\u00e9ma de couleurs. Vous pouvez \u00e9galement choisir le niveau de d\u00e9tail qui appara\u00eetra sur votre carte du ciel \u00e9toil\u00e9, notamment la pr\u00e9sence de plan\u00e8tes, de constellations, de la <a href=\"https:\/\/fr.wikipedia.org\/wiki\/Voie_lact%C3%A9e\">Voie lact\u00e9e<\/a>, etc.<\/p>\r\n\r\n<h3 class=\"grenB f18 cblue\" style=\"margin-top: 3rem\">\u00c9tape 2 : Saisissez les d\u00e9tails<\/h3>\r\n\r\n<p style=\"margin-top: 1rem\">La s\u00e9lection de votre moment dans le temps est la caract\u00e9ristique principale d&#8217;une carte du ciel nocturne pour mariage. Votre carte est g\u00e9n\u00e9r\u00e9e sur mesure pour repr\u00e9senter un \u00e9v\u00e9nement de votre vie qui vous tient \u00e0 c\u0153ur. Vous avez la possibilit\u00e9 de saisir un lieu ou des <a href=\"https:\/\/positiveprints.com\/fr\/produit\/tableau-coordonnees-gps\/\">coordonn\u00e9es sp\u00e9cifiques<\/a>, ainsi qu&#8217;une date et une heure. Il peut s&#8217;agir du moment o\u00f9 un \u00eatre cher est arriv\u00e9 dans le monde, du moment o\u00f9 vous avez rencontr\u00e9 &#8220;l&#8217;\u00e9lu(e)&#8221;, du moment o\u00f9 vous avez dit &#8220;oui&#8221;, ou d&#8217;innombrables autres occasions sp\u00e9ciales.<\/p>\r\n\r\n<p style=\"margin-top: 1rem\">Vous pouvez personnaliser davantage votre carte \u00c9toiles Jour de Mariage en ajoutant une citation marquante ou une autre ligne de texte qui vous aidera \u00e0 raconter votre histoire. Si vous avez du mal \u00e0 trouver les mots parfaits, notre nouvelle fonction de citation peut vous en sugg\u00e9rer en fonction de l&#8217;\u00e9v\u00e9nement. Il vous suffit de cliquer sur la petite bulle dans l&#8217;\u00e9diteur de la Carte des \u00e9toiles, de s\u00e9lectionner l&#8217;occasion et de choisir la <a href=\"https:\/\/positiveprints.com\/fr\/citations-sur-les-etoiles\/\">citation qui correspond le mieux \u00e0 vos sentiments<\/a>.<\/p>\r\n\r\n<h3 class=\"grenB f18 cblue\" style=\"margin-top: 3rem\">\u00c9tape 3 : Choisissez le format<\/h3>\r\n\r\n<p style=\"margin-top: 1rem\">Une fois que vous avez cr\u00e9\u00e9 votre impression personnalis\u00e9e &#8220;\u00e9toiles le jour du mariage&#8221;, vous pouvez choisir le format de livraison qui vous convient le mieux. Nous vous recommandons le t\u00e9l\u00e9chargement num\u00e9rique si vous \u00eates press\u00e9. Votre poster sera livr\u00e9 sous forme de fichier num\u00e9rique, que vous pourrez apporter \u00e0 votre imprimerie locale pour une impression instantan\u00e9e.<\/p>\r\n\r\n<p style=\"margin-top: 1rem\">Si vous privil\u00e9giez une option professionnelle, nous pouvons imprimer votre poster sur une toile ou sur un mat\u00e9riau de qualit\u00e9 poster, et m\u00eame y ajouter un cadre, id\u00e9al pour offrir. Tous nos posters sont exp\u00e9di\u00e9s dans le monde entier.<\/p>\r\n\r\n<h2 class=\"grenB f24 cblue\" style=\"margin-top: 3rem\">Nos cartes \u00c9toiles Jour de Mariage sont-elles exactes ?<\/h2>\r\n\r\n<p style=\"margin-top: 1rem\">La beaut\u00e9 d&#8217;un cadeau de mariage dans le ciel nocturne r\u00e9side dans les d\u00e9tails, et la pr\u00e9cision entre dans cette cat\u00e9gorie. Pour obtenir la repr\u00e9sentation la plus pr\u00e9cise possible du ciel nocturne en fonction de votre date et de votre lieu de r\u00e9sidence, nous utilisons les donn\u00e9es du satellite Hipparcos, sp\u00e9cialis\u00e9 dans l&#8217;astrom\u00e9trie.<\/p>\r\n\r\n<p style=\"margin-top: 1rem\">Les \u00e9toiles sont ainsi soigneusement repr\u00e9sent\u00e9es sur votre carte, comme elles le seraient dans le ciel. Chacun de nos dessins est g\u00e9n\u00e9r\u00e9 \u00e0 partir de donn\u00e9es astrom\u00e9triques r\u00e9elles, de sorte que vous pouvez faire confiance (et aimer !) les r\u00e9sultats.<\/p>\r\n\r\n<h2 class=\"grenB f24 cblue\" style=\"margin-top: 3rem\">Surprenez votre \u00eatre cher avec un cadeau de mariage sur le th\u00e8me du ciel nocturne !<\/h2>\r\n\r\n<p style=\"margin-top: 1rem\">Offrir un poster sur le ciel nocturne ne ressemble \u00e0 rien d&#8217;autre. Chaque affiche est personnalis\u00e9e et imprim\u00e9e sur commande en fonction des d\u00e9tails que vous avez saisis. Ces impressions sont id\u00e9ales pour toutes les occasions et font d&#8217;excellents cadeaux, pour vous et pour les autres.<\/p>\r\n\r\n<p style=\"margin-top: 1rem\">Illustrez les moments les plus pr\u00e9cieux de l&#8217;histoire de votre vie. Commencez d\u00e8s aujourd&#8217;hui \u00e0 cr\u00e9er votre cadeau personnalis\u00e9 sur le ciel nocturne !<\/p>","protected":false},"excerpt":{"rendered":"<ul class=\"check-list\">\n<li>Ajoutez des plan\u00e8tes, des constellations et la Voie lact\u00e9e <\/li>\n<li>Personnalisez en 3 \u00e9tapes simples<\/li>\n<li>Incluez un texte personnalis\u00e9 significatif<\/li>\n<li>Vois le r\u00e9sultat imm\u00e9diatement \u2013 l\u2019aper\u00e7u interactif te permet de peaufiner chaque d\u00e9tail<\/li>\n<\/ul>\n","protected":false},"featured_media":1221331,"template":"","meta":[],"product_brand":[],"product_cat":[9274,3122,7925,2878],"product_tag":[16279],"class_list":{"0":"post-154820","1":"product","2":"type-product","3":"status-publish","4":"has-post-thumbnail","6":"product_cat-bestsellers-label-fr","7":"product_cat-cadeaux-de-mariage","8":"product_cat-cadeaux-denterrement-de-vie-de-jeune-fille","9":"product_cat-star-fr-2","10":"product_tag-wedding-fr-2","12":"first","13":"instock","14":"sale","15":"taxable","16":"shipping-taxable","17":"purchasable","18":"product-type-variable","19":"has-default-attributes"},"yoast_head":"<!-- This site is optimized with the Yoast SEO Premium plugin v27.2 (Yoast SEO v27.2) - https:\/\/yoast.com\/product\/yoast-seo-premium-wordpress\/ -->\n<title>\u00c9toiles Le Jour du Mariage - Positive Prints<\/title>\n<meta name=\"description\" content=\"Illustrez les moments les plus pr\u00e9cieux de l&#039;histoire de votre vie. Cr\u00e9ez votre voute c\u00e9leste de mariage personnelle \u00e0 partir des \u00e9toiles le jour du mariage !\" \/>\n<meta name=\"robots\" content=\"index, follow, max-snippet:-1, max-image-preview:large, max-video-preview:-1\" \/>\n<link rel=\"canonical\" href=\"https:\/\/positiveprints.com\/fr\/produit\/etoiles-le-jour-du-mariage\/\" \/>\n<meta property=\"og:locale\" content=\"fr_FR\" \/>\n<meta property=\"og:type\" content=\"article\" \/>\n<meta property=\"og:title\" content=\"\u00c9toiles Le Jour du Mariage\" \/>\n<meta property=\"og:description\" content=\"Ajoutez des plan\u00e8tes, des constellations et la Voie lact\u00e9e  Personnalisez en 3 \u00e9tapes simples Incluez un texte personnalis\u00e9 significatif Vois le r\u00e9sultat imm\u00e9diatement \u2013 l\u2019aper\u00e7u interactif te permet de peaufiner chaque d\u00e9tail\" \/>\n<meta property=\"og:url\" content=\"https:\/\/positiveprints.com\/fr\/produit\/etoiles-le-jour-du-mariage\/\" \/>\n<meta property=\"og:site_name\" content=\"Positive Prints\" \/>\n<meta property=\"article:publisher\" content=\"https:\/\/www.facebook.com\/positiveprintscom\" \/>\n<meta property=\"article:modified_time\" content=\"2026-04-18T08:11:13+00:00\" \/>\n<meta property=\"og:image\" content=\"https:\/\/positiveprints.com\/wp-content\/uploads\/2024\/10\/Packshot_FR_stars-on-a-wedding-dayporduct-image.webp\" \/>\n\t<meta property=\"og:image:width\" content=\"1450\" \/>\n\t<meta property=\"og:image:height\" content=\"1450\" \/>\n\t<meta property=\"og:image:type\" content=\"image\/webp\" \/>\n<meta name=\"twitter:card\" content=\"summary_large_image\" \/>\n<meta name=\"twitter:label1\" content=\"Dur\u00e9e de lecture estim\u00e9e\" \/>\n\t<meta name=\"twitter:data1\" content=\"5 minutes\" \/>\n<!-- \/ Yoast SEO Premium plugin. -->","yoast_head_json":{"title":"\u00c9toiles Le Jour du Mariage - Positive Prints","description":"Illustrez les moments les plus pr\u00e9cieux de l'histoire de votre vie. Cr\u00e9ez votre voute c\u00e9leste de mariage personnelle \u00e0 partir des \u00e9toiles le jour du mariage !","robots":{"index":"index","follow":"follow","max-snippet":"max-snippet:-1","max-image-preview":"max-image-preview:large","max-video-preview":"max-video-preview:-1"},"canonical":"https:\/\/positiveprints.com\/fr\/produit\/etoiles-le-jour-du-mariage\/","og_locale":"fr_FR","og_type":"article","og_title":"\u00c9toiles Le Jour du Mariage","og_description":"Ajoutez des plan\u00e8tes, des constellations et la Voie lact\u00e9e  Personnalisez en 3 \u00e9tapes simples Incluez un texte personnalis\u00e9 significatif Vois le r\u00e9sultat imm\u00e9diatement \u2013 l\u2019aper\u00e7u interactif te permet de peaufiner chaque d\u00e9tail","og_url":"https:\/\/positiveprints.com\/fr\/produit\/etoiles-le-jour-du-mariage\/","og_site_name":"Positive Prints","article_publisher":"https:\/\/www.facebook.com\/positiveprintscom","article_modified_time":"2026-04-18T08:11:13+00:00","og_image":[{"width":1450,"height":1450,"url":"https:\/\/positiveprints.com\/wp-content\/uploads\/2024\/10\/Packshot_FR_stars-on-a-wedding-dayporduct-image.webp","type":"image\/webp"}],"twitter_card":"summary_large_image","twitter_misc":{"Dur\u00e9e de lecture estim\u00e9e":"5 minutes"},"schema":{"@context":"https:\/\/schema.org","@graph":[{"@type":["WebPage","ItemPage"],"@id":"https:\/\/positiveprints.com\/fr\/produit\/etoiles-le-jour-du-mariage\/","url":"https:\/\/positiveprints.com\/fr\/produit\/etoiles-le-jour-du-mariage\/","name":"\u00c9toiles Le Jour du Mariage - Positive Prints","isPartOf":{"@id":"https:\/\/positiveprints.com\/fr\/#website"},"primaryImageOfPage":{"@id":"https:\/\/positiveprints.com\/fr\/produit\/etoiles-le-jour-du-mariage\/#primaryimage"},"image":{"@id":"https:\/\/positiveprints.com\/fr\/produit\/etoiles-le-jour-du-mariage\/#primaryimage"},"thumbnailUrl":"https:\/\/positiveprints.com\/wp-content\/uploads\/2024\/10\/Packshot_FR_stars-on-a-wedding-dayporduct-image.webp","datePublished":"2021-03-23T10:06:26+00:00","dateModified":"2026-04-18T08:11:13+00:00","description":"Illustrez les moments les plus pr\u00e9cieux de l'histoire de votre vie. Cr\u00e9ez votre voute c\u00e9leste de mariage personnelle \u00e0 partir des \u00e9toiles le jour du mariage !","breadcrumb":{"@id":"https:\/\/positiveprints.com\/fr\/produit\/etoiles-le-jour-du-mariage\/#breadcrumb"},"inLanguage":"fr-FR","potentialAction":[{"@type":"ReadAction","target":["https:\/\/positiveprints.com\/fr\/produit\/etoiles-le-jour-du-mariage\/"]}]},{"@type":"ImageObject","inLanguage":"fr-FR","@id":"https:\/\/positiveprints.com\/fr\/produit\/etoiles-le-jour-du-mariage\/#primaryimage","url":"https:\/\/positiveprints.com\/wp-content\/uploads\/2024\/10\/Packshot_FR_stars-on-a-wedding-dayporduct-image.webp","contentUrl":"https:\/\/positiveprints.com\/wp-content\/uploads\/2024\/10\/Packshot_FR_stars-on-a-wedding-dayporduct-image.webp","width":1450,"height":1450},{"@type":"BreadcrumbList","@id":"https:\/\/positiveprints.com\/fr\/produit\/etoiles-le-jour-du-mariage\/#breadcrumb","itemListElement":[{"@type":"ListItem","position":1,"name":"Home","item":"https:\/\/positiveprints.com\/fr\/"},{"@type":"ListItem","position":2,"name":"Produits","item":"https:\/\/positiveprints.com\/fr\/shop\/"},{"@type":"ListItem","position":3,"name":"\u00c9toiles Le Jour du Mariage"}]},{"@type":"WebSite","@id":"https:\/\/positiveprints.com\/fr\/#website","url":"https:\/\/positiveprints.com\/fr\/","name":"Positive Prints","description":"Amazing Custom Personalized Gifts","publisher":{"@id":"https:\/\/positiveprints.com\/fr\/#organization"},"potentialAction":[{"@type":"SearchAction","target":{"@type":"EntryPoint","urlTemplate":"https:\/\/positiveprints.com\/fr\/?s={search_term_string}"},"query-input":{"@type":"PropertyValueSpecification","valueRequired":true,"valueName":"search_term_string"}}],"inLanguage":"fr-FR"},{"@type":"Organization","@id":"https:\/\/positiveprints.com\/fr\/#organization","name":"Positive Prints","alternateName":"Positive Prints","url":"https:\/\/positiveprints.com\/fr\/","logo":{"@type":"ImageObject","inLanguage":"fr-FR","@id":"https:\/\/positiveprints.com\/fr\/#\/schema\/logo\/image\/","url":"https:\/\/positiveprints.com\/wp-content\/uploads\/2026\/03\/245815646_1337939713319158_5671353136411139666_n.png","contentUrl":"https:\/\/positiveprints.com\/wp-content\/uploads\/2026\/03\/245815646_1337939713319158_5671353136411139666_n.png","width":800,"height":800,"caption":"Positive Prints"},"image":{"@id":"https:\/\/positiveprints.com\/fr\/#\/schema\/logo\/image\/"},"sameAs":["https:\/\/www.facebook.com\/positiveprintscom","https:\/\/www.instagram.com\/positiveprintscom\/","https:\/\/www.tiktok.com\/@positiveprintscom","https:\/\/www.pinterest.com\/positiveprintscom\/"]}]}},"jetpack_sharing_enabled":true,"_links":{"self":[{"href":"https:\/\/positiveprints.com\/fr\/wp-json\/wp\/v2\/product\/154820","targetHints":{"allow":["GET"]}}],"collection":[{"href":"https:\/\/positiveprints.com\/fr\/wp-json\/wp\/v2\/product"}],"about":[{"href":"https:\/\/positiveprints.com\/fr\/wp-json\/wp\/v2\/types\/product"}],"wp:featuredmedia":[{"embeddable":true,"href":"https:\/\/positiveprints.com\/fr\/wp-json\/wp\/v2\/media\/1221331"}],"wp:attachment":[{"href":"https:\/\/positiveprints.com\/fr\/wp-json\/wp\/v2\/media?parent=154820"}],"wp:term":[{"taxonomy":"product_brand","embeddable":true,"href":"https:\/\/positiveprints.com\/fr\/wp-json\/wp\/v2\/product_brand?post=154820"},{"taxonomy":"product_cat","embeddable":true,"href":"https:\/\/positiveprints.com\/fr\/wp-json\/wp\/v2\/product_cat?post=154820"},{"taxonomy":"product_tag","embeddable":true,"href":"https:\/\/positiveprints.com\/fr\/wp-json\/wp\/v2\/product_tag?post=154820"}],"curies":[{"name":"wp","href":"https:\/\/api.w.org\/{rel}","templated":true}]}}