{"id":1548192,"date":"2024-01-23T09:43:57","date_gmt":"2024-01-23T08:43:57","guid":{"rendered":"https:\/\/positiveprints.com\/product\/the-day-we-became-friends-jewelry\/"},"modified":"2026-04-28T13:59:55","modified_gmt":"2026-04-28T12:59:55","slug":"bijou-personnalise-le-jour-ou-nous-sommes-devenus-amies","status":"publish","type":"product","link":"https:\/\/positiveprints.com\/fr\/produit\/bijou-personnalise-le-jour-ou-nous-sommes-devenus-amies\/","title":{"rendered":"Bijou Personnalis\u00e9 Le Jour o\u00f9 nous sommes devenus amies"},"content":{"rendered":"","protected":false},"excerpt":{"rendered":"<ul class=\"check-list\">\n<li>C\u00e9l\u00e9brez le d\u00e9but d\u2019une amiti\u00e9 durable et offrez un bijou unique qui c\u00e9l\u00e8bre votre lien sp\u00e9cial<\/li>\n<li>Pendentif de 20 mm fabriqu\u00e9 en argent sterling de qualit\u00e9 sup\u00e9rieure ou en, grav\u00e9 au laser et fini \u00e0 la main<\/li>\n<li>Choisissez un texte sinc\u00e8re en fonction de l&#8217;occasion<\/li>\n<li>Personnalisez en seulement 2\u00a0minutes<\/li>\n<li>Vois le r\u00e9sultat imm\u00e9diatement \u2013 l\u2019aper\u00e7u interactif te permet de peaufiner chaque d\u00e9tail\n<\/li>\n<\/ul>\n","protected":false},"featured_media":1547560,"template":"","meta":[],"product_brand":[],"product_cat":[9260,9212,9760,104,7829],"product_tag":[15176,15223,15177,9383,15178,9311,15218,9344,15179,15216,15217,15221,9327,9355],"class_list":{"0":"post-1548192","1":"product","2":"type-product","3":"status-publish","4":"has-post-thumbnail","6":"product_cat-jewelry-fr","7":"product_cat-star-map-jewelry-fr","8":"product_cat-trending-label-fr","9":"product_cat-tous-les-produits","10":"product_cat-cadeaux-pour-amis","11":"product_tag-best-friend-fr","12":"product_tag-best-friends-fr","13":"product_tag-best-friends-forever-fr","14":"product_tag-besties-fr","15":"product_tag-bff-fr","16":"product_tag-chaine","17":"product_tag-christmas-gifts-for-friends-fr","18":"product_tag-collier","19":"product_tag-friend-fr","20":"product_tag-friends-fr","21":"product_tag-friendship-fr","22":"product_tag-galentines-day-fr-2","23":"product_tag-medaillon-fr","24":"product_tag-pendentif","26":"first","27":"instock","28":"sale","29":"taxable","30":"shipping-taxable","31":"purchasable","32":"product-type-variable"},"yoast_head":"<!-- This site is optimized with the Yoast SEO Premium plugin v27.2 (Yoast SEO v27.2) - https:\/\/yoast.com\/product\/yoast-seo-premium-wordpress\/ -->\n<title>Bijou Personnalis\u00e9 Le Jour o\u00f9 nous sommes devenus amies - Positive Prints<\/title>\n<meta name=\"description\" content=\"Offrez un cadeau d\u2019amiti\u00e9 personnalis\u00e9 avec un bijou qui immortalise le jour o\u00f9 vous \u00eates devenus amis et c\u00e9l\u00e8bre un lien pr\u00e9cieux et durable.\" \/>\n<meta name=\"robots\" content=\"index, follow, max-snippet:-1, max-image-preview:large, max-video-preview:-1\" \/>\n<link rel=\"canonical\" href=\"https:\/\/positiveprints.com\/fr\/produit\/bijou-personnalise-le-jour-ou-nous-sommes-devenus-amies\/\" \/>\n<meta property=\"og:locale\" content=\"fr_FR\" \/>\n<meta property=\"og:type\" content=\"article\" \/>\n<meta property=\"og:title\" content=\"Bijou Personnalis\u00e9 Le Jour o\u00f9 nous sommes devenus amies\" \/>\n<meta property=\"og:description\" content=\"C\u00e9l\u00e9brez le d\u00e9but d\u2019une amiti\u00e9 durable et offrez un bijou unique qui c\u00e9l\u00e8bre votre lien sp\u00e9cial  Pendentif de 20 mm fabriqu\u00e9 en argent sterling de qualit\u00e9 sup\u00e9rieure ou en, grav\u00e9 au laser et fini \u00e0 la main  Choisissez un texte sinc\u00e8re en fonction de l&#039;occasion  Personnalisez en seulement 2\u00a0minutes  Vois le r\u00e9sultat imm\u00e9diatement \u2013 l\u2019aper\u00e7u interactif te permet de peaufiner chaque d\u00e9tail\" \/>\n<meta property=\"og:url\" content=\"https:\/\/positiveprints.com\/fr\/produit\/bijou-personnalise-le-jour-ou-nous-sommes-devenus-amies\/\" \/>\n<meta property=\"og:site_name\" content=\"Positive Prints\" \/>\n<meta property=\"article:publisher\" content=\"https:\/\/www.facebook.com\/positiveprintscom\" \/>\n<meta property=\"article:modified_time\" content=\"2026-04-28T12:59:55+00:00\" \/>\n<meta property=\"og:image\" content=\"https:\/\/positiveprints.com\/wp-content\/uploads\/2025\/10\/Bijou-Personnalise-Le-Jour-ou-nous-sommes-devenus-amies-1.webp\" \/>\n\t<meta property=\"og:image:width\" content=\"2280\" \/>\n\t<meta property=\"og:image:height\" content=\"2280\" \/>\n\t<meta property=\"og:image:type\" content=\"image\/webp\" \/>\n<meta name=\"twitter:card\" content=\"summary_large_image\" \/>\n<!-- \/ Yoast SEO Premium plugin. -->","yoast_head_json":{"title":"Bijou Personnalis\u00e9 Le Jour o\u00f9 nous sommes devenus amies - Positive Prints","description":"Offrez un cadeau d\u2019amiti\u00e9 personnalis\u00e9 avec un bijou qui immortalise le jour o\u00f9 vous \u00eates devenus amis et c\u00e9l\u00e8bre un lien pr\u00e9cieux et durable.","robots":{"index":"index","follow":"follow","max-snippet":"max-snippet:-1","max-image-preview":"max-image-preview:large","max-video-preview":"max-video-preview:-1"},"canonical":"https:\/\/positiveprints.com\/fr\/produit\/bijou-personnalise-le-jour-ou-nous-sommes-devenus-amies\/","og_locale":"fr_FR","og_type":"article","og_title":"Bijou Personnalis\u00e9 Le Jour o\u00f9 nous sommes devenus amies","og_description":"C\u00e9l\u00e9brez le d\u00e9but d\u2019une amiti\u00e9 durable et offrez un bijou unique qui c\u00e9l\u00e8bre votre lien sp\u00e9cial  Pendentif de 20 mm fabriqu\u00e9 en argent sterling de qualit\u00e9 sup\u00e9rieure ou en, grav\u00e9 au laser et fini \u00e0 la main  Choisissez un texte sinc\u00e8re en fonction de l'occasion  Personnalisez en seulement 2\u00a0minutes  Vois le r\u00e9sultat imm\u00e9diatement \u2013 l\u2019aper\u00e7u interactif te permet de peaufiner chaque d\u00e9tail","og_url":"https:\/\/positiveprints.com\/fr\/produit\/bijou-personnalise-le-jour-ou-nous-sommes-devenus-amies\/","og_site_name":"Positive Prints","article_publisher":"https:\/\/www.facebook.com\/positiveprintscom","article_modified_time":"2026-04-28T12:59:55+00:00","og_image":[{"width":2280,"height":2280,"url":"https:\/\/positiveprints.com\/wp-content\/uploads\/2025\/10\/Bijou-Personnalise-Le-Jour-ou-nous-sommes-devenus-amies-1.webp","type":"image\/webp"}],"twitter_card":"summary_large_image","schema":{"@context":"https:\/\/schema.org","@graph":[{"@type":["WebPage","ItemPage"],"@id":"https:\/\/positiveprints.com\/fr\/produit\/bijou-personnalise-le-jour-ou-nous-sommes-devenus-amies\/","url":"https:\/\/positiveprints.com\/fr\/produit\/bijou-personnalise-le-jour-ou-nous-sommes-devenus-amies\/","name":"Bijou Personnalis\u00e9 Le Jour o\u00f9 nous sommes devenus amies - Positive Prints","isPartOf":{"@id":"https:\/\/positiveprints.com\/fr\/#website"},"primaryImageOfPage":{"@id":"https:\/\/positiveprints.com\/fr\/produit\/bijou-personnalise-le-jour-ou-nous-sommes-devenus-amies\/#primaryimage"},"image":{"@id":"https:\/\/positiveprints.com\/fr\/produit\/bijou-personnalise-le-jour-ou-nous-sommes-devenus-amies\/#primaryimage"},"thumbnailUrl":"https:\/\/positiveprints.com\/wp-content\/uploads\/2025\/10\/Bijou-Personnalise-Le-Jour-ou-nous-sommes-devenus-amies-1.webp","datePublished":"2024-01-23T08:43:57+00:00","dateModified":"2026-04-28T12:59:55+00:00","description":"Offrez un cadeau d\u2019amiti\u00e9 personnalis\u00e9 avec un bijou qui immortalise le jour o\u00f9 vous \u00eates devenus amis et c\u00e9l\u00e8bre un lien pr\u00e9cieux et durable.","breadcrumb":{"@id":"https:\/\/positiveprints.com\/fr\/produit\/bijou-personnalise-le-jour-ou-nous-sommes-devenus-amies\/#breadcrumb"},"inLanguage":"fr-FR","potentialAction":[{"@type":"ReadAction","target":["https:\/\/positiveprints.com\/fr\/produit\/bijou-personnalise-le-jour-ou-nous-sommes-devenus-amies\/"]}]},{"@type":"ImageObject","inLanguage":"fr-FR","@id":"https:\/\/positiveprints.com\/fr\/produit\/bijou-personnalise-le-jour-ou-nous-sommes-devenus-amies\/#primaryimage","url":"https:\/\/positiveprints.com\/wp-content\/uploads\/2025\/10\/Bijou-Personnalise-Le-Jour-ou-nous-sommes-devenus-amies-1.webp","contentUrl":"https:\/\/positiveprints.com\/wp-content\/uploads\/2025\/10\/Bijou-Personnalise-Le-Jour-ou-nous-sommes-devenus-amies-1.webp","width":2280,"height":2280},{"@type":"BreadcrumbList","@id":"https:\/\/positiveprints.com\/fr\/produit\/bijou-personnalise-le-jour-ou-nous-sommes-devenus-amies\/#breadcrumb","itemListElement":[{"@type":"ListItem","position":1,"name":"Home","item":"https:\/\/positiveprints.com\/fr\/"},{"@type":"ListItem","position":2,"name":"Produits","item":"https:\/\/positiveprints.com\/fr\/shop\/"},{"@type":"ListItem","position":3,"name":"Bijou Personnalis\u00e9 Le Jour o\u00f9 nous sommes devenus amies"}]},{"@type":"WebSite","@id":"https:\/\/positiveprints.com\/fr\/#website","url":"https:\/\/positiveprints.com\/fr\/","name":"Positive Prints","description":"Amazing Custom Personalized Gifts","publisher":{"@id":"https:\/\/positiveprints.com\/fr\/#organization"},"potentialAction":[{"@type":"SearchAction","target":{"@type":"EntryPoint","urlTemplate":"https:\/\/positiveprints.com\/fr\/?s={search_term_string}"},"query-input":{"@type":"PropertyValueSpecification","valueRequired":true,"valueName":"search_term_string"}}],"inLanguage":"fr-FR"},{"@type":"Organization","@id":"https:\/\/positiveprints.com\/fr\/#organization","name":"Positive Prints","alternateName":"Positive Prints","url":"https:\/\/positiveprints.com\/fr\/","logo":{"@type":"ImageObject","inLanguage":"fr-FR","@id":"https:\/\/positiveprints.com\/fr\/#\/schema\/logo\/image\/","url":"https:\/\/positiveprints.com\/wp-content\/uploads\/2026\/03\/245815646_1337939713319158_5671353136411139666_n.png","contentUrl":"https:\/\/positiveprints.com\/wp-content\/uploads\/2026\/03\/245815646_1337939713319158_5671353136411139666_n.png","width":800,"height":800,"caption":"Positive Prints"},"image":{"@id":"https:\/\/positiveprints.com\/fr\/#\/schema\/logo\/image\/"},"sameAs":["https:\/\/www.facebook.com\/positiveprintscom","https:\/\/www.instagram.com\/positiveprintscom\/","https:\/\/www.tiktok.com\/@positiveprintscom","https:\/\/www.pinterest.com\/positiveprintscom\/"]}]}},"jetpack_sharing_enabled":true,"_links":{"self":[{"href":"https:\/\/positiveprints.com\/fr\/wp-json\/wp\/v2\/product\/1548192","targetHints":{"allow":["GET"]}}],"collection":[{"href":"https:\/\/positiveprints.com\/fr\/wp-json\/wp\/v2\/product"}],"about":[{"href":"https:\/\/positiveprints.com\/fr\/wp-json\/wp\/v2\/types\/product"}],"wp:featuredmedia":[{"embeddable":true,"href":"https:\/\/positiveprints.com\/fr\/wp-json\/wp\/v2\/media\/1547560"}],"wp:attachment":[{"href":"https:\/\/positiveprints.com\/fr\/wp-json\/wp\/v2\/media?parent=1548192"}],"wp:term":[{"taxonomy":"product_brand","embeddable":true,"href":"https:\/\/positiveprints.com\/fr\/wp-json\/wp\/v2\/product_brand?post=1548192"},{"taxonomy":"product_cat","embeddable":true,"href":"https:\/\/positiveprints.com\/fr\/wp-json\/wp\/v2\/product_cat?post=1548192"},{"taxonomy":"product_tag","embeddable":true,"href":"https:\/\/positiveprints.com\/fr\/wp-json\/wp\/v2\/product_tag?post=1548192"}],"curies":[{"name":"wp","href":"https:\/\/api.w.org\/{rel}","templated":true}]}}