{"id":1545146,"date":"2024-01-23T08:19:51","date_gmt":"2024-01-23T07:19:51","guid":{"rendered":"https:\/\/positiveprints.com\/product\/the-day-you-were-born-jewelry\/"},"modified":"2026-04-03T02:58:09","modified_gmt":"2026-04-03T01:58:09","slug":"bijou-personnalise-le-jour-de-ta-naissance","status":"publish","type":"product","link":"https:\/\/positiveprints.com\/fr\/produit\/bijou-personnalise-le-jour-de-ta-naissance\/","title":{"rendered":"Bijou Personnalis\u00e9 Le Jour de ta Naissance"},"content":{"rendered":"","protected":false},"excerpt":{"rendered":"<ul class=\"check-list\">\n<li>Personnalisez le collier \u00ab\u202fLe jour o\u00f9 tu es n\u00e9\u202f\u00bb et portez les \u00e9toiles pr\u00e8s de vous, un hommage unique \u00e0 ce moment sp\u00e9cial dans l\u2019univers<\/li>\n<li>Pendentif de 20 mm fabriqu\u00e9 en argent sterling de qualit\u00e9 sup\u00e9rieure ou en, grav\u00e9 au laser et fini \u00e0 la main<\/li>\n<li>Choisissez un texte sinc\u00e8re en fonction de l&#8217;occasion<\/li>\n<li>Personnalisez en seulement 2\u00a0minutes<\/li>\n<li>Vois le r\u00e9sultat imm\u00e9diatement \u2013 l\u2019aper\u00e7u interactif te permet de peaufiner chaque d\u00e9tail\n<\/li>\n<\/ul>\n","protected":false},"featured_media":1545396,"template":"","meta":[],"product_brand":[],"product_cat":[9260,9212,9760,104,5249,3127,11211,7685,7765,7813],"product_tag":[8463,9311,9344,9327,9355],"class_list":{"0":"post-1545146","1":"product","2":"type-product","3":"status-publish","4":"has-post-thumbnail","6":"product_cat-jewelry-fr","7":"product_cat-star-map-jewelry-fr","8":"product_cat-trending-label-fr","9":"product_cat-tous-les-produits","10":"product_cat-cadeaux-de-naissance-bebe","11":"product_cat-cadeaux-danniversaire","12":"product_cat-cadeau-anniversaire-femme","13":"product_cat-cadeaux-pour-femmes","14":"product_cat-cadeaux-pour-fille","15":"product_cat-cadeaux-pour-nouveaux-parents","16":"product_tag-birthday-fr","17":"product_tag-chaine","18":"product_tag-collier","19":"product_tag-medaillon-fr","20":"product_tag-pendentif","22":"first","23":"instock","24":"sale","25":"taxable","26":"shipping-taxable","27":"purchasable","28":"product-type-variable"},"yoast_head":"<!-- This site is optimized with the Yoast SEO Premium plugin v27.2 (Yoast SEO v27.2) - https:\/\/yoast.com\/product\/yoast-seo-premium-wordpress\/ -->\n<title>Bijou Personnalis\u00e9 Le Jour de ta Naissance - Positive Prints<\/title>\n<meta name=\"description\" content=\"Rendez un anniversaire ou une naissance inoubliable avec un bijou personnalis\u00e9 qui capture la magie du jour de la naissance d\u2019une personne.\" \/>\n<meta name=\"robots\" content=\"index, follow, max-snippet:-1, max-image-preview:large, max-video-preview:-1\" \/>\n<link rel=\"canonical\" href=\"https:\/\/positiveprints.com\/fr\/produit\/bijou-personnalise-le-jour-de-ta-naissance\/\" \/>\n<meta property=\"og:locale\" content=\"fr_FR\" \/>\n<meta property=\"og:type\" content=\"article\" \/>\n<meta property=\"og:title\" content=\"Bijou Personnalis\u00e9 Le Jour de ta Naissance\" \/>\n<meta property=\"og:description\" content=\"Personnalisez le collier \u00ab\u202fLe jour o\u00f9 tu es n\u00e9\u202f\u00bb et portez les \u00e9toiles pr\u00e8s de vous, un hommage unique \u00e0 ce moment sp\u00e9cial dans l\u2019univers  Pendentif de 20 mm fabriqu\u00e9 en argent sterling de qualit\u00e9 sup\u00e9rieure ou en, grav\u00e9 au laser et fini \u00e0 la main  Choisissez un texte sinc\u00e8re en fonction de l&#039;occasion  Personnalisez en seulement 2\u00a0minutes  Vois le r\u00e9sultat imm\u00e9diatement \u2013 l\u2019aper\u00e7u interactif te permet de peaufiner chaque d\u00e9tail\" \/>\n<meta property=\"og:url\" content=\"https:\/\/positiveprints.com\/fr\/produit\/bijou-personnalise-le-jour-de-ta-naissance\/\" \/>\n<meta property=\"og:site_name\" content=\"Positive Prints\" \/>\n<meta property=\"article:publisher\" content=\"https:\/\/www.facebook.com\/positiveprintscom\" \/>\n<meta property=\"article:modified_time\" content=\"2026-04-03T01:58:09+00:00\" \/>\n<meta property=\"og:image\" content=\"https:\/\/positiveprints.com\/wp-content\/uploads\/2025\/10\/Bijou-Personnalise-Le-Jour-de-ta-Naissance-3.webp\" \/>\n\t<meta property=\"og:image:width\" content=\"2280\" \/>\n\t<meta property=\"og:image:height\" content=\"2280\" \/>\n\t<meta property=\"og:image:type\" content=\"image\/webp\" \/>\n<meta name=\"twitter:card\" content=\"summary_large_image\" \/>\n<meta name=\"twitter:label1\" content=\"Dur\u00e9e de lecture estim\u00e9e\" \/>\n\t<meta name=\"twitter:data1\" content=\"1 minute\" \/>\n<!-- \/ Yoast SEO Premium plugin. -->","yoast_head_json":{"title":"Bijou Personnalis\u00e9 Le Jour de ta Naissance - Positive Prints","description":"Rendez un anniversaire ou une naissance inoubliable avec un bijou personnalis\u00e9 qui capture la magie du jour de la naissance d\u2019une personne.","robots":{"index":"index","follow":"follow","max-snippet":"max-snippet:-1","max-image-preview":"max-image-preview:large","max-video-preview":"max-video-preview:-1"},"canonical":"https:\/\/positiveprints.com\/fr\/produit\/bijou-personnalise-le-jour-de-ta-naissance\/","og_locale":"fr_FR","og_type":"article","og_title":"Bijou Personnalis\u00e9 Le Jour de ta Naissance","og_description":"Personnalisez le collier \u00ab\u202fLe jour o\u00f9 tu es n\u00e9\u202f\u00bb et portez les \u00e9toiles pr\u00e8s de vous, un hommage unique \u00e0 ce moment sp\u00e9cial dans l\u2019univers  Pendentif de 20 mm fabriqu\u00e9 en argent sterling de qualit\u00e9 sup\u00e9rieure ou en, grav\u00e9 au laser et fini \u00e0 la main  Choisissez un texte sinc\u00e8re en fonction de l'occasion  Personnalisez en seulement 2\u00a0minutes  Vois le r\u00e9sultat imm\u00e9diatement \u2013 l\u2019aper\u00e7u interactif te permet de peaufiner chaque d\u00e9tail","og_url":"https:\/\/positiveprints.com\/fr\/produit\/bijou-personnalise-le-jour-de-ta-naissance\/","og_site_name":"Positive Prints","article_publisher":"https:\/\/www.facebook.com\/positiveprintscom","article_modified_time":"2026-04-03T01:58:09+00:00","og_image":[{"width":2280,"height":2280,"url":"https:\/\/positiveprints.com\/wp-content\/uploads\/2025\/10\/Bijou-Personnalise-Le-Jour-de-ta-Naissance-3.webp","type":"image\/webp"}],"twitter_card":"summary_large_image","twitter_misc":{"Dur\u00e9e de lecture estim\u00e9e":"1 minute"},"schema":{"@context":"https:\/\/schema.org","@graph":[{"@type":["WebPage","ItemPage"],"@id":"https:\/\/positiveprints.com\/fr\/produit\/bijou-personnalise-le-jour-de-ta-naissance\/","url":"https:\/\/positiveprints.com\/fr\/produit\/bijou-personnalise-le-jour-de-ta-naissance\/","name":"Bijou Personnalis\u00e9 Le Jour de ta Naissance - Positive Prints","isPartOf":{"@id":"https:\/\/positiveprints.com\/fr\/#website"},"primaryImageOfPage":{"@id":"https:\/\/positiveprints.com\/fr\/produit\/bijou-personnalise-le-jour-de-ta-naissance\/#primaryimage"},"image":{"@id":"https:\/\/positiveprints.com\/fr\/produit\/bijou-personnalise-le-jour-de-ta-naissance\/#primaryimage"},"thumbnailUrl":"https:\/\/positiveprints.com\/wp-content\/uploads\/2025\/10\/Bijou-Personnalise-Le-Jour-de-ta-Naissance-3.webp","datePublished":"2024-01-23T07:19:51+00:00","dateModified":"2026-04-03T01:58:09+00:00","description":"Rendez un anniversaire ou une naissance inoubliable avec un bijou personnalis\u00e9 qui capture la magie du jour de la naissance d\u2019une personne.","breadcrumb":{"@id":"https:\/\/positiveprints.com\/fr\/produit\/bijou-personnalise-le-jour-de-ta-naissance\/#breadcrumb"},"inLanguage":"fr-FR","potentialAction":[{"@type":"ReadAction","target":["https:\/\/positiveprints.com\/fr\/produit\/bijou-personnalise-le-jour-de-ta-naissance\/"]}]},{"@type":"ImageObject","inLanguage":"fr-FR","@id":"https:\/\/positiveprints.com\/fr\/produit\/bijou-personnalise-le-jour-de-ta-naissance\/#primaryimage","url":"https:\/\/positiveprints.com\/wp-content\/uploads\/2025\/10\/Bijou-Personnalise-Le-Jour-de-ta-Naissance-3.webp","contentUrl":"https:\/\/positiveprints.com\/wp-content\/uploads\/2025\/10\/Bijou-Personnalise-Le-Jour-de-ta-Naissance-3.webp","width":2280,"height":2280},{"@type":"BreadcrumbList","@id":"https:\/\/positiveprints.com\/fr\/produit\/bijou-personnalise-le-jour-de-ta-naissance\/#breadcrumb","itemListElement":[{"@type":"ListItem","position":1,"name":"Home","item":"https:\/\/positiveprints.com\/fr\/"},{"@type":"ListItem","position":2,"name":"Produits","item":"https:\/\/positiveprints.com\/fr\/shop\/"},{"@type":"ListItem","position":3,"name":"Bijou Personnalis\u00e9 Le Jour de ta Naissance"}]},{"@type":"WebSite","@id":"https:\/\/positiveprints.com\/fr\/#website","url":"https:\/\/positiveprints.com\/fr\/","name":"Positive Prints","description":"Amazing Custom Personalized Gifts","publisher":{"@id":"https:\/\/positiveprints.com\/fr\/#organization"},"potentialAction":[{"@type":"SearchAction","target":{"@type":"EntryPoint","urlTemplate":"https:\/\/positiveprints.com\/fr\/?s={search_term_string}"},"query-input":{"@type":"PropertyValueSpecification","valueRequired":true,"valueName":"search_term_string"}}],"inLanguage":"fr-FR"},{"@type":"Organization","@id":"https:\/\/positiveprints.com\/fr\/#organization","name":"Positive Prints","alternateName":"Positive Prints","url":"https:\/\/positiveprints.com\/fr\/","logo":{"@type":"ImageObject","inLanguage":"fr-FR","@id":"https:\/\/positiveprints.com\/fr\/#\/schema\/logo\/image\/","url":"https:\/\/positiveprints.com\/wp-content\/uploads\/2026\/03\/245815646_1337939713319158_5671353136411139666_n.png","contentUrl":"https:\/\/positiveprints.com\/wp-content\/uploads\/2026\/03\/245815646_1337939713319158_5671353136411139666_n.png","width":800,"height":800,"caption":"Positive Prints"},"image":{"@id":"https:\/\/positiveprints.com\/fr\/#\/schema\/logo\/image\/"},"sameAs":["https:\/\/www.facebook.com\/positiveprintscom","https:\/\/www.instagram.com\/positiveprintscom\/","https:\/\/www.tiktok.com\/@positiveprintscom","https:\/\/www.pinterest.com\/positiveprintscom\/"]}]}},"jetpack_sharing_enabled":true,"_links":{"self":[{"href":"https:\/\/positiveprints.com\/fr\/wp-json\/wp\/v2\/product\/1545146","targetHints":{"allow":["GET"]}}],"collection":[{"href":"https:\/\/positiveprints.com\/fr\/wp-json\/wp\/v2\/product"}],"about":[{"href":"https:\/\/positiveprints.com\/fr\/wp-json\/wp\/v2\/types\/product"}],"wp:featuredmedia":[{"embeddable":true,"href":"https:\/\/positiveprints.com\/fr\/wp-json\/wp\/v2\/media\/1545396"}],"wp:attachment":[{"href":"https:\/\/positiveprints.com\/fr\/wp-json\/wp\/v2\/media?parent=1545146"}],"wp:term":[{"taxonomy":"product_brand","embeddable":true,"href":"https:\/\/positiveprints.com\/fr\/wp-json\/wp\/v2\/product_brand?post=1545146"},{"taxonomy":"product_cat","embeddable":true,"href":"https:\/\/positiveprints.com\/fr\/wp-json\/wp\/v2\/product_cat?post=1545146"},{"taxonomy":"product_tag","embeddable":true,"href":"https:\/\/positiveprints.com\/fr\/wp-json\/wp\/v2\/product_tag?post=1545146"}],"curies":[{"name":"wp","href":"https:\/\/api.w.org\/{rel}","templated":true}]}}