{"id":1543905,"date":"2024-01-22T19:42:13","date_gmt":"2024-01-22T18:42:13","guid":{"rendered":"https:\/\/positiveprints.com\/?post_type=product&#038;p=1543905"},"modified":"2026-04-28T14:00:18","modified_gmt":"2026-04-28T13:00:18","slug":"bijou-personnalise-le-jour-de-notre-mariage","status":"publish","type":"product","link":"https:\/\/positiveprints.com\/fr\/produit\/bijou-personnalise-le-jour-de-notre-mariage\/","title":{"rendered":"Bijou Personnalis\u00e9 Le Jour de notre Mariage"},"content":{"rendered":"","protected":false},"excerpt":{"rendered":"<ul class=\"check-list\">\n<li>C\u00e9l\u00e9brez le jour o\u00f9 deux c\u0153urs n\u2019ont fait plus qu\u2019un avec un bijou personnalis\u00e9 \u00ab\u202fNotre Jour de Mariage\u202f\u00bb<\/li>\n<li>Pendentif de 20 mm fabriqu\u00e9 en argent sterling de qualit\u00e9 sup\u00e9rieure ou en, grav\u00e9 au laser et fini \u00e0 la main<\/li>\n<li>Choisissez un texte sinc\u00e8re en fonction de l&#8217;occasion<\/li>\n<li>Personnalisez en seulement 2\u00a0minutes<\/li>\n<li>Vois le r\u00e9sultat imm\u00e9diatement \u2013 l\u2019aper\u00e7u interactif te permet de peaufiner chaque d\u00e9tail\n<\/li>\n<\/ul>\n","protected":false},"featured_media":1544675,"template":"","meta":[],"product_brand":[],"product_cat":[9260,9212,9760,104,3122,7925],"product_tag":[9311,9344,9327,9355,16279],"class_list":{"0":"post-1543905","1":"product","2":"type-product","3":"status-publish","4":"has-post-thumbnail","6":"product_cat-jewelry-fr","7":"product_cat-star-map-jewelry-fr","8":"product_cat-trending-label-fr","9":"product_cat-tous-les-produits","10":"product_cat-cadeaux-de-mariage","11":"product_cat-cadeaux-denterrement-de-vie-de-jeune-fille","12":"product_tag-chaine","13":"product_tag-collier","14":"product_tag-medaillon-fr","15":"product_tag-pendentif","16":"product_tag-wedding-fr-2","18":"first","19":"instock","20":"sale","21":"taxable","22":"shipping-taxable","23":"purchasable","24":"product-type-variable"},"yoast_head":"<!-- This site is optimized with the Yoast SEO Premium plugin v27.2 (Yoast SEO v27.2) - https:\/\/yoast.com\/product\/yoast-seo-premium-wordpress\/ -->\n<title>Bijou Personnalis\u00e9 Le Jour de notre Mariage - Positive Prints<\/title>\n<meta name=\"description\" content=\"Offrez un cadeau de mariage inoubliable avec un bijou personnalis\u00e9 qui c\u00e9l\u00e8bre l\u2019amour, l\u2019union et la magie du jour o\u00f9 deux c\u0153urs sont devenus un seul.\" \/>\n<meta name=\"robots\" content=\"index, follow, max-snippet:-1, max-image-preview:large, max-video-preview:-1\" \/>\n<link rel=\"canonical\" href=\"https:\/\/positiveprints.com\/fr\/produit\/bijou-personnalise-le-jour-de-notre-mariage\/\" \/>\n<meta property=\"og:locale\" content=\"fr_FR\" \/>\n<meta property=\"og:type\" content=\"article\" \/>\n<meta property=\"og:title\" content=\"Bijou Personnalis\u00e9 Le Jour de notre Mariage\" \/>\n<meta property=\"og:description\" content=\"C\u00e9l\u00e9brez le jour o\u00f9 deux c\u0153urs n\u2019ont fait plus qu\u2019un avec un bijou personnalis\u00e9 \u00ab\u202fNotre Jour de Mariage\u202f\u00bb  Pendentif de 20 mm fabriqu\u00e9 en argent sterling de qualit\u00e9 sup\u00e9rieure ou en, grav\u00e9 au laser et fini \u00e0 la main  Choisissez un texte sinc\u00e8re en fonction de l&#039;occasion  Personnalisez en seulement 2\u00a0minutes  Vois le r\u00e9sultat imm\u00e9diatement \u2013 l\u2019aper\u00e7u interactif te permet de peaufiner chaque d\u00e9tail\" \/>\n<meta property=\"og:url\" content=\"https:\/\/positiveprints.com\/fr\/produit\/bijou-personnalise-le-jour-de-notre-mariage\/\" \/>\n<meta property=\"og:site_name\" content=\"Positive Prints\" \/>\n<meta property=\"article:publisher\" content=\"https:\/\/www.facebook.com\/positiveprintscom\" \/>\n<meta property=\"article:modified_time\" content=\"2026-04-28T13:00:18+00:00\" \/>\n<meta property=\"og:image\" content=\"https:\/\/positiveprints.com\/wp-content\/uploads\/2025\/10\/Bijou-Personnalise-Le-Jour-de-notre-Mariage-2.webp\" \/>\n\t<meta property=\"og:image:width\" content=\"2280\" \/>\n\t<meta property=\"og:image:height\" content=\"2280\" \/>\n\t<meta property=\"og:image:type\" content=\"image\/webp\" \/>\n<meta name=\"twitter:card\" content=\"summary_large_image\" \/>\n<!-- \/ Yoast SEO Premium plugin. -->","yoast_head_json":{"title":"Bijou Personnalis\u00e9 Le Jour de notre Mariage - Positive Prints","description":"Offrez un cadeau de mariage inoubliable avec un bijou personnalis\u00e9 qui c\u00e9l\u00e8bre l\u2019amour, l\u2019union et la magie du jour o\u00f9 deux c\u0153urs sont devenus un seul.","robots":{"index":"index","follow":"follow","max-snippet":"max-snippet:-1","max-image-preview":"max-image-preview:large","max-video-preview":"max-video-preview:-1"},"canonical":"https:\/\/positiveprints.com\/fr\/produit\/bijou-personnalise-le-jour-de-notre-mariage\/","og_locale":"fr_FR","og_type":"article","og_title":"Bijou Personnalis\u00e9 Le Jour de notre Mariage","og_description":"C\u00e9l\u00e9brez le jour o\u00f9 deux c\u0153urs n\u2019ont fait plus qu\u2019un avec un bijou personnalis\u00e9 \u00ab\u202fNotre Jour de Mariage\u202f\u00bb  Pendentif de 20 mm fabriqu\u00e9 en argent sterling de qualit\u00e9 sup\u00e9rieure ou en, grav\u00e9 au laser et fini \u00e0 la main  Choisissez un texte sinc\u00e8re en fonction de l'occasion  Personnalisez en seulement 2\u00a0minutes  Vois le r\u00e9sultat imm\u00e9diatement \u2013 l\u2019aper\u00e7u interactif te permet de peaufiner chaque d\u00e9tail","og_url":"https:\/\/positiveprints.com\/fr\/produit\/bijou-personnalise-le-jour-de-notre-mariage\/","og_site_name":"Positive Prints","article_publisher":"https:\/\/www.facebook.com\/positiveprintscom","article_modified_time":"2026-04-28T13:00:18+00:00","og_image":[{"width":2280,"height":2280,"url":"https:\/\/positiveprints.com\/wp-content\/uploads\/2025\/10\/Bijou-Personnalise-Le-Jour-de-notre-Mariage-2.webp","type":"image\/webp"}],"twitter_card":"summary_large_image","schema":{"@context":"https:\/\/schema.org","@graph":[{"@type":["WebPage","ItemPage"],"@id":"https:\/\/positiveprints.com\/fr\/produit\/bijou-personnalise-le-jour-de-notre-mariage\/","url":"https:\/\/positiveprints.com\/fr\/produit\/bijou-personnalise-le-jour-de-notre-mariage\/","name":"Bijou Personnalis\u00e9 Le Jour de notre Mariage - Positive Prints","isPartOf":{"@id":"https:\/\/positiveprints.com\/fr\/#website"},"primaryImageOfPage":{"@id":"https:\/\/positiveprints.com\/fr\/produit\/bijou-personnalise-le-jour-de-notre-mariage\/#primaryimage"},"image":{"@id":"https:\/\/positiveprints.com\/fr\/produit\/bijou-personnalise-le-jour-de-notre-mariage\/#primaryimage"},"thumbnailUrl":"https:\/\/positiveprints.com\/wp-content\/uploads\/2025\/10\/Bijou-Personnalise-Le-Jour-de-notre-Mariage-2.webp","datePublished":"2024-01-22T18:42:13+00:00","dateModified":"2026-04-28T13:00:18+00:00","description":"Offrez un cadeau de mariage inoubliable avec un bijou personnalis\u00e9 qui c\u00e9l\u00e8bre l\u2019amour, l\u2019union et la magie du jour o\u00f9 deux c\u0153urs sont devenus un seul.","breadcrumb":{"@id":"https:\/\/positiveprints.com\/fr\/produit\/bijou-personnalise-le-jour-de-notre-mariage\/#breadcrumb"},"inLanguage":"fr-FR","potentialAction":[{"@type":"ReadAction","target":["https:\/\/positiveprints.com\/fr\/produit\/bijou-personnalise-le-jour-de-notre-mariage\/"]}]},{"@type":"ImageObject","inLanguage":"fr-FR","@id":"https:\/\/positiveprints.com\/fr\/produit\/bijou-personnalise-le-jour-de-notre-mariage\/#primaryimage","url":"https:\/\/positiveprints.com\/wp-content\/uploads\/2025\/10\/Bijou-Personnalise-Le-Jour-de-notre-Mariage-2.webp","contentUrl":"https:\/\/positiveprints.com\/wp-content\/uploads\/2025\/10\/Bijou-Personnalise-Le-Jour-de-notre-Mariage-2.webp","width":2280,"height":2280},{"@type":"BreadcrumbList","@id":"https:\/\/positiveprints.com\/fr\/produit\/bijou-personnalise-le-jour-de-notre-mariage\/#breadcrumb","itemListElement":[{"@type":"ListItem","position":1,"name":"Home","item":"https:\/\/positiveprints.com\/fr\/"},{"@type":"ListItem","position":2,"name":"Produits","item":"https:\/\/positiveprints.com\/fr\/shop\/"},{"@type":"ListItem","position":3,"name":"Bijou Personnalis\u00e9 Le Jour de notre Mariage"}]},{"@type":"WebSite","@id":"https:\/\/positiveprints.com\/fr\/#website","url":"https:\/\/positiveprints.com\/fr\/","name":"Positive Prints","description":"Amazing Custom Personalized Gifts","publisher":{"@id":"https:\/\/positiveprints.com\/fr\/#organization"},"potentialAction":[{"@type":"SearchAction","target":{"@type":"EntryPoint","urlTemplate":"https:\/\/positiveprints.com\/fr\/?s={search_term_string}"},"query-input":{"@type":"PropertyValueSpecification","valueRequired":true,"valueName":"search_term_string"}}],"inLanguage":"fr-FR"},{"@type":"Organization","@id":"https:\/\/positiveprints.com\/fr\/#organization","name":"Positive Prints","alternateName":"Positive Prints","url":"https:\/\/positiveprints.com\/fr\/","logo":{"@type":"ImageObject","inLanguage":"fr-FR","@id":"https:\/\/positiveprints.com\/fr\/#\/schema\/logo\/image\/","url":"https:\/\/positiveprints.com\/wp-content\/uploads\/2026\/03\/245815646_1337939713319158_5671353136411139666_n.png","contentUrl":"https:\/\/positiveprints.com\/wp-content\/uploads\/2026\/03\/245815646_1337939713319158_5671353136411139666_n.png","width":800,"height":800,"caption":"Positive Prints"},"image":{"@id":"https:\/\/positiveprints.com\/fr\/#\/schema\/logo\/image\/"},"sameAs":["https:\/\/www.facebook.com\/positiveprintscom","https:\/\/www.instagram.com\/positiveprintscom\/","https:\/\/www.tiktok.com\/@positiveprintscom","https:\/\/www.pinterest.com\/positiveprintscom\/"]}]}},"jetpack_sharing_enabled":true,"_links":{"self":[{"href":"https:\/\/positiveprints.com\/fr\/wp-json\/wp\/v2\/product\/1543905","targetHints":{"allow":["GET"]}}],"collection":[{"href":"https:\/\/positiveprints.com\/fr\/wp-json\/wp\/v2\/product"}],"about":[{"href":"https:\/\/positiveprints.com\/fr\/wp-json\/wp\/v2\/types\/product"}],"wp:featuredmedia":[{"embeddable":true,"href":"https:\/\/positiveprints.com\/fr\/wp-json\/wp\/v2\/media\/1544675"}],"wp:attachment":[{"href":"https:\/\/positiveprints.com\/fr\/wp-json\/wp\/v2\/media?parent=1543905"}],"wp:term":[{"taxonomy":"product_brand","embeddable":true,"href":"https:\/\/positiveprints.com\/fr\/wp-json\/wp\/v2\/product_brand?post=1543905"},{"taxonomy":"product_cat","embeddable":true,"href":"https:\/\/positiveprints.com\/fr\/wp-json\/wp\/v2\/product_cat?post=1543905"},{"taxonomy":"product_tag","embeddable":true,"href":"https:\/\/positiveprints.com\/fr\/wp-json\/wp\/v2\/product_tag?post=1543905"}],"curies":[{"name":"wp","href":"https:\/\/api.w.org\/{rel}","templated":true}]}}