{"id":1522646,"date":"2025-09-19T08:58:28","date_gmt":"2025-09-19T06:58:28","guid":{"rendered":"https:\/\/positiveprints.com\/?post_type=product&#038;p=1522646"},"modified":"2026-04-03T02:21:58","modified_gmt":"2026-04-03T01:21:58","slug":"portrait-decole-personnalise-a-laquarelle","status":"publish","type":"product","link":"https:\/\/positiveprints.com\/fr\/produit\/portrait-decole-personnalise-a-laquarelle\/","title":{"rendered":"Portrait d&#8217;\u00c9cole Personnalis\u00e9 \u00e0 l&#8217;Aquarelle"},"content":{"rendered":"","protected":false},"excerpt":{"rendered":"<ul class=\"check-list\">\n<li>T\u00e9l\u00e9chargez une photo de l\u2019\u00e9cole<\/li>\n<li>2 r\u00e9visions disponibles \u00e0 votre demande<\/li>\n<li>Nos artistes se chargent de cr\u00e9er votre illustration sur mesure<\/li>\n<li>Recevez votre aper\u00e7u en 2 \u00e0 3 jours ouvr\u00e9s<\/li>\n<li>Plusieurs formats d&#8217;impression disponibles<\/li>\n<\/ul>\n","protected":false},"featured_media":1523334,"template":"","meta":[],"product_brand":[],"product_cat":[13592,7861,7909,104,9760],"product_tag":[16413,16320,16686,16949,16687,16882,16412,15254,8491,16414],"class_list":{"0":"post-1522646","1":"product","2":"type-product","3":"status-publish","4":"has-post-thumbnail","6":"product_cat-aquarelle","7":"product_cat-cadeaux-pour-enseignant","8":"product_cat-cadeaux-de-remise-de-diplome","9":"product_cat-tous-les-produits","10":"product_cat-trending-label-fr","11":"product_tag-cadeau-de-remerciement-pour-enseignant-fr","12":"product_tag-cadeau-de-remerciement-pour-enseignant","13":"product_tag-cadeau-de-remise-des-diplomes","14":"product_tag-cadeau-pour-enseignant","15":"product_tag-cadeaux-de-remise-des-diplomes","16":"product_tag-cadeaux-pour-enseignant","17":"product_tag-enseignant","18":"product_tag-graduation-en-gb-fr","19":"product_tag-graduation-fr","20":"product_tag-idees-de-cadeaux-pour-enseignant","22":"first","23":"instock","24":"sale","25":"taxable","26":"shipping-taxable","27":"purchasable","28":"product-type-variable"},"yoast_head":"<!-- This site is optimized with the Yoast SEO Premium plugin v27.2 (Yoast SEO v27.2) - https:\/\/yoast.com\/product\/yoast-seo-premium-wordpress\/ -->\n<title>Portrait d&#039;\u00c9cole Personnalis\u00e9 \u00e0 l\u2019Aquarelle - Positive Prints<\/title>\n<meta name=\"description\" content=\"Comm\u00e9morez un lieu d&#039;apprentissage sp\u00e9cial avec une aquarelle personnalis\u00e9e. Un cadeau sinc\u00e8re pour les enseignants, les \u00e9l\u00e8ves ou les parents fiers de c\u00e9l\u00e9brer les souvenirs scolaires.\" \/>\n<meta name=\"robots\" content=\"index, follow, max-snippet:-1, max-image-preview:large, max-video-preview:-1\" \/>\n<link rel=\"canonical\" href=\"https:\/\/positiveprints.com\/fr\/produit\/portrait-decole-personnalise-a-laquarelle\/\" \/>\n<meta property=\"og:locale\" content=\"fr_FR\" \/>\n<meta property=\"og:type\" content=\"article\" \/>\n<meta property=\"og:title\" content=\"Portrait d&#039;\u00c9cole Personnalis\u00e9 \u00e0 l&#039;Aquarelle\" \/>\n<meta property=\"og:description\" content=\"T\u00e9l\u00e9chargez une photo de l\u2019\u00e9cole 2 r\u00e9visions disponibles \u00e0 votre demande Nos artistes se chargent de cr\u00e9er votre illustration sur mesure Recevez votre aper\u00e7u en 2 \u00e0 3 jours ouvr\u00e9s Plusieurs formats d&#039;impression disponibles\" \/>\n<meta property=\"og:url\" content=\"https:\/\/positiveprints.com\/fr\/produit\/portrait-decole-personnalise-a-laquarelle\/\" \/>\n<meta property=\"og:site_name\" content=\"Positive Prints\" \/>\n<meta property=\"article:publisher\" content=\"https:\/\/www.facebook.com\/positiveprintscom\" \/>\n<meta property=\"article:modified_time\" content=\"2026-04-03T01:21:58+00:00\" \/>\n<meta property=\"og:image\" content=\"https:\/\/positiveprints.com\/wp-content\/uploads\/2025\/09\/Portrait-dE\u0301cole-Personnalise\u0301-a\u0300-lAquarelle-Packshot_FR_XX.webp\" \/>\n\t<meta property=\"og:image:width\" content=\"1450\" \/>\n\t<meta property=\"og:image:height\" content=\"1450\" \/>\n\t<meta property=\"og:image:type\" content=\"image\/webp\" \/>\n<meta name=\"twitter:card\" content=\"summary_large_image\" \/>\n<meta name=\"twitter:label1\" content=\"Dur\u00e9e de lecture estim\u00e9e\" \/>\n\t<meta name=\"twitter:data1\" content=\"1 minute\" \/>\n<!-- \/ Yoast SEO Premium plugin. -->","yoast_head_json":{"title":"Portrait d'\u00c9cole Personnalis\u00e9 \u00e0 l\u2019Aquarelle - Positive Prints","description":"Comm\u00e9morez un lieu d'apprentissage sp\u00e9cial avec une aquarelle personnalis\u00e9e. Un cadeau sinc\u00e8re pour les enseignants, les \u00e9l\u00e8ves ou les parents fiers de c\u00e9l\u00e9brer les souvenirs scolaires.","robots":{"index":"index","follow":"follow","max-snippet":"max-snippet:-1","max-image-preview":"max-image-preview:large","max-video-preview":"max-video-preview:-1"},"canonical":"https:\/\/positiveprints.com\/fr\/produit\/portrait-decole-personnalise-a-laquarelle\/","og_locale":"fr_FR","og_type":"article","og_title":"Portrait d'\u00c9cole Personnalis\u00e9 \u00e0 l'Aquarelle","og_description":"T\u00e9l\u00e9chargez une photo de l\u2019\u00e9cole 2 r\u00e9visions disponibles \u00e0 votre demande Nos artistes se chargent de cr\u00e9er votre illustration sur mesure Recevez votre aper\u00e7u en 2 \u00e0 3 jours ouvr\u00e9s Plusieurs formats d'impression disponibles","og_url":"https:\/\/positiveprints.com\/fr\/produit\/portrait-decole-personnalise-a-laquarelle\/","og_site_name":"Positive Prints","article_publisher":"https:\/\/www.facebook.com\/positiveprintscom","article_modified_time":"2026-04-03T01:21:58+00:00","og_image":[{"width":1450,"height":1450,"url":"https:\/\/positiveprints.com\/wp-content\/uploads\/2025\/09\/Portrait-dE\u0301cole-Personnalise\u0301-a\u0300-lAquarelle-Packshot_FR_XX.webp","type":"image\/webp"}],"twitter_card":"summary_large_image","twitter_misc":{"Dur\u00e9e de lecture estim\u00e9e":"1 minute"},"schema":{"@context":"https:\/\/schema.org","@graph":[{"@type":["WebPage","ItemPage"],"@id":"https:\/\/positiveprints.com\/fr\/produit\/portrait-decole-personnalise-a-laquarelle\/","url":"https:\/\/positiveprints.com\/fr\/produit\/portrait-decole-personnalise-a-laquarelle\/","name":"Portrait d'\u00c9cole Personnalis\u00e9 \u00e0 l\u2019Aquarelle - Positive Prints","isPartOf":{"@id":"https:\/\/positiveprints.com\/fr\/#website"},"primaryImageOfPage":{"@id":"https:\/\/positiveprints.com\/fr\/produit\/portrait-decole-personnalise-a-laquarelle\/#primaryimage"},"image":{"@id":"https:\/\/positiveprints.com\/fr\/produit\/portrait-decole-personnalise-a-laquarelle\/#primaryimage"},"thumbnailUrl":"https:\/\/positiveprints.com\/wp-content\/uploads\/2025\/09\/Portrait-dE\u0301cole-Personnalise\u0301-a\u0300-lAquarelle-Packshot_FR_XX.webp","datePublished":"2025-09-19T06:58:28+00:00","dateModified":"2026-04-03T01:21:58+00:00","description":"Comm\u00e9morez un lieu d'apprentissage sp\u00e9cial avec une aquarelle personnalis\u00e9e. Un cadeau sinc\u00e8re pour les enseignants, les \u00e9l\u00e8ves ou les parents fiers de c\u00e9l\u00e9brer les souvenirs scolaires.","breadcrumb":{"@id":"https:\/\/positiveprints.com\/fr\/produit\/portrait-decole-personnalise-a-laquarelle\/#breadcrumb"},"inLanguage":"fr-FR","potentialAction":[{"@type":"ReadAction","target":["https:\/\/positiveprints.com\/fr\/produit\/portrait-decole-personnalise-a-laquarelle\/"]}]},{"@type":"ImageObject","inLanguage":"fr-FR","@id":"https:\/\/positiveprints.com\/fr\/produit\/portrait-decole-personnalise-a-laquarelle\/#primaryimage","url":"https:\/\/positiveprints.com\/wp-content\/uploads\/2025\/09\/Portrait-dE\u0301cole-Personnalise\u0301-a\u0300-lAquarelle-Packshot_FR_XX.webp","contentUrl":"https:\/\/positiveprints.com\/wp-content\/uploads\/2025\/09\/Portrait-dE\u0301cole-Personnalise\u0301-a\u0300-lAquarelle-Packshot_FR_XX.webp","width":1450,"height":1450,"caption":"Portrait d'E\u0301cole Personnalise\u0301 a\u0300 l\u2019Aquarelle"},{"@type":"BreadcrumbList","@id":"https:\/\/positiveprints.com\/fr\/produit\/portrait-decole-personnalise-a-laquarelle\/#breadcrumb","itemListElement":[{"@type":"ListItem","position":1,"name":"Home","item":"https:\/\/positiveprints.com\/fr\/"},{"@type":"ListItem","position":2,"name":"Produits","item":"https:\/\/positiveprints.com\/fr\/shop\/"},{"@type":"ListItem","position":3,"name":"Portrait d&#8217;\u00c9cole Personnalis\u00e9 \u00e0 l\u2019Aquarelle"}]},{"@type":"WebSite","@id":"https:\/\/positiveprints.com\/fr\/#website","url":"https:\/\/positiveprints.com\/fr\/","name":"Positive Prints","description":"Amazing Custom Personalized Gifts","publisher":{"@id":"https:\/\/positiveprints.com\/fr\/#organization"},"potentialAction":[{"@type":"SearchAction","target":{"@type":"EntryPoint","urlTemplate":"https:\/\/positiveprints.com\/fr\/?s={search_term_string}"},"query-input":{"@type":"PropertyValueSpecification","valueRequired":true,"valueName":"search_term_string"}}],"inLanguage":"fr-FR"},{"@type":"Organization","@id":"https:\/\/positiveprints.com\/fr\/#organization","name":"Positive Prints","alternateName":"Positive Prints","url":"https:\/\/positiveprints.com\/fr\/","logo":{"@type":"ImageObject","inLanguage":"fr-FR","@id":"https:\/\/positiveprints.com\/fr\/#\/schema\/logo\/image\/","url":"https:\/\/positiveprints.com\/wp-content\/uploads\/2026\/03\/245815646_1337939713319158_5671353136411139666_n.png","contentUrl":"https:\/\/positiveprints.com\/wp-content\/uploads\/2026\/03\/245815646_1337939713319158_5671353136411139666_n.png","width":800,"height":800,"caption":"Positive Prints"},"image":{"@id":"https:\/\/positiveprints.com\/fr\/#\/schema\/logo\/image\/"},"sameAs":["https:\/\/www.facebook.com\/positiveprintscom","https:\/\/www.instagram.com\/positiveprintscom\/","https:\/\/www.tiktok.com\/@positiveprintscom","https:\/\/www.pinterest.com\/positiveprintscom\/"]}]}},"jetpack_sharing_enabled":true,"_links":{"self":[{"href":"https:\/\/positiveprints.com\/fr\/wp-json\/wp\/v2\/product\/1522646","targetHints":{"allow":["GET"]}}],"collection":[{"href":"https:\/\/positiveprints.com\/fr\/wp-json\/wp\/v2\/product"}],"about":[{"href":"https:\/\/positiveprints.com\/fr\/wp-json\/wp\/v2\/types\/product"}],"wp:featuredmedia":[{"embeddable":true,"href":"https:\/\/positiveprints.com\/fr\/wp-json\/wp\/v2\/media\/1523334"}],"wp:attachment":[{"href":"https:\/\/positiveprints.com\/fr\/wp-json\/wp\/v2\/media?parent=1522646"}],"wp:term":[{"taxonomy":"product_brand","embeddable":true,"href":"https:\/\/positiveprints.com\/fr\/wp-json\/wp\/v2\/product_brand?post=1522646"},{"taxonomy":"product_cat","embeddable":true,"href":"https:\/\/positiveprints.com\/fr\/wp-json\/wp\/v2\/product_cat?post=1522646"},{"taxonomy":"product_tag","embeddable":true,"href":"https:\/\/positiveprints.com\/fr\/wp-json\/wp\/v2\/product_tag?post=1522646"}],"curies":[{"name":"wp","href":"https:\/\/api.w.org\/{rel}","templated":true}]}}