{"id":1520191,"date":"2025-09-11T14:20:48","date_gmt":"2025-09-11T12:20:48","guid":{"rendered":"https:\/\/positiveprints.com\/?post_type=product&#038;p=1520191"},"modified":"2026-04-12T19:14:13","modified_gmt":"2026-04-12T18:14:13","slug":"illustration-a-laquarelle-de-votre-maison","status":"publish","type":"product","link":"https:\/\/positiveprints.com\/fr\/produit\/illustration-a-laquarelle-de-votre-maison\/","title":{"rendered":"Illustration \u00e0 l&#8217;aquarelle de votre maison"},"content":{"rendered":"","protected":false},"excerpt":{"rendered":"<ul class=\"check-list\">\n<li>T\u00e9l\u00e9chargez la photo de la maison<\/li>\n<li>2 r\u00e9visions disponibles \u00e0 votre demande<\/li>\n<li>Ajoutez un message plein de tendresse<\/li>\n<li>Recevez un aper\u00e7u sous 2 \u00e0 3 jours ouvr\u00e9s<\/li>\n<li>Plusieurs formats d\u2019impression disponibles<\/li>\n<\/ul>\n","protected":false},"featured_media":1520922,"template":"","meta":[],"product_brand":[],"product_cat":[15109,8243,9177,8982,9760,13592,104,264,5290,5264,11395,11396,15055,11402,11397,11400],"product_tag":[14427,13465,11793,11795,14428,14858,14861,14429,14430,14431,14432,14860,14433,14434,14435,14436,14437,14438,14439,17441,17440,14440,14441,14442,14443,14444,14445,14446,14447,14448],"class_list":{"0":"post-1520191","1":"product","2":"type-product","3":"status-publish","4":"has-post-thumbnail","6":"product_cat-bestsellers-menu-fr","7":"product_cat-digital-products-fr","8":"product_cat-line-art-fr","9":"product_cat-nouveautes","10":"product_cat-trending-label-fr","11":"product_cat-aquarelle","12":"product_cat-tous-les-produits","13":"product_cat-creators-fr-2","14":"product_cat-cadeaux-de-pendaison-de-cremaillere","15":"product_cat-cadeaux-de-noel","16":"product_cat-cadeaux-de-noel-pour-femme","17":"product_cat-cadeaux-de-noel-pour-homme","18":"product_cat-cadeaux-de-noel-pour-la-famille","19":"product_cat-cadeaux-de-noel-pour-sa-femme","20":"product_cat-cadeaux-de-noel-pour-le-mari","21":"product_cat-cadeaux-de-noel-pour-les-parents","22":"product_tag-appreciation-gift-for-realtor-fr","23":"product_tag-cadeaux-de-noel-pour-la-famille","24":"product_tag-cadeaux-de-noel-pour-le-mari","25":"product_tag-cadeaux-de-noel-pour-sa-femme","26":"product_tag-closing-gifts-fr","27":"product_tag-creators-fr-2","28":"product_tag-custom-photo-fr","29":"product_tag-gift-for-new-homeowners-fr","30":"product_tag-gift-for-realtor-fr","31":"product_tag-gifts-for-realtor-fr","32":"product_tag-house-closing-gift-fr","33":"product_tag-housewarming-fr-2","34":"product_tag-housewarming-gift-fr","35":"product_tag-new-home-fr","36":"product_tag-new-home-closing-gift-fr","37":"product_tag-new-home-gift-fr","38":"product_tag-new-house-fr","39":"product_tag-new-house-celebration-gift-fr","40":"product_tag-personalized-closing-gift-fr","41":"product_tag-prezenty-pod-choinke-dla-niego-fr","42":"product_tag-prezenty-pod-choinke-dla-niej-fr","43":"product_tag-real-estate-agent-gift-fr","44":"product_tag-real-estate-closing-gift-fr","45":"product_tag-real-estate-gift-fr","46":"product_tag-realtor-closing-gift-fr","47":"product_tag-realtor-closing-gift-closing-gift-fr","48":"product_tag-realtor-gift-fr","49":"product_tag-realtor-gifts-fr","50":"product_tag-thank-you-gift-for-realtor-fr","51":"product_tag-thoughtful-closing-gift-fr","53":"first","54":"instock","55":"sale","56":"taxable","57":"shipping-taxable","58":"purchasable","59":"product-type-variable"},"yoast_head":"<!-- This site is optimized with the Yoast SEO Premium plugin v27.2 (Yoast SEO v27.2) - https:\/\/yoast.com\/product\/yoast-seo-premium-wordpress\/ -->\n<title>Illustration \u00e0 l\u2019aquarelle de votre maison - Positive Prints<\/title>\n<meta name=\"description\" content=\"Transformez une maison en \u0153uvre d\u2019art gr\u00e2ce \u00e0 une illustration aquarelle personnalis\u00e9e. Un cadeau touchant pour une pendaison de cr\u00e9maill\u00e8re, un anniversaire ou pour honorer un foyer rempli de souvenirs.\" \/>\n<meta name=\"robots\" content=\"index, follow, max-snippet:-1, max-image-preview:large, max-video-preview:-1\" \/>\n<link rel=\"canonical\" href=\"https:\/\/positiveprints.com\/fr\/produit\/illustration-a-laquarelle-de-votre-maison\/\" \/>\n<meta property=\"og:locale\" content=\"fr_FR\" \/>\n<meta property=\"og:type\" content=\"article\" \/>\n<meta property=\"og:title\" content=\"Illustration \u00e0 l&#039;aquarelle de votre maison\" \/>\n<meta property=\"og:description\" content=\"T\u00e9l\u00e9chargez la photo de la maison 2 r\u00e9visions disponibles \u00e0 votre demande Ajoutez un message plein de tendresse Recevez un aper\u00e7u sous 2 \u00e0 3 jours ouvr\u00e9s Plusieurs formats d\u2019impression disponibles\" \/>\n<meta property=\"og:url\" content=\"https:\/\/positiveprints.com\/fr\/produit\/illustration-a-laquarelle-de-votre-maison\/\" \/>\n<meta property=\"og:site_name\" content=\"Positive Prints\" \/>\n<meta property=\"article:publisher\" content=\"https:\/\/www.facebook.com\/positiveprintscom\" \/>\n<meta property=\"article:modified_time\" content=\"2026-04-12T18:14:13+00:00\" \/>\n<meta property=\"og:image\" content=\"https:\/\/positiveprints.com\/wp-content\/uploads\/2025\/09\/Illustration-a\u0300-laquarelle-de-votre-maison-Packshot_FR_XX.webp\" \/>\n\t<meta property=\"og:image:width\" content=\"1450\" \/>\n\t<meta property=\"og:image:height\" content=\"1450\" \/>\n\t<meta property=\"og:image:type\" content=\"image\/webp\" \/>\n<meta name=\"twitter:card\" content=\"summary_large_image\" \/>\n<meta name=\"twitter:label1\" content=\"Dur\u00e9e de lecture estim\u00e9e\" \/>\n\t<meta name=\"twitter:data1\" content=\"1 minute\" \/>\n<!-- \/ Yoast SEO Premium plugin. -->","yoast_head_json":{"title":"Illustration \u00e0 l\u2019aquarelle de votre maison - Positive Prints","description":"Transformez une maison en \u0153uvre d\u2019art gr\u00e2ce \u00e0 une illustration aquarelle personnalis\u00e9e. Un cadeau touchant pour une pendaison de cr\u00e9maill\u00e8re, un anniversaire ou pour honorer un foyer rempli de souvenirs.","robots":{"index":"index","follow":"follow","max-snippet":"max-snippet:-1","max-image-preview":"max-image-preview:large","max-video-preview":"max-video-preview:-1"},"canonical":"https:\/\/positiveprints.com\/fr\/produit\/illustration-a-laquarelle-de-votre-maison\/","og_locale":"fr_FR","og_type":"article","og_title":"Illustration \u00e0 l'aquarelle de votre maison","og_description":"T\u00e9l\u00e9chargez la photo de la maison 2 r\u00e9visions disponibles \u00e0 votre demande Ajoutez un message plein de tendresse Recevez un aper\u00e7u sous 2 \u00e0 3 jours ouvr\u00e9s Plusieurs formats d\u2019impression disponibles","og_url":"https:\/\/positiveprints.com\/fr\/produit\/illustration-a-laquarelle-de-votre-maison\/","og_site_name":"Positive Prints","article_publisher":"https:\/\/www.facebook.com\/positiveprintscom","article_modified_time":"2026-04-12T18:14:13+00:00","og_image":[{"width":1450,"height":1450,"url":"https:\/\/positiveprints.com\/wp-content\/uploads\/2025\/09\/Illustration-a\u0300-laquarelle-de-votre-maison-Packshot_FR_XX.webp","type":"image\/webp"}],"twitter_card":"summary_large_image","twitter_misc":{"Dur\u00e9e de lecture estim\u00e9e":"1 minute"},"schema":{"@context":"https:\/\/schema.org","@graph":[{"@type":["WebPage","ItemPage"],"@id":"https:\/\/positiveprints.com\/fr\/produit\/illustration-a-laquarelle-de-votre-maison\/","url":"https:\/\/positiveprints.com\/fr\/produit\/illustration-a-laquarelle-de-votre-maison\/","name":"Illustration \u00e0 l\u2019aquarelle de votre maison - Positive Prints","isPartOf":{"@id":"https:\/\/positiveprints.com\/fr\/#website"},"primaryImageOfPage":{"@id":"https:\/\/positiveprints.com\/fr\/produit\/illustration-a-laquarelle-de-votre-maison\/#primaryimage"},"image":{"@id":"https:\/\/positiveprints.com\/fr\/produit\/illustration-a-laquarelle-de-votre-maison\/#primaryimage"},"thumbnailUrl":"https:\/\/positiveprints.com\/wp-content\/uploads\/2025\/09\/Illustration-a\u0300-laquarelle-de-votre-maison-Packshot_FR_XX.webp","datePublished":"2025-09-11T12:20:48+00:00","dateModified":"2026-04-12T18:14:13+00:00","description":"Transformez une maison en \u0153uvre d\u2019art gr\u00e2ce \u00e0 une illustration aquarelle personnalis\u00e9e. Un cadeau touchant pour une pendaison de cr\u00e9maill\u00e8re, un anniversaire ou pour honorer un foyer rempli de souvenirs.","breadcrumb":{"@id":"https:\/\/positiveprints.com\/fr\/produit\/illustration-a-laquarelle-de-votre-maison\/#breadcrumb"},"inLanguage":"fr-FR","potentialAction":[{"@type":"ReadAction","target":["https:\/\/positiveprints.com\/fr\/produit\/illustration-a-laquarelle-de-votre-maison\/"]}]},{"@type":"ImageObject","inLanguage":"fr-FR","@id":"https:\/\/positiveprints.com\/fr\/produit\/illustration-a-laquarelle-de-votre-maison\/#primaryimage","url":"https:\/\/positiveprints.com\/wp-content\/uploads\/2025\/09\/Illustration-a\u0300-laquarelle-de-votre-maison-Packshot_FR_XX.webp","contentUrl":"https:\/\/positiveprints.com\/wp-content\/uploads\/2025\/09\/Illustration-a\u0300-laquarelle-de-votre-maison-Packshot_FR_XX.webp","width":1450,"height":1450,"caption":"Illustration a\u0300 l\u2019aquarelle de votre maison"},{"@type":"BreadcrumbList","@id":"https:\/\/positiveprints.com\/fr\/produit\/illustration-a-laquarelle-de-votre-maison\/#breadcrumb","itemListElement":[{"@type":"ListItem","position":1,"name":"Home","item":"https:\/\/positiveprints.com\/fr\/"},{"@type":"ListItem","position":2,"name":"Produits","item":"https:\/\/positiveprints.com\/fr\/shop\/"},{"@type":"ListItem","position":3,"name":"Illustration \u00e0 l\u2019aquarelle de votre maison"}]},{"@type":"WebSite","@id":"https:\/\/positiveprints.com\/fr\/#website","url":"https:\/\/positiveprints.com\/fr\/","name":"Positive Prints","description":"Amazing Custom Personalized Gifts","publisher":{"@id":"https:\/\/positiveprints.com\/fr\/#organization"},"potentialAction":[{"@type":"SearchAction","target":{"@type":"EntryPoint","urlTemplate":"https:\/\/positiveprints.com\/fr\/?s={search_term_string}"},"query-input":{"@type":"PropertyValueSpecification","valueRequired":true,"valueName":"search_term_string"}}],"inLanguage":"fr-FR"},{"@type":"Organization","@id":"https:\/\/positiveprints.com\/fr\/#organization","name":"Positive Prints","alternateName":"Positive Prints","url":"https:\/\/positiveprints.com\/fr\/","logo":{"@type":"ImageObject","inLanguage":"fr-FR","@id":"https:\/\/positiveprints.com\/fr\/#\/schema\/logo\/image\/","url":"https:\/\/positiveprints.com\/wp-content\/uploads\/2026\/03\/245815646_1337939713319158_5671353136411139666_n.png","contentUrl":"https:\/\/positiveprints.com\/wp-content\/uploads\/2026\/03\/245815646_1337939713319158_5671353136411139666_n.png","width":800,"height":800,"caption":"Positive Prints"},"image":{"@id":"https:\/\/positiveprints.com\/fr\/#\/schema\/logo\/image\/"},"sameAs":["https:\/\/www.facebook.com\/positiveprintscom","https:\/\/www.instagram.com\/positiveprintscom\/","https:\/\/www.tiktok.com\/@positiveprintscom","https:\/\/www.pinterest.com\/positiveprintscom\/"]}]}},"jetpack_sharing_enabled":true,"_links":{"self":[{"href":"https:\/\/positiveprints.com\/fr\/wp-json\/wp\/v2\/product\/1520191","targetHints":{"allow":["GET"]}}],"collection":[{"href":"https:\/\/positiveprints.com\/fr\/wp-json\/wp\/v2\/product"}],"about":[{"href":"https:\/\/positiveprints.com\/fr\/wp-json\/wp\/v2\/types\/product"}],"wp:featuredmedia":[{"embeddable":true,"href":"https:\/\/positiveprints.com\/fr\/wp-json\/wp\/v2\/media\/1520922"}],"wp:attachment":[{"href":"https:\/\/positiveprints.com\/fr\/wp-json\/wp\/v2\/media?parent=1520191"}],"wp:term":[{"taxonomy":"product_brand","embeddable":true,"href":"https:\/\/positiveprints.com\/fr\/wp-json\/wp\/v2\/product_brand?post=1520191"},{"taxonomy":"product_cat","embeddable":true,"href":"https:\/\/positiveprints.com\/fr\/wp-json\/wp\/v2\/product_cat?post=1520191"},{"taxonomy":"product_tag","embeddable":true,"href":"https:\/\/positiveprints.com\/fr\/wp-json\/wp\/v2\/product_tag?post=1520191"}],"curies":[{"name":"wp","href":"https:\/\/api.w.org\/{rel}","templated":true}]}}