{"id":1517667,"date":"2025-09-16T10:54:04","date_gmt":"2025-09-16T08:54:04","guid":{"rendered":"https:\/\/positiveprints.com\/?post_type=product&#038;p=1517667"},"modified":"2026-04-03T02:22:20","modified_gmt":"2026-04-03T01:22:20","slug":"peinture-a-laquarelle-personnalisee-lieu-de-mariage","status":"publish","type":"product","link":"https:\/\/positiveprints.com\/fr\/produit\/peinture-a-laquarelle-personnalisee-lieu-de-mariage\/","title":{"rendered":"Peinture \u00e0 l&#8217;aquarelle personnalis\u00e9e &#8211; Lieu de mariage"},"content":{"rendered":"","protected":false},"excerpt":{"rendered":"<ul class=\"check-list\">\n<li>T\u00e9l\u00e9chargez une photo de votre lieu de mariage<\/li>\n<li>2 r\u00e9visions disponibles \u00e0 votre demande<\/li>\n<li>Laissez nos artistes cr\u00e9er votre illustration personnalis\u00e9e<\/li>\n<li>Recevez votre aper\u00e7u sous 2 \u00e0 3 jours ouvrables<\/li>\n<li>Plusieurs formats d\u2019impression disponibles<\/li>\n<\/ul>\n","protected":false},"featured_media":1518046,"template":"","meta":[],"product_brand":[],"product_cat":[9760,13592,104,3122,7925,7749],"product_tag":[16300,14667,16518,16301,14857,16279,8477],"class_list":{"0":"post-1517667","1":"product","2":"type-product","3":"status-publish","4":"has-post-thumbnail","6":"product_cat-trending-label-fr","7":"product_cat-aquarelle","8":"product_cat-tous-les-produits","9":"product_cat-cadeaux-de-mariage","10":"product_cat-cadeaux-denterrement-de-vie-de-jeune-fille","11":"product_cat-cadeaux-pour-epouse","12":"product_tag-cadeau-de-mariage","13":"product_tag-cadeau-pour-couple","14":"product_tag-cadeau-pour-jeunes-maries","15":"product_tag-cadeaux-de-mariage","16":"product_tag-couple-gift-fr","17":"product_tag-wedding-fr-2","18":"product_tag-wedding-fr","20":"first","21":"instock","22":"sale","23":"taxable","24":"shipping-taxable","25":"purchasable","26":"product-type-variable"},"yoast_head":"<!-- This site is optimized with the Yoast SEO Premium plugin v27.2 (Yoast SEO v27.2) - https:\/\/yoast.com\/product\/yoast-seo-premium-wordpress\/ -->\n<title>Peinture \u00e0 l\u2019aquarelle personnalis\u00e9e - Lieu de mariage - Positive Prints<\/title>\n<meta name=\"description\" content=\"Un cadeau de mariage unique et personnel : transformez une photo du lieu de la c\u00e9r\u00e9monie en une magnifique aquarelle que les mari\u00e9s ch\u00e9riront pendant de nombreuses ann\u00e9es.\" \/>\n<meta name=\"robots\" content=\"index, follow, max-snippet:-1, max-image-preview:large, max-video-preview:-1\" \/>\n<link rel=\"canonical\" href=\"https:\/\/positiveprints.com\/fr\/produit\/peinture-a-laquarelle-personnalisee-lieu-de-mariage\/\" \/>\n<meta property=\"og:locale\" content=\"fr_FR\" \/>\n<meta property=\"og:type\" content=\"article\" \/>\n<meta property=\"og:title\" content=\"Peinture \u00e0 l&#039;aquarelle personnalis\u00e9e - Lieu de mariage\" \/>\n<meta property=\"og:description\" content=\"T\u00e9l\u00e9chargez une photo de votre lieu de mariage 2 r\u00e9visions disponibles \u00e0 votre demande Laissez nos artistes cr\u00e9er votre illustration personnalis\u00e9e Recevez votre aper\u00e7u sous 2 \u00e0 3 jours ouvrables Plusieurs formats d\u2019impression disponibles\" \/>\n<meta property=\"og:url\" content=\"https:\/\/positiveprints.com\/fr\/produit\/peinture-a-laquarelle-personnalisee-lieu-de-mariage\/\" \/>\n<meta property=\"og:site_name\" content=\"Positive Prints\" \/>\n<meta property=\"article:publisher\" content=\"https:\/\/www.facebook.com\/positiveprintscom\" \/>\n<meta property=\"article:modified_time\" content=\"2026-04-03T01:22:20+00:00\" \/>\n<meta property=\"og:image\" content=\"https:\/\/positiveprints.com\/wp-content\/uploads\/2025\/09\/Peinture-a\u0300-laquarelle-personnalise\u0301e-Lieu-de-mariage-Packshot_FR_XX.webp\" \/>\n\t<meta property=\"og:image:width\" content=\"1450\" \/>\n\t<meta property=\"og:image:height\" content=\"1450\" \/>\n\t<meta property=\"og:image:type\" content=\"image\/webp\" \/>\n<meta name=\"twitter:card\" content=\"summary_large_image\" \/>\n<meta name=\"twitter:label1\" content=\"Dur\u00e9e de lecture estim\u00e9e\" \/>\n\t<meta name=\"twitter:data1\" content=\"1 minute\" \/>\n<!-- \/ Yoast SEO Premium plugin. -->","yoast_head_json":{"title":"Peinture \u00e0 l\u2019aquarelle personnalis\u00e9e - Lieu de mariage - Positive Prints","description":"Un cadeau de mariage unique et personnel : transformez une photo du lieu de la c\u00e9r\u00e9monie en une magnifique aquarelle que les mari\u00e9s ch\u00e9riront pendant de nombreuses ann\u00e9es.","robots":{"index":"index","follow":"follow","max-snippet":"max-snippet:-1","max-image-preview":"max-image-preview:large","max-video-preview":"max-video-preview:-1"},"canonical":"https:\/\/positiveprints.com\/fr\/produit\/peinture-a-laquarelle-personnalisee-lieu-de-mariage\/","og_locale":"fr_FR","og_type":"article","og_title":"Peinture \u00e0 l'aquarelle personnalis\u00e9e - Lieu de mariage","og_description":"T\u00e9l\u00e9chargez une photo de votre lieu de mariage 2 r\u00e9visions disponibles \u00e0 votre demande Laissez nos artistes cr\u00e9er votre illustration personnalis\u00e9e Recevez votre aper\u00e7u sous 2 \u00e0 3 jours ouvrables Plusieurs formats d\u2019impression disponibles","og_url":"https:\/\/positiveprints.com\/fr\/produit\/peinture-a-laquarelle-personnalisee-lieu-de-mariage\/","og_site_name":"Positive Prints","article_publisher":"https:\/\/www.facebook.com\/positiveprintscom","article_modified_time":"2026-04-03T01:22:20+00:00","og_image":[{"width":1450,"height":1450,"url":"https:\/\/positiveprints.com\/wp-content\/uploads\/2025\/09\/Peinture-a\u0300-laquarelle-personnalise\u0301e-Lieu-de-mariage-Packshot_FR_XX.webp","type":"image\/webp"}],"twitter_card":"summary_large_image","twitter_misc":{"Dur\u00e9e de lecture estim\u00e9e":"1 minute"},"schema":{"@context":"https:\/\/schema.org","@graph":[{"@type":["WebPage","ItemPage"],"@id":"https:\/\/positiveprints.com\/fr\/produit\/peinture-a-laquarelle-personnalisee-lieu-de-mariage\/","url":"https:\/\/positiveprints.com\/fr\/produit\/peinture-a-laquarelle-personnalisee-lieu-de-mariage\/","name":"Peinture \u00e0 l\u2019aquarelle personnalis\u00e9e - Lieu de mariage - Positive Prints","isPartOf":{"@id":"https:\/\/positiveprints.com\/fr\/#website"},"primaryImageOfPage":{"@id":"https:\/\/positiveprints.com\/fr\/produit\/peinture-a-laquarelle-personnalisee-lieu-de-mariage\/#primaryimage"},"image":{"@id":"https:\/\/positiveprints.com\/fr\/produit\/peinture-a-laquarelle-personnalisee-lieu-de-mariage\/#primaryimage"},"thumbnailUrl":"https:\/\/positiveprints.com\/wp-content\/uploads\/2025\/09\/Peinture-a\u0300-laquarelle-personnalise\u0301e-Lieu-de-mariage-Packshot_FR_XX.webp","datePublished":"2025-09-16T08:54:04+00:00","dateModified":"2026-04-03T01:22:20+00:00","description":"Un cadeau de mariage unique et personnel : transformez une photo du lieu de la c\u00e9r\u00e9monie en une magnifique aquarelle que les mari\u00e9s ch\u00e9riront pendant de nombreuses ann\u00e9es.","breadcrumb":{"@id":"https:\/\/positiveprints.com\/fr\/produit\/peinture-a-laquarelle-personnalisee-lieu-de-mariage\/#breadcrumb"},"inLanguage":"fr-FR","potentialAction":[{"@type":"ReadAction","target":["https:\/\/positiveprints.com\/fr\/produit\/peinture-a-laquarelle-personnalisee-lieu-de-mariage\/"]}]},{"@type":"ImageObject","inLanguage":"fr-FR","@id":"https:\/\/positiveprints.com\/fr\/produit\/peinture-a-laquarelle-personnalisee-lieu-de-mariage\/#primaryimage","url":"https:\/\/positiveprints.com\/wp-content\/uploads\/2025\/09\/Peinture-a\u0300-laquarelle-personnalise\u0301e-Lieu-de-mariage-Packshot_FR_XX.webp","contentUrl":"https:\/\/positiveprints.com\/wp-content\/uploads\/2025\/09\/Peinture-a\u0300-laquarelle-personnalise\u0301e-Lieu-de-mariage-Packshot_FR_XX.webp","width":1450,"height":1450,"caption":"Peinture \u00e0 l\u2019aquarelle personnalis\u00e9e - Lieu de mariage"},{"@type":"BreadcrumbList","@id":"https:\/\/positiveprints.com\/fr\/produit\/peinture-a-laquarelle-personnalisee-lieu-de-mariage\/#breadcrumb","itemListElement":[{"@type":"ListItem","position":1,"name":"Home","item":"https:\/\/positiveprints.com\/fr\/"},{"@type":"ListItem","position":2,"name":"Produits","item":"https:\/\/positiveprints.com\/fr\/shop\/"},{"@type":"ListItem","position":3,"name":"Peinture \u00e0 l\u2019aquarelle personnalis\u00e9e &#8211; Lieu de mariage"}]},{"@type":"WebSite","@id":"https:\/\/positiveprints.com\/fr\/#website","url":"https:\/\/positiveprints.com\/fr\/","name":"Positive Prints","description":"Amazing Custom Personalized Gifts","publisher":{"@id":"https:\/\/positiveprints.com\/fr\/#organization"},"potentialAction":[{"@type":"SearchAction","target":{"@type":"EntryPoint","urlTemplate":"https:\/\/positiveprints.com\/fr\/?s={search_term_string}"},"query-input":{"@type":"PropertyValueSpecification","valueRequired":true,"valueName":"search_term_string"}}],"inLanguage":"fr-FR"},{"@type":"Organization","@id":"https:\/\/positiveprints.com\/fr\/#organization","name":"Positive Prints","alternateName":"Positive Prints","url":"https:\/\/positiveprints.com\/fr\/","logo":{"@type":"ImageObject","inLanguage":"fr-FR","@id":"https:\/\/positiveprints.com\/fr\/#\/schema\/logo\/image\/","url":"https:\/\/positiveprints.com\/wp-content\/uploads\/2026\/03\/245815646_1337939713319158_5671353136411139666_n.png","contentUrl":"https:\/\/positiveprints.com\/wp-content\/uploads\/2026\/03\/245815646_1337939713319158_5671353136411139666_n.png","width":800,"height":800,"caption":"Positive Prints"},"image":{"@id":"https:\/\/positiveprints.com\/fr\/#\/schema\/logo\/image\/"},"sameAs":["https:\/\/www.facebook.com\/positiveprintscom","https:\/\/www.instagram.com\/positiveprintscom\/","https:\/\/www.tiktok.com\/@positiveprintscom","https:\/\/www.pinterest.com\/positiveprintscom\/"]}]}},"jetpack_sharing_enabled":true,"_links":{"self":[{"href":"https:\/\/positiveprints.com\/fr\/wp-json\/wp\/v2\/product\/1517667","targetHints":{"allow":["GET"]}}],"collection":[{"href":"https:\/\/positiveprints.com\/fr\/wp-json\/wp\/v2\/product"}],"about":[{"href":"https:\/\/positiveprints.com\/fr\/wp-json\/wp\/v2\/types\/product"}],"wp:featuredmedia":[{"embeddable":true,"href":"https:\/\/positiveprints.com\/fr\/wp-json\/wp\/v2\/media\/1518046"}],"wp:attachment":[{"href":"https:\/\/positiveprints.com\/fr\/wp-json\/wp\/v2\/media?parent=1517667"}],"wp:term":[{"taxonomy":"product_brand","embeddable":true,"href":"https:\/\/positiveprints.com\/fr\/wp-json\/wp\/v2\/product_brand?post=1517667"},{"taxonomy":"product_cat","embeddable":true,"href":"https:\/\/positiveprints.com\/fr\/wp-json\/wp\/v2\/product_cat?post=1517667"},{"taxonomy":"product_tag","embeddable":true,"href":"https:\/\/positiveprints.com\/fr\/wp-json\/wp\/v2\/product_tag?post=1517667"}],"curies":[{"name":"wp","href":"https:\/\/api.w.org\/{rel}","templated":true}]}}