{"id":1516677,"date":"2025-09-15T16:39:11","date_gmt":"2025-09-15T14:39:11","guid":{"rendered":"https:\/\/positiveprints.com\/?post_type=product&#038;p=1516677"},"modified":"2026-04-03T02:22:25","modified_gmt":"2026-04-03T01:22:25","slug":"la-ou-tout-a-commence-illustration-a-laquarelle-personnalisee","status":"publish","type":"product","link":"https:\/\/positiveprints.com\/fr\/produit\/la-ou-tout-a-commence-illustration-a-laquarelle-personnalisee\/","title":{"rendered":"L\u00e0 o\u00f9 tout a commenc\u00e9 \u2013 Illustration \u00e0 l&#8217;aquarelle personnalis\u00e9e"},"content":{"rendered":"","protected":false},"excerpt":{"rendered":"<ul class=\"check-list\">\n<li>T\u00e9l\u00e9chargez votre photo pr\u00e9f\u00e9r\u00e9e<\/li>\n<li>2 r\u00e9visions disponibles \u00e0 votre demande<\/li>\n<li>Nos artistes cr\u00e9ent votre illustration personnalis\u00e9e<\/li>\n<li>Recevez un aper\u00e7u sous 2 \u00e0 3 jours ouvr\u00e9s<\/li>\n<li>Plusieurs formats d\u2019impression disponibles<\/li>\n<\/ul>\n","protected":false},"featured_media":1517389,"template":"","meta":[],"product_brand":[],"product_cat":[13592,11175,11176,11177,11245,11246,5328,7925,3118,5264,7797,7749,11395,7685,11396,8006,11397,7638,7670,7781,11392,11402,11388,104,9760],"product_tag":[14849,14854,14866,14853,15976,17417,16951,14681,16452,11790,11793,11792,11767,11795,11753,16616,14857,14859,14848,14852,14856,17443,17442,17441,17440,14868,14864,14869,14851,14865,14855,14867,14870,14863,14850],"class_list":{"0":"post-1516677","1":"product","2":"type-product","3":"status-publish","4":"has-post-thumbnail","6":"product_cat-aquarelle","7":"product_cat-cadeaux-danniversaire-pour-femme","8":"product_cat-cadeaux-danniversaire-pour-homme","9":"product_cat-cadeaux-danniversaire-pour-couples","10":"product_cat-cadeaux-de-saint-valentin-pour-elle","11":"product_cat-cadeaux-de-saint-valentin-pour-lui","12":"product_cat-cadeaux-de-commemorations","13":"product_cat-cadeaux-denterrement-de-vie-de-jeune-fille","14":"product_cat-cadeaux-saint-valentin","15":"product_cat-cadeaux-de-noel","16":"product_cat-cadeaux-pour-couple","17":"product_cat-cadeaux-pour-epouse","18":"product_cat-cadeaux-de-noel-pour-femme","19":"product_cat-cadeaux-pour-femmes","20":"product_cat-cadeaux-de-noel-pour-homme","21":"product_cat-cadeaux-pour-hommes","22":"product_cat-cadeaux-de-noel-pour-le-mari","23":"product_cat-cadeaux-pour-mari","24":"product_cat-cadeaux-pour-petit-ami","25":"product_cat-cadeaux-pour-petite-amie","26":"product_cat-cadeaux-de-noel-pour-sa-copine","27":"product_cat-cadeaux-de-noel-pour-sa-femme","28":"product_cat-cadeaux-de-noel-pour-son-petit-copain","29":"product_cat-tous-les-produits","30":"product_cat-trending-label-fr","31":"product_tag-anniversary-fr","32":"product_tag-anniversary-gift-fr","33":"product_tag-anniversary-gifts-fr","34":"product_tag-anniversary-present-fr","35":"product_tag-cadeau-danniversaire-de-mariage-pour-femme","36":"product_tag-cadeau-danniversaire-pour-femme","37":"product_tag-cadeau-pour-femme","38":"product_tag-cadeau-romantique","39":"product_tag-cadeau-romantique-pour-femme","40":"product_tag-cadeaux-de-noel-pour-elle","41":"product_tag-cadeaux-de-noel-pour-le-mari","42":"product_tag-cadeaux-de-noel-pour-lui","43":"product_tag-cadeaux-de-noel-pour-sa-copine","44":"product_tag-cadeaux-de-noel-pour-sa-femme","45":"product_tag-cadeaux-de-noel-pour-son-petit-copain","46":"product_tag-cadeaux-pour-femme","47":"product_tag-couple-gift-fr","48":"product_tag-gift-for-couple-fr","49":"product_tag-love-fr","50":"product_tag-love-gift-fr","51":"product_tag-personalized-gift-fr","52":"product_tag-prezenty-pod-choinke-dla-chlopaka-fr","53":"product_tag-prezenty-pod-choinke-dla-dziewczyny-fr","54":"product_tag-prezenty-pod-choinke-dla-niego-fr","55":"product_tag-prezenty-pod-choinke-dla-niej-fr","56":"product_tag-romantic-gifts-fr","57":"product_tag-sentimental-gift-fr","58":"product_tag-special-occasion-fr","59":"product_tag-thoughtful-gift-fr","60":"product_tag-unique-gift-fr","61":"product_tag-valentines-day-gift-for-wife-fr","62":"product_tag-valentines-day-gifts-fr","63":"product_tag-valentines-day-fr","64":"product_tag-valentines-day-gift-fr","65":"product_tag-wedding-anniversary-fr","67":"first","68":"instock","69":"sale","70":"taxable","71":"shipping-taxable","72":"purchasable","73":"product-type-variable"},"yoast_head":"<!-- This site is optimized with the Yoast SEO Premium plugin v27.2 (Yoast SEO v27.2) - https:\/\/yoast.com\/product\/yoast-seo-premium-wordpress\/ -->\n<title>L\u00e0 o\u00f9 tout a commenc\u00e9 \u2013 Illustration \u00e0 l\u2019aquarelle personnalis\u00e9e - Positive Prints<\/title>\n<meta name=\"description\" content=\"C\u00e9l\u00e9brez le lieu de votre rencontre avec une illustration aquarelle personnalis\u00e9e. Un cadeau romantique pour la Saint-Valentin, un anniversaire ou toute autre date symbolique.\" \/>\n<meta name=\"robots\" content=\"index, follow, max-snippet:-1, max-image-preview:large, max-video-preview:-1\" \/>\n<link rel=\"canonical\" href=\"https:\/\/positiveprints.com\/fr\/produit\/la-ou-tout-a-commence-illustration-a-laquarelle-personnalisee\/\" \/>\n<meta property=\"og:locale\" content=\"fr_FR\" \/>\n<meta property=\"og:type\" content=\"article\" \/>\n<meta property=\"og:title\" content=\"L\u00e0 o\u00f9 tout a commenc\u00e9 \u2013 Illustration \u00e0 l&#039;aquarelle personnalis\u00e9e\" \/>\n<meta property=\"og:description\" content=\"T\u00e9l\u00e9chargez votre photo pr\u00e9f\u00e9r\u00e9e 2 r\u00e9visions disponibles \u00e0 votre demande Nos artistes cr\u00e9ent votre illustration personnalis\u00e9e Recevez un aper\u00e7u sous 2 \u00e0 3 jours ouvr\u00e9s Plusieurs formats d\u2019impression disponibles\" \/>\n<meta property=\"og:url\" content=\"https:\/\/positiveprints.com\/fr\/produit\/la-ou-tout-a-commence-illustration-a-laquarelle-personnalisee\/\" \/>\n<meta property=\"og:site_name\" content=\"Positive Prints\" \/>\n<meta property=\"article:publisher\" content=\"https:\/\/www.facebook.com\/positiveprintscom\" \/>\n<meta property=\"article:modified_time\" content=\"2026-04-03T01:22:25+00:00\" \/>\n<meta property=\"og:image\" content=\"https:\/\/positiveprints.com\/wp-content\/uploads\/2025\/09\/La\u0300-ou\u0300-tout-a-commence\u0301-Illustration-a\u0300-laquarelle-personnalise\u0301e-Packshot_FR_XX.webp\" \/>\n\t<meta property=\"og:image:width\" content=\"1450\" \/>\n\t<meta property=\"og:image:height\" content=\"1450\" \/>\n\t<meta property=\"og:image:type\" content=\"image\/webp\" \/>\n<meta name=\"twitter:card\" content=\"summary_large_image\" \/>\n<meta name=\"twitter:label1\" content=\"Dur\u00e9e de lecture estim\u00e9e\" \/>\n\t<meta name=\"twitter:data1\" content=\"1 minute\" \/>\n<!-- \/ Yoast SEO Premium plugin. -->","yoast_head_json":{"title":"L\u00e0 o\u00f9 tout a commenc\u00e9 \u2013 Illustration \u00e0 l\u2019aquarelle personnalis\u00e9e - Positive Prints","description":"C\u00e9l\u00e9brez le lieu de votre rencontre avec une illustration aquarelle personnalis\u00e9e. Un cadeau romantique pour la Saint-Valentin, un anniversaire ou toute autre date symbolique.","robots":{"index":"index","follow":"follow","max-snippet":"max-snippet:-1","max-image-preview":"max-image-preview:large","max-video-preview":"max-video-preview:-1"},"canonical":"https:\/\/positiveprints.com\/fr\/produit\/la-ou-tout-a-commence-illustration-a-laquarelle-personnalisee\/","og_locale":"fr_FR","og_type":"article","og_title":"L\u00e0 o\u00f9 tout a commenc\u00e9 \u2013 Illustration \u00e0 l'aquarelle personnalis\u00e9e","og_description":"T\u00e9l\u00e9chargez votre photo pr\u00e9f\u00e9r\u00e9e 2 r\u00e9visions disponibles \u00e0 votre demande Nos artistes cr\u00e9ent votre illustration personnalis\u00e9e Recevez un aper\u00e7u sous 2 \u00e0 3 jours ouvr\u00e9s Plusieurs formats d\u2019impression disponibles","og_url":"https:\/\/positiveprints.com\/fr\/produit\/la-ou-tout-a-commence-illustration-a-laquarelle-personnalisee\/","og_site_name":"Positive Prints","article_publisher":"https:\/\/www.facebook.com\/positiveprintscom","article_modified_time":"2026-04-03T01:22:25+00:00","og_image":[{"width":1450,"height":1450,"url":"https:\/\/positiveprints.com\/wp-content\/uploads\/2025\/09\/La\u0300-ou\u0300-tout-a-commence\u0301-Illustration-a\u0300-laquarelle-personnalise\u0301e-Packshot_FR_XX.webp","type":"image\/webp"}],"twitter_card":"summary_large_image","twitter_misc":{"Dur\u00e9e de lecture estim\u00e9e":"1 minute"},"schema":{"@context":"https:\/\/schema.org","@graph":[{"@type":["WebPage","ItemPage"],"@id":"https:\/\/positiveprints.com\/fr\/produit\/la-ou-tout-a-commence-illustration-a-laquarelle-personnalisee\/","url":"https:\/\/positiveprints.com\/fr\/produit\/la-ou-tout-a-commence-illustration-a-laquarelle-personnalisee\/","name":"L\u00e0 o\u00f9 tout a commenc\u00e9 \u2013 Illustration \u00e0 l\u2019aquarelle personnalis\u00e9e - Positive Prints","isPartOf":{"@id":"https:\/\/positiveprints.com\/fr\/#website"},"primaryImageOfPage":{"@id":"https:\/\/positiveprints.com\/fr\/produit\/la-ou-tout-a-commence-illustration-a-laquarelle-personnalisee\/#primaryimage"},"image":{"@id":"https:\/\/positiveprints.com\/fr\/produit\/la-ou-tout-a-commence-illustration-a-laquarelle-personnalisee\/#primaryimage"},"thumbnailUrl":"https:\/\/positiveprints.com\/wp-content\/uploads\/2025\/09\/La\u0300-ou\u0300-tout-a-commence\u0301-Illustration-a\u0300-laquarelle-personnalise\u0301e-Packshot_FR_XX.webp","datePublished":"2025-09-15T14:39:11+00:00","dateModified":"2026-04-03T01:22:25+00:00","description":"C\u00e9l\u00e9brez le lieu de votre rencontre avec une illustration aquarelle personnalis\u00e9e. Un cadeau romantique pour la Saint-Valentin, un anniversaire ou toute autre date symbolique.","breadcrumb":{"@id":"https:\/\/positiveprints.com\/fr\/produit\/la-ou-tout-a-commence-illustration-a-laquarelle-personnalisee\/#breadcrumb"},"inLanguage":"fr-FR","potentialAction":[{"@type":"ReadAction","target":["https:\/\/positiveprints.com\/fr\/produit\/la-ou-tout-a-commence-illustration-a-laquarelle-personnalisee\/"]}]},{"@type":"ImageObject","inLanguage":"fr-FR","@id":"https:\/\/positiveprints.com\/fr\/produit\/la-ou-tout-a-commence-illustration-a-laquarelle-personnalisee\/#primaryimage","url":"https:\/\/positiveprints.com\/wp-content\/uploads\/2025\/09\/La\u0300-ou\u0300-tout-a-commence\u0301-Illustration-a\u0300-laquarelle-personnalise\u0301e-Packshot_FR_XX.webp","contentUrl":"https:\/\/positiveprints.com\/wp-content\/uploads\/2025\/09\/La\u0300-ou\u0300-tout-a-commence\u0301-Illustration-a\u0300-laquarelle-personnalise\u0301e-Packshot_FR_XX.webp","width":1450,"height":1450,"caption":"L\u00e0 o\u00f9 tout a commenc\u00e9 \u2013 Illustration \u00e0 l\u2019aquarelle personnalis\u00e9e"},{"@type":"BreadcrumbList","@id":"https:\/\/positiveprints.com\/fr\/produit\/la-ou-tout-a-commence-illustration-a-laquarelle-personnalisee\/#breadcrumb","itemListElement":[{"@type":"ListItem","position":1,"name":"Home","item":"https:\/\/positiveprints.com\/fr\/"},{"@type":"ListItem","position":2,"name":"Produits","item":"https:\/\/positiveprints.com\/fr\/shop\/"},{"@type":"ListItem","position":3,"name":"L\u00e0 o\u00f9 tout a commenc\u00e9 \u2013 Illustration \u00e0 l\u2019aquarelle personnalis\u00e9e"}]},{"@type":"WebSite","@id":"https:\/\/positiveprints.com\/fr\/#website","url":"https:\/\/positiveprints.com\/fr\/","name":"Positive Prints","description":"Amazing Custom Personalized Gifts","publisher":{"@id":"https:\/\/positiveprints.com\/fr\/#organization"},"potentialAction":[{"@type":"SearchAction","target":{"@type":"EntryPoint","urlTemplate":"https:\/\/positiveprints.com\/fr\/?s={search_term_string}"},"query-input":{"@type":"PropertyValueSpecification","valueRequired":true,"valueName":"search_term_string"}}],"inLanguage":"fr-FR"},{"@type":"Organization","@id":"https:\/\/positiveprints.com\/fr\/#organization","name":"Positive Prints","alternateName":"Positive Prints","url":"https:\/\/positiveprints.com\/fr\/","logo":{"@type":"ImageObject","inLanguage":"fr-FR","@id":"https:\/\/positiveprints.com\/fr\/#\/schema\/logo\/image\/","url":"https:\/\/positiveprints.com\/wp-content\/uploads\/2026\/03\/245815646_1337939713319158_5671353136411139666_n.png","contentUrl":"https:\/\/positiveprints.com\/wp-content\/uploads\/2026\/03\/245815646_1337939713319158_5671353136411139666_n.png","width":800,"height":800,"caption":"Positive Prints"},"image":{"@id":"https:\/\/positiveprints.com\/fr\/#\/schema\/logo\/image\/"},"sameAs":["https:\/\/www.facebook.com\/positiveprintscom","https:\/\/www.instagram.com\/positiveprintscom\/","https:\/\/www.tiktok.com\/@positiveprintscom","https:\/\/www.pinterest.com\/positiveprintscom\/"]}]}},"jetpack_sharing_enabled":true,"_links":{"self":[{"href":"https:\/\/positiveprints.com\/fr\/wp-json\/wp\/v2\/product\/1516677","targetHints":{"allow":["GET"]}}],"collection":[{"href":"https:\/\/positiveprints.com\/fr\/wp-json\/wp\/v2\/product"}],"about":[{"href":"https:\/\/positiveprints.com\/fr\/wp-json\/wp\/v2\/types\/product"}],"wp:featuredmedia":[{"embeddable":true,"href":"https:\/\/positiveprints.com\/fr\/wp-json\/wp\/v2\/media\/1517389"}],"wp:attachment":[{"href":"https:\/\/positiveprints.com\/fr\/wp-json\/wp\/v2\/media?parent=1516677"}],"wp:term":[{"taxonomy":"product_brand","embeddable":true,"href":"https:\/\/positiveprints.com\/fr\/wp-json\/wp\/v2\/product_brand?post=1516677"},{"taxonomy":"product_cat","embeddable":true,"href":"https:\/\/positiveprints.com\/fr\/wp-json\/wp\/v2\/product_cat?post=1516677"},{"taxonomy":"product_tag","embeddable":true,"href":"https:\/\/positiveprints.com\/fr\/wp-json\/wp\/v2\/product_tag?post=1516677"}],"curies":[{"name":"wp","href":"https:\/\/api.w.org\/{rel}","templated":true}]}}