{"id":1503861,"date":"2025-08-21T13:07:18","date_gmt":"2025-08-21T11:07:18","guid":{"rendered":"https:\/\/positiveprints.com\/?post_type=product&#038;p=1503861"},"modified":"2026-04-12T19:17:03","modified_gmt":"2026-04-12T18:17:03","slug":"portrait-personnalise-danimal-de-compagnie","status":"publish","type":"product","link":"https:\/\/positiveprints.com\/fr\/produit\/portrait-personnalise-danimal-de-compagnie\/","title":{"rendered":"Portrait Personnalis\u00e9 d&#8217;Animal de Compagnie"},"content":{"rendered":"","protected":false},"excerpt":{"rendered":"<ul class=\"check-list\">\n<li>T\u00e9l\u00e9chargez votre photo pr\u00e9f\u00e9r\u00e9e de votre animal<\/li>\n<li>2 r\u00e9visions disponibles \u00e0 votre demande<\/li>\n<li>Nos artistes transforment votre photo en v\u00e9ritable \u0153uvre d\u2019art<\/li>\n<li>Recevez un aper\u00e7u sous 2 \u00e0 3 jours ouvr\u00e9s<\/li>\n<li>Choisissez parmi plusieurs formats d\u2019impression<\/li>\n<\/ul>\n","protected":false},"featured_media":1504591,"template":"","meta":[],"product_brand":[],"product_cat":[15109,8243,8982,9760,13592,104,264],"product_tag":[15942,13426,13228,13332,13331,11790,13455,13465,11793,11792,11794,11760,11767,11795,11753,15218,14858,17443,17442,17441,17440,15894],"class_list":{"0":"post-1503861","1":"product","2":"type-product","3":"status-publish","4":"has-post-thumbnail","6":"product_cat-bestsellers-menu-fr","7":"product_cat-digital-products-fr","8":"product_cat-nouveautes","9":"product_cat-trending-label-fr","10":"product_cat-aquarelle","11":"product_cat-tous-les-produits","12":"product_cat-creators-fr-2","13":"product_tag-cadeau-de-noel-pour-enfants","14":"product_tag-cadeau-de-noel-pour-soeur","15":"product_tag-cadeau-de-noel-pour-un-collegue","16":"product_tag-cadeau-de-noel-pour-un-grand-pere","17":"product_tag-cadeau-de-noel-pour-une-grand-mere","18":"product_tag-cadeaux-de-noel-pour-elle","19":"product_tag-cadeaux-de-noel-pour-frere","20":"product_tag-cadeaux-de-noel-pour-la-famille","21":"product_tag-cadeaux-de-noel-pour-le-mari","22":"product_tag-cadeaux-de-noel-pour-lui","23":"product_tag-cadeaux-de-noel-pour-maman","24":"product_tag-cadeaux-de-noel-pour-papa","25":"product_tag-cadeaux-de-noel-pour-sa-copine","26":"product_tag-cadeaux-de-noel-pour-sa-femme","27":"product_tag-cadeaux-de-noel-pour-son-petit-copain","28":"product_tag-christmas-gifts-for-friends-fr","29":"product_tag-creators-fr-2","30":"product_tag-prezenty-pod-choinke-dla-chlopaka-fr","31":"product_tag-prezenty-pod-choinke-dla-dziewczyny-fr","32":"product_tag-prezenty-pod-choinke-dla-niego-fr","33":"product_tag-prezenty-pod-choinke-dla-niej-fr","34":"product_tag-regali-di-natale-per-mamma-fr","36":"first","37":"instock","38":"sale","39":"taxable","40":"shipping-taxable","41":"purchasable","42":"product-type-variable"},"yoast_head":"<!-- This site is optimized with the Yoast SEO Premium plugin v27.2 (Yoast SEO v27.2) - https:\/\/yoast.com\/product\/yoast-seo-premium-wordpress\/ -->\n<title>Portrait Personnalis\u00e9 d\u2019Animal de Compagnie - Positive Prints<\/title>\n<meta name=\"description\" content=\"Transformez une photo pr\u00e9f\u00e9r\u00e9e de votre chien, chat ou autre animal de compagnie en une magnifique impression personnalis\u00e9e. Un cadeau attentionn\u00e9 pour les amoureux des animaux et une fa\u00e7on unique d&#039;honorer votre compagnon \u00e0 quatre pattes.\" \/>\n<meta name=\"robots\" content=\"index, follow, max-snippet:-1, max-image-preview:large, max-video-preview:-1\" \/>\n<link rel=\"canonical\" href=\"https:\/\/positiveprints.com\/fr\/produit\/portrait-personnalise-danimal-de-compagnie\/\" \/>\n<meta property=\"og:locale\" content=\"fr_FR\" \/>\n<meta property=\"og:type\" content=\"article\" \/>\n<meta property=\"og:title\" content=\"Portrait Personnalis\u00e9 d&#039;Animal de Compagnie\" \/>\n<meta property=\"og:description\" content=\"T\u00e9l\u00e9chargez votre photo pr\u00e9f\u00e9r\u00e9e de votre animal 2 r\u00e9visions disponibles \u00e0 votre demande Nos artistes transforment votre photo en v\u00e9ritable \u0153uvre d\u2019art Recevez un aper\u00e7u sous 2 \u00e0 3 jours ouvr\u00e9s Choisissez parmi plusieurs formats d\u2019impression\" \/>\n<meta property=\"og:url\" content=\"https:\/\/positiveprints.com\/fr\/produit\/portrait-personnalise-danimal-de-compagnie\/\" \/>\n<meta property=\"og:site_name\" content=\"Positive Prints\" \/>\n<meta property=\"article:publisher\" content=\"https:\/\/www.facebook.com\/positiveprintscom\" \/>\n<meta property=\"article:modified_time\" content=\"2026-04-12T18:17:03+00:00\" \/>\n<meta property=\"og:image\" content=\"https:\/\/positiveprints.com\/wp-content\/uploads\/2025\/08\/Packshot_FR_Portrait-Personnalise\u0301-dAnimal-de-Compagnie.webp\" \/>\n\t<meta property=\"og:image:width\" content=\"1450\" \/>\n\t<meta property=\"og:image:height\" content=\"1450\" \/>\n\t<meta property=\"og:image:type\" content=\"image\/webp\" \/>\n<meta name=\"twitter:card\" content=\"summary_large_image\" \/>\n<meta name=\"twitter:label1\" content=\"Dur\u00e9e de lecture estim\u00e9e\" \/>\n\t<meta name=\"twitter:data1\" content=\"1 minute\" \/>\n<!-- \/ Yoast SEO Premium plugin. -->","yoast_head_json":{"title":"Portrait Personnalis\u00e9 d\u2019Animal de Compagnie - Positive Prints","description":"Transformez une photo pr\u00e9f\u00e9r\u00e9e de votre chien, chat ou autre animal de compagnie en une magnifique impression personnalis\u00e9e. Un cadeau attentionn\u00e9 pour les amoureux des animaux et une fa\u00e7on unique d'honorer votre compagnon \u00e0 quatre pattes.","robots":{"index":"index","follow":"follow","max-snippet":"max-snippet:-1","max-image-preview":"max-image-preview:large","max-video-preview":"max-video-preview:-1"},"canonical":"https:\/\/positiveprints.com\/fr\/produit\/portrait-personnalise-danimal-de-compagnie\/","og_locale":"fr_FR","og_type":"article","og_title":"Portrait Personnalis\u00e9 d'Animal de Compagnie","og_description":"T\u00e9l\u00e9chargez votre photo pr\u00e9f\u00e9r\u00e9e de votre animal 2 r\u00e9visions disponibles \u00e0 votre demande Nos artistes transforment votre photo en v\u00e9ritable \u0153uvre d\u2019art Recevez un aper\u00e7u sous 2 \u00e0 3 jours ouvr\u00e9s Choisissez parmi plusieurs formats d\u2019impression","og_url":"https:\/\/positiveprints.com\/fr\/produit\/portrait-personnalise-danimal-de-compagnie\/","og_site_name":"Positive Prints","article_publisher":"https:\/\/www.facebook.com\/positiveprintscom","article_modified_time":"2026-04-12T18:17:03+00:00","og_image":[{"width":1450,"height":1450,"url":"https:\/\/positiveprints.com\/wp-content\/uploads\/2025\/08\/Packshot_FR_Portrait-Personnalise\u0301-dAnimal-de-Compagnie.webp","type":"image\/webp"}],"twitter_card":"summary_large_image","twitter_misc":{"Dur\u00e9e de lecture estim\u00e9e":"1 minute"},"schema":{"@context":"https:\/\/schema.org","@graph":[{"@type":["WebPage","ItemPage"],"@id":"https:\/\/positiveprints.com\/fr\/produit\/portrait-personnalise-danimal-de-compagnie\/","url":"https:\/\/positiveprints.com\/fr\/produit\/portrait-personnalise-danimal-de-compagnie\/","name":"Portrait Personnalis\u00e9 d\u2019Animal de Compagnie - Positive Prints","isPartOf":{"@id":"https:\/\/positiveprints.com\/fr\/#website"},"primaryImageOfPage":{"@id":"https:\/\/positiveprints.com\/fr\/produit\/portrait-personnalise-danimal-de-compagnie\/#primaryimage"},"image":{"@id":"https:\/\/positiveprints.com\/fr\/produit\/portrait-personnalise-danimal-de-compagnie\/#primaryimage"},"thumbnailUrl":"https:\/\/positiveprints.com\/wp-content\/uploads\/2025\/08\/Packshot_FR_Portrait-Personnalise\u0301-dAnimal-de-Compagnie.webp","datePublished":"2025-08-21T11:07:18+00:00","dateModified":"2026-04-12T18:17:03+00:00","description":"Transformez une photo pr\u00e9f\u00e9r\u00e9e de votre chien, chat ou autre animal de compagnie en une magnifique impression personnalis\u00e9e. Un cadeau attentionn\u00e9 pour les amoureux des animaux et une fa\u00e7on unique d'honorer votre compagnon \u00e0 quatre pattes.","breadcrumb":{"@id":"https:\/\/positiveprints.com\/fr\/produit\/portrait-personnalise-danimal-de-compagnie\/#breadcrumb"},"inLanguage":"fr-FR","potentialAction":[{"@type":"ReadAction","target":["https:\/\/positiveprints.com\/fr\/produit\/portrait-personnalise-danimal-de-compagnie\/"]}]},{"@type":"ImageObject","inLanguage":"fr-FR","@id":"https:\/\/positiveprints.com\/fr\/produit\/portrait-personnalise-danimal-de-compagnie\/#primaryimage","url":"https:\/\/positiveprints.com\/wp-content\/uploads\/2025\/08\/Packshot_FR_Portrait-Personnalise\u0301-dAnimal-de-Compagnie.webp","contentUrl":"https:\/\/positiveprints.com\/wp-content\/uploads\/2025\/08\/Packshot_FR_Portrait-Personnalise\u0301-dAnimal-de-Compagnie.webp","width":1450,"height":1450,"caption":"Portrait Personnalise\u0301 d\u2019Animal de Compagnie"},{"@type":"BreadcrumbList","@id":"https:\/\/positiveprints.com\/fr\/produit\/portrait-personnalise-danimal-de-compagnie\/#breadcrumb","itemListElement":[{"@type":"ListItem","position":1,"name":"Home","item":"https:\/\/positiveprints.com\/fr\/"},{"@type":"ListItem","position":2,"name":"Produits","item":"https:\/\/positiveprints.com\/fr\/shop\/"},{"@type":"ListItem","position":3,"name":"Portrait Personnalis\u00e9 d\u2019Animal de Compagnie"}]},{"@type":"WebSite","@id":"https:\/\/positiveprints.com\/fr\/#website","url":"https:\/\/positiveprints.com\/fr\/","name":"Positive Prints","description":"Amazing Custom Personalized Gifts","publisher":{"@id":"https:\/\/positiveprints.com\/fr\/#organization"},"potentialAction":[{"@type":"SearchAction","target":{"@type":"EntryPoint","urlTemplate":"https:\/\/positiveprints.com\/fr\/?s={search_term_string}"},"query-input":{"@type":"PropertyValueSpecification","valueRequired":true,"valueName":"search_term_string"}}],"inLanguage":"fr-FR"},{"@type":"Organization","@id":"https:\/\/positiveprints.com\/fr\/#organization","name":"Positive Prints","alternateName":"Positive Prints","url":"https:\/\/positiveprints.com\/fr\/","logo":{"@type":"ImageObject","inLanguage":"fr-FR","@id":"https:\/\/positiveprints.com\/fr\/#\/schema\/logo\/image\/","url":"https:\/\/positiveprints.com\/wp-content\/uploads\/2026\/03\/245815646_1337939713319158_5671353136411139666_n.png","contentUrl":"https:\/\/positiveprints.com\/wp-content\/uploads\/2026\/03\/245815646_1337939713319158_5671353136411139666_n.png","width":800,"height":800,"caption":"Positive Prints"},"image":{"@id":"https:\/\/positiveprints.com\/fr\/#\/schema\/logo\/image\/"},"sameAs":["https:\/\/www.facebook.com\/positiveprintscom","https:\/\/www.instagram.com\/positiveprintscom\/","https:\/\/www.tiktok.com\/@positiveprintscom","https:\/\/www.pinterest.com\/positiveprintscom\/"]}]}},"jetpack_sharing_enabled":true,"_links":{"self":[{"href":"https:\/\/positiveprints.com\/fr\/wp-json\/wp\/v2\/product\/1503861","targetHints":{"allow":["GET"]}}],"collection":[{"href":"https:\/\/positiveprints.com\/fr\/wp-json\/wp\/v2\/product"}],"about":[{"href":"https:\/\/positiveprints.com\/fr\/wp-json\/wp\/v2\/types\/product"}],"wp:featuredmedia":[{"embeddable":true,"href":"https:\/\/positiveprints.com\/fr\/wp-json\/wp\/v2\/media\/1504591"}],"wp:attachment":[{"href":"https:\/\/positiveprints.com\/fr\/wp-json\/wp\/v2\/media?parent=1503861"}],"wp:term":[{"taxonomy":"product_brand","embeddable":true,"href":"https:\/\/positiveprints.com\/fr\/wp-json\/wp\/v2\/product_brand?post=1503861"},{"taxonomy":"product_cat","embeddable":true,"href":"https:\/\/positiveprints.com\/fr\/wp-json\/wp\/v2\/product_cat?post=1503861"},{"taxonomy":"product_tag","embeddable":true,"href":"https:\/\/positiveprints.com\/fr\/wp-json\/wp\/v2\/product_tag?post=1503861"}],"curies":[{"name":"wp","href":"https:\/\/api.w.org\/{rel}","templated":true}]}}