{"id":1501768,"date":"2024-07-08T07:00:18","date_gmt":"2024-07-08T06:00:18","guid":{"rendered":"https:\/\/positiveprints.com\/product\/waxing-crescent-moon-art\/"},"modified":"2026-04-18T03:58:11","modified_gmt":"2026-04-18T02:58:11","slug":"affiche-personnalisee-premier-croissant-de-lune","status":"publish","type":"product","link":"https:\/\/positiveprints.com\/fr\/produit\/affiche-personnalisee-premier-croissant-de-lune\/","title":{"rendered":"Affiche personnalis\u00e9e premier croissant de Lune"},"content":{"rendered":"","protected":false},"excerpt":{"rendered":"<ul class=\"check-list\">\n<li>Recr\u00e9ez la phase unique de la lune<\/li>\n<li>Personnalisez votre design en 3 \u00e9tapes simples<\/li>\n<li>Choisissez parmi une vari\u00e9t\u00e9 de designs \u00e9poustouflants<\/li>\n<li>Visualisez le r\u00e9sultat imm\u00e9diatement &#8211; l\u2019aper\u00e7u interactif vous permet de peaufiner chaque d\u00e9tail<\/li>\n<\/ul>\n","protected":false},"featured_media":1500357,"template":"","meta":[],"product_brand":[],"product_cat":[104,7210],"product_tag":[13627,13940],"class_list":{"0":"post-1501768","1":"product","2":"type-product","3":"status-publish","4":"has-post-thumbnail","6":"product_cat-tous-les-produits","7":"product_cat-moon-fr","8":"product_tag-moon-phase-fr","9":"product_tag-waxing-crescent-moon-fr","11":"first","12":"instock","13":"sale","14":"taxable","15":"shipping-taxable","16":"purchasable","17":"product-type-variable"},"yoast_head":"<!-- This site is optimized with the Yoast SEO Premium plugin v27.2 (Yoast SEO v27.2) - https:\/\/yoast.com\/product\/yoast-seo-premium-wordpress\/ -->\n<title>Affiche personnalis\u00e9e premier croissant de Lune - Positive Prints<\/title>\n<meta name=\"description\" content=\"Notre Affiche personnalis\u00e9e premier croissant de Lune est le cadeau id\u00e9al pour un anniversaire, un anniversaire de mariage ou toute occasion sp\u00e9ciale. Offrez un pr\u00e9sent qui capture la magie de la lune.\" \/>\n<meta name=\"robots\" content=\"index, follow, max-snippet:-1, max-image-preview:large, max-video-preview:-1\" \/>\n<link rel=\"canonical\" href=\"https:\/\/positiveprints.com\/fr\/produit\/affiche-personnalisee-premier-croissant-de-lune\/\" \/>\n<meta property=\"og:locale\" content=\"fr_FR\" \/>\n<meta property=\"og:type\" content=\"article\" \/>\n<meta property=\"og:title\" content=\"Affiche personnalis\u00e9e premier croissant de Lune\" \/>\n<meta property=\"og:description\" content=\"Recr\u00e9ez la phase unique de la lune Personnalisez votre design en 3 \u00e9tapes simples Choisissez parmi une vari\u00e9t\u00e9 de designs \u00e9poustouflants Visualisez le r\u00e9sultat imm\u00e9diatement - l\u2019aper\u00e7u interactif vous permet de peaufiner chaque d\u00e9tail\" \/>\n<meta property=\"og:url\" content=\"https:\/\/positiveprints.com\/fr\/produit\/affiche-personnalisee-premier-croissant-de-lune\/\" \/>\n<meta property=\"og:site_name\" content=\"Positive Prints\" \/>\n<meta property=\"article:publisher\" content=\"https:\/\/www.facebook.com\/positiveprintscom\" \/>\n<meta property=\"article:modified_time\" content=\"2026-04-18T02:58:11+00:00\" \/>\n<meta property=\"og:image\" content=\"https:\/\/positiveprints.com\/wp-content\/uploads\/2025\/08\/Packshot_EN_Waxing-Crescent-Moon.webp\" \/>\n\t<meta property=\"og:image:width\" content=\"1450\" \/>\n\t<meta property=\"og:image:height\" content=\"1450\" \/>\n\t<meta property=\"og:image:type\" content=\"image\/webp\" \/>\n<meta name=\"twitter:card\" content=\"summary_large_image\" \/>\n<meta name=\"twitter:label1\" content=\"Dur\u00e9e de lecture estim\u00e9e\" \/>\n\t<meta name=\"twitter:data1\" content=\"1 minute\" \/>\n<!-- \/ Yoast SEO Premium plugin. -->","yoast_head_json":{"title":"Affiche personnalis\u00e9e premier croissant de Lune - Positive Prints","description":"Notre Affiche personnalis\u00e9e premier croissant de Lune est le cadeau id\u00e9al pour un anniversaire, un anniversaire de mariage ou toute occasion sp\u00e9ciale. Offrez un pr\u00e9sent qui capture la magie de la lune.","robots":{"index":"index","follow":"follow","max-snippet":"max-snippet:-1","max-image-preview":"max-image-preview:large","max-video-preview":"max-video-preview:-1"},"canonical":"https:\/\/positiveprints.com\/fr\/produit\/affiche-personnalisee-premier-croissant-de-lune\/","og_locale":"fr_FR","og_type":"article","og_title":"Affiche personnalis\u00e9e premier croissant de Lune","og_description":"Recr\u00e9ez la phase unique de la lune Personnalisez votre design en 3 \u00e9tapes simples Choisissez parmi une vari\u00e9t\u00e9 de designs \u00e9poustouflants Visualisez le r\u00e9sultat imm\u00e9diatement - l\u2019aper\u00e7u interactif vous permet de peaufiner chaque d\u00e9tail","og_url":"https:\/\/positiveprints.com\/fr\/produit\/affiche-personnalisee-premier-croissant-de-lune\/","og_site_name":"Positive Prints","article_publisher":"https:\/\/www.facebook.com\/positiveprintscom","article_modified_time":"2026-04-18T02:58:11+00:00","og_image":[{"width":1450,"height":1450,"url":"https:\/\/positiveprints.com\/wp-content\/uploads\/2025\/08\/Packshot_EN_Waxing-Crescent-Moon.webp","type":"image\/webp"}],"twitter_card":"summary_large_image","twitter_misc":{"Dur\u00e9e de lecture estim\u00e9e":"1 minute"},"schema":{"@context":"https:\/\/schema.org","@graph":[{"@type":["WebPage","ItemPage"],"@id":"https:\/\/positiveprints.com\/fr\/produit\/affiche-personnalisee-premier-croissant-de-lune\/","url":"https:\/\/positiveprints.com\/fr\/produit\/affiche-personnalisee-premier-croissant-de-lune\/","name":"Affiche personnalis\u00e9e premier croissant de Lune - Positive Prints","isPartOf":{"@id":"https:\/\/positiveprints.com\/fr\/#website"},"primaryImageOfPage":{"@id":"https:\/\/positiveprints.com\/fr\/produit\/affiche-personnalisee-premier-croissant-de-lune\/#primaryimage"},"image":{"@id":"https:\/\/positiveprints.com\/fr\/produit\/affiche-personnalisee-premier-croissant-de-lune\/#primaryimage"},"thumbnailUrl":"https:\/\/positiveprints.com\/wp-content\/uploads\/2025\/08\/Packshot_FR_Premier-croissant.webp","datePublished":"2024-07-08T06:00:18+00:00","dateModified":"2026-04-18T02:58:11+00:00","description":"Notre Affiche personnalis\u00e9e premier croissant de Lune est le cadeau id\u00e9al pour un anniversaire, un anniversaire de mariage ou toute occasion sp\u00e9ciale. Offrez un pr\u00e9sent qui capture la magie de la lune.","breadcrumb":{"@id":"https:\/\/positiveprints.com\/fr\/produit\/affiche-personnalisee-premier-croissant-de-lune\/#breadcrumb"},"inLanguage":"fr-FR","potentialAction":[{"@type":"ReadAction","target":["https:\/\/positiveprints.com\/fr\/produit\/affiche-personnalisee-premier-croissant-de-lune\/"]}]},{"@type":"ImageObject","inLanguage":"fr-FR","@id":"https:\/\/positiveprints.com\/fr\/produit\/affiche-personnalisee-premier-croissant-de-lune\/#primaryimage","url":"https:\/\/positiveprints.com\/wp-content\/uploads\/2025\/08\/Packshot_FR_Premier-croissant.webp","contentUrl":"https:\/\/positiveprints.com\/wp-content\/uploads\/2025\/08\/Packshot_FR_Premier-croissant.webp","width":1450,"height":1450},{"@type":"BreadcrumbList","@id":"https:\/\/positiveprints.com\/fr\/produit\/affiche-personnalisee-premier-croissant-de-lune\/#breadcrumb","itemListElement":[{"@type":"ListItem","position":1,"name":"Home","item":"https:\/\/positiveprints.com\/fr\/"},{"@type":"ListItem","position":2,"name":"Produits","item":"https:\/\/positiveprints.com\/fr\/shop\/"},{"@type":"ListItem","position":3,"name":"Affiche personnalis\u00e9e premier croissant de Lune"}]},{"@type":"WebSite","@id":"https:\/\/positiveprints.com\/fr\/#website","url":"https:\/\/positiveprints.com\/fr\/","name":"Positive Prints","description":"Amazing Custom Personalized Gifts","publisher":{"@id":"https:\/\/positiveprints.com\/fr\/#organization"},"potentialAction":[{"@type":"SearchAction","target":{"@type":"EntryPoint","urlTemplate":"https:\/\/positiveprints.com\/fr\/?s={search_term_string}"},"query-input":{"@type":"PropertyValueSpecification","valueRequired":true,"valueName":"search_term_string"}}],"inLanguage":"fr-FR"},{"@type":"Organization","@id":"https:\/\/positiveprints.com\/fr\/#organization","name":"Positive Prints","alternateName":"Positive Prints","url":"https:\/\/positiveprints.com\/fr\/","logo":{"@type":"ImageObject","inLanguage":"fr-FR","@id":"https:\/\/positiveprints.com\/fr\/#\/schema\/logo\/image\/","url":"https:\/\/positiveprints.com\/wp-content\/uploads\/2026\/03\/245815646_1337939713319158_5671353136411139666_n.png","contentUrl":"https:\/\/positiveprints.com\/wp-content\/uploads\/2026\/03\/245815646_1337939713319158_5671353136411139666_n.png","width":800,"height":800,"caption":"Positive Prints"},"image":{"@id":"https:\/\/positiveprints.com\/fr\/#\/schema\/logo\/image\/"},"sameAs":["https:\/\/www.facebook.com\/positiveprintscom","https:\/\/www.instagram.com\/positiveprintscom\/","https:\/\/www.tiktok.com\/@positiveprintscom","https:\/\/www.pinterest.com\/positiveprintscom\/"]}]}},"jetpack_sharing_enabled":true,"_links":{"self":[{"href":"https:\/\/positiveprints.com\/fr\/wp-json\/wp\/v2\/product\/1501768","targetHints":{"allow":["GET"]}}],"collection":[{"href":"https:\/\/positiveprints.com\/fr\/wp-json\/wp\/v2\/product"}],"about":[{"href":"https:\/\/positiveprints.com\/fr\/wp-json\/wp\/v2\/types\/product"}],"wp:featuredmedia":[{"embeddable":true,"href":"https:\/\/positiveprints.com\/fr\/wp-json\/wp\/v2\/media\/1500357"}],"wp:attachment":[{"href":"https:\/\/positiveprints.com\/fr\/wp-json\/wp\/v2\/media?parent=1501768"}],"wp:term":[{"taxonomy":"product_brand","embeddable":true,"href":"https:\/\/positiveprints.com\/fr\/wp-json\/wp\/v2\/product_brand?post=1501768"},{"taxonomy":"product_cat","embeddable":true,"href":"https:\/\/positiveprints.com\/fr\/wp-json\/wp\/v2\/product_cat?post=1501768"},{"taxonomy":"product_tag","embeddable":true,"href":"https:\/\/positiveprints.com\/fr\/wp-json\/wp\/v2\/product_tag?post=1501768"}],"curies":[{"name":"wp","href":"https:\/\/api.w.org\/{rel}","templated":true}]}}