{"id":1499290,"date":"2025-08-20T11:55:12","date_gmt":"2025-08-20T09:55:12","guid":{"rendered":"https:\/\/positiveprints.com\/?post_type=product&#038;p=1499290"},"modified":"2026-04-03T02:23:35","modified_gmt":"2026-04-03T01:23:35","slug":"portrait-royal-de-chien","status":"publish","type":"product","link":"https:\/\/positiveprints.com\/fr\/produit\/portrait-royal-de-chien\/","title":{"rendered":"Portrait Royal de Chien"},"content":{"rendered":"","protected":false},"excerpt":{"rendered":"<ul class=\"check-list\">\n<li>T\u00e9l\u00e9chargez votre photo pr\u00e9f\u00e9r\u00e9e de votre animal<\/li>\n<li>2 r\u00e9visions disponibles \u00e0 votre demande<\/li>\n<li>Nos artistes transforment votre photo en v\u00e9ritable \u0153uvre d\u2019art<\/li>\n<li>Recevez un aper\u00e7u sous 2 \u00e0 3 jours ouvr\u00e9s<\/li>\n<li>Choisissez parmi plusieurs formats d\u2019impression<\/li>\n<\/ul>\n","protected":false},"featured_media":1499514,"template":"","meta":[],"product_brand":[],"product_cat":[13592,104,7893],"product_tag":[15627,13898,13901,13902,13899,13904,16105,16106,16108,16107,13903],"class_list":{"0":"post-1499290","1":"product","2":"type-product","3":"status-publish","4":"has-post-thumbnail","6":"product_cat-aquarelle","7":"product_cat-tous-les-produits","8":"product_cat-cadeaux-pour-amoureux-des-chiens","9":"product_tag-animals-fr","10":"product_tag-cadeaux-personnalises-pour-chiens","11":"product_tag-cadeaux-pour-amoureux-des-chiens","12":"product_tag-cadeaux-pour-maman-chien","13":"product_tag-cadeaux-pour-papa-chien","14":"product_tag-cadeaux-pour-proprietaires-de-chiens","15":"product_tag-custom-dog-gifts-fr","16":"product_tag-dog-mom-gifts-fr","17":"product_tag-dog-owner-fr","18":"product_tag-gifts-for-dog-owners-fr","19":"product_tag-proprietaire-de-chien","21":"first","22":"instock","23":"sale","24":"taxable","25":"shipping-taxable","26":"purchasable","27":"product-type-variable"},"yoast_head":"<!-- This site is optimized with the Yoast SEO Premium plugin v27.2 (Yoast SEO v27.2) - https:\/\/yoast.com\/product\/yoast-seo-premium-wordpress\/ -->\n<title>Portrait Royal de Chien - Positive Prints<\/title>\n<meta name=\"description\" content=\"Offrez \u00e0 votre chien le traitement royal qu\u2019il m\u00e9rite avec un portrait personnalis\u00e9 et amusant en tenue de noble. Un cadeau hilarant et charmant pour un ma\u00eetre qui adore son chien.\" \/>\n<meta name=\"robots\" content=\"index, follow, max-snippet:-1, max-image-preview:large, max-video-preview:-1\" \/>\n<link rel=\"canonical\" href=\"https:\/\/positiveprints.com\/fr\/produit\/portrait-royal-de-chien\/\" \/>\n<meta property=\"og:locale\" content=\"fr_FR\" \/>\n<meta property=\"og:type\" content=\"article\" \/>\n<meta property=\"og:title\" content=\"Portrait Royal de Chien\" \/>\n<meta property=\"og:description\" content=\"T\u00e9l\u00e9chargez votre photo pr\u00e9f\u00e9r\u00e9e de votre animal 2 r\u00e9visions disponibles \u00e0 votre demande Nos artistes transforment votre photo en v\u00e9ritable \u0153uvre d\u2019art Recevez un aper\u00e7u sous 2 \u00e0 3 jours ouvr\u00e9s Choisissez parmi plusieurs formats d\u2019impression\" \/>\n<meta property=\"og:url\" content=\"https:\/\/positiveprints.com\/fr\/produit\/portrait-royal-de-chien\/\" \/>\n<meta property=\"og:site_name\" content=\"Positive Prints\" \/>\n<meta property=\"article:publisher\" content=\"https:\/\/www.facebook.com\/positiveprintscom\" \/>\n<meta property=\"article:modified_time\" content=\"2026-04-03T01:23:35+00:00\" \/>\n<meta property=\"og:image\" content=\"https:\/\/positiveprints.com\/wp-content\/uploads\/2025\/08\/Packshot_FR_Portrait-Royal-de-Chien.webp\" \/>\n\t<meta property=\"og:image:width\" content=\"1450\" \/>\n\t<meta property=\"og:image:height\" content=\"1450\" \/>\n\t<meta property=\"og:image:type\" content=\"image\/webp\" \/>\n<meta name=\"twitter:card\" content=\"summary_large_image\" \/>\n<meta name=\"twitter:label1\" content=\"Dur\u00e9e de lecture estim\u00e9e\" \/>\n\t<meta name=\"twitter:data1\" content=\"1 minute\" \/>\n<!-- \/ Yoast SEO Premium plugin. -->","yoast_head_json":{"title":"Portrait Royal de Chien - Positive Prints","description":"Offrez \u00e0 votre chien le traitement royal qu\u2019il m\u00e9rite avec un portrait personnalis\u00e9 et amusant en tenue de noble. Un cadeau hilarant et charmant pour un ma\u00eetre qui adore son chien.","robots":{"index":"index","follow":"follow","max-snippet":"max-snippet:-1","max-image-preview":"max-image-preview:large","max-video-preview":"max-video-preview:-1"},"canonical":"https:\/\/positiveprints.com\/fr\/produit\/portrait-royal-de-chien\/","og_locale":"fr_FR","og_type":"article","og_title":"Portrait Royal de Chien","og_description":"T\u00e9l\u00e9chargez votre photo pr\u00e9f\u00e9r\u00e9e de votre animal 2 r\u00e9visions disponibles \u00e0 votre demande Nos artistes transforment votre photo en v\u00e9ritable \u0153uvre d\u2019art Recevez un aper\u00e7u sous 2 \u00e0 3 jours ouvr\u00e9s Choisissez parmi plusieurs formats d\u2019impression","og_url":"https:\/\/positiveprints.com\/fr\/produit\/portrait-royal-de-chien\/","og_site_name":"Positive Prints","article_publisher":"https:\/\/www.facebook.com\/positiveprintscom","article_modified_time":"2026-04-03T01:23:35+00:00","og_image":[{"width":1450,"height":1450,"url":"https:\/\/positiveprints.com\/wp-content\/uploads\/2025\/08\/Packshot_FR_Portrait-Royal-de-Chien.webp","type":"image\/webp"}],"twitter_card":"summary_large_image","twitter_misc":{"Dur\u00e9e de lecture estim\u00e9e":"1 minute"},"schema":{"@context":"https:\/\/schema.org","@graph":[{"@type":["WebPage","ItemPage"],"@id":"https:\/\/positiveprints.com\/fr\/produit\/portrait-royal-de-chien\/","url":"https:\/\/positiveprints.com\/fr\/produit\/portrait-royal-de-chien\/","name":"Portrait Royal de Chien - Positive Prints","isPartOf":{"@id":"https:\/\/positiveprints.com\/fr\/#website"},"primaryImageOfPage":{"@id":"https:\/\/positiveprints.com\/fr\/produit\/portrait-royal-de-chien\/#primaryimage"},"image":{"@id":"https:\/\/positiveprints.com\/fr\/produit\/portrait-royal-de-chien\/#primaryimage"},"thumbnailUrl":"https:\/\/positiveprints.com\/wp-content\/uploads\/2025\/08\/Packshot_FR_Portrait-Royal-de-Chien.webp","datePublished":"2025-08-20T09:55:12+00:00","dateModified":"2026-04-03T01:23:35+00:00","description":"Offrez \u00e0 votre chien le traitement royal qu\u2019il m\u00e9rite avec un portrait personnalis\u00e9 et amusant en tenue de noble. Un cadeau hilarant et charmant pour un ma\u00eetre qui adore son chien.","breadcrumb":{"@id":"https:\/\/positiveprints.com\/fr\/produit\/portrait-royal-de-chien\/#breadcrumb"},"inLanguage":"fr-FR","potentialAction":[{"@type":"ReadAction","target":["https:\/\/positiveprints.com\/fr\/produit\/portrait-royal-de-chien\/"]}]},{"@type":"ImageObject","inLanguage":"fr-FR","@id":"https:\/\/positiveprints.com\/fr\/produit\/portrait-royal-de-chien\/#primaryimage","url":"https:\/\/positiveprints.com\/wp-content\/uploads\/2025\/08\/Packshot_FR_Portrait-Royal-de-Chien.webp","contentUrl":"https:\/\/positiveprints.com\/wp-content\/uploads\/2025\/08\/Packshot_FR_Portrait-Royal-de-Chien.webp","width":1450,"height":1450,"caption":"Portrait Royal de Chien"},{"@type":"BreadcrumbList","@id":"https:\/\/positiveprints.com\/fr\/produit\/portrait-royal-de-chien\/#breadcrumb","itemListElement":[{"@type":"ListItem","position":1,"name":"Home","item":"https:\/\/positiveprints.com\/fr\/"},{"@type":"ListItem","position":2,"name":"Produits","item":"https:\/\/positiveprints.com\/fr\/shop\/"},{"@type":"ListItem","position":3,"name":"Portrait Royal de Chien"}]},{"@type":"WebSite","@id":"https:\/\/positiveprints.com\/fr\/#website","url":"https:\/\/positiveprints.com\/fr\/","name":"Positive Prints","description":"Amazing Custom Personalized Gifts","publisher":{"@id":"https:\/\/positiveprints.com\/fr\/#organization"},"potentialAction":[{"@type":"SearchAction","target":{"@type":"EntryPoint","urlTemplate":"https:\/\/positiveprints.com\/fr\/?s={search_term_string}"},"query-input":{"@type":"PropertyValueSpecification","valueRequired":true,"valueName":"search_term_string"}}],"inLanguage":"fr-FR"},{"@type":"Organization","@id":"https:\/\/positiveprints.com\/fr\/#organization","name":"Positive Prints","alternateName":"Positive Prints","url":"https:\/\/positiveprints.com\/fr\/","logo":{"@type":"ImageObject","inLanguage":"fr-FR","@id":"https:\/\/positiveprints.com\/fr\/#\/schema\/logo\/image\/","url":"https:\/\/positiveprints.com\/wp-content\/uploads\/2026\/03\/245815646_1337939713319158_5671353136411139666_n.png","contentUrl":"https:\/\/positiveprints.com\/wp-content\/uploads\/2026\/03\/245815646_1337939713319158_5671353136411139666_n.png","width":800,"height":800,"caption":"Positive Prints"},"image":{"@id":"https:\/\/positiveprints.com\/fr\/#\/schema\/logo\/image\/"},"sameAs":["https:\/\/www.facebook.com\/positiveprintscom","https:\/\/www.instagram.com\/positiveprintscom\/","https:\/\/www.tiktok.com\/@positiveprintscom","https:\/\/www.pinterest.com\/positiveprintscom\/"]}]}},"jetpack_sharing_enabled":true,"_links":{"self":[{"href":"https:\/\/positiveprints.com\/fr\/wp-json\/wp\/v2\/product\/1499290","targetHints":{"allow":["GET"]}}],"collection":[{"href":"https:\/\/positiveprints.com\/fr\/wp-json\/wp\/v2\/product"}],"about":[{"href":"https:\/\/positiveprints.com\/fr\/wp-json\/wp\/v2\/types\/product"}],"wp:featuredmedia":[{"embeddable":true,"href":"https:\/\/positiveprints.com\/fr\/wp-json\/wp\/v2\/media\/1499514"}],"wp:attachment":[{"href":"https:\/\/positiveprints.com\/fr\/wp-json\/wp\/v2\/media?parent=1499290"}],"wp:term":[{"taxonomy":"product_brand","embeddable":true,"href":"https:\/\/positiveprints.com\/fr\/wp-json\/wp\/v2\/product_brand?post=1499290"},{"taxonomy":"product_cat","embeddable":true,"href":"https:\/\/positiveprints.com\/fr\/wp-json\/wp\/v2\/product_cat?post=1499290"},{"taxonomy":"product_tag","embeddable":true,"href":"https:\/\/positiveprints.com\/fr\/wp-json\/wp\/v2\/product_tag?post=1499290"}],"curies":[{"name":"wp","href":"https:\/\/api.w.org\/{rel}","templated":true}]}}