{"id":1486721,"date":"2025-08-05T14:41:08","date_gmt":"2025-08-05T12:41:08","guid":{"rendered":"https:\/\/positiveprints.com\/?post_type=product&#038;p=1486721"},"modified":"2026-04-18T02:31:32","modified_gmt":"2026-04-18T01:31:32","slug":"portrait-personnalise-de-chat","status":"publish","type":"product","link":"https:\/\/positiveprints.com\/fr\/produit\/portrait-personnalise-de-chat\/","title":{"rendered":"Portrait Personnalis\u00e9 de Chat"},"content":{"rendered":"","protected":false},"excerpt":{"rendered":"<ul class=\"check-list\">\n<li>T\u00e9l\u00e9chargez votre photo pr\u00e9f\u00e9r\u00e9e de votre animal<\/li>\n<li>2 r\u00e9visions disponibles \u00e0 votre demande<\/li>\n<li>Nos artistes transforment votre photo en v\u00e9ritable \u0153uvre d\u2019art<\/li>\n<li>Recevez un aper\u00e7u sous 2 \u00e0 3 jours ouvr\u00e9s<\/li>\n<li>Choisissez parmi plusieurs formats d\u2019impression<\/li>\n<\/ul>\n","protected":false},"featured_media":1501264,"template":"","meta":[],"product_brand":[],"product_cat":[8243,9177,13592,104,264,14083],"product_tag":[15441,15627,15392,14874,14872,14873,14876,15620,14858,14871,14861,14875],"class_list":{"0":"post-1486721","1":"product","2":"type-product","3":"status-publish","4":"has-post-thumbnail","6":"product_cat-digital-products-fr","7":"product_cat-line-art-fr","8":"product_cat-aquarelle","9":"product_cat-tous-les-produits","10":"product_cat-creators-fr-2","11":"product_cat-cadeaux-pour-amoureux-des-chats","12":"product_tag-affiche-chat","13":"product_tag-animals-fr","14":"product_tag-animaux","15":"product_tag-cat-dad-gifts-fr","16":"product_tag-cat-lovers-gifts-fr","17":"product_tag-cat-mom-gifts-fr","18":"product_tag-cat-owner-fr","19":"product_tag-cat-print-fr","20":"product_tag-creators-fr-2","21":"product_tag-custom-cat-gifts-fr","22":"product_tag-custom-photo-fr","23":"product_tag-gifts-for-cat-owners-fr","25":"first","26":"instock","27":"sale","28":"taxable","29":"shipping-taxable","30":"purchasable","31":"product-type-variable"},"yoast_head":"<!-- This site is optimized with the Yoast SEO Premium plugin v27.2 (Yoast SEO v27.2) - https:\/\/yoast.com\/product\/yoast-seo-premium-wordpress\/ -->\n<title>Portrait Personnalis\u00e9 de Chat - Positive Prints<\/title>\n<meta name=\"description\" content=\"Transformez la photo de votre chat en un portrait personnalis\u00e9 dessin\u00e9 \u00e0 la main. Un cadeau attentionn\u00e9 pour les amoureux des chats !\" \/>\n<meta name=\"robots\" content=\"index, follow, max-snippet:-1, max-image-preview:large, max-video-preview:-1\" \/>\n<link rel=\"canonical\" href=\"https:\/\/positiveprints.com\/fr\/produit\/portrait-personnalise-de-chat\/\" \/>\n<meta property=\"og:locale\" content=\"fr_FR\" \/>\n<meta property=\"og:type\" content=\"article\" \/>\n<meta property=\"og:title\" content=\"Portrait Personnalis\u00e9 de Chat\" \/>\n<meta property=\"og:description\" content=\"T\u00e9l\u00e9chargez votre photo pr\u00e9f\u00e9r\u00e9e de votre animal  2 r\u00e9visions disponibles \u00e0 votre demande  Nos artistes transforment votre photo en v\u00e9ritable \u0153uvre d\u2019art  Recevez un aper\u00e7u sous 2 \u00e0 3 jours ouvr\u00e9s  Choisissez parmi plusieurs formats d\u2019impression\" \/>\n<meta property=\"og:url\" content=\"https:\/\/positiveprints.com\/fr\/produit\/portrait-personnalise-de-chat\/\" \/>\n<meta property=\"og:site_name\" content=\"Positive Prints\" \/>\n<meta property=\"article:publisher\" content=\"https:\/\/www.facebook.com\/positiveprintscom\" \/>\n<meta property=\"article:modified_time\" content=\"2026-04-18T01:31:32+00:00\" \/>\n<meta property=\"og:image\" content=\"https:\/\/positiveprints.com\/wp-content\/uploads\/2025\/08\/Packshot_FR_Portrait-Personnalise\u0301-de-Chat.webp\" \/>\n\t<meta property=\"og:image:width\" content=\"1450\" \/>\n\t<meta property=\"og:image:height\" content=\"1450\" \/>\n\t<meta property=\"og:image:type\" content=\"image\/webp\" \/>\n<meta name=\"twitter:card\" content=\"summary_large_image\" \/>\n<meta name=\"twitter:label1\" content=\"Dur\u00e9e de lecture estim\u00e9e\" \/>\n\t<meta name=\"twitter:data1\" content=\"1 minute\" \/>\n<!-- \/ Yoast SEO Premium plugin. -->","yoast_head_json":{"title":"Portrait Personnalis\u00e9 de Chat - Positive Prints","description":"Transformez la photo de votre chat en un portrait personnalis\u00e9 dessin\u00e9 \u00e0 la main. Un cadeau attentionn\u00e9 pour les amoureux des chats !","robots":{"index":"index","follow":"follow","max-snippet":"max-snippet:-1","max-image-preview":"max-image-preview:large","max-video-preview":"max-video-preview:-1"},"canonical":"https:\/\/positiveprints.com\/fr\/produit\/portrait-personnalise-de-chat\/","og_locale":"fr_FR","og_type":"article","og_title":"Portrait Personnalis\u00e9 de Chat","og_description":"T\u00e9l\u00e9chargez votre photo pr\u00e9f\u00e9r\u00e9e de votre animal  2 r\u00e9visions disponibles \u00e0 votre demande  Nos artistes transforment votre photo en v\u00e9ritable \u0153uvre d\u2019art  Recevez un aper\u00e7u sous 2 \u00e0 3 jours ouvr\u00e9s  Choisissez parmi plusieurs formats d\u2019impression","og_url":"https:\/\/positiveprints.com\/fr\/produit\/portrait-personnalise-de-chat\/","og_site_name":"Positive Prints","article_publisher":"https:\/\/www.facebook.com\/positiveprintscom","article_modified_time":"2026-04-18T01:31:32+00:00","og_image":[{"width":1450,"height":1450,"url":"https:\/\/positiveprints.com\/wp-content\/uploads\/2025\/08\/Packshot_FR_Portrait-Personnalise\u0301-de-Chat.webp","type":"image\/webp"}],"twitter_card":"summary_large_image","twitter_misc":{"Dur\u00e9e de lecture estim\u00e9e":"1 minute"},"schema":{"@context":"https:\/\/schema.org","@graph":[{"@type":["WebPage","ItemPage"],"@id":"https:\/\/positiveprints.com\/fr\/produit\/portrait-personnalise-de-chat\/","url":"https:\/\/positiveprints.com\/fr\/produit\/portrait-personnalise-de-chat\/","name":"Portrait Personnalis\u00e9 de Chat - Positive Prints","isPartOf":{"@id":"https:\/\/positiveprints.com\/fr\/#website"},"primaryImageOfPage":{"@id":"https:\/\/positiveprints.com\/fr\/produit\/portrait-personnalise-de-chat\/#primaryimage"},"image":{"@id":"https:\/\/positiveprints.com\/fr\/produit\/portrait-personnalise-de-chat\/#primaryimage"},"thumbnailUrl":"https:\/\/positiveprints.com\/wp-content\/uploads\/2025\/08\/Packshot_FR_Portrait-Personnalise\u0301-de-Chat.webp","datePublished":"2025-08-05T12:41:08+00:00","dateModified":"2026-04-18T01:31:32+00:00","description":"Transformez la photo de votre chat en un portrait personnalis\u00e9 dessin\u00e9 \u00e0 la main. Un cadeau attentionn\u00e9 pour les amoureux des chats !","breadcrumb":{"@id":"https:\/\/positiveprints.com\/fr\/produit\/portrait-personnalise-de-chat\/#breadcrumb"},"inLanguage":"fr-FR","potentialAction":[{"@type":"ReadAction","target":["https:\/\/positiveprints.com\/fr\/produit\/portrait-personnalise-de-chat\/"]}]},{"@type":"ImageObject","inLanguage":"fr-FR","@id":"https:\/\/positiveprints.com\/fr\/produit\/portrait-personnalise-de-chat\/#primaryimage","url":"https:\/\/positiveprints.com\/wp-content\/uploads\/2025\/08\/Packshot_FR_Portrait-Personnalise\u0301-de-Chat.webp","contentUrl":"https:\/\/positiveprints.com\/wp-content\/uploads\/2025\/08\/Packshot_FR_Portrait-Personnalise\u0301-de-Chat.webp","width":1450,"height":1450,"caption":"Packshot_FR_Portrait Personnalise\u0301 de Chat"},{"@type":"BreadcrumbList","@id":"https:\/\/positiveprints.com\/fr\/produit\/portrait-personnalise-de-chat\/#breadcrumb","itemListElement":[{"@type":"ListItem","position":1,"name":"Home","item":"https:\/\/positiveprints.com\/fr\/"},{"@type":"ListItem","position":2,"name":"Produits","item":"https:\/\/positiveprints.com\/fr\/shop\/"},{"@type":"ListItem","position":3,"name":"Portrait Personnalis\u00e9 de Chat"}]},{"@type":"WebSite","@id":"https:\/\/positiveprints.com\/fr\/#website","url":"https:\/\/positiveprints.com\/fr\/","name":"Positive Prints","description":"Amazing Custom Personalized Gifts","publisher":{"@id":"https:\/\/positiveprints.com\/fr\/#organization"},"potentialAction":[{"@type":"SearchAction","target":{"@type":"EntryPoint","urlTemplate":"https:\/\/positiveprints.com\/fr\/?s={search_term_string}"},"query-input":{"@type":"PropertyValueSpecification","valueRequired":true,"valueName":"search_term_string"}}],"inLanguage":"fr-FR"},{"@type":"Organization","@id":"https:\/\/positiveprints.com\/fr\/#organization","name":"Positive Prints","alternateName":"Positive Prints","url":"https:\/\/positiveprints.com\/fr\/","logo":{"@type":"ImageObject","inLanguage":"fr-FR","@id":"https:\/\/positiveprints.com\/fr\/#\/schema\/logo\/image\/","url":"https:\/\/positiveprints.com\/wp-content\/uploads\/2026\/03\/245815646_1337939713319158_5671353136411139666_n.png","contentUrl":"https:\/\/positiveprints.com\/wp-content\/uploads\/2026\/03\/245815646_1337939713319158_5671353136411139666_n.png","width":800,"height":800,"caption":"Positive Prints"},"image":{"@id":"https:\/\/positiveprints.com\/fr\/#\/schema\/logo\/image\/"},"sameAs":["https:\/\/www.facebook.com\/positiveprintscom","https:\/\/www.instagram.com\/positiveprintscom\/","https:\/\/www.tiktok.com\/@positiveprintscom","https:\/\/www.pinterest.com\/positiveprintscom\/"]}]}},"jetpack_sharing_enabled":true,"_links":{"self":[{"href":"https:\/\/positiveprints.com\/fr\/wp-json\/wp\/v2\/product\/1486721","targetHints":{"allow":["GET"]}}],"collection":[{"href":"https:\/\/positiveprints.com\/fr\/wp-json\/wp\/v2\/product"}],"about":[{"href":"https:\/\/positiveprints.com\/fr\/wp-json\/wp\/v2\/types\/product"}],"wp:featuredmedia":[{"embeddable":true,"href":"https:\/\/positiveprints.com\/fr\/wp-json\/wp\/v2\/media\/1501264"}],"wp:attachment":[{"href":"https:\/\/positiveprints.com\/fr\/wp-json\/wp\/v2\/media?parent=1486721"}],"wp:term":[{"taxonomy":"product_brand","embeddable":true,"href":"https:\/\/positiveprints.com\/fr\/wp-json\/wp\/v2\/product_brand?post=1486721"},{"taxonomy":"product_cat","embeddable":true,"href":"https:\/\/positiveprints.com\/fr\/wp-json\/wp\/v2\/product_cat?post=1486721"},{"taxonomy":"product_tag","embeddable":true,"href":"https:\/\/positiveprints.com\/fr\/wp-json\/wp\/v2\/product_tag?post=1486721"}],"curies":[{"name":"wp","href":"https:\/\/api.w.org\/{rel}","templated":true}]}}