{"id":145164,"date":"2021-09-06T13:05:07","date_gmt":"2021-09-06T12:05:07","guid":{"rendered":"https:\/\/positiveprints.com\/?post_type=product&#038;p=145164"},"modified":"2026-04-18T08:04:52","modified_gmt":"2026-04-18T07:04:52","slug":"hello-veux-tu-je-veux","status":"publish","type":"product","link":"https:\/\/positiveprints.com\/fr\/produit\/hello-veux-tu-je-veux\/","title":{"rendered":"Oui, Je Le Veux"},"content":{"rendered":"<p><span style=\"font-weight: 400;\">Oui, je le veux n\u2019est pas qu\u2019une promesse : c\u2019est l\u2019essence d\u2019un cadeau de mariage qui touche le c\u0153ur en c\u00e9l\u00e9brant l\u2019histoire unique de deux personnes qui se sont rencontr\u00e9es, fianc\u00e9es puis unies pour la vie gr\u00e2ce \u00e0 une carte Oui, Je Le Veux.<\/span><\/p>\n<h2><b>Qu&#8217;est-ce qu&#8217;une carte Oui, Je Le Veux ?<\/b><\/h2>\n<p><span style=\"font-weight: 400;\">Vous vous \u00eates d&#8217;abord rencontr\u00e9s, et vos vies n&#8217;ont plus jamais \u00e9t\u00e9 les m\u00eames. Puis vous avez d\u00e9cid\u00e9 que vous ne pouviez tout simplement pas vivre l&#8217;un sans l&#8217;autre et avez choisi de passer le reste de votre vie ensemble. Et enfin, apr\u00e8s des semaines, des mois, voire des ann\u00e9es de pr\u00e9paration, vous vous \u00eates finalement dirig\u00e9s vers l&#8217;autel pour vous dire &#8220;oui&#8221;.<\/span><\/p>\n<p><span style=\"font-weight: 400;\">Chacune de ces merveilleuses \u00e9tapes a eu son propre moment et son propre lieu. Quel que soit le moment ou l\u2019endroit o\u00f9 la magie a op\u00e9r\u00e9, une carte Oui, Je Le Veux vous permet de capturer ces \u00e9v\u00e9nements chers et de les savourer toute votre vie.<\/span><\/p>\n<p><span style=\"font-weight: 400;\">En effet, chaque carte se compose en fait d&#8217;une s\u00e9rie de trois cartes distinctes : la premi\u00e8re met en valeur le lieu de votre premier rendez-vous ou de <\/span><a href=\"https:\/\/positiveprints.com\/fr\/produit\/carte-lieu-de-rencontre\/\"><span style=\"font-weight: 400;\">votre premi\u00e8re rencontre<\/span><\/a><span style=\"font-weight: 400;\">, la deuxi\u00e8me indique l&#8217;endroit o\u00f9 vous avez pos\u00e9 la question et la troisi\u00e8me pr\u00e9sente le lieu de votre mariage. Chacun de ces lieux occupera \u00e0 jamais une place \u00e0 part dans votre c\u0153ur, et il n&#8217;y a pas de meilleur moyen de leur rendre hommage qu&#8217;en transformant vos souvenirs en une magnifique <\/span><a href=\"https:\/\/positiveprints.com\/fr\/produit\/affiche-carte-de-ville-personnalisee\/\"><span style=\"font-weight: 400;\">\u0153uvre d\u2019art sous forme de carte<\/span><\/a><span style=\"font-weight: 400;\">.<\/span><\/p>\n<h2><b>Comment fabriquer votre cadeau de mariage personnalis\u00e9<\/b><\/h2>\n<p><span style=\"font-weight: 400;\">La carte Oui, Je Le Veux constitue l&#8217;un des cadeaux de mariage pr\u00e9f\u00e9r\u00e9s des couples. Chaque carte est con\u00e7ue selon votre histoire, et <\/span><a href=\"https:\/\/positiveprints.com\/fr\/?attachment_id=617724\"><span style=\"font-weight: 400;\">Positive Prints<\/span><\/a><span style=\"font-weight: 400;\"> vous aide \u00e0 cr\u00e9er une superbe carte originale.<\/span><\/p>\n<h3><b>\u00c9tape 1 : S\u00e9lectionnez votre design\u00a0<\/b><\/h3>\n<p><span style=\"font-weight: 400;\">Chacune de nos cartes Oui, Je Le Veux est propos\u00e9e avec plusieurs options de conception, y compris diff\u00e9rentes formes et couleurs. Choisissez celle qui vous aidera \u00e0 partager votre histoire d&#8217;amour avec le monde entier.<\/span><\/p>\n<h3><b>\u00c9tape 2 : G\u00e9rez les moindres d\u00e9tails\u00a0<\/b><\/h3>\n<p><span style=\"font-weight: 400;\">Pour que votre carte soit vraiment personnalis\u00e9e, vous pouvez y ajouter des lignes de texte (paroles de chanson, citations ou phrases pr\u00e9f\u00e9r\u00e9es), ainsi que l&#8217;emplacement de chacun de vos moments cl\u00e9s. Ajoutez un rep\u00e8re si vous le souhaitez et faites briller ces endroits uniques !<\/span><\/p>\n<h3><b>\u00c9tape 3 : S\u00e9lectionnez votre mode de livraison\u00a0<\/b><\/h3>\n<p><span style=\"font-weight: 400;\">Nous vous proposons plusieurs moyens de recevoir votre carte. Profitez d&#8217;une exp\u00e9dition rapide et dans le monde entier pour tous nos tirages papier, y compris les posters, les posters encadr\u00e9s et les toiles. De plus, pour une livraison plus rapide, choisissez l&#8217;option de t\u00e9l\u00e9chargement num\u00e9rique et faites imprimer votre carte sur place. Tous nos formats sont standard pour faciliter l&#8217;encadrement de votre carte-cadeau.<\/span><\/p>\n<h2><b>Comment afficher votre carte Oui, Je Le Veux ?<\/b><\/h2>\n<p><span style=\"font-weight: 400;\">Nombre de nos clients utilisent leurs cartes Oui, Je Le Veux pour les offrir lors de mariages. Vous pouvez \u00e9galement commander votre propre carte et l&#8217;exposer \u00e0 la r\u00e9ception de votre mariage pour que votre entourage puisse d\u00e9couvrir le chemin parcouru ensemble. Trouvez un cadre adapt\u00e9 et accrochez-le chez vous pour que tous ceux qui entrent puissent faire partie de votre histoire.<\/span><\/p>\n<h2><b>Cr\u00e9ez votre impression de carte personnalis\u00e9e d\u00e8s aujourd&#8217;hui !<\/b><\/h2>\n<p><span style=\"font-weight: 400;\">Avez-vous envie de cr\u00e9er votre carte ? Positive Prints vous facilite la t\u00e2che ! Commencez d\u00e8s aujourd&#8217;hui et surprenez votre proche avec une carte Oui, Je Le Veux con\u00e7ue juste pour lui !<\/span><\/p><h2 class=\"wp-block-heading\" id=\"h-questions-frequemment-posees\"><strong>Questions Fr\u00e9quemment Pos\u00e9es<\/strong><\/h2><details class=\"wp-block-details is-layout-flow wp-block-details-is-layout-flow\"><summary><strong>Qu&#8217;est-ce qu&#8217;une carte &#8220;Oui, Je Le Veux&#8221; ?<\/strong><\/summary><p>Une carte &#8220;Oui, Je Le Veux&#8221; est une carte triple personnalis\u00e9e capturant trois moments cl\u00e9s de votre relation. Plus pr\u00e9cis\u00e9ment, elle met en \u00e9vidence o\u00f9 vous vous \u00eates rencontr\u00e9s, fianc\u00e9s et mari\u00e9s. Par cons\u00e9quent, elle capture l&#8217;essence de votre histoire d&#8217;amour en une seule \u0153uvre.\u200b<\/p><\/details><details class=\"wp-block-details is-layout-flow wp-block-details-is-layout-flow\"><summary><strong>Est-ce une carte triple personnalis\u00e9e ?<\/strong><\/summary><p>Oui, chaque carte est enti\u00e8rement personnalis\u00e9e. En effet, elle utilise trois cartes distinctes pour chaque \u00e9tape importante. De plus, vous marquez les adresses exactes avec le symbole choisi. En outre, l&#8217;aper\u00e7u interactif permet de peaufiner chaque d\u00e9tail.\u200b<\/p><\/details><details class=\"wp-block-details is-layout-flow wp-block-details-is-layout-flow\"><summary><strong>Pourquoi est-ce le cadeau id\u00e9al pour un mariage ?<\/strong><\/summary><p>C&#8217;est le cadeau id\u00e9al car il parle au c\u0153ur en c\u00e9l\u00e9brant votre histoire unique. Plus pr\u00e9cis\u00e9ment, c&#8217;est un cadeau de mariage sentimental capturant vos moments chers. Par cons\u00e9quent, c&#8217;est un souvenir magnifique \u00e0 savourer pour toute une vie.\u200b<\/p><\/details><details class=\"wp-block-details is-layout-flow wp-block-details-is-layout-flow\"><summary><strong>Comment cr\u00e9er ma carte &#8220;Oui, Je Le Veux&#8221; ?<\/strong><\/summary><p>Cr\u00e9er votre carte se fait en trois \u00e9tapes. Premi\u00e8rement, s\u00e9lectionnez votre design, forme et couleurs pr\u00e9f\u00e9r\u00e9s. Ensuite, ajoutez les emplacements cl\u00e9s et lignes de texte personnalis\u00e9. Enfin, choisissez le format imprim\u00e9 ou t\u00e9l\u00e9chargement num\u00e9rique.\u200b<\/p><\/details><details class=\"wp-block-details is-layout-flow wp-block-details-is-layout-flow\"><summary><strong>Pour quelles occasions cette carte est-elle parfaite ?<\/strong><\/summary><p>Cette carte est parfaite pour les mariages, anniversaires, Saint-Valentin et No\u00ebl. De plus, elle convient pour les cadeaux de mariage aux jeunes mari\u00e9s. En outre, c&#8217;est id\u00e9al pour c\u00e9l\u00e9brer les jalons importants de votre couple.\u200b<\/p><\/details><details class=\"wp-block-details is-layout-flow wp-block-details-is-layout-flow\"><summary><strong>Dans quels d\u00e9lais puis-je recevoir ma carte ?<\/strong><\/summary><p>Pour un cadeau imm\u00e9diat, choisissez le t\u00e9l\u00e9chargement num\u00e9rique instantan\u00e9, un fichier JPEG haute r\u00e9solution de 300 dpi que vous pouvez imprimer localement. Pour les produits physiques, nous imprimons et exp\u00e9dions localement depuis nos installations en Australie, au Canada, aux \u00c9tats-Unis, au Royaume-Uni et en Europe. Cela garantit une livraison rapide et fiable, souvent en quelques jours seulement.<\/p><\/details>","protected":false},"excerpt":{"rendered":"<ul class=\"check-list\">\n<li>Marquer les adresses exactes avec un symbole choisi<\/li>\n<li>Personnalisez en 3 \u00e9tapes simples<\/li>\n<li>Incluez un texte personnalis\u00e9 significatif<\/li>\n<li>Vois le r\u00e9sultat imm\u00e9diatement \u2013 l\u2019aper\u00e7u interactif te permet de peaufiner chaque d\u00e9tail<\/li>\n<\/ul>\n","protected":false},"featured_media":1240738,"template":"","meta":[],"product_brand":[],"product_cat":[15844,9274,8194,8217,9760,5328,11177,11175,11176,3122,7925,5264,11395,11396,11402,11397,8006,7638,7685,7749,7797,7228,3118,11245,11246],"product_tag":[11790,11793,11792,11795,15519,17441,17440,16279,8477],"class_list":{"0":"post-145164","1":"product","2":"type-product","3":"status-publish","4":"has-post-thumbnail","6":"product_cat-shop-bestsellers-fr","7":"product_cat-bestsellers-label-fr","8":"product_cat-pour-elle","9":"product_cat-pour-lui","10":"product_cat-trending-label-fr","11":"product_cat-cadeaux-de-commemorations","12":"product_cat-cadeaux-danniversaire-pour-couples","13":"product_cat-cadeaux-danniversaire-pour-femme","14":"product_cat-cadeaux-danniversaire-pour-homme","15":"product_cat-cadeaux-de-mariage","16":"product_cat-cadeaux-denterrement-de-vie-de-jeune-fille","17":"product_cat-cadeaux-de-noel","18":"product_cat-cadeaux-de-noel-pour-femme","19":"product_cat-cadeaux-de-noel-pour-homme","20":"product_cat-cadeaux-de-noel-pour-sa-femme","21":"product_cat-cadeaux-de-noel-pour-le-mari","22":"product_cat-cadeaux-pour-hommes","23":"product_cat-cadeaux-pour-mari","24":"product_cat-cadeaux-pour-femmes","25":"product_cat-cadeaux-pour-epouse","26":"product_cat-cadeaux-pour-couple","27":"product_cat-triple-maps-fr","28":"product_cat-cadeaux-saint-valentin","29":"product_cat-cadeaux-de-saint-valentin-pour-elle","30":"product_cat-cadeaux-de-saint-valentin-pour-lui","31":"product_tag-cadeaux-de-noel-pour-elle","32":"product_tag-cadeaux-de-noel-pour-le-mari","33":"product_tag-cadeaux-de-noel-pour-lui","34":"product_tag-cadeaux-de-noel-pour-sa-femme","35":"product_tag-notre-histoire-damour","36":"product_tag-prezenty-pod-choinke-dla-niego-fr","37":"product_tag-prezenty-pod-choinke-dla-niej-fr","38":"product_tag-wedding-fr-2","39":"product_tag-wedding-fr","41":"first","42":"instock","43":"sale","44":"taxable","45":"shipping-taxable","46":"purchasable","47":"product-type-variable"},"yoast_head":"<!-- This site is optimized with the Yoast SEO Premium plugin v27.2 (Yoast SEO v27.2) - https:\/\/yoast.com\/product\/yoast-seo-premium-wordpress\/ -->\n<title>Oui, Je Le Veux -Cadeau de Mariage Original - Positive Prints<\/title>\n<meta name=\"description\" content=\"Se marier \u00e0 son \u00eatre aim\u00e9 est une occasion unique dans une vie. Savourez toutes vos \u00e9tapes sp\u00e9ciales avec une carte Oui, Je Le Veux\" \/>\n<meta name=\"robots\" content=\"index, follow, max-snippet:-1, max-image-preview:large, max-video-preview:-1\" \/>\n<link rel=\"canonical\" href=\"https:\/\/positiveprints.com\/fr\/produit\/hello-veux-tu-je-veux\/\" \/>\n<meta property=\"og:locale\" content=\"fr_FR\" \/>\n<meta property=\"og:type\" content=\"article\" \/>\n<meta property=\"og:title\" content=\"Oui, Je Le Veux\" \/>\n<meta property=\"og:description\" content=\"Marquer les adresses exactes avec un symbole choisi  Personnalisez en 3 \u00e9tapes simples  Incluez un texte personnalis\u00e9 significatif  Vois le r\u00e9sultat imm\u00e9diatement \u2013 l\u2019aper\u00e7u interactif te permet de peaufiner chaque d\u00e9tail\" \/>\n<meta property=\"og:url\" content=\"https:\/\/positiveprints.com\/fr\/produit\/hello-veux-tu-je-veux\/\" \/>\n<meta property=\"og:site_name\" content=\"Positive Prints\" \/>\n<meta property=\"article:publisher\" content=\"https:\/\/www.facebook.com\/positiveprintscom\" \/>\n<meta property=\"article:modified_time\" content=\"2026-04-18T07:04:52+00:00\" \/>\n<meta property=\"og:image\" content=\"https:\/\/positiveprints.com\/wp-content\/uploads\/2024\/10\/Packshot_FR_Hello-WIll-you-I-do-product-image.webp\" \/>\n\t<meta property=\"og:image:width\" content=\"1450\" \/>\n\t<meta property=\"og:image:height\" content=\"1450\" \/>\n\t<meta property=\"og:image:type\" content=\"image\/webp\" \/>\n<meta name=\"twitter:card\" content=\"summary_large_image\" \/>\n<meta name=\"twitter:label1\" content=\"Dur\u00e9e de lecture estim\u00e9e\" \/>\n\t<meta name=\"twitter:data1\" content=\"4 minutes\" \/>\n<!-- \/ Yoast SEO Premium plugin. -->","yoast_head_json":{"title":"Oui, Je Le Veux -Cadeau de Mariage Original - Positive Prints","description":"Se marier \u00e0 son \u00eatre aim\u00e9 est une occasion unique dans une vie. Savourez toutes vos \u00e9tapes sp\u00e9ciales avec une carte Oui, Je Le Veux","robots":{"index":"index","follow":"follow","max-snippet":"max-snippet:-1","max-image-preview":"max-image-preview:large","max-video-preview":"max-video-preview:-1"},"canonical":"https:\/\/positiveprints.com\/fr\/produit\/hello-veux-tu-je-veux\/","og_locale":"fr_FR","og_type":"article","og_title":"Oui, Je Le Veux","og_description":"Marquer les adresses exactes avec un symbole choisi  Personnalisez en 3 \u00e9tapes simples  Incluez un texte personnalis\u00e9 significatif  Vois le r\u00e9sultat imm\u00e9diatement \u2013 l\u2019aper\u00e7u interactif te permet de peaufiner chaque d\u00e9tail","og_url":"https:\/\/positiveprints.com\/fr\/produit\/hello-veux-tu-je-veux\/","og_site_name":"Positive Prints","article_publisher":"https:\/\/www.facebook.com\/positiveprintscom","article_modified_time":"2026-04-18T07:04:52+00:00","og_image":[{"width":1450,"height":1450,"url":"https:\/\/positiveprints.com\/wp-content\/uploads\/2024\/10\/Packshot_FR_Hello-WIll-you-I-do-product-image.webp","type":"image\/webp"}],"twitter_card":"summary_large_image","twitter_misc":{"Dur\u00e9e de lecture estim\u00e9e":"4 minutes"},"schema":{"@context":"https:\/\/schema.org","@graph":[{"@type":["WebPage","ItemPage"],"@id":"https:\/\/positiveprints.com\/fr\/produit\/hello-veux-tu-je-veux\/","url":"https:\/\/positiveprints.com\/fr\/produit\/hello-veux-tu-je-veux\/","name":"Oui, Je Le Veux -Cadeau de Mariage Original - Positive Prints","isPartOf":{"@id":"https:\/\/positiveprints.com\/fr\/#website"},"primaryImageOfPage":{"@id":"https:\/\/positiveprints.com\/fr\/produit\/hello-veux-tu-je-veux\/#primaryimage"},"image":{"@id":"https:\/\/positiveprints.com\/fr\/produit\/hello-veux-tu-je-veux\/#primaryimage"},"thumbnailUrl":"https:\/\/positiveprints.com\/wp-content\/uploads\/2024\/10\/Packshot_FR_Hello-WIll-you-I-do-product-image.webp","datePublished":"2021-09-06T12:05:07+00:00","dateModified":"2026-04-18T07:04:52+00:00","description":"Se marier \u00e0 son \u00eatre aim\u00e9 est une occasion unique dans une vie. Savourez toutes vos \u00e9tapes sp\u00e9ciales avec une carte Oui, Je Le Veux","breadcrumb":{"@id":"https:\/\/positiveprints.com\/fr\/produit\/hello-veux-tu-je-veux\/#breadcrumb"},"inLanguage":"fr-FR","potentialAction":[{"@type":"ReadAction","target":["https:\/\/positiveprints.com\/fr\/produit\/hello-veux-tu-je-veux\/"]}]},{"@type":"ImageObject","inLanguage":"fr-FR","@id":"https:\/\/positiveprints.com\/fr\/produit\/hello-veux-tu-je-veux\/#primaryimage","url":"https:\/\/positiveprints.com\/wp-content\/uploads\/2024\/10\/Packshot_FR_Hello-WIll-you-I-do-product-image.webp","contentUrl":"https:\/\/positiveprints.com\/wp-content\/uploads\/2024\/10\/Packshot_FR_Hello-WIll-you-I-do-product-image.webp","width":1450,"height":1450},{"@type":"BreadcrumbList","@id":"https:\/\/positiveprints.com\/fr\/produit\/hello-veux-tu-je-veux\/#breadcrumb","itemListElement":[{"@type":"ListItem","position":1,"name":"Home","item":"https:\/\/positiveprints.com\/fr\/"},{"@type":"ListItem","position":2,"name":"Produits","item":"https:\/\/positiveprints.com\/fr\/shop\/"},{"@type":"ListItem","position":3,"name":"Oui, Je Le Veux"}]},{"@type":"WebSite","@id":"https:\/\/positiveprints.com\/fr\/#website","url":"https:\/\/positiveprints.com\/fr\/","name":"Positive Prints","description":"Amazing Custom Personalized Gifts","publisher":{"@id":"https:\/\/positiveprints.com\/fr\/#organization"},"potentialAction":[{"@type":"SearchAction","target":{"@type":"EntryPoint","urlTemplate":"https:\/\/positiveprints.com\/fr\/?s={search_term_string}"},"query-input":{"@type":"PropertyValueSpecification","valueRequired":true,"valueName":"search_term_string"}}],"inLanguage":"fr-FR"},{"@type":"Organization","@id":"https:\/\/positiveprints.com\/fr\/#organization","name":"Positive Prints","alternateName":"Positive Prints","url":"https:\/\/positiveprints.com\/fr\/","logo":{"@type":"ImageObject","inLanguage":"fr-FR","@id":"https:\/\/positiveprints.com\/fr\/#\/schema\/logo\/image\/","url":"https:\/\/positiveprints.com\/wp-content\/uploads\/2026\/03\/245815646_1337939713319158_5671353136411139666_n.png","contentUrl":"https:\/\/positiveprints.com\/wp-content\/uploads\/2026\/03\/245815646_1337939713319158_5671353136411139666_n.png","width":800,"height":800,"caption":"Positive Prints"},"image":{"@id":"https:\/\/positiveprints.com\/fr\/#\/schema\/logo\/image\/"},"sameAs":["https:\/\/www.facebook.com\/positiveprintscom","https:\/\/www.instagram.com\/positiveprintscom\/","https:\/\/www.tiktok.com\/@positiveprintscom","https:\/\/www.pinterest.com\/positiveprintscom\/"]}]}},"jetpack_sharing_enabled":true,"_links":{"self":[{"href":"https:\/\/positiveprints.com\/fr\/wp-json\/wp\/v2\/product\/145164","targetHints":{"allow":["GET"]}}],"collection":[{"href":"https:\/\/positiveprints.com\/fr\/wp-json\/wp\/v2\/product"}],"about":[{"href":"https:\/\/positiveprints.com\/fr\/wp-json\/wp\/v2\/types\/product"}],"wp:featuredmedia":[{"embeddable":true,"href":"https:\/\/positiveprints.com\/fr\/wp-json\/wp\/v2\/media\/1240738"}],"wp:attachment":[{"href":"https:\/\/positiveprints.com\/fr\/wp-json\/wp\/v2\/media?parent=145164"}],"wp:term":[{"taxonomy":"product_brand","embeddable":true,"href":"https:\/\/positiveprints.com\/fr\/wp-json\/wp\/v2\/product_brand?post=145164"},{"taxonomy":"product_cat","embeddable":true,"href":"https:\/\/positiveprints.com\/fr\/wp-json\/wp\/v2\/product_cat?post=145164"},{"taxonomy":"product_tag","embeddable":true,"href":"https:\/\/positiveprints.com\/fr\/wp-json\/wp\/v2\/product_tag?post=145164"}],"curies":[{"name":"wp","href":"https:\/\/api.w.org\/{rel}","templated":true}]}}