{"id":1447227,"date":"2025-06-10T09:22:27","date_gmt":"2025-06-10T07:22:27","guid":{"rendered":"https:\/\/positiveprints.com\/?post_type=product&#038;p=1447227"},"modified":"2026-04-28T13:23:58","modified_gmt":"2026-04-28T12:23:58","slug":"tes-etoiles-papa","status":"publish","type":"product","link":"https:\/\/positiveprints.com\/fr\/produit\/tes-etoiles-papa\/","title":{"rendered":"Tes \u00e9toiles, Papa"},"content":{"rendered":"","protected":false},"excerpt":{"rendered":"<ul class=\"check-list\">\n<li>Ajoutez des constellations et la Voie lact\u00e9e<\/li>\n<li>Personnalisez votre design en 3 \u00e9tapes simples<\/li>\n<li>Incluez un texte personnalis\u00e9 significatif<\/li>\n<li>Visualisez le r\u00e9sultat imm\u00e9diatement gr\u00e2ce \u00e0 l\u2019aper\u00e7u interactif <\/li>\n<\/ul>\n","protected":false},"featured_media":1448698,"template":"","meta":[],"product_brand":[],"product_cat":[13019,7337,5264,11391,7973,104],"product_tag":[13684,11760,11107,12582,12583,12581],"class_list":{"0":"post-1447227","1":"product","2":"type-product","3":"status-publish","4":"has-post-thumbnail","6":"product_cat-double-stars-with-photo-fr","7":"product_cat-cadeaux-de-fete-des-peres","8":"product_cat-cadeaux-de-noel","9":"product_cat-cadeaux-de-noel-pour-papa","10":"product_cat-cadeaux-pour-papa","11":"product_cat-tous-les-produits","12":"product_tag-cadeau-de-la-fete-des-peres","13":"product_tag-cadeaux-de-noel-pour-papa","14":"product_tag-father-it-fr","15":"product_tag-fete-des-peres","16":"product_tag-papa-fr-2","17":"product_tag-papa-fr","19":"first","20":"instock","21":"sale","22":"taxable","23":"shipping-taxable","24":"purchasable","25":"product-type-variable"},"yoast_head":"<!-- This site is optimized with the Yoast SEO Premium plugin v27.2 (Yoast SEO v27.2) - https:\/\/yoast.com\/product\/yoast-seo-premium-wordpress\/ -->\n<title>Tes \u00e9toiles, Papa - Positive Prints<\/title>\n<meta name=\"description\" content=\"Offrez \u00e0 votre papa un cadeau unique avec les cartes du ciel de la naissance de ses enfants et une belle photo ensemble. Une fa\u00e7on touchante de lui t\u00e9moigner votre amour avec une affiche \u00e9l\u00e9gante.\" \/>\n<meta name=\"robots\" content=\"index, follow, max-snippet:-1, max-image-preview:large, max-video-preview:-1\" \/>\n<link rel=\"canonical\" href=\"https:\/\/positiveprints.com\/fr\/produit\/tes-etoiles-papa\/\" \/>\n<meta property=\"og:locale\" content=\"fr_FR\" \/>\n<meta property=\"og:type\" content=\"article\" \/>\n<meta property=\"og:title\" content=\"Tes \u00e9toiles, Papa\" \/>\n<meta property=\"og:description\" content=\"Ajoutez des constellations et la Voie lact\u00e9e Personnalisez votre design en 3 \u00e9tapes simples Incluez un texte personnalis\u00e9 significatif Visualisez le r\u00e9sultat imm\u00e9diatement gr\u00e2ce \u00e0 l\u2019aper\u00e7u interactif\" \/>\n<meta property=\"og:url\" content=\"https:\/\/positiveprints.com\/fr\/produit\/tes-etoiles-papa\/\" \/>\n<meta property=\"og:site_name\" content=\"Positive Prints\" \/>\n<meta property=\"article:publisher\" content=\"https:\/\/www.facebook.com\/positiveprintscom\" \/>\n<meta property=\"article:modified_time\" content=\"2026-04-28T12:23:58+00:00\" \/>\n<meta property=\"og:image\" content=\"https:\/\/positiveprints.com\/wp-content\/uploads\/2025\/06\/FR-Packshot-Tes-e\u0301toiles-Papa.webp\" \/>\n\t<meta property=\"og:image:width\" content=\"1450\" \/>\n\t<meta property=\"og:image:height\" content=\"1450\" \/>\n\t<meta property=\"og:image:type\" content=\"image\/webp\" \/>\n<meta name=\"twitter:card\" content=\"summary_large_image\" \/>\n<!-- \/ Yoast SEO Premium plugin. -->","yoast_head_json":{"title":"Tes \u00e9toiles, Papa - Positive Prints","description":"Offrez \u00e0 votre papa un cadeau unique avec les cartes du ciel de la naissance de ses enfants et une belle photo ensemble. Une fa\u00e7on touchante de lui t\u00e9moigner votre amour avec une affiche \u00e9l\u00e9gante.","robots":{"index":"index","follow":"follow","max-snippet":"max-snippet:-1","max-image-preview":"max-image-preview:large","max-video-preview":"max-video-preview:-1"},"canonical":"https:\/\/positiveprints.com\/fr\/produit\/tes-etoiles-papa\/","og_locale":"fr_FR","og_type":"article","og_title":"Tes \u00e9toiles, Papa","og_description":"Ajoutez des constellations et la Voie lact\u00e9e Personnalisez votre design en 3 \u00e9tapes simples Incluez un texte personnalis\u00e9 significatif Visualisez le r\u00e9sultat imm\u00e9diatement gr\u00e2ce \u00e0 l\u2019aper\u00e7u interactif","og_url":"https:\/\/positiveprints.com\/fr\/produit\/tes-etoiles-papa\/","og_site_name":"Positive Prints","article_publisher":"https:\/\/www.facebook.com\/positiveprintscom","article_modified_time":"2026-04-28T12:23:58+00:00","og_image":[{"width":1450,"height":1450,"url":"https:\/\/positiveprints.com\/wp-content\/uploads\/2025\/06\/FR-Packshot-Tes-e\u0301toiles-Papa.webp","type":"image\/webp"}],"twitter_card":"summary_large_image","schema":{"@context":"https:\/\/schema.org","@graph":[{"@type":["WebPage","ItemPage"],"@id":"https:\/\/positiveprints.com\/fr\/produit\/tes-etoiles-papa\/","url":"https:\/\/positiveprints.com\/fr\/produit\/tes-etoiles-papa\/","name":"Tes \u00e9toiles, Papa - Positive Prints","isPartOf":{"@id":"https:\/\/positiveprints.com\/fr\/#website"},"primaryImageOfPage":{"@id":"https:\/\/positiveprints.com\/fr\/produit\/tes-etoiles-papa\/#primaryimage"},"image":{"@id":"https:\/\/positiveprints.com\/fr\/produit\/tes-etoiles-papa\/#primaryimage"},"thumbnailUrl":"https:\/\/positiveprints.com\/wp-content\/uploads\/2025\/06\/FR-Packshot-Tes-e\u0301toiles-Papa.webp","datePublished":"2025-06-10T07:22:27+00:00","dateModified":"2026-04-28T12:23:58+00:00","description":"Offrez \u00e0 votre papa un cadeau unique avec les cartes du ciel de la naissance de ses enfants et une belle photo ensemble. Une fa\u00e7on touchante de lui t\u00e9moigner votre amour avec une affiche \u00e9l\u00e9gante.","breadcrumb":{"@id":"https:\/\/positiveprints.com\/fr\/produit\/tes-etoiles-papa\/#breadcrumb"},"inLanguage":"fr-FR","potentialAction":[{"@type":"ReadAction","target":["https:\/\/positiveprints.com\/fr\/produit\/tes-etoiles-papa\/"]}]},{"@type":"ImageObject","inLanguage":"fr-FR","@id":"https:\/\/positiveprints.com\/fr\/produit\/tes-etoiles-papa\/#primaryimage","url":"https:\/\/positiveprints.com\/wp-content\/uploads\/2025\/06\/FR-Packshot-Tes-e\u0301toiles-Papa.webp","contentUrl":"https:\/\/positiveprints.com\/wp-content\/uploads\/2025\/06\/FR-Packshot-Tes-e\u0301toiles-Papa.webp","width":1450,"height":1450},{"@type":"BreadcrumbList","@id":"https:\/\/positiveprints.com\/fr\/produit\/tes-etoiles-papa\/#breadcrumb","itemListElement":[{"@type":"ListItem","position":1,"name":"Home","item":"https:\/\/positiveprints.com\/fr\/"},{"@type":"ListItem","position":2,"name":"Produits","item":"https:\/\/positiveprints.com\/fr\/shop\/"},{"@type":"ListItem","position":3,"name":"Tes \u00e9toiles, Papa"}]},{"@type":"WebSite","@id":"https:\/\/positiveprints.com\/fr\/#website","url":"https:\/\/positiveprints.com\/fr\/","name":"Positive Prints","description":"Amazing Custom Personalized Gifts","publisher":{"@id":"https:\/\/positiveprints.com\/fr\/#organization"},"potentialAction":[{"@type":"SearchAction","target":{"@type":"EntryPoint","urlTemplate":"https:\/\/positiveprints.com\/fr\/?s={search_term_string}"},"query-input":{"@type":"PropertyValueSpecification","valueRequired":true,"valueName":"search_term_string"}}],"inLanguage":"fr-FR"},{"@type":"Organization","@id":"https:\/\/positiveprints.com\/fr\/#organization","name":"Positive Prints","alternateName":"Positive Prints","url":"https:\/\/positiveprints.com\/fr\/","logo":{"@type":"ImageObject","inLanguage":"fr-FR","@id":"https:\/\/positiveprints.com\/fr\/#\/schema\/logo\/image\/","url":"https:\/\/positiveprints.com\/wp-content\/uploads\/2026\/03\/245815646_1337939713319158_5671353136411139666_n.png","contentUrl":"https:\/\/positiveprints.com\/wp-content\/uploads\/2026\/03\/245815646_1337939713319158_5671353136411139666_n.png","width":800,"height":800,"caption":"Positive Prints"},"image":{"@id":"https:\/\/positiveprints.com\/fr\/#\/schema\/logo\/image\/"},"sameAs":["https:\/\/www.facebook.com\/positiveprintscom","https:\/\/www.instagram.com\/positiveprintscom\/","https:\/\/www.tiktok.com\/@positiveprintscom","https:\/\/www.pinterest.com\/positiveprintscom\/"]}]}},"jetpack_sharing_enabled":true,"_links":{"self":[{"href":"https:\/\/positiveprints.com\/fr\/wp-json\/wp\/v2\/product\/1447227","targetHints":{"allow":["GET"]}}],"collection":[{"href":"https:\/\/positiveprints.com\/fr\/wp-json\/wp\/v2\/product"}],"about":[{"href":"https:\/\/positiveprints.com\/fr\/wp-json\/wp\/v2\/types\/product"}],"wp:featuredmedia":[{"embeddable":true,"href":"https:\/\/positiveprints.com\/fr\/wp-json\/wp\/v2\/media\/1448698"}],"wp:attachment":[{"href":"https:\/\/positiveprints.com\/fr\/wp-json\/wp\/v2\/media?parent=1447227"}],"wp:term":[{"taxonomy":"product_brand","embeddable":true,"href":"https:\/\/positiveprints.com\/fr\/wp-json\/wp\/v2\/product_brand?post=1447227"},{"taxonomy":"product_cat","embeddable":true,"href":"https:\/\/positiveprints.com\/fr\/wp-json\/wp\/v2\/product_cat?post=1447227"},{"taxonomy":"product_tag","embeddable":true,"href":"https:\/\/positiveprints.com\/fr\/wp-json\/wp\/v2\/product_tag?post=1447227"}],"curies":[{"name":"wp","href":"https:\/\/api.w.org\/{rel}","templated":true}]}}