{"id":1440157,"date":"2025-05-29T13:12:34","date_gmt":"2025-05-29T11:12:34","guid":{"rendered":"https:\/\/positiveprints.com\/?post_type=product&#038;p=1440157"},"modified":"2026-04-28T13:24:39","modified_gmt":"2026-04-28T12:24:39","slug":"definition-de-beau-frere-affiche-personnalisee","status":"publish","type":"product","link":"https:\/\/positiveprints.com\/fr\/produit\/definition-de-beau-frere-affiche-personnalisee\/","title":{"rendered":"D\u00e9finition de Beau-fr\u00e8re \u2013 Affiche personnalis\u00e9e"},"content":{"rendered":"","protected":false},"excerpt":{"rendered":"<ul class=\"check-list\">\n<li>Cr\u00e9ez votre propre d\u00e9finition<\/li>\n<li>Ajoutez votre photo<\/li>\n<li>Personnalisez votre design en 3 \u00e9tapes simples<\/li>\n<li>Visualisez le r\u00e9sultat en direct avec l\u2019aper\u00e7u interactif<\/li>\n<\/ul>\n","protected":false},"featured_media":1440323,"template":"","meta":[],"product_brand":[],"product_cat":[9731,104,7621],"product_tag":[12578,17183,17103,12577],"class_list":{"0":"post-1440157","1":"product","2":"type-product","3":"status-publish","4":"has-post-thumbnail","6":"product_cat-definition-fr","7":"product_cat-tous-les-produits","8":"product_cat-cadeaux-pour-frere","9":"product_tag-cadeau-pour-frere","10":"product_tag-cadeau-pour-frere-fr","11":"product_tag-cadeaux-pour-beau-frere","12":"product_tag-frere","14":"first","15":"instock","16":"sale","17":"taxable","18":"shipping-taxable","19":"purchasable","20":"product-type-variable"},"yoast_head":"<!-- This site is optimized with the Yoast SEO Premium plugin v27.2 (Yoast SEO v27.2) - https:\/\/yoast.com\/product\/yoast-seo-premium-wordpress\/ -->\n<title>D\u00e9finition de Beau-fr\u00e8re \u2013 Affiche personnalis\u00e9e - Positive Prints<\/title>\n<meta name=\"description\" content=\"Vous recherchez un cadeau pour votre beau-fr\u00e8re ? Offrez-lui un poster amusant et sinc\u00e8re avec une d\u00e9finition, une mani\u00e8re astucieuse de lui montrer \u00e0 quel point vous l&#039;appr\u00e9ciez.\" \/>\n<meta name=\"robots\" content=\"index, follow, max-snippet:-1, max-image-preview:large, max-video-preview:-1\" \/>\n<link rel=\"canonical\" href=\"https:\/\/positiveprints.com\/fr\/produit\/definition-de-beau-frere-affiche-personnalisee\/\" \/>\n<meta property=\"og:locale\" content=\"fr_FR\" \/>\n<meta property=\"og:type\" content=\"article\" \/>\n<meta property=\"og:title\" content=\"D\u00e9finition de Beau-fr\u00e8re \u2013 Affiche personnalis\u00e9e\" \/>\n<meta property=\"og:description\" content=\"Cr\u00e9ez votre propre d\u00e9finition Ajoutez votre photo Personnalisez votre design en 3 \u00e9tapes simples Visualisez le r\u00e9sultat en direct avec l\u2019aper\u00e7u interactif\" \/>\n<meta property=\"og:url\" content=\"https:\/\/positiveprints.com\/fr\/produit\/definition-de-beau-frere-affiche-personnalisee\/\" \/>\n<meta property=\"og:site_name\" content=\"Positive Prints\" \/>\n<meta property=\"article:publisher\" content=\"https:\/\/www.facebook.com\/positiveprintscom\" \/>\n<meta property=\"article:modified_time\" content=\"2026-04-28T12:24:39+00:00\" \/>\n<meta property=\"og:image\" content=\"https:\/\/positiveprints.com\/wp-content\/uploads\/2025\/05\/De\u0301finition-de-Beau-fre\u0300re-\u2013-Affiche-personnalise\u0301e-1.webp\" \/>\n\t<meta property=\"og:image:width\" content=\"1450\" \/>\n\t<meta property=\"og:image:height\" content=\"1450\" \/>\n\t<meta property=\"og:image:type\" content=\"image\/webp\" \/>\n<meta name=\"twitter:card\" content=\"summary_large_image\" \/>\n<!-- \/ Yoast SEO Premium plugin. -->","yoast_head_json":{"title":"D\u00e9finition de Beau-fr\u00e8re \u2013 Affiche personnalis\u00e9e - Positive Prints","description":"Vous recherchez un cadeau pour votre beau-fr\u00e8re ? Offrez-lui un poster amusant et sinc\u00e8re avec une d\u00e9finition, une mani\u00e8re astucieuse de lui montrer \u00e0 quel point vous l'appr\u00e9ciez.","robots":{"index":"index","follow":"follow","max-snippet":"max-snippet:-1","max-image-preview":"max-image-preview:large","max-video-preview":"max-video-preview:-1"},"canonical":"https:\/\/positiveprints.com\/fr\/produit\/definition-de-beau-frere-affiche-personnalisee\/","og_locale":"fr_FR","og_type":"article","og_title":"D\u00e9finition de Beau-fr\u00e8re \u2013 Affiche personnalis\u00e9e","og_description":"Cr\u00e9ez votre propre d\u00e9finition Ajoutez votre photo Personnalisez votre design en 3 \u00e9tapes simples Visualisez le r\u00e9sultat en direct avec l\u2019aper\u00e7u interactif","og_url":"https:\/\/positiveprints.com\/fr\/produit\/definition-de-beau-frere-affiche-personnalisee\/","og_site_name":"Positive Prints","article_publisher":"https:\/\/www.facebook.com\/positiveprintscom","article_modified_time":"2026-04-28T12:24:39+00:00","og_image":[{"width":1450,"height":1450,"url":"https:\/\/positiveprints.com\/wp-content\/uploads\/2025\/05\/De\u0301finition-de-Beau-fre\u0300re-\u2013-Affiche-personnalise\u0301e-1.webp","type":"image\/webp"}],"twitter_card":"summary_large_image","schema":{"@context":"https:\/\/schema.org","@graph":[{"@type":["WebPage","ItemPage"],"@id":"https:\/\/positiveprints.com\/fr\/produit\/definition-de-beau-frere-affiche-personnalisee\/","url":"https:\/\/positiveprints.com\/fr\/produit\/definition-de-beau-frere-affiche-personnalisee\/","name":"D\u00e9finition de Beau-fr\u00e8re \u2013 Affiche personnalis\u00e9e - Positive Prints","isPartOf":{"@id":"https:\/\/positiveprints.com\/fr\/#website"},"primaryImageOfPage":{"@id":"https:\/\/positiveprints.com\/fr\/produit\/definition-de-beau-frere-affiche-personnalisee\/#primaryimage"},"image":{"@id":"https:\/\/positiveprints.com\/fr\/produit\/definition-de-beau-frere-affiche-personnalisee\/#primaryimage"},"thumbnailUrl":"https:\/\/positiveprints.com\/wp-content\/uploads\/2025\/05\/De\u0301finition-de-Beau-fre\u0300re-\u2013-Affiche-personnalise\u0301e-1.webp","datePublished":"2025-05-29T11:12:34+00:00","dateModified":"2026-04-28T12:24:39+00:00","description":"Vous recherchez un cadeau pour votre beau-fr\u00e8re ? Offrez-lui un poster amusant et sinc\u00e8re avec une d\u00e9finition, une mani\u00e8re astucieuse de lui montrer \u00e0 quel point vous l'appr\u00e9ciez.","breadcrumb":{"@id":"https:\/\/positiveprints.com\/fr\/produit\/definition-de-beau-frere-affiche-personnalisee\/#breadcrumb"},"inLanguage":"fr-FR","potentialAction":[{"@type":"ReadAction","target":["https:\/\/positiveprints.com\/fr\/produit\/definition-de-beau-frere-affiche-personnalisee\/"]}]},{"@type":"ImageObject","inLanguage":"fr-FR","@id":"https:\/\/positiveprints.com\/fr\/produit\/definition-de-beau-frere-affiche-personnalisee\/#primaryimage","url":"https:\/\/positiveprints.com\/wp-content\/uploads\/2025\/05\/De\u0301finition-de-Beau-fre\u0300re-\u2013-Affiche-personnalise\u0301e-1.webp","contentUrl":"https:\/\/positiveprints.com\/wp-content\/uploads\/2025\/05\/De\u0301finition-de-Beau-fre\u0300re-\u2013-Affiche-personnalise\u0301e-1.webp","width":1450,"height":1450,"caption":"De\u0301finition de Beau-fre\u0300re \u2013 Affiche personnalise\u0301e 1"},{"@type":"BreadcrumbList","@id":"https:\/\/positiveprints.com\/fr\/produit\/definition-de-beau-frere-affiche-personnalisee\/#breadcrumb","itemListElement":[{"@type":"ListItem","position":1,"name":"Home","item":"https:\/\/positiveprints.com\/fr\/"},{"@type":"ListItem","position":2,"name":"Produits","item":"https:\/\/positiveprints.com\/fr\/shop\/"},{"@type":"ListItem","position":3,"name":"D\u00e9finition de Beau-fr\u00e8re \u2013 Affiche personnalis\u00e9e"}]},{"@type":"WebSite","@id":"https:\/\/positiveprints.com\/fr\/#website","url":"https:\/\/positiveprints.com\/fr\/","name":"Positive Prints","description":"Amazing Custom Personalized Gifts","publisher":{"@id":"https:\/\/positiveprints.com\/fr\/#organization"},"potentialAction":[{"@type":"SearchAction","target":{"@type":"EntryPoint","urlTemplate":"https:\/\/positiveprints.com\/fr\/?s={search_term_string}"},"query-input":{"@type":"PropertyValueSpecification","valueRequired":true,"valueName":"search_term_string"}}],"inLanguage":"fr-FR"},{"@type":"Organization","@id":"https:\/\/positiveprints.com\/fr\/#organization","name":"Positive Prints","alternateName":"Positive Prints","url":"https:\/\/positiveprints.com\/fr\/","logo":{"@type":"ImageObject","inLanguage":"fr-FR","@id":"https:\/\/positiveprints.com\/fr\/#\/schema\/logo\/image\/","url":"https:\/\/positiveprints.com\/wp-content\/uploads\/2026\/03\/245815646_1337939713319158_5671353136411139666_n.png","contentUrl":"https:\/\/positiveprints.com\/wp-content\/uploads\/2026\/03\/245815646_1337939713319158_5671353136411139666_n.png","width":800,"height":800,"caption":"Positive Prints"},"image":{"@id":"https:\/\/positiveprints.com\/fr\/#\/schema\/logo\/image\/"},"sameAs":["https:\/\/www.facebook.com\/positiveprintscom","https:\/\/www.instagram.com\/positiveprintscom\/","https:\/\/www.tiktok.com\/@positiveprintscom","https:\/\/www.pinterest.com\/positiveprintscom\/"]}]}},"jetpack_sharing_enabled":true,"_links":{"self":[{"href":"https:\/\/positiveprints.com\/fr\/wp-json\/wp\/v2\/product\/1440157","targetHints":{"allow":["GET"]}}],"collection":[{"href":"https:\/\/positiveprints.com\/fr\/wp-json\/wp\/v2\/product"}],"about":[{"href":"https:\/\/positiveprints.com\/fr\/wp-json\/wp\/v2\/types\/product"}],"wp:featuredmedia":[{"embeddable":true,"href":"https:\/\/positiveprints.com\/fr\/wp-json\/wp\/v2\/media\/1440323"}],"wp:attachment":[{"href":"https:\/\/positiveprints.com\/fr\/wp-json\/wp\/v2\/media?parent=1440157"}],"wp:term":[{"taxonomy":"product_brand","embeddable":true,"href":"https:\/\/positiveprints.com\/fr\/wp-json\/wp\/v2\/product_brand?post=1440157"},{"taxonomy":"product_cat","embeddable":true,"href":"https:\/\/positiveprints.com\/fr\/wp-json\/wp\/v2\/product_cat?post=1440157"},{"taxonomy":"product_tag","embeddable":true,"href":"https:\/\/positiveprints.com\/fr\/wp-json\/wp\/v2\/product_tag?post=1440157"}],"curies":[{"name":"wp","href":"https:\/\/api.w.org\/{rel}","templated":true}]}}