{"id":1436316,"date":"2025-05-27T13:09:28","date_gmt":"2025-05-27T11:09:28","guid":{"rendered":"https:\/\/positiveprints.com\/?post_type=product&#038;p=1436316"},"modified":"2026-04-07T12:17:11","modified_gmt":"2026-04-07T11:17:11","slug":"definition-de-cousin-affiche-personnalisee","status":"publish","type":"product","link":"https:\/\/positiveprints.com\/fr\/produit\/definition-de-cousin-affiche-personnalisee\/","title":{"rendered":"D\u00e9finition de Cousin \u2013 Affiche personnalis\u00e9e"},"content":{"rendered":"","protected":false},"excerpt":{"rendered":"<ul class=\"check-list\">\n<li>Cr\u00e9ez votre propre d\u00e9finition<\/li>\n<li>Ajoutez votre photo<\/li>\n<li>Personnalisez votre design en 3 \u00e9tapes simples<\/li>\n<li>Visualisez le r\u00e9sultat en direct avec l\u2019aper\u00e7u interactif<\/li>\n<\/ul>\n","protected":false},"featured_media":1435408,"template":"","meta":[],"product_brand":[],"product_cat":[9731,104,5264,11398],"product_tag":[15942,16891,17087,16017,16018,8533,16019,16020,16021],"class_list":{"0":"post-1436316","1":"product","2":"type-product","3":"status-publish","4":"has-post-thumbnail","6":"product_cat-definition-fr","7":"product_cat-tous-les-produits","8":"product_cat-cadeaux-de-noel","9":"product_cat-cadeaux-de-noel-pour-les-enfants","10":"product_tag-cadeau-de-noel-pour-enfants","11":"product_tag-cadeaux-pour-adolescents-garcons","12":"product_tag-cadeaux-pour-garcons","13":"product_tag-family-gift-ideas-fr","14":"product_tag-family-gifts-fr","15":"product_tag-family-fr","16":"product_tag-gift-for-family-fr","17":"product_tag-gifts-for-family-fr","18":"product_tag-personalized-family-gifts-fr","20":"first","21":"instock","22":"sale","23":"taxable","24":"shipping-taxable","25":"purchasable","26":"product-type-variable"},"yoast_head":"<!-- This site is optimized with the Yoast SEO Premium plugin v27.2 (Yoast SEO v27.2) - https:\/\/yoast.com\/product\/yoast-seo-premium-wordpress\/ -->\n<title>D\u00e9finition de Cousin \u2013 Affiche personnalis\u00e9e - Positive Prints<\/title>\n<meta name=\"description\" content=\"C\u00e9l\u00e9brez votre cousin avec cette affiche de d\u00e9finition amusante. Un cadeau plein d&#039;humour qui met en valeur les aventures, les blagues priv\u00e9es et les souvenirs inoubliables que vous avez partag\u00e9s ensemble.\" \/>\n<meta name=\"robots\" content=\"index, follow, max-snippet:-1, max-image-preview:large, max-video-preview:-1\" \/>\n<link rel=\"canonical\" href=\"https:\/\/positiveprints.com\/fr\/produit\/definition-de-cousin-affiche-personnalisee\/\" \/>\n<meta property=\"og:locale\" content=\"fr_FR\" \/>\n<meta property=\"og:type\" content=\"article\" \/>\n<meta property=\"og:title\" content=\"D\u00e9finition de Cousin \u2013 Affiche personnalis\u00e9e\" \/>\n<meta property=\"og:description\" content=\"Cr\u00e9ez votre propre d\u00e9finition Ajoutez votre photo Personnalisez votre design en 3 \u00e9tapes simples Visualisez le r\u00e9sultat en direct avec l\u2019aper\u00e7u interactif\" \/>\n<meta property=\"og:url\" content=\"https:\/\/positiveprints.com\/fr\/produit\/definition-de-cousin-affiche-personnalisee\/\" \/>\n<meta property=\"og:site_name\" content=\"Positive Prints\" \/>\n<meta property=\"article:publisher\" content=\"https:\/\/www.facebook.com\/positiveprintscom\" \/>\n<meta property=\"article:modified_time\" content=\"2026-04-07T11:17:11+00:00\" \/>\n<meta property=\"og:image\" content=\"https:\/\/positiveprints.com\/wp-content\/uploads\/2025\/05\/De\u0301finition-de-Cousin-\u2013-Affiche-personnalise\u0301e-1.webp\" \/>\n\t<meta property=\"og:image:width\" content=\"1450\" \/>\n\t<meta property=\"og:image:height\" content=\"1450\" \/>\n\t<meta property=\"og:image:type\" content=\"image\/webp\" \/>\n<meta name=\"twitter:card\" content=\"summary_large_image\" \/>\n<meta name=\"twitter:label1\" content=\"Dur\u00e9e de lecture estim\u00e9e\" \/>\n\t<meta name=\"twitter:data1\" content=\"1 minute\" \/>\n<!-- \/ Yoast SEO Premium plugin. -->","yoast_head_json":{"title":"D\u00e9finition de Cousin \u2013 Affiche personnalis\u00e9e - Positive Prints","description":"C\u00e9l\u00e9brez votre cousin avec cette affiche de d\u00e9finition amusante. Un cadeau plein d'humour qui met en valeur les aventures, les blagues priv\u00e9es et les souvenirs inoubliables que vous avez partag\u00e9s ensemble.","robots":{"index":"index","follow":"follow","max-snippet":"max-snippet:-1","max-image-preview":"max-image-preview:large","max-video-preview":"max-video-preview:-1"},"canonical":"https:\/\/positiveprints.com\/fr\/produit\/definition-de-cousin-affiche-personnalisee\/","og_locale":"fr_FR","og_type":"article","og_title":"D\u00e9finition de Cousin \u2013 Affiche personnalis\u00e9e","og_description":"Cr\u00e9ez votre propre d\u00e9finition Ajoutez votre photo Personnalisez votre design en 3 \u00e9tapes simples Visualisez le r\u00e9sultat en direct avec l\u2019aper\u00e7u interactif","og_url":"https:\/\/positiveprints.com\/fr\/produit\/definition-de-cousin-affiche-personnalisee\/","og_site_name":"Positive Prints","article_publisher":"https:\/\/www.facebook.com\/positiveprintscom","article_modified_time":"2026-04-07T11:17:11+00:00","og_image":[{"width":1450,"height":1450,"url":"https:\/\/positiveprints.com\/wp-content\/uploads\/2025\/05\/De\u0301finition-de-Cousin-\u2013-Affiche-personnalise\u0301e-1.webp","type":"image\/webp"}],"twitter_card":"summary_large_image","twitter_misc":{"Dur\u00e9e de lecture estim\u00e9e":"1 minute"},"schema":{"@context":"https:\/\/schema.org","@graph":[{"@type":["WebPage","ItemPage"],"@id":"https:\/\/positiveprints.com\/fr\/produit\/definition-de-cousin-affiche-personnalisee\/","url":"https:\/\/positiveprints.com\/fr\/produit\/definition-de-cousin-affiche-personnalisee\/","name":"D\u00e9finition de Cousin \u2013 Affiche personnalis\u00e9e - Positive Prints","isPartOf":{"@id":"https:\/\/positiveprints.com\/fr\/#website"},"primaryImageOfPage":{"@id":"https:\/\/positiveprints.com\/fr\/produit\/definition-de-cousin-affiche-personnalisee\/#primaryimage"},"image":{"@id":"https:\/\/positiveprints.com\/fr\/produit\/definition-de-cousin-affiche-personnalisee\/#primaryimage"},"thumbnailUrl":"https:\/\/positiveprints.com\/wp-content\/uploads\/2025\/05\/De\u0301finition-de-Cousin-\u2013-Affiche-personnalise\u0301e-1.webp","datePublished":"2025-05-27T11:09:28+00:00","dateModified":"2026-04-07T11:17:11+00:00","description":"C\u00e9l\u00e9brez votre cousin avec cette affiche de d\u00e9finition amusante. Un cadeau plein d'humour qui met en valeur les aventures, les blagues priv\u00e9es et les souvenirs inoubliables que vous avez partag\u00e9s ensemble.","breadcrumb":{"@id":"https:\/\/positiveprints.com\/fr\/produit\/definition-de-cousin-affiche-personnalisee\/#breadcrumb"},"inLanguage":"fr-FR","potentialAction":[{"@type":"ReadAction","target":["https:\/\/positiveprints.com\/fr\/produit\/definition-de-cousin-affiche-personnalisee\/"]}]},{"@type":"ImageObject","inLanguage":"fr-FR","@id":"https:\/\/positiveprints.com\/fr\/produit\/definition-de-cousin-affiche-personnalisee\/#primaryimage","url":"https:\/\/positiveprints.com\/wp-content\/uploads\/2025\/05\/De\u0301finition-de-Cousin-\u2013-Affiche-personnalise\u0301e-1.webp","contentUrl":"https:\/\/positiveprints.com\/wp-content\/uploads\/2025\/05\/De\u0301finition-de-Cousin-\u2013-Affiche-personnalise\u0301e-1.webp","width":1450,"height":1450},{"@type":"BreadcrumbList","@id":"https:\/\/positiveprints.com\/fr\/produit\/definition-de-cousin-affiche-personnalisee\/#breadcrumb","itemListElement":[{"@type":"ListItem","position":1,"name":"Home","item":"https:\/\/positiveprints.com\/fr\/"},{"@type":"ListItem","position":2,"name":"Produits","item":"https:\/\/positiveprints.com\/fr\/shop\/"},{"@type":"ListItem","position":3,"name":"D\u00e9finition de Cousin \u2013 Affiche personnalis\u00e9e"}]},{"@type":"WebSite","@id":"https:\/\/positiveprints.com\/fr\/#website","url":"https:\/\/positiveprints.com\/fr\/","name":"Positive Prints","description":"Amazing Custom Personalized Gifts","publisher":{"@id":"https:\/\/positiveprints.com\/fr\/#organization"},"potentialAction":[{"@type":"SearchAction","target":{"@type":"EntryPoint","urlTemplate":"https:\/\/positiveprints.com\/fr\/?s={search_term_string}"},"query-input":{"@type":"PropertyValueSpecification","valueRequired":true,"valueName":"search_term_string"}}],"inLanguage":"fr-FR"},{"@type":"Organization","@id":"https:\/\/positiveprints.com\/fr\/#organization","name":"Positive Prints","alternateName":"Positive Prints","url":"https:\/\/positiveprints.com\/fr\/","logo":{"@type":"ImageObject","inLanguage":"fr-FR","@id":"https:\/\/positiveprints.com\/fr\/#\/schema\/logo\/image\/","url":"https:\/\/positiveprints.com\/wp-content\/uploads\/2026\/03\/245815646_1337939713319158_5671353136411139666_n.png","contentUrl":"https:\/\/positiveprints.com\/wp-content\/uploads\/2026\/03\/245815646_1337939713319158_5671353136411139666_n.png","width":800,"height":800,"caption":"Positive Prints"},"image":{"@id":"https:\/\/positiveprints.com\/fr\/#\/schema\/logo\/image\/"},"sameAs":["https:\/\/www.facebook.com\/positiveprintscom","https:\/\/www.instagram.com\/positiveprintscom\/","https:\/\/www.tiktok.com\/@positiveprintscom","https:\/\/www.pinterest.com\/positiveprintscom\/"]}]}},"jetpack_sharing_enabled":true,"_links":{"self":[{"href":"https:\/\/positiveprints.com\/fr\/wp-json\/wp\/v2\/product\/1436316","targetHints":{"allow":["GET"]}}],"collection":[{"href":"https:\/\/positiveprints.com\/fr\/wp-json\/wp\/v2\/product"}],"about":[{"href":"https:\/\/positiveprints.com\/fr\/wp-json\/wp\/v2\/types\/product"}],"wp:featuredmedia":[{"embeddable":true,"href":"https:\/\/positiveprints.com\/fr\/wp-json\/wp\/v2\/media\/1435408"}],"wp:attachment":[{"href":"https:\/\/positiveprints.com\/fr\/wp-json\/wp\/v2\/media?parent=1436316"}],"wp:term":[{"taxonomy":"product_brand","embeddable":true,"href":"https:\/\/positiveprints.com\/fr\/wp-json\/wp\/v2\/product_brand?post=1436316"},{"taxonomy":"product_cat","embeddable":true,"href":"https:\/\/positiveprints.com\/fr\/wp-json\/wp\/v2\/product_cat?post=1436316"},{"taxonomy":"product_tag","embeddable":true,"href":"https:\/\/positiveprints.com\/fr\/wp-json\/wp\/v2\/product_tag?post=1436316"}],"curies":[{"name":"wp","href":"https:\/\/api.w.org\/{rel}","templated":true}]}}