{"id":1431189,"date":"2025-05-23T13:06:42","date_gmt":"2025-05-23T11:06:42","guid":{"rendered":"https:\/\/positiveprints.com\/?post_type=product&#038;p=1431189"},"modified":"2026-04-12T19:37:23","modified_gmt":"2026-04-12T18:37:23","slug":"affiche-line-art-a-partir-dun-dessin-denfant","status":"publish","type":"product","link":"https:\/\/positiveprints.com\/fr\/produit\/affiche-line-art-a-partir-dun-dessin-denfant\/","title":{"rendered":"Affiche Line Art \u00e0 partir d&#8217;un dessin d&#8217;enfant"},"content":{"rendered":"","protected":false},"excerpt":{"rendered":"<ul class=\"check-list\">\n<li>Dessin\u00e9 et envoy\u00e9 pour votre approbation dans les 2-3 jours ouvrables<\/li>\n<li>Personnalisez votre design en 3 \u00e9tapes simples<\/li>\n<li>Choisissez un mod\u00e8le ou faites preuve de cr\u00e9ativit\u00e9<\/li>\n<li>2 r\u00e9visions disponibles \u00e0 la demande<\/li>\n<\/ul>\n","protected":false},"featured_media":1432204,"template":"","meta":[],"product_brand":[],"product_cat":[9177,104,7337,7277,8998,5264,11399,11391,11393,11394,15055,11400,7973,7605,7718,7701],"product_tag":[17335,15661,13332,13331,12580,12579,17209,13465,11794,11760,11107,12587,12582,12585,12586,15898,15882,8404,15899,12581,12583,15894],"class_list":{"0":"post-1431189","1":"product","2":"type-product","3":"status-publish","4":"has-post-thumbnail","6":"product_cat-line-art-fr","7":"product_cat-tous-les-produits","8":"product_cat-cadeaux-de-fete-des-peres","9":"product_cat-cadeaux-de-fete-des-meres","10":"product_cat-fete-des-grands-parents","11":"product_cat-cadeaux-de-noel","12":"product_cat-cadeaux-de-noel-pour-maman","13":"product_cat-cadeaux-de-noel-pour-papa","14":"product_cat-cadeaux-de-noel-pour-mamie","15":"product_cat-cadeaux-de-noel-pour-papi","16":"product_cat-cadeaux-de-noel-pour-la-famille","17":"product_cat-cadeaux-de-noel-pour-les-parents","18":"product_cat-cadeaux-pour-papa","19":"product_cat-cadeaux-pour-grand-pere","20":"product_cat-cadeaux-pour-grand-mere","21":"product_cat-cadeaux-pour-maman","22":"product_tag-cadeau-danniversaire-pour-grand-mere","23":"product_tag-cadeau-danniversaire-pour-grand-pere","24":"product_tag-cadeau-de-noel-pour-un-grand-pere","25":"product_tag-cadeau-de-noel-pour-une-grand-mere","26":"product_tag-cadeau-grand-mere","27":"product_tag-cadeau-grand-pere","28":"product_tag-cadeau-pour-grand-mere","29":"product_tag-cadeaux-de-noel-pour-la-famille","30":"product_tag-cadeaux-de-noel-pour-maman","31":"product_tag-cadeaux-de-noel-pour-papa","32":"product_tag-father-it-fr","33":"product_tag-fete-des-meres","34":"product_tag-fete-des-peres","35":"product_tag-maman","36":"product_tag-maman-fr","37":"product_tag-mamma-fr-2","38":"product_tag-mommy-fr","39":"product_tag-mother-fr","40":"product_tag-mother-it-fr","41":"product_tag-papa-fr","42":"product_tag-papa-fr-2","43":"product_tag-regali-di-natale-per-mamma-fr","45":"first","46":"instock","47":"sale","48":"taxable","49":"shipping-taxable","50":"purchasable","51":"product-type-variable"},"yoast_head":"<!-- This site is optimized with the Yoast SEO Premium plugin v27.2 (Yoast SEO v27.2) - https:\/\/yoast.com\/product\/yoast-seo-premium-wordpress\/ -->\n<title>Affiche Line Art \u00e0 partir d\u2019un dessin d\u2019enfant - Positive Prints<\/title>\n<meta name=\"description\" content=\"Vous recherchez un cadeau unique et sinc\u00e8re ? Transformez le dessin pr\u00e9f\u00e9r\u00e9 de votre enfant en une magnifique illustration minimaliste, une mani\u00e8re intemporelle de c\u00e9l\u00e9brer sa cr\u00e9ativit\u00e9.\" \/>\n<meta name=\"robots\" content=\"index, follow, max-snippet:-1, max-image-preview:large, max-video-preview:-1\" \/>\n<link rel=\"canonical\" href=\"https:\/\/positiveprints.com\/fr\/produit\/affiche-line-art-a-partir-dun-dessin-denfant\/\" \/>\n<meta property=\"og:locale\" content=\"fr_FR\" \/>\n<meta property=\"og:type\" content=\"article\" \/>\n<meta property=\"og:title\" content=\"Affiche Line Art \u00e0 partir d&#039;un dessin d&#039;enfant\" \/>\n<meta property=\"og:description\" content=\"Dessin\u00e9 et envoy\u00e9 pour votre approbation dans les 2-3 jours ouvrables  Personnalisez votre design en 3 \u00e9tapes simples  Choisissez un mod\u00e8le ou faites preuve de cr\u00e9ativit\u00e9  2 r\u00e9visions disponibles \u00e0 la demande\" \/>\n<meta property=\"og:url\" content=\"https:\/\/positiveprints.com\/fr\/produit\/affiche-line-art-a-partir-dun-dessin-denfant\/\" \/>\n<meta property=\"og:site_name\" content=\"Positive Prints\" \/>\n<meta property=\"article:publisher\" content=\"https:\/\/www.facebook.com\/positiveprintscom\" \/>\n<meta property=\"article:modified_time\" content=\"2026-04-12T18:37:23+00:00\" \/>\n<meta property=\"og:image\" content=\"https:\/\/positiveprints.com\/wp-content\/uploads\/2025\/05\/Packshot_FR_dessin_denfant.webp\" \/>\n\t<meta property=\"og:image:width\" content=\"1450\" \/>\n\t<meta property=\"og:image:height\" content=\"1450\" \/>\n\t<meta property=\"og:image:type\" content=\"image\/webp\" \/>\n<meta name=\"twitter:card\" content=\"summary_large_image\" \/>\n<meta name=\"twitter:label1\" content=\"Dur\u00e9e de lecture estim\u00e9e\" \/>\n\t<meta name=\"twitter:data1\" content=\"1 minute\" \/>\n<!-- \/ Yoast SEO Premium plugin. -->","yoast_head_json":{"title":"Affiche Line Art \u00e0 partir d\u2019un dessin d\u2019enfant - Positive Prints","description":"Vous recherchez un cadeau unique et sinc\u00e8re ? Transformez le dessin pr\u00e9f\u00e9r\u00e9 de votre enfant en une magnifique illustration minimaliste, une mani\u00e8re intemporelle de c\u00e9l\u00e9brer sa cr\u00e9ativit\u00e9.","robots":{"index":"index","follow":"follow","max-snippet":"max-snippet:-1","max-image-preview":"max-image-preview:large","max-video-preview":"max-video-preview:-1"},"canonical":"https:\/\/positiveprints.com\/fr\/produit\/affiche-line-art-a-partir-dun-dessin-denfant\/","og_locale":"fr_FR","og_type":"article","og_title":"Affiche Line Art \u00e0 partir d'un dessin d'enfant","og_description":"Dessin\u00e9 et envoy\u00e9 pour votre approbation dans les 2-3 jours ouvrables  Personnalisez votre design en 3 \u00e9tapes simples  Choisissez un mod\u00e8le ou faites preuve de cr\u00e9ativit\u00e9  2 r\u00e9visions disponibles \u00e0 la demande","og_url":"https:\/\/positiveprints.com\/fr\/produit\/affiche-line-art-a-partir-dun-dessin-denfant\/","og_site_name":"Positive Prints","article_publisher":"https:\/\/www.facebook.com\/positiveprintscom","article_modified_time":"2026-04-12T18:37:23+00:00","og_image":[{"width":1450,"height":1450,"url":"https:\/\/positiveprints.com\/wp-content\/uploads\/2025\/05\/Packshot_FR_dessin_denfant.webp","type":"image\/webp"}],"twitter_card":"summary_large_image","twitter_misc":{"Dur\u00e9e de lecture estim\u00e9e":"1 minute"},"schema":{"@context":"https:\/\/schema.org","@graph":[{"@type":["WebPage","ItemPage"],"@id":"https:\/\/positiveprints.com\/fr\/produit\/affiche-line-art-a-partir-dun-dessin-denfant\/","url":"https:\/\/positiveprints.com\/fr\/produit\/affiche-line-art-a-partir-dun-dessin-denfant\/","name":"Affiche Line Art \u00e0 partir d\u2019un dessin d\u2019enfant - Positive Prints","isPartOf":{"@id":"https:\/\/positiveprints.com\/fr\/#website"},"primaryImageOfPage":{"@id":"https:\/\/positiveprints.com\/fr\/produit\/affiche-line-art-a-partir-dun-dessin-denfant\/#primaryimage"},"image":{"@id":"https:\/\/positiveprints.com\/fr\/produit\/affiche-line-art-a-partir-dun-dessin-denfant\/#primaryimage"},"thumbnailUrl":"https:\/\/positiveprints.com\/wp-content\/uploads\/2025\/05\/Packshot_FR_dessin_denfant.webp","datePublished":"2025-05-23T11:06:42+00:00","dateModified":"2026-04-12T18:37:23+00:00","description":"Vous recherchez un cadeau unique et sinc\u00e8re ? Transformez le dessin pr\u00e9f\u00e9r\u00e9 de votre enfant en une magnifique illustration minimaliste, une mani\u00e8re intemporelle de c\u00e9l\u00e9brer sa cr\u00e9ativit\u00e9.","breadcrumb":{"@id":"https:\/\/positiveprints.com\/fr\/produit\/affiche-line-art-a-partir-dun-dessin-denfant\/#breadcrumb"},"inLanguage":"fr-FR","potentialAction":[{"@type":"ReadAction","target":["https:\/\/positiveprints.com\/fr\/produit\/affiche-line-art-a-partir-dun-dessin-denfant\/"]}]},{"@type":"ImageObject","inLanguage":"fr-FR","@id":"https:\/\/positiveprints.com\/fr\/produit\/affiche-line-art-a-partir-dun-dessin-denfant\/#primaryimage","url":"https:\/\/positiveprints.com\/wp-content\/uploads\/2025\/05\/Packshot_FR_dessin_denfant.webp","contentUrl":"https:\/\/positiveprints.com\/wp-content\/uploads\/2025\/05\/Packshot_FR_dessin_denfant.webp","width":1450,"height":1450,"caption":"Packshot_FR_dessin_d\u2019enfant"},{"@type":"BreadcrumbList","@id":"https:\/\/positiveprints.com\/fr\/produit\/affiche-line-art-a-partir-dun-dessin-denfant\/#breadcrumb","itemListElement":[{"@type":"ListItem","position":1,"name":"Home","item":"https:\/\/positiveprints.com\/fr\/"},{"@type":"ListItem","position":2,"name":"Produits","item":"https:\/\/positiveprints.com\/fr\/shop\/"},{"@type":"ListItem","position":3,"name":"Affiche Line Art \u00e0 partir d\u2019un dessin d\u2019enfant"}]},{"@type":"WebSite","@id":"https:\/\/positiveprints.com\/fr\/#website","url":"https:\/\/positiveprints.com\/fr\/","name":"Positive Prints","description":"Amazing Custom Personalized Gifts","publisher":{"@id":"https:\/\/positiveprints.com\/fr\/#organization"},"potentialAction":[{"@type":"SearchAction","target":{"@type":"EntryPoint","urlTemplate":"https:\/\/positiveprints.com\/fr\/?s={search_term_string}"},"query-input":{"@type":"PropertyValueSpecification","valueRequired":true,"valueName":"search_term_string"}}],"inLanguage":"fr-FR"},{"@type":"Organization","@id":"https:\/\/positiveprints.com\/fr\/#organization","name":"Positive Prints","alternateName":"Positive Prints","url":"https:\/\/positiveprints.com\/fr\/","logo":{"@type":"ImageObject","inLanguage":"fr-FR","@id":"https:\/\/positiveprints.com\/fr\/#\/schema\/logo\/image\/","url":"https:\/\/positiveprints.com\/wp-content\/uploads\/2026\/03\/245815646_1337939713319158_5671353136411139666_n.png","contentUrl":"https:\/\/positiveprints.com\/wp-content\/uploads\/2026\/03\/245815646_1337939713319158_5671353136411139666_n.png","width":800,"height":800,"caption":"Positive Prints"},"image":{"@id":"https:\/\/positiveprints.com\/fr\/#\/schema\/logo\/image\/"},"sameAs":["https:\/\/www.facebook.com\/positiveprintscom","https:\/\/www.instagram.com\/positiveprintscom\/","https:\/\/www.tiktok.com\/@positiveprintscom","https:\/\/www.pinterest.com\/positiveprintscom\/"]}]}},"jetpack_sharing_enabled":true,"_links":{"self":[{"href":"https:\/\/positiveprints.com\/fr\/wp-json\/wp\/v2\/product\/1431189","targetHints":{"allow":["GET"]}}],"collection":[{"href":"https:\/\/positiveprints.com\/fr\/wp-json\/wp\/v2\/product"}],"about":[{"href":"https:\/\/positiveprints.com\/fr\/wp-json\/wp\/v2\/types\/product"}],"wp:featuredmedia":[{"embeddable":true,"href":"https:\/\/positiveprints.com\/fr\/wp-json\/wp\/v2\/media\/1432204"}],"wp:attachment":[{"href":"https:\/\/positiveprints.com\/fr\/wp-json\/wp\/v2\/media?parent=1431189"}],"wp:term":[{"taxonomy":"product_brand","embeddable":true,"href":"https:\/\/positiveprints.com\/fr\/wp-json\/wp\/v2\/product_brand?post=1431189"},{"taxonomy":"product_cat","embeddable":true,"href":"https:\/\/positiveprints.com\/fr\/wp-json\/wp\/v2\/product_cat?post=1431189"},{"taxonomy":"product_tag","embeddable":true,"href":"https:\/\/positiveprints.com\/fr\/wp-json\/wp\/v2\/product_tag?post=1431189"}],"curies":[{"name":"wp","href":"https:\/\/api.w.org\/{rel}","templated":true}]}}