{"id":1428931,"date":"2025-05-22T13:02:12","date_gmt":"2025-05-22T11:02:12","guid":{"rendered":"https:\/\/positiveprints.com\/?post_type=product&#038;p=1428931"},"modified":"2026-04-28T13:27:12","modified_gmt":"2026-04-28T12:27:12","slug":"amour-sous-la-lune-et-les-etoiles","status":"publish","type":"product","link":"https:\/\/positiveprints.com\/fr\/produit\/amour-sous-la-lune-et-les-etoiles\/","title":{"rendered":"Amour sous la lune et les \u00e9toiles"},"content":{"rendered":"","protected":false},"excerpt":{"rendered":"<ul class=\"check-list\">\n<li>Carte personnalis\u00e9e des \u00e9toiles et de la lune pour la date et le lieu de votre choix<\/li>\n<li>Personnalisez en 3 \u00e9tapes simples<\/li>\n<li>Faites votre choix parmi une vari\u00e9t\u00e9 de superbes designs<\/li>\n<li>Visualisez imm\u00e9diatement le r\u00e9sultat &#8211; l&#8217;aper\u00e7u interactif vous permet d&#8217;ajuster chaque d\u00e9tail<\/li>\n<\/ul>\n","protected":false},"featured_media":1427546,"template":"","meta":[],"product_brand":[],"product_cat":[9760,104,5328,11177,11175,11176,5264,11395,11396,11392,11388,11402,11397,7670,7638,7781,7749,7797,2878,3118,11245,11246],"product_tag":[14849,14854,14866,14853,14681,11790,11793,11792,11767,11795,11753,14857,14859,14848,14852,14856,17443,17442,17441,17440,14868,14864,14869,14851,14865,14867,14870,14863,14850],"class_list":{"0":"post-1428931","1":"product","2":"type-product","3":"status-publish","4":"has-post-thumbnail","6":"product_cat-trending-label-fr","7":"product_cat-tous-les-produits","8":"product_cat-cadeaux-de-commemorations","9":"product_cat-cadeaux-danniversaire-pour-couples","10":"product_cat-cadeaux-danniversaire-pour-femme","11":"product_cat-cadeaux-danniversaire-pour-homme","12":"product_cat-cadeaux-de-noel","13":"product_cat-cadeaux-de-noel-pour-femme","14":"product_cat-cadeaux-de-noel-pour-homme","15":"product_cat-cadeaux-de-noel-pour-sa-copine","16":"product_cat-cadeaux-de-noel-pour-son-petit-copain","17":"product_cat-cadeaux-de-noel-pour-sa-femme","18":"product_cat-cadeaux-de-noel-pour-le-mari","19":"product_cat-cadeaux-pour-petit-ami","20":"product_cat-cadeaux-pour-mari","21":"product_cat-cadeaux-pour-petite-amie","22":"product_cat-cadeaux-pour-epouse","23":"product_cat-cadeaux-pour-couple","24":"product_cat-star-fr-2","25":"product_cat-cadeaux-saint-valentin","26":"product_cat-cadeaux-de-saint-valentin-pour-elle","27":"product_cat-cadeaux-de-saint-valentin-pour-lui","28":"product_tag-anniversary-fr","29":"product_tag-anniversary-gift-fr","30":"product_tag-anniversary-gifts-fr","31":"product_tag-anniversary-present-fr","32":"product_tag-cadeau-romantique","33":"product_tag-cadeaux-de-noel-pour-elle","34":"product_tag-cadeaux-de-noel-pour-le-mari","35":"product_tag-cadeaux-de-noel-pour-lui","36":"product_tag-cadeaux-de-noel-pour-sa-copine","37":"product_tag-cadeaux-de-noel-pour-sa-femme","38":"product_tag-cadeaux-de-noel-pour-son-petit-copain","39":"product_tag-couple-gift-fr","40":"product_tag-gift-for-couple-fr","41":"product_tag-love-fr","42":"product_tag-love-gift-fr","43":"product_tag-personalized-gift-fr","44":"product_tag-prezenty-pod-choinke-dla-chlopaka-fr","45":"product_tag-prezenty-pod-choinke-dla-dziewczyny-fr","46":"product_tag-prezenty-pod-choinke-dla-niego-fr","47":"product_tag-prezenty-pod-choinke-dla-niej-fr","48":"product_tag-romantic-gifts-fr","49":"product_tag-sentimental-gift-fr","50":"product_tag-special-occasion-fr","51":"product_tag-thoughtful-gift-fr","52":"product_tag-unique-gift-fr","53":"product_tag-valentines-day-gifts-fr","54":"product_tag-valentines-day-fr","55":"product_tag-valentines-day-gift-fr","56":"product_tag-wedding-anniversary-fr","58":"first","59":"instock","60":"sale","61":"taxable","62":"shipping-taxable","63":"purchasable","64":"product-type-variable"},"yoast_head":"<!-- This site is optimized with the Yoast SEO Premium plugin v27.2 (Yoast SEO v27.2) - https:\/\/yoast.com\/product\/yoast-seo-premium-wordpress\/ -->\n<title>Amour sous la lune et les \u00e9toiles - Positive Prints<\/title>\n<meta name=\"description\" content=\"Offrez un cadeau de f\u00eate romantique avec la lune et les \u00e9toiles de votre nuit sp\u00e9ciale. Une magnifique fa\u00e7on de c\u00e9l\u00e9brer votre amour.\" \/>\n<meta name=\"robots\" content=\"index, follow, max-snippet:-1, max-image-preview:large, max-video-preview:-1\" \/>\n<link rel=\"canonical\" href=\"https:\/\/positiveprints.com\/fr\/produit\/amour-sous-la-lune-et-les-etoiles\/\" \/>\n<meta property=\"og:locale\" content=\"fr_FR\" \/>\n<meta property=\"og:type\" content=\"article\" \/>\n<meta property=\"og:title\" content=\"Amour sous la lune et les \u00e9toiles\" \/>\n<meta property=\"og:description\" content=\"Carte personnalis\u00e9e des \u00e9toiles et de la lune pour la date et le lieu de votre choix Personnalisez en 3 \u00e9tapes simples Faites votre choix parmi une vari\u00e9t\u00e9 de superbes designs Visualisez imm\u00e9diatement le r\u00e9sultat - l&#039;aper\u00e7u interactif vous permet d&#039;ajuster chaque d\u00e9tail\" \/>\n<meta property=\"og:url\" content=\"https:\/\/positiveprints.com\/fr\/produit\/amour-sous-la-lune-et-les-etoiles\/\" \/>\n<meta property=\"og:site_name\" content=\"Positive Prints\" \/>\n<meta property=\"article:publisher\" content=\"https:\/\/www.facebook.com\/positiveprintscom\" \/>\n<meta property=\"article:modified_time\" content=\"2026-04-28T12:27:12+00:00\" \/>\n<meta property=\"og:image\" content=\"https:\/\/positiveprints.com\/wp-content\/uploads\/2025\/05\/Amour-sous-la-lune-et-les-e\u0301toiles-1.webp\" \/>\n\t<meta property=\"og:image:width\" content=\"1450\" \/>\n\t<meta property=\"og:image:height\" content=\"1450\" \/>\n\t<meta property=\"og:image:type\" content=\"image\/webp\" \/>\n<meta name=\"twitter:card\" content=\"summary_large_image\" \/>\n<!-- \/ Yoast SEO Premium plugin. -->","yoast_head_json":{"title":"Amour sous la lune et les \u00e9toiles - Positive Prints","description":"Offrez un cadeau de f\u00eate romantique avec la lune et les \u00e9toiles de votre nuit sp\u00e9ciale. Une magnifique fa\u00e7on de c\u00e9l\u00e9brer votre amour.","robots":{"index":"index","follow":"follow","max-snippet":"max-snippet:-1","max-image-preview":"max-image-preview:large","max-video-preview":"max-video-preview:-1"},"canonical":"https:\/\/positiveprints.com\/fr\/produit\/amour-sous-la-lune-et-les-etoiles\/","og_locale":"fr_FR","og_type":"article","og_title":"Amour sous la lune et les \u00e9toiles","og_description":"Carte personnalis\u00e9e des \u00e9toiles et de la lune pour la date et le lieu de votre choix Personnalisez en 3 \u00e9tapes simples Faites votre choix parmi une vari\u00e9t\u00e9 de superbes designs Visualisez imm\u00e9diatement le r\u00e9sultat - l'aper\u00e7u interactif vous permet d'ajuster chaque d\u00e9tail","og_url":"https:\/\/positiveprints.com\/fr\/produit\/amour-sous-la-lune-et-les-etoiles\/","og_site_name":"Positive Prints","article_publisher":"https:\/\/www.facebook.com\/positiveprintscom","article_modified_time":"2026-04-28T12:27:12+00:00","og_image":[{"width":1450,"height":1450,"url":"https:\/\/positiveprints.com\/wp-content\/uploads\/2025\/05\/Amour-sous-la-lune-et-les-e\u0301toiles-1.webp","type":"image\/webp"}],"twitter_card":"summary_large_image","schema":{"@context":"https:\/\/schema.org","@graph":[{"@type":["WebPage","ItemPage"],"@id":"https:\/\/positiveprints.com\/fr\/produit\/amour-sous-la-lune-et-les-etoiles\/","url":"https:\/\/positiveprints.com\/fr\/produit\/amour-sous-la-lune-et-les-etoiles\/","name":"Amour sous la lune et les \u00e9toiles - Positive Prints","isPartOf":{"@id":"https:\/\/positiveprints.com\/fr\/#website"},"primaryImageOfPage":{"@id":"https:\/\/positiveprints.com\/fr\/produit\/amour-sous-la-lune-et-les-etoiles\/#primaryimage"},"image":{"@id":"https:\/\/positiveprints.com\/fr\/produit\/amour-sous-la-lune-et-les-etoiles\/#primaryimage"},"thumbnailUrl":"https:\/\/positiveprints.com\/wp-content\/uploads\/2025\/05\/Amour-sous-la-lune-et-les-e\u0301toiles-1.webp","datePublished":"2025-05-22T11:02:12+00:00","dateModified":"2026-04-28T12:27:12+00:00","description":"Offrez un cadeau de f\u00eate romantique avec la lune et les \u00e9toiles de votre nuit sp\u00e9ciale. Une magnifique fa\u00e7on de c\u00e9l\u00e9brer votre amour.","breadcrumb":{"@id":"https:\/\/positiveprints.com\/fr\/produit\/amour-sous-la-lune-et-les-etoiles\/#breadcrumb"},"inLanguage":"fr-FR","potentialAction":[{"@type":"ReadAction","target":["https:\/\/positiveprints.com\/fr\/produit\/amour-sous-la-lune-et-les-etoiles\/"]}]},{"@type":"ImageObject","inLanguage":"fr-FR","@id":"https:\/\/positiveprints.com\/fr\/produit\/amour-sous-la-lune-et-les-etoiles\/#primaryimage","url":"https:\/\/positiveprints.com\/wp-content\/uploads\/2025\/05\/Amour-sous-la-lune-et-les-e\u0301toiles-1.webp","contentUrl":"https:\/\/positiveprints.com\/wp-content\/uploads\/2025\/05\/Amour-sous-la-lune-et-les-e\u0301toiles-1.webp","width":1450,"height":1450},{"@type":"BreadcrumbList","@id":"https:\/\/positiveprints.com\/fr\/produit\/amour-sous-la-lune-et-les-etoiles\/#breadcrumb","itemListElement":[{"@type":"ListItem","position":1,"name":"Home","item":"https:\/\/positiveprints.com\/fr\/"},{"@type":"ListItem","position":2,"name":"Produits","item":"https:\/\/positiveprints.com\/fr\/shop\/"},{"@type":"ListItem","position":3,"name":"Amour sous la lune et les \u00e9toiles"}]},{"@type":"WebSite","@id":"https:\/\/positiveprints.com\/fr\/#website","url":"https:\/\/positiveprints.com\/fr\/","name":"Positive Prints","description":"Amazing Custom Personalized Gifts","publisher":{"@id":"https:\/\/positiveprints.com\/fr\/#organization"},"potentialAction":[{"@type":"SearchAction","target":{"@type":"EntryPoint","urlTemplate":"https:\/\/positiveprints.com\/fr\/?s={search_term_string}"},"query-input":{"@type":"PropertyValueSpecification","valueRequired":true,"valueName":"search_term_string"}}],"inLanguage":"fr-FR"},{"@type":"Organization","@id":"https:\/\/positiveprints.com\/fr\/#organization","name":"Positive Prints","alternateName":"Positive Prints","url":"https:\/\/positiveprints.com\/fr\/","logo":{"@type":"ImageObject","inLanguage":"fr-FR","@id":"https:\/\/positiveprints.com\/fr\/#\/schema\/logo\/image\/","url":"https:\/\/positiveprints.com\/wp-content\/uploads\/2026\/03\/245815646_1337939713319158_5671353136411139666_n.png","contentUrl":"https:\/\/positiveprints.com\/wp-content\/uploads\/2026\/03\/245815646_1337939713319158_5671353136411139666_n.png","width":800,"height":800,"caption":"Positive Prints"},"image":{"@id":"https:\/\/positiveprints.com\/fr\/#\/schema\/logo\/image\/"},"sameAs":["https:\/\/www.facebook.com\/positiveprintscom","https:\/\/www.instagram.com\/positiveprintscom\/","https:\/\/www.tiktok.com\/@positiveprintscom","https:\/\/www.pinterest.com\/positiveprintscom\/"]}]}},"jetpack_sharing_enabled":true,"_links":{"self":[{"href":"https:\/\/positiveprints.com\/fr\/wp-json\/wp\/v2\/product\/1428931","targetHints":{"allow":["GET"]}}],"collection":[{"href":"https:\/\/positiveprints.com\/fr\/wp-json\/wp\/v2\/product"}],"about":[{"href":"https:\/\/positiveprints.com\/fr\/wp-json\/wp\/v2\/types\/product"}],"wp:featuredmedia":[{"embeddable":true,"href":"https:\/\/positiveprints.com\/fr\/wp-json\/wp\/v2\/media\/1427546"}],"wp:attachment":[{"href":"https:\/\/positiveprints.com\/fr\/wp-json\/wp\/v2\/media?parent=1428931"}],"wp:term":[{"taxonomy":"product_brand","embeddable":true,"href":"https:\/\/positiveprints.com\/fr\/wp-json\/wp\/v2\/product_brand?post=1428931"},{"taxonomy":"product_cat","embeddable":true,"href":"https:\/\/positiveprints.com\/fr\/wp-json\/wp\/v2\/product_cat?post=1428931"},{"taxonomy":"product_tag","embeddable":true,"href":"https:\/\/positiveprints.com\/fr\/wp-json\/wp\/v2\/product_tag?post=1428931"}],"curies":[{"name":"wp","href":"https:\/\/api.w.org\/{rel}","templated":true}]}}