{"id":1403345,"date":"2025-04-17T14:26:37","date_gmt":"2025-04-17T12:26:37","guid":{"rendered":"https:\/\/positiveprints.com\/?post_type=product&#038;p=1403345"},"modified":"2026-04-28T13:29:23","modified_gmt":"2026-04-28T12:29:23","slug":"notre-premiere-annee-ensemble-collage-photo-de-lettre","status":"publish","type":"product","link":"https:\/\/positiveprints.com\/fr\/produit\/notre-premiere-annee-ensemble-collage-photo-de-lettre\/","title":{"rendered":"Notre premi\u00e8re ann\u00e9e ensemble &#8211; Collage Photo de Lettre"},"content":{"rendered":"","protected":false},"excerpt":{"rendered":"<ul class=\"check-list\">\n<li>T\u00e9l\u00e9chargez vos photos pr\u00e9f\u00e9r\u00e9es pour personnaliser chaque lettre<\/li>\n<li>Ajoutez un message sinc\u00e8re pour la rendre unique<\/li>\n<li>Personnalisez en 3 \u00e9tapes simples gr\u00e2ce \u00e0 notre \u00e9diteur facile \u00e0 utiliser<\/li>\n<li>Visualisez votre cr\u00e9ation instantan\u00e9ment gr\u00e2ce \u00e0 un aper\u00e7u interactif<\/li>\n<\/ul>\n","protected":false},"featured_media":1679207,"template":"","meta":[],"product_brand":[],"product_cat":[9123,9760,104,7909],"product_tag":[16686,16687,15254],"class_list":{"0":"post-1403345","1":"product","2":"type-product","3":"status-publish","4":"has-post-thumbnail","6":"product_cat-photo-letter-fr","7":"product_cat-trending-label-fr","8":"product_cat-tous-les-produits","9":"product_cat-cadeaux-de-remise-de-diplome","10":"product_tag-cadeau-de-remise-des-diplomes","11":"product_tag-cadeaux-de-remise-des-diplomes","12":"product_tag-graduation-en-gb-fr","14":"first","15":"instock","16":"sale","17":"taxable","18":"shipping-taxable","19":"purchasable","20":"product-type-variable"},"yoast_head":"<!-- This site is optimized with the Yoast SEO Premium plugin v27.2 (Yoast SEO v27.2) - https:\/\/yoast.com\/product\/yoast-seo-premium-wordpress\/ -->\n<title>Notre premi\u00e8re ann\u00e9e ensemble - Collage Photo de Lettre - Positive Prints<\/title>\n<meta name=\"description\" content=\"C\u00e9l\u00e9brez sa r\u00e9ussite avec un cadeau de fin d\u2019\u00e9tudes charg\u00e9 de sens ! Cr\u00e9ez un collage photo personnalis\u00e9, o\u00f9 chaque lettre se remplit des souvenirs marquants de son parcours.\" \/>\n<meta name=\"robots\" content=\"index, follow, max-snippet:-1, max-image-preview:large, max-video-preview:-1\" \/>\n<link rel=\"canonical\" href=\"https:\/\/positiveprints.com\/fr\/produit\/notre-premiere-annee-ensemble-collage-photo-de-lettre\/\" \/>\n<meta property=\"og:locale\" content=\"fr_FR\" \/>\n<meta property=\"og:type\" content=\"article\" \/>\n<meta property=\"og:title\" content=\"Notre premi\u00e8re ann\u00e9e ensemble - Collage Photo de Lettre\" \/>\n<meta property=\"og:description\" content=\"T\u00e9l\u00e9chargez vos photos pr\u00e9f\u00e9r\u00e9es pour personnaliser chaque lettre  Ajoutez un message sinc\u00e8re pour la rendre unique  Personnalisez en 3 \u00e9tapes simples gr\u00e2ce \u00e0 notre \u00e9diteur facile \u00e0 utiliser  Visualisez votre cr\u00e9ation instantan\u00e9ment gr\u00e2ce \u00e0 un aper\u00e7u interactif\" \/>\n<meta property=\"og:url\" content=\"https:\/\/positiveprints.com\/fr\/produit\/notre-premiere-annee-ensemble-collage-photo-de-lettre\/\" \/>\n<meta property=\"og:site_name\" content=\"Positive Prints\" \/>\n<meta property=\"article:publisher\" content=\"https:\/\/www.facebook.com\/positiveprintscom\" \/>\n<meta property=\"article:modified_time\" content=\"2026-04-28T12:29:23+00:00\" \/>\n<meta property=\"og:image\" content=\"https:\/\/positiveprints.com\/wp-content\/uploads\/2025\/04\/Collage-Photo-de-lAnne\u0301e-du-Diplo\u0302me-1.webp\" \/>\n\t<meta property=\"og:image:width\" content=\"1450\" \/>\n\t<meta property=\"og:image:height\" content=\"1450\" \/>\n\t<meta property=\"og:image:type\" content=\"image\/webp\" \/>\n<meta name=\"twitter:card\" content=\"summary_large_image\" \/>\n<!-- \/ Yoast SEO Premium plugin. -->","yoast_head_json":{"title":"Notre premi\u00e8re ann\u00e9e ensemble - Collage Photo de Lettre - Positive Prints","description":"C\u00e9l\u00e9brez sa r\u00e9ussite avec un cadeau de fin d\u2019\u00e9tudes charg\u00e9 de sens ! Cr\u00e9ez un collage photo personnalis\u00e9, o\u00f9 chaque lettre se remplit des souvenirs marquants de son parcours.","robots":{"index":"index","follow":"follow","max-snippet":"max-snippet:-1","max-image-preview":"max-image-preview:large","max-video-preview":"max-video-preview:-1"},"canonical":"https:\/\/positiveprints.com\/fr\/produit\/notre-premiere-annee-ensemble-collage-photo-de-lettre\/","og_locale":"fr_FR","og_type":"article","og_title":"Notre premi\u00e8re ann\u00e9e ensemble - Collage Photo de Lettre","og_description":"T\u00e9l\u00e9chargez vos photos pr\u00e9f\u00e9r\u00e9es pour personnaliser chaque lettre  Ajoutez un message sinc\u00e8re pour la rendre unique  Personnalisez en 3 \u00e9tapes simples gr\u00e2ce \u00e0 notre \u00e9diteur facile \u00e0 utiliser  Visualisez votre cr\u00e9ation instantan\u00e9ment gr\u00e2ce \u00e0 un aper\u00e7u interactif","og_url":"https:\/\/positiveprints.com\/fr\/produit\/notre-premiere-annee-ensemble-collage-photo-de-lettre\/","og_site_name":"Positive Prints","article_publisher":"https:\/\/www.facebook.com\/positiveprintscom","article_modified_time":"2026-04-28T12:29:23+00:00","og_image":[{"width":1450,"height":1450,"url":"https:\/\/positiveprints.com\/wp-content\/uploads\/2025\/04\/Collage-Photo-de-lAnne\u0301e-du-Diplo\u0302me-1.webp","type":"image\/webp"}],"twitter_card":"summary_large_image","schema":{"@context":"https:\/\/schema.org","@graph":[{"@type":["WebPage","ItemPage"],"@id":"https:\/\/positiveprints.com\/fr\/produit\/notre-premiere-annee-ensemble-collage-photo-de-lettre\/","url":"https:\/\/positiveprints.com\/fr\/produit\/notre-premiere-annee-ensemble-collage-photo-de-lettre\/","name":"Notre premi\u00e8re ann\u00e9e ensemble - Collage Photo de Lettre - Positive Prints","isPartOf":{"@id":"https:\/\/positiveprints.com\/fr\/#website"},"primaryImageOfPage":{"@id":"https:\/\/positiveprints.com\/fr\/produit\/notre-premiere-annee-ensemble-collage-photo-de-lettre\/#primaryimage"},"image":{"@id":"https:\/\/positiveprints.com\/fr\/produit\/notre-premiere-annee-ensemble-collage-photo-de-lettre\/#primaryimage"},"thumbnailUrl":"https:\/\/positiveprints.com\/wp-content\/uploads\/2026\/03\/diplome_FR-Packshot.webp","datePublished":"2025-04-17T12:26:37+00:00","dateModified":"2026-04-28T12:29:23+00:00","description":"C\u00e9l\u00e9brez sa r\u00e9ussite avec un cadeau de fin d\u2019\u00e9tudes charg\u00e9 de sens ! Cr\u00e9ez un collage photo personnalis\u00e9, o\u00f9 chaque lettre se remplit des souvenirs marquants de son parcours.","breadcrumb":{"@id":"https:\/\/positiveprints.com\/fr\/produit\/notre-premiere-annee-ensemble-collage-photo-de-lettre\/#breadcrumb"},"inLanguage":"fr-FR","potentialAction":[{"@type":"ReadAction","target":["https:\/\/positiveprints.com\/fr\/produit\/notre-premiere-annee-ensemble-collage-photo-de-lettre\/"]}]},{"@type":"ImageObject","inLanguage":"fr-FR","@id":"https:\/\/positiveprints.com\/fr\/produit\/notre-premiere-annee-ensemble-collage-photo-de-lettre\/#primaryimage","url":"https:\/\/positiveprints.com\/wp-content\/uploads\/2026\/03\/diplome_FR-Packshot.webp","contentUrl":"https:\/\/positiveprints.com\/wp-content\/uploads\/2026\/03\/diplome_FR-Packshot.webp","width":1450,"height":1450},{"@type":"BreadcrumbList","@id":"https:\/\/positiveprints.com\/fr\/produit\/notre-premiere-annee-ensemble-collage-photo-de-lettre\/#breadcrumb","itemListElement":[{"@type":"ListItem","position":1,"name":"Home","item":"https:\/\/positiveprints.com\/fr\/"},{"@type":"ListItem","position":2,"name":"Produits","item":"https:\/\/positiveprints.com\/fr\/shop\/"},{"@type":"ListItem","position":3,"name":"Notre premi\u00e8re ann\u00e9e ensemble &#8211; Collage Photo de Lettre"}]},{"@type":"WebSite","@id":"https:\/\/positiveprints.com\/fr\/#website","url":"https:\/\/positiveprints.com\/fr\/","name":"Positive Prints","description":"Amazing Custom Personalized Gifts","publisher":{"@id":"https:\/\/positiveprints.com\/fr\/#organization"},"potentialAction":[{"@type":"SearchAction","target":{"@type":"EntryPoint","urlTemplate":"https:\/\/positiveprints.com\/fr\/?s={search_term_string}"},"query-input":{"@type":"PropertyValueSpecification","valueRequired":true,"valueName":"search_term_string"}}],"inLanguage":"fr-FR"},{"@type":"Organization","@id":"https:\/\/positiveprints.com\/fr\/#organization","name":"Positive Prints","alternateName":"Positive Prints","url":"https:\/\/positiveprints.com\/fr\/","logo":{"@type":"ImageObject","inLanguage":"fr-FR","@id":"https:\/\/positiveprints.com\/fr\/#\/schema\/logo\/image\/","url":"https:\/\/positiveprints.com\/wp-content\/uploads\/2026\/03\/245815646_1337939713319158_5671353136411139666_n.png","contentUrl":"https:\/\/positiveprints.com\/wp-content\/uploads\/2026\/03\/245815646_1337939713319158_5671353136411139666_n.png","width":800,"height":800,"caption":"Positive Prints"},"image":{"@id":"https:\/\/positiveprints.com\/fr\/#\/schema\/logo\/image\/"},"sameAs":["https:\/\/www.facebook.com\/positiveprintscom","https:\/\/www.instagram.com\/positiveprintscom\/","https:\/\/www.tiktok.com\/@positiveprintscom","https:\/\/www.pinterest.com\/positiveprintscom\/"]}]}},"jetpack_sharing_enabled":true,"_links":{"self":[{"href":"https:\/\/positiveprints.com\/fr\/wp-json\/wp\/v2\/product\/1403345","targetHints":{"allow":["GET"]}}],"collection":[{"href":"https:\/\/positiveprints.com\/fr\/wp-json\/wp\/v2\/product"}],"about":[{"href":"https:\/\/positiveprints.com\/fr\/wp-json\/wp\/v2\/types\/product"}],"wp:featuredmedia":[{"embeddable":true,"href":"https:\/\/positiveprints.com\/fr\/wp-json\/wp\/v2\/media\/1679207"}],"wp:attachment":[{"href":"https:\/\/positiveprints.com\/fr\/wp-json\/wp\/v2\/media?parent=1403345"}],"wp:term":[{"taxonomy":"product_brand","embeddable":true,"href":"https:\/\/positiveprints.com\/fr\/wp-json\/wp\/v2\/product_brand?post=1403345"},{"taxonomy":"product_cat","embeddable":true,"href":"https:\/\/positiveprints.com\/fr\/wp-json\/wp\/v2\/product_cat?post=1403345"},{"taxonomy":"product_tag","embeddable":true,"href":"https:\/\/positiveprints.com\/fr\/wp-json\/wp\/v2\/product_tag?post=1403345"}],"curies":[{"name":"wp","href":"https:\/\/api.w.org\/{rel}","templated":true}]}}